{"id":41961,"date":"2021-01-20T12:32:56","date_gmt":"2021-01-20T11:32:56","guid":{"rendered":"https:\/\/vanremoortel.be\/?page_id=41961"},"modified":"2021-02-03T09:50:55","modified_gmt":"2021-02-03T08:50:55","slug":"goldina","status":"publish","type":"page","link":"https:\/\/vanremoortel.be\/fr\/goldina\/","title":{"rendered":"Goldina"},"content":{"rendered":"<div id='av-layout-grid-1'  class='av-layout-grid-container av-3tabwg6-1bbeee32075b895186e963810a6c0188 entry-content-wrapper main_color av-flex-cells  avia-builder-el-0  el_before_av_section  avia-builder-el-first   container_wrap sidebar_right'  >\n\n<style type=\"text\/css\" data-created_by=\"avia_inline_auto\" id=\"style-css-av-3aeng92-87b1814d410cf1cc056679015dafd85d\">\n.flex_cell.av-3aeng92-87b1814d410cf1cc056679015dafd85d{\nvertical-align:top;\n}\n.responsive #top #wrap_all .flex_cell.av-3aeng92-87b1814d410cf1cc056679015dafd85d{\npadding:30px 30px 30px 30px !important;\n}\n<\/style>\n<div class='flex_cell av-3aeng92-87b1814d410cf1cc056679015dafd85d av-gridrow-cell av_one_half no_margin  avia-builder-el-1  el_before_av_cell_one_half  avia-builder-el-first '  ><div class='flex_cell_inner'><p>\n<style type=\"text\/css\" data-created_by=\"avia_inline_auto\" id=\"style-css-av-vbq1ah-e0a984f0a1e9e0cb25ad922cd3b161e4\">\n#top .av-special-heading.av-vbq1ah-e0a984f0a1e9e0cb25ad922cd3b161e4{\npadding-bottom:10px;\n}\nbody .av-special-heading.av-vbq1ah-e0a984f0a1e9e0cb25ad922cd3b161e4 .av-special-heading-tag .heading-char{\nfont-size:25px;\n}\n.av-special-heading.av-vbq1ah-e0a984f0a1e9e0cb25ad922cd3b161e4 .av-subheading{\nfont-size:15px;\n}\n<\/style>\n<div  class='av-special-heading av-vbq1ah-e0a984f0a1e9e0cb25ad922cd3b161e4 av-special-heading-h1 blockquote modern-quote  avia-builder-el-2  el_before_av_textblock  avia-builder-el-first '><h1 class='av-special-heading-tag'  itemprop=\"headline\"  >Goldina<\/h1><div class=\"special-heading-border\"><div class=\"special-heading-inner-border\"><\/div><\/div><\/div><br \/>\n<section  class='av_textblock_section av-2msmvvq-1cded3f1a0e64ead77bf2703e1c9d9c8 '   itemscope=\"itemscope\" itemtype=\"https:\/\/schema.org\/CreativeWork\" ><div class='avia_textblock'  itemprop=\"text\" ><p>La soci\u00e9t\u00e9 Goldina a \u00e9t\u00e9 fond\u00e9e \u00e0 Munich en 1914 et produit depuis des rubans pour les associations \u00e9tudiantes. Des rubans de m\u00e9daille, des cordons, des rubans d\u00e9coratifs, des rosaces et d&rsquo;autres produits pour les exigences des tournois et des clubs ont \u00e9t\u00e9 ajout\u00e9s plus tard. La marque a repris la soci\u00e9t\u00e9 artfleur en 2010 et commercialise depuis ses rubans dans le secteur de la fleuristerie sous la marque artfleur Da Vinci.<\/p>\n<h2>Conception<\/h2>\n<p>Chaque ann\u00e9e, l&rsquo;\u00e9quipe cr\u00e9e une toute nouvelle collection de printemps et de No\u00ebl avec des designers exp\u00e9riment\u00e9s. Des collages de th\u00e8mes tendance sont r\u00e9alis\u00e9s et d\u00e9velopp\u00e9s pour des rubans d\u00e9coratifs assortis.<\/p>\n<h2>Assortiment<\/h2>\n<p>La marque propose une large gamme de rubans d&#8217;emballage. Entre autres: rubans d\u00e9coratifs tiss\u00e9s, rubans d\u00e9coratifs en polypropyl\u00e8ne (rubans \u00e0 friser), rubans imprim\u00e9s et gaufr\u00e9s (par exemple avec logos d&rsquo;entreprise), cordons d\u00e9coratifs, accessoires textiles et n\u0153uds faits \u00e0 la main.<\/p>\n<p>Site web : <a href=\"https:\/\/www.goldina.de\/en\/\">https:\/\/www.goldina.de\/en\/<\/a><br \/>\nVoir les autres exposant: <a href=\"https:\/\/vanremoortel.be\/fr\/assortiment\/\">\u00a0cliquez ici<\/a><\/p>\n<\/div><\/section><\/p>\n<\/div><\/div>\n<style type=\"text\/css\" data-created_by=\"avia_inline_auto\" id=\"style-css-av-73uc6e-932bd7a033a20bda7014c84b6f0c8b83\">\n.flex_cell.av-73uc6e-932bd7a033a20bda7014c84b6f0c8b83{\nvertical-align:top;\n}\n.responsive #top #wrap_all .flex_cell.av-73uc6e-932bd7a033a20bda7014c84b6f0c8b83{\npadding:30px 30px 30px 30px !important;\n}\n<\/style>\n<div class='flex_cell av-73uc6e-932bd7a033a20bda7014c84b6f0c8b83 av-gridrow-cell av_one_half no_margin  avia-builder-el-4  el_after_av_cell_one_half  avia-builder-el-last '  ><div class='flex_cell_inner'>\n<style type=\"text\/css\" data-created_by=\"avia_inline_auto\" id=\"style-css-av-1fr8f6u-da0c4bcf301b7a42853d27b1872d9ca4\">\n.avia-image-container.av-1fr8f6u-da0c4bcf301b7a42853d27b1872d9ca4 img.avia_image{\nbox-shadow:none;\n}\n.avia-image-container.av-1fr8f6u-da0c4bcf301b7a42853d27b1872d9ca4 .av-image-caption-overlay-center{\ncolor:#ffffff;\n}\n<\/style>\n<div  class='avia-image-container av-1fr8f6u-da0c4bcf301b7a42853d27b1872d9ca4 av-styling- avia-align-center  avia-builder-el-5  avia-builder-el-no-sibling '   itemprop=\"image\" itemscope=\"itemscope\" itemtype=\"https:\/\/schema.org\/ImageObject\" ><div class=\"avia-image-container-inner\"><div class=\"avia-image-overlay-wrap\"><img fetchpriority=\"high\" class='wp-image-41940 avia-img-lazy-loading-not-41940 avia_image ' src='https:\/\/vanremoortel.be\/wp-content\/uploads\/2021\/01\/goldina-logo-300x215.jpg' alt='' title='goldina logo'  height=\"215\" width=\"300\"  itemprop=\"thumbnailUrl\"  \/><\/div><\/div><\/div>\n<\/div><\/div>\n<\/div>\n\n<style type=\"text\/css\" data-created_by=\"avia_inline_auto\" id=\"style-css-av-11xdr52-2cb880cb3604a7461d7a339ad3b8e469\">\n.avia-section.av-11xdr52-2cb880cb3604a7461d7a339ad3b8e469{\nbackground-color:#ededed;\nbackground-image:unset;\n}\n<\/style>\n<div id='av_section_1'  class='avia-section av-11xdr52-2cb880cb3604a7461d7a339ad3b8e469 main_color avia-section-default avia-no-border-styling  avia-builder-el-6  el_after_av_layout_row  avia-builder-el-last  avia-bg-style-scroll container_wrap sidebar_right'  ><div class='container av-section-cont-open' ><div class='template-page content  av-content-small alpha units'><div class='post-entry post-entry-type-page post-entry-41961'><div class='entry-content-wrapper clearfix'>\n\n<\/div><\/div><\/div><!-- close content main div --><\/div><\/div><div id='after_section_1'  class='main_color av_default_container_wrap container_wrap sidebar_right'  ><div class='container av-section-cont-open' ><div class='template-page content  av-content-small alpha units'><div class='post-entry post-entry-type-page post-entry-41961'><div class='entry-content-wrapper clearfix'>\n","protected":false},"excerpt":{"rendered":"","protected":false},"author":1,"featured_media":0,"parent":0,"menu_order":0,"comment_status":"closed","ping_status":"closed","template":"","meta":{"_exactmetrics_skip_tracking":false,"_exactmetrics_sitenote_active":false,"_exactmetrics_sitenote_note":"","_exactmetrics_sitenote_category":0,"footnotes":""},"class_list":["post-41961","page","type-page","status-publish","hentry"],"yoast_head":"<!-- This site is optimized with the Yoast SEO plugin v27.1.1 - https:\/\/yoast.com\/product\/yoast-seo-wordpress\/ -->\n<title>Goldina - Van Remoortel<\/title>\n<meta name=\"robots\" content=\"index, follow, max-snippet:-1, max-image-preview:large, max-video-preview:-1\" \/>\n<link rel=\"canonical\" href=\"https:\/\/vanremoortel.be\/fr\/goldina\/\" \/>\n<meta property=\"og:locale\" content=\"fr_FR\" \/>\n<meta property=\"og:type\" content=\"article\" \/>\n<meta property=\"og:title\" content=\"Goldina - Van Remoortel\" \/>\n<meta property=\"og:url\" content=\"https:\/\/vanremoortel.be\/fr\/goldina\/\" \/>\n<meta property=\"og:site_name\" content=\"Van Remoortel\" \/>\n<meta property=\"article:publisher\" content=\"https:\/\/www.facebook.com\/Groothandel.Decoratie.Van.Remoortel\/\" \/>\n<meta property=\"article:modified_time\" content=\"2021-02-03T08:50:55+00:00\" \/>\n<meta name=\"twitter:card\" content=\"summary_large_image\" \/>\n<meta name=\"twitter:label1\" content=\"Dur\u00e9e de lecture est.\" \/>\n\t<meta name=\"twitter:data1\" content=\"3 minutes\" \/>\n<script type=\"application\/ld+json\" class=\"yoast-schema-graph\">{\"@context\":\"https:\/\/schema.org\",\"@graph\":[{\"@type\":\"WebPage\",\"@id\":\"https:\/\/vanremoortel.be\/fr\/goldina\/\",\"url\":\"https:\/\/vanremoortel.be\/fr\/goldina\/\",\"name\":\"Goldina - Van Remoortel\",\"isPartOf\":{\"@id\":\"https:\/\/vanremoortel.be\/#website\"},\"datePublished\":\"2021-01-20T11:32:56+00:00\",\"dateModified\":\"2021-02-03T08:50:55+00:00\",\"breadcrumb\":{\"@id\":\"https:\/\/vanremoortel.be\/fr\/goldina\/#breadcrumb\"},\"inLanguage\":\"fr-BE\",\"potentialAction\":[{\"@type\":\"ReadAction\",\"target\":[\"https:\/\/vanremoortel.be\/fr\/goldina\/\"]}]},{\"@type\":\"BreadcrumbList\",\"@id\":\"https:\/\/vanremoortel.be\/fr\/goldina\/#breadcrumb\",\"itemListElement\":[{\"@type\":\"ListItem\",\"position\":1,\"name\":\"Home\",\"item\":\"https:\/\/vanremoortel.be\/fr\/accueil\/\"},{\"@type\":\"ListItem\",\"position\":2,\"name\":\"Goldina\"}]},{\"@type\":\"WebSite\",\"@id\":\"https:\/\/vanremoortel.be\/#website\",\"url\":\"https:\/\/vanremoortel.be\/\",\"name\":\"Van Remoortel\",\"description\":\"Van Remoortel\",\"publisher\":{\"@id\":\"https:\/\/vanremoortel.be\/#organization\"},\"potentialAction\":[{\"@type\":\"SearchAction\",\"target\":{\"@type\":\"EntryPoint\",\"urlTemplate\":\"https:\/\/vanremoortel.be\/?s={search_term_string}\"},\"query-input\":{\"@type\":\"PropertyValueSpecification\",\"valueRequired\":true,\"valueName\":\"search_term_string\"}}],\"inLanguage\":\"fr-BE\"},{\"@type\":\"Organization\",\"@id\":\"https:\/\/vanremoortel.be\/#organization\",\"name\":\"Van Remoortel\",\"url\":\"https:\/\/vanremoortel.be\/\",\"logo\":{\"@type\":\"ImageObject\",\"inLanguage\":\"fr-BE\",\"@id\":\"https:\/\/vanremoortel.be\/#\/schema\/logo\/image\/\",\"url\":\"https:\/\/vanremoortel.be\/wp-content\/uploads\/2017\/09\/van-Remoortel_powered_FINAL.jpg\",\"contentUrl\":\"https:\/\/vanremoortel.be\/wp-content\/uploads\/2017\/09\/van-Remoortel_powered_FINAL.jpg\",\"width\":2328,\"height\":322,\"caption\":\"Van Remoortel\"},\"image\":{\"@id\":\"https:\/\/vanremoortel.be\/#\/schema\/logo\/image\/\"},\"sameAs\":[\"https:\/\/www.facebook.com\/Groothandel.Decoratie.Van.Remoortel\/\",\"https:\/\/www.instagram.com\/van_remoortel\/?hl=nl\",\"https:\/\/www.linkedin.com\/company\/van-remoortel-nv\/about\/\",\"https:\/\/www.youtube.com\/channel\/UCYm8eOCzCOC4HxA-Ya0XayQ\"]}]}<\/script>\n<!-- \/ Yoast SEO plugin. -->","yoast_head_json":{"title":"Goldina - Van Remoortel","robots":{"index":"index","follow":"follow","max-snippet":"max-snippet:-1","max-image-preview":"max-image-preview:large","max-video-preview":"max-video-preview:-1"},"canonical":"https:\/\/vanremoortel.be\/fr\/goldina\/","og_locale":"fr_FR","og_type":"article","og_title":"Goldina - Van Remoortel","og_url":"https:\/\/vanremoortel.be\/fr\/goldina\/","og_site_name":"Van Remoortel","article_publisher":"https:\/\/www.facebook.com\/Groothandel.Decoratie.Van.Remoortel\/","article_modified_time":"2021-02-03T08:50:55+00:00","twitter_card":"summary_large_image","twitter_misc":{"Dur\u00e9e de lecture est.":"3 minutes"},"schema":{"@context":"https:\/\/schema.org","@graph":[{"@type":"WebPage","@id":"https:\/\/vanremoortel.be\/fr\/goldina\/","url":"https:\/\/vanremoortel.be\/fr\/goldina\/","name":"Goldina - Van Remoortel","isPartOf":{"@id":"https:\/\/vanremoortel.be\/#website"},"datePublished":"2021-01-20T11:32:56+00:00","dateModified":"2021-02-03T08:50:55+00:00","breadcrumb":{"@id":"https:\/\/vanremoortel.be\/fr\/goldina\/#breadcrumb"},"inLanguage":"fr-BE","potentialAction":[{"@type":"ReadAction","target":["https:\/\/vanremoortel.be\/fr\/goldina\/"]}]},{"@type":"BreadcrumbList","@id":"https:\/\/vanremoortel.be\/fr\/goldina\/#breadcrumb","itemListElement":[{"@type":"ListItem","position":1,"name":"Home","item":"https:\/\/vanremoortel.be\/fr\/accueil\/"},{"@type":"ListItem","position":2,"name":"Goldina"}]},{"@type":"WebSite","@id":"https:\/\/vanremoortel.be\/#website","url":"https:\/\/vanremoortel.be\/","name":"Van Remoortel","description":"Van Remoortel","publisher":{"@id":"https:\/\/vanremoortel.be\/#organization"},"potentialAction":[{"@type":"SearchAction","target":{"@type":"EntryPoint","urlTemplate":"https:\/\/vanremoortel.be\/?s={search_term_string}"},"query-input":{"@type":"PropertyValueSpecification","valueRequired":true,"valueName":"search_term_string"}}],"inLanguage":"fr-BE"},{"@type":"Organization","@id":"https:\/\/vanremoortel.be\/#organization","name":"Van Remoortel","url":"https:\/\/vanremoortel.be\/","logo":{"@type":"ImageObject","inLanguage":"fr-BE","@id":"https:\/\/vanremoortel.be\/#\/schema\/logo\/image\/","url":"https:\/\/vanremoortel.be\/wp-content\/uploads\/2017\/09\/van-Remoortel_powered_FINAL.jpg","contentUrl":"https:\/\/vanremoortel.be\/wp-content\/uploads\/2017\/09\/van-Remoortel_powered_FINAL.jpg","width":2328,"height":322,"caption":"Van Remoortel"},"image":{"@id":"https:\/\/vanremoortel.be\/#\/schema\/logo\/image\/"},"sameAs":["https:\/\/www.facebook.com\/Groothandel.Decoratie.Van.Remoortel\/","https:\/\/www.instagram.com\/van_remoortel\/?hl=nl","https:\/\/www.linkedin.com\/company\/van-remoortel-nv\/about\/","https:\/\/www.youtube.com\/channel\/UCYm8eOCzCOC4HxA-Ya0XayQ"]}]}},"_links":{"self":[{"href":"https:\/\/vanremoortel.be\/fr\/wp-json\/wp\/v2\/pages\/41961","targetHints":{"allow":["GET"]}}],"collection":[{"href":"https:\/\/vanremoortel.be\/fr\/wp-json\/wp\/v2\/pages"}],"about":[{"href":"https:\/\/vanremoortel.be\/fr\/wp-json\/wp\/v2\/types\/page"}],"author":[{"embeddable":true,"href":"https:\/\/vanremoortel.be\/fr\/wp-json\/wp\/v2\/users\/1"}],"replies":[{"embeddable":true,"href":"https:\/\/vanremoortel.be\/fr\/wp-json\/wp\/v2\/comments?post=41961"}],"version-history":[{"count":4,"href":"https:\/\/vanremoortel.be\/fr\/wp-json\/wp\/v2\/pages\/41961\/revisions"}],"predecessor-version":[{"id":41964,"href":"https:\/\/vanremoortel.be\/fr\/wp-json\/wp\/v2\/pages\/41961\/revisions\/41964"}],"wp:attachment":[{"href":"https:\/\/vanremoortel.be\/fr\/wp-json\/wp\/v2\/media?parent=41961"}],"curies":[{"name":"wp","href":"https:\/\/api.w.org\/{rel}","templated":true}]}}