{"id":41928,"date":"2021-01-20T12:14:51","date_gmt":"2021-01-20T11:14:51","guid":{"rendered":"https:\/\/vanremoortel.be\/?page_id=41928"},"modified":"2021-01-20T12:14:51","modified_gmt":"2021-01-20T11:14:51","slug":"vivant","status":"publish","type":"page","link":"https:\/\/vanremoortel.be\/fr\/vivant\/","title":{"rendered":"Vivant"},"content":{"rendered":"<div id='av-layout-grid-1'  class='av-layout-grid-container av-3tabwg6-1bbeee32075b895186e963810a6c0188 entry-content-wrapper main_color av-flex-cells  avia-builder-el-0  el_before_av_section  avia-builder-el-first   container_wrap sidebar_right'  >\n\n<style type=\"text\/css\" data-created_by=\"avia_inline_auto\" id=\"style-css-av-3aeng92-87b1814d410cf1cc056679015dafd85d\">\n.flex_cell.av-3aeng92-87b1814d410cf1cc056679015dafd85d{\nvertical-align:top;\n}\n.responsive #top #wrap_all .flex_cell.av-3aeng92-87b1814d410cf1cc056679015dafd85d{\npadding:30px 30px 30px 30px !important;\n}\n<\/style>\n<div class='flex_cell av-3aeng92-87b1814d410cf1cc056679015dafd85d av-gridrow-cell av_one_half no_margin  avia-builder-el-1  el_before_av_cell_one_half  avia-builder-el-first '  ><div class='flex_cell_inner'><p>\n<style type=\"text\/css\" data-created_by=\"avia_inline_auto\" id=\"style-css-av-av_heading-0c234bdb7316ab00efb3a4fcf016e130\">\n#top .av-special-heading.av-av_heading-0c234bdb7316ab00efb3a4fcf016e130{\npadding-bottom:10px;\n}\nbody .av-special-heading.av-av_heading-0c234bdb7316ab00efb3a4fcf016e130 .av-special-heading-tag .heading-char{\nfont-size:25px;\n}\n.av-special-heading.av-av_heading-0c234bdb7316ab00efb3a4fcf016e130 .av-subheading{\nfont-size:15px;\n}\n<\/style>\n<div  class='av-special-heading av-av_heading-0c234bdb7316ab00efb3a4fcf016e130 av-special-heading-h1 blockquote modern-quote  avia-builder-el-2  el_before_av_textblock  avia-builder-el-first '><h1 class='av-special-heading-tag'  itemprop=\"headline\"  >Vivant<\/h1><div class=\"special-heading-border\"><div class=\"special-heading-inner-border\"><\/div><\/div><\/div><br \/>\n<section  class='av_textblock_section av-2msmvvq-1cded3f1a0e64ead77bf2703e1c9d9c8 '   itemscope=\"itemscope\" itemtype=\"https:\/\/schema.org\/CreativeWork\" ><div class='avia_textblock'  itemprop=\"text\" ><h3>Leader dans le style de vie, les d\u00e9corations et les emballages de luxe<\/h3>\n<p>Depuis 1989, Vivant est l&rsquo;un des principaux concepteurs et fabricants internationaux d&rsquo;articles de d\u00e9coration exclusifs et intemporels, de produits de style de vie, d&#8217;emballages de produits de luxe et d&rsquo;accessoires pour le grossiste, l&rsquo;industrie, le commerce de d\u00e9tail et l&rsquo;utilisateur professionnel.<\/p>\n<h3>Exclusieve decoratiematerialen<\/h3>\n<p>Vous recherchez un fournisseur flexible et fiable de produits de style de vie et de d\u00e9coration ? Souhaitez-vous un design cadeau avec un look unique ? Traditionnellement sp\u00e9cialis\u00e9 dans les rubans, n\u0153uds et cordons, vous pouvez \u00e9galement nous contacter pour les mat\u00e9riaux de d\u00e9coration associ\u00e9s tels que le papier d&#8217;emballage, les chemins de table et tissus, les emballages cadeaux, les coffrets cadeaux, les sacs, les sacs en organza, les d\u00e9corations et la personnalisation dans le domaine de la d\u00e9coration et des emballages de luxe. Avec une d\u00e9coration originale, vous pouvez transformer n&rsquo;importe quel produit, vitrine ou int\u00e9rieur en quelque chose de sp\u00e9cial. Vivant est la finition de votre emballage et de votre int\u00e9rieur !<\/p>\n<h3>Assortiment<\/h3>\n<p>Vivant con\u00e7oit tous les produits en interne. En plus de leur collection de basiques de confiance, leur collection de f\u00eate, collection printemps et \u00e9t\u00e9 et collection automne et hiver offrent une toute nouvelle gamme de produits de d\u00e9coration \u00e9l\u00e9gants trois fois par an. Les designers les con\u00e7oivent dans leur propre studio selon les derni\u00e8res tendances en mati\u00e8re de couleurs, de mat\u00e9riaux et d&rsquo;applications. L&rsquo;innovation et des solutions belles et pratiques sont au c\u0153ur de cela. Top niveau en d\u00e9coration de No\u00ebl, d\u00e9coration de boutique, d\u00e9coration de table et packaging de luxe !<\/p>\n<p>Site web : <a href=\"https:\/\/www.vivantdecorations.com\/\">https:\/\/www.vivantdecorations.com\/<\/a><br \/>\nVoir des autres exposants: <a href=\"https:\/\/vanremoortel.be\/fr\/assortiment\/\">cliquez ici.<\/a><\/p>\n<\/div><\/section><\/p>\n<\/div><\/div>\n<style type=\"text\/css\" data-created_by=\"avia_inline_auto\" id=\"style-css-av-73uc6e-932bd7a033a20bda7014c84b6f0c8b83\">\n.flex_cell.av-73uc6e-932bd7a033a20bda7014c84b6f0c8b83{\nvertical-align:top;\n}\n.responsive #top #wrap_all .flex_cell.av-73uc6e-932bd7a033a20bda7014c84b6f0c8b83{\npadding:30px 30px 30px 30px !important;\n}\n<\/style>\n<div class='flex_cell av-73uc6e-932bd7a033a20bda7014c84b6f0c8b83 av-gridrow-cell av_one_half no_margin  avia-builder-el-4  el_after_av_cell_one_half  avia-builder-el-last '  ><div class='flex_cell_inner'>\n<style type=\"text\/css\" data-created_by=\"avia_inline_auto\" id=\"style-css-av-1fr8f6u-3dd77ae9240fe49746ae5f2e2640002b\">\n.avia-image-container.av-1fr8f6u-3dd77ae9240fe49746ae5f2e2640002b img.avia_image{\nbox-shadow:none;\n}\n.avia-image-container.av-1fr8f6u-3dd77ae9240fe49746ae5f2e2640002b .av-image-caption-overlay-center{\ncolor:#ffffff;\n}\n<\/style>\n<div  class='avia-image-container av-1fr8f6u-3dd77ae9240fe49746ae5f2e2640002b av-styling- avia-align-center  avia-builder-el-5  avia-builder-el-no-sibling '   itemprop=\"image\" itemscope=\"itemscope\" itemtype=\"https:\/\/schema.org\/ImageObject\" ><div class=\"avia-image-container-inner\"><div class=\"avia-image-overlay-wrap\"><img fetchpriority=\"high\" class='wp-image-41913 avia-img-lazy-loading-not-41913 avia_image ' src='https:\/\/vanremoortel.be\/wp-content\/uploads\/2021\/01\/logo-vivant.png' alt='' title='logo vivant'  height=\"60\" width=\"210\"  itemprop=\"thumbnailUrl\"  \/><\/div><\/div><\/div>\n<\/div><\/div><\/div>\n<style type=\"text\/css\" data-created_by=\"avia_inline_auto\" id=\"style-css-av-11xdr52-2cb880cb3604a7461d7a339ad3b8e469\">\n.avia-section.av-11xdr52-2cb880cb3604a7461d7a339ad3b8e469{\nbackground-color:#ededed;\nbackground-image:unset;\n}\n<\/style>\n<div id='av_section_1'  class='avia-section av-11xdr52-2cb880cb3604a7461d7a339ad3b8e469 main_color avia-section-default avia-no-border-styling  avia-builder-el-6  el_after_av_layout_row  avia-builder-el-last  avia-bg-style-scroll container_wrap sidebar_right'  ><div class='container av-section-cont-open' ><div class='template-page content  av-content-small alpha units'><div class='post-entry post-entry-type-page post-entry-41928'><div class='entry-content-wrapper clearfix'>\n\n<\/div><\/div><\/div><!-- close content main div --><\/div><\/div><div id='after_section_1'  class='main_color av_default_container_wrap container_wrap sidebar_right'  ><div class='container av-section-cont-open' ><div class='template-page content  av-content-small alpha units'><div class='post-entry post-entry-type-page post-entry-41928'><div class='entry-content-wrapper clearfix'><\/p>\n","protected":false},"excerpt":{"rendered":"","protected":false},"author":1,"featured_media":0,"parent":0,"menu_order":0,"comment_status":"closed","ping_status":"closed","template":"","meta":{"_exactmetrics_skip_tracking":false,"_exactmetrics_sitenote_active":false,"_exactmetrics_sitenote_note":"","_exactmetrics_sitenote_category":0,"footnotes":""},"class_list":["post-41928","page","type-page","status-publish","hentry"],"yoast_head":"<!-- This site is optimized with the Yoast SEO plugin v27.4 - https:\/\/yoast.com\/product\/yoast-seo-wordpress\/ -->\n<title>Vivant - Van Remoortel<\/title>\n<meta name=\"robots\" content=\"index, follow, max-snippet:-1, max-image-preview:large, max-video-preview:-1\" \/>\n<link rel=\"canonical\" href=\"https:\/\/vanremoortel.be\/fr\/vivant\/\" \/>\n<meta property=\"og:locale\" content=\"fr_FR\" \/>\n<meta property=\"og:type\" content=\"article\" \/>\n<meta property=\"og:title\" content=\"Vivant - Van Remoortel\" \/>\n<meta property=\"og:url\" content=\"https:\/\/vanremoortel.be\/fr\/vivant\/\" \/>\n<meta property=\"og:site_name\" content=\"Van Remoortel\" \/>\n<meta property=\"article:publisher\" content=\"https:\/\/www.facebook.com\/Groothandel.Decoratie.Van.Remoortel\/\" \/>\n<meta property=\"og:image\" content=\"https:\/\/vanremoortel.be\/wp-content\/uploads\/2021\/01\/Glim-MR.jpg\" \/>\n\t<meta property=\"og:image:width\" content=\"1080\" \/>\n\t<meta property=\"og:image:height\" content=\"1080\" \/>\n\t<meta property=\"og:image:type\" content=\"image\/jpeg\" \/>\n<meta name=\"twitter:card\" content=\"summary_large_image\" \/>\n<meta name=\"twitter:label1\" content=\"Dur\u00e9e de lecture est.\" \/>\n\t<meta name=\"twitter:data1\" content=\"4 minutes\" \/>\n<script type=\"application\/ld+json\" class=\"yoast-schema-graph\">{\"@context\":\"https:\\\/\\\/schema.org\",\"@graph\":[{\"@type\":\"WebPage\",\"@id\":\"https:\\\/\\\/vanremoortel.be\\\/fr\\\/vivant\\\/\",\"url\":\"https:\\\/\\\/vanremoortel.be\\\/fr\\\/vivant\\\/\",\"name\":\"Vivant - Van Remoortel\",\"isPartOf\":{\"@id\":\"https:\\\/\\\/vanremoortel.be\\\/#website\"},\"datePublished\":\"2021-01-20T11:14:51+00:00\",\"breadcrumb\":{\"@id\":\"https:\\\/\\\/vanremoortel.be\\\/fr\\\/vivant\\\/#breadcrumb\"},\"inLanguage\":\"fr-BE\",\"potentialAction\":[{\"@type\":\"ReadAction\",\"target\":[\"https:\\\/\\\/vanremoortel.be\\\/fr\\\/vivant\\\/\"]}]},{\"@type\":\"BreadcrumbList\",\"@id\":\"https:\\\/\\\/vanremoortel.be\\\/fr\\\/vivant\\\/#breadcrumb\",\"itemListElement\":[{\"@type\":\"ListItem\",\"position\":1,\"name\":\"Home\",\"item\":\"https:\\\/\\\/vanremoortel.be\\\/fr\\\/accueil\\\/\"},{\"@type\":\"ListItem\",\"position\":2,\"name\":\"Vivant\"}]},{\"@type\":\"WebSite\",\"@id\":\"https:\\\/\\\/vanremoortel.be\\\/#website\",\"url\":\"https:\\\/\\\/vanremoortel.be\\\/\",\"name\":\"Van Remoortel\",\"description\":\"Van Remoortel\",\"publisher\":{\"@id\":\"https:\\\/\\\/vanremoortel.be\\\/#organization\"},\"potentialAction\":[{\"@type\":\"SearchAction\",\"target\":{\"@type\":\"EntryPoint\",\"urlTemplate\":\"https:\\\/\\\/vanremoortel.be\\\/?s={search_term_string}\"},\"query-input\":{\"@type\":\"PropertyValueSpecification\",\"valueRequired\":true,\"valueName\":\"search_term_string\"}}],\"inLanguage\":\"fr-BE\"},{\"@type\":\"Organization\",\"@id\":\"https:\\\/\\\/vanremoortel.be\\\/#organization\",\"name\":\"Van Remoortel\",\"url\":\"https:\\\/\\\/vanremoortel.be\\\/\",\"logo\":{\"@type\":\"ImageObject\",\"inLanguage\":\"fr-BE\",\"@id\":\"https:\\\/\\\/vanremoortel.be\\\/#\\\/schema\\\/logo\\\/image\\\/\",\"url\":\"https:\\\/\\\/vanremoortel.be\\\/wp-content\\\/uploads\\\/2017\\\/09\\\/van-Remoortel_powered_FINAL.jpg\",\"contentUrl\":\"https:\\\/\\\/vanremoortel.be\\\/wp-content\\\/uploads\\\/2017\\\/09\\\/van-Remoortel_powered_FINAL.jpg\",\"width\":2328,\"height\":322,\"caption\":\"Van Remoortel\"},\"image\":{\"@id\":\"https:\\\/\\\/vanremoortel.be\\\/#\\\/schema\\\/logo\\\/image\\\/\"},\"sameAs\":[\"https:\\\/\\\/www.facebook.com\\\/Groothandel.Decoratie.Van.Remoortel\\\/\",\"https:\\\/\\\/www.instagram.com\\\/van_remoortel\\\/?hl=nl\",\"https:\\\/\\\/www.linkedin.com\\\/company\\\/van-remoortel-nv\\\/about\\\/\",\"https:\\\/\\\/www.youtube.com\\\/channel\\\/UCYm8eOCzCOC4HxA-Ya0XayQ\"]}]}<\/script>\n<!-- \/ Yoast SEO plugin. -->","yoast_head_json":{"title":"Vivant - Van Remoortel","robots":{"index":"index","follow":"follow","max-snippet":"max-snippet:-1","max-image-preview":"max-image-preview:large","max-video-preview":"max-video-preview:-1"},"canonical":"https:\/\/vanremoortel.be\/fr\/vivant\/","og_locale":"fr_FR","og_type":"article","og_title":"Vivant - Van Remoortel","og_url":"https:\/\/vanremoortel.be\/fr\/vivant\/","og_site_name":"Van Remoortel","article_publisher":"https:\/\/www.facebook.com\/Groothandel.Decoratie.Van.Remoortel\/","og_image":[{"width":1080,"height":1080,"url":"https:\/\/vanremoortel.be\/wp-content\/uploads\/2021\/01\/Glim-MR.jpg","type":"image\/jpeg"}],"twitter_card":"summary_large_image","twitter_misc":{"Dur\u00e9e de lecture est.":"4 minutes"},"schema":{"@context":"https:\/\/schema.org","@graph":[{"@type":"WebPage","@id":"https:\/\/vanremoortel.be\/fr\/vivant\/","url":"https:\/\/vanremoortel.be\/fr\/vivant\/","name":"Vivant - Van Remoortel","isPartOf":{"@id":"https:\/\/vanremoortel.be\/#website"},"datePublished":"2021-01-20T11:14:51+00:00","breadcrumb":{"@id":"https:\/\/vanremoortel.be\/fr\/vivant\/#breadcrumb"},"inLanguage":"fr-BE","potentialAction":[{"@type":"ReadAction","target":["https:\/\/vanremoortel.be\/fr\/vivant\/"]}]},{"@type":"BreadcrumbList","@id":"https:\/\/vanremoortel.be\/fr\/vivant\/#breadcrumb","itemListElement":[{"@type":"ListItem","position":1,"name":"Home","item":"https:\/\/vanremoortel.be\/fr\/accueil\/"},{"@type":"ListItem","position":2,"name":"Vivant"}]},{"@type":"WebSite","@id":"https:\/\/vanremoortel.be\/#website","url":"https:\/\/vanremoortel.be\/","name":"Van Remoortel","description":"Van Remoortel","publisher":{"@id":"https:\/\/vanremoortel.be\/#organization"},"potentialAction":[{"@type":"SearchAction","target":{"@type":"EntryPoint","urlTemplate":"https:\/\/vanremoortel.be\/?s={search_term_string}"},"query-input":{"@type":"PropertyValueSpecification","valueRequired":true,"valueName":"search_term_string"}}],"inLanguage":"fr-BE"},{"@type":"Organization","@id":"https:\/\/vanremoortel.be\/#organization","name":"Van Remoortel","url":"https:\/\/vanremoortel.be\/","logo":{"@type":"ImageObject","inLanguage":"fr-BE","@id":"https:\/\/vanremoortel.be\/#\/schema\/logo\/image\/","url":"https:\/\/vanremoortel.be\/wp-content\/uploads\/2017\/09\/van-Remoortel_powered_FINAL.jpg","contentUrl":"https:\/\/vanremoortel.be\/wp-content\/uploads\/2017\/09\/van-Remoortel_powered_FINAL.jpg","width":2328,"height":322,"caption":"Van Remoortel"},"image":{"@id":"https:\/\/vanremoortel.be\/#\/schema\/logo\/image\/"},"sameAs":["https:\/\/www.facebook.com\/Groothandel.Decoratie.Van.Remoortel\/","https:\/\/www.instagram.com\/van_remoortel\/?hl=nl","https:\/\/www.linkedin.com\/company\/van-remoortel-nv\/about\/","https:\/\/www.youtube.com\/channel\/UCYm8eOCzCOC4HxA-Ya0XayQ"]}]}},"_links":{"self":[{"href":"https:\/\/vanremoortel.be\/fr\/wp-json\/wp\/v2\/pages\/41928","targetHints":{"allow":["GET"]}}],"collection":[{"href":"https:\/\/vanremoortel.be\/fr\/wp-json\/wp\/v2\/pages"}],"about":[{"href":"https:\/\/vanremoortel.be\/fr\/wp-json\/wp\/v2\/types\/page"}],"author":[{"embeddable":true,"href":"https:\/\/vanremoortel.be\/fr\/wp-json\/wp\/v2\/users\/1"}],"replies":[{"embeddable":true,"href":"https:\/\/vanremoortel.be\/fr\/wp-json\/wp\/v2\/comments?post=41928"}],"version-history":[{"count":3,"href":"https:\/\/vanremoortel.be\/fr\/wp-json\/wp\/v2\/pages\/41928\/revisions"}],"predecessor-version":[{"id":41932,"href":"https:\/\/vanremoortel.be\/fr\/wp-json\/wp\/v2\/pages\/41928\/revisions\/41932"}],"wp:attachment":[{"href":"https:\/\/vanremoortel.be\/fr\/wp-json\/wp\/v2\/media?parent=41928"}],"curies":[{"name":"wp","href":"https:\/\/api.w.org\/{rel}","templated":true}]}}