{"id":36566,"date":"2019-05-21T10:59:47","date_gmt":"2019-05-21T08:59:47","guid":{"rendered":"https:\/\/vanremoortel.be\/pattberg\/"},"modified":"2021-10-30T13:08:45","modified_gmt":"2021-10-30T11:08:45","slug":"pattberg","status":"publish","type":"page","link":"https:\/\/vanremoortel.be\/fr\/pattberg\/","title":{"rendered":"C.E. Pattberg"},"content":{"rendered":"<div id='av-layout-grid-1'  class='av-layout-grid-container av-1g7wysc-d3564a52cedafed3ec5a5c34cef96f5c entry-content-wrapper main_color av-flex-cells  avia-builder-el-0  el_before_av_masonry_gallery  avia-builder-el-first   container_wrap sidebar_right'  >\n<div class='flex_cell av-110y1bw-83344d5f89431b8d5611fd440bbdc13d av-gridrow-cell av_one_half no_margin  avia-builder-el-1  el_before_av_cell_one_half  avia-builder-el-first '  ><div class='flex_cell_inner'><p>\n<style type=\"text\/css\" data-created_by=\"avia_inline_auto\" id=\"style-css-av-kvdpbiyh-3972e9ce2eaf22fd35334372bf148aa5\">\n#top .av-special-heading.av-kvdpbiyh-3972e9ce2eaf22fd35334372bf148aa5{\npadding-bottom:10px;\n}\nbody .av-special-heading.av-kvdpbiyh-3972e9ce2eaf22fd35334372bf148aa5 .av-special-heading-tag .heading-char{\nfont-size:25px;\n}\n.av-special-heading.av-kvdpbiyh-3972e9ce2eaf22fd35334372bf148aa5 .av-subheading{\nfont-size:15px;\n}\n<\/style>\n<div  class='av-special-heading av-kvdpbiyh-3972e9ce2eaf22fd35334372bf148aa5 av-special-heading-h1 blockquote modern-quote  avia-builder-el-2  el_before_av_textblock  avia-builder-el-first '><h1 class='av-special-heading-tag'  itemprop=\"headline\"  >C.E. Pattberg<\/h1><div class=\"special-heading-border\"><div class=\"special-heading-inner-border\"><\/div><\/div><\/div><br \/>\n<section  class='av_textblock_section av-jvxka0ui-4b1783e75caeb89147d63925585f4d30 '   itemscope=\"itemscope\" itemtype=\"https:\/\/schema.org\/CreativeWork\" ><div class='avia_textblock'  itemprop=\"text\" ><p>Pr\u00e4sent fabriqu\u00e9 par C.E. Pattberg. Laissez-nous vous emmener dans le monde des rubans et des arcs pour chaque occasion. D\u00e9couvrez les nouvelles tendances et les derni\u00e8res conceptions de produits. La marque cr\u00e9e et met en \u0153uvre des solutions globales pour tous les secteurs. Ce sont les points forts de la soci\u00e9t\u00e9 allemande de rubans.<\/p>\n<h2>Rubans et noeuds<\/h2>\n<p>L\u2019histoire de la r\u00e9ussite de l\u2019entreprise familiale a commenc\u00e9 t\u00f4t: en 1893, elle a \u00e9t\u00e9 fond\u00e9e en tant que fabrique de rubans de raphia. Bient\u00f4t vint la perc\u00e9e internationale avec des rubans d\u00e9coratifs. De nos jours, les exportations repr\u00e9sentent 30% du volume des ventes annuelles.<\/p>\n<p>Le savoir-faire de Pattberg en fait l&rsquo;un des fabricants les plus divers, dont la marque PR\u00c4SENT a acquis une renomm\u00e9e mondiale gr\u00e2ce \u00e0 ses rubans d\u00e9coratifs de la plus haute qualit\u00e9. Les rubans PR\u00c4SENT ajoutent une touche sp\u00e9ciale \u00e0 la vie quotidienne et conf\u00e8rent \u00e0 chaque occasion une touche unique. Que ce soit des cadeaux, de l&rsquo;artisanat ou de la d\u00e9coration. Tous leurs produits sont fabriqu\u00e9s en Allemagne, ce qui leur tient \u00e0 c\u0153ur.<\/p>\n<h2>Soucieux de l&rsquo;environnement<\/h2>\n<p>La culture d&rsquo;entreprise est d\u00e9termin\u00e9e par la prudence, la durabilit\u00e9 et l&rsquo;attention port\u00e9e aux personnes et \u00e0 l&rsquo;environnement. La pr\u00e9servation des ressources et l\u2019optimisation des processus d\u2019affaires ont toujours \u00e9t\u00e9 importantes pour CE Pattberg. Ils font attention \u00e0 l&rsquo;utilisation de sources d&rsquo;\u00e9nergie et de mati\u00e8res premi\u00e8res et attachent une grande importance \u00e0 la pr\u00e9vention et \u00e0 l&rsquo;\u00e9limination respectueuse de l&rsquo;environnement.<\/p>\n<p>Les rouleaux en plastique fabriqu\u00e9s \u00e0 partir de mat\u00e9riau recycl\u00e9, les rubans biod\u00e9gradables et les mati\u00e8res premi\u00e8res certifi\u00e9s Oeko-tex\u00ae Standard 100 ne sont que quelques exemples des aspects importants du processus de production.<\/p>\n<p>Site web: <a href=\"https:\/\/www.pattberg.com\/en\/home\/\">cliquez ici<\/a><\/p>\n<p>Voir les autres exposants: <a href=\"https:\/\/vanremoortel.be\/fr\/assortiment\/\">cliquez ici<\/a><\/p>\n<\/div><\/section><\/p>\n<\/div><\/div><div class='flex_cell av-ixyoho-272c964a6744feff5b999ec8c136b75f av-gridrow-cell av_one_half no_margin  avia-builder-el-4  el_after_av_cell_one_half  avia-builder-el-last '  ><div class='flex_cell_inner'><p>\n<style type=\"text\/css\" data-created_by=\"avia_inline_auto\" id=\"style-css-av-jvxjqmmc-353511a0a5b8164eb15305b5f99ffa64\">\n.avia-image-container.av-jvxjqmmc-353511a0a5b8164eb15305b5f99ffa64 img.avia_image{\nbox-shadow:none;\n}\n.avia-image-container.av-jvxjqmmc-353511a0a5b8164eb15305b5f99ffa64 .av-image-caption-overlay-center{\ncolor:#ffffff;\n}\n<\/style>\n<div  class='avia-image-container av-jvxjqmmc-353511a0a5b8164eb15305b5f99ffa64 av-styling- avia-align-center  avia-builder-el-5  el_before_av_image  avia-builder-el-first '   itemprop=\"image\" itemscope=\"itemscope\" itemtype=\"https:\/\/schema.org\/ImageObject\" ><div class=\"avia-image-container-inner\"><div class=\"avia-image-overlay-wrap\"><img fetchpriority=\"high\" class='wp-image-36543 avia-img-lazy-loading-not-36543 avia_image ' src='https:\/\/vanremoortel.be\/wp-content\/uploads\/2019\/05\/logo-300x132.jpg' alt='Pattberg logo' title='logo'  height=\"132\" width=\"300\"  itemprop=\"thumbnailUrl\"  \/><\/div><\/div><\/div><br \/>\n\n<style type=\"text\/css\" data-created_by=\"avia_inline_auto\" id=\"style-css-av-jvxjuk5q-29ad4e47282fcbaeb99cfcbef0d902e4\">\n.avia-image-container.av-jvxjuk5q-29ad4e47282fcbaeb99cfcbef0d902e4 img.avia_image{\nbox-shadow:none;\n}\n.avia-image-container.av-jvxjuk5q-29ad4e47282fcbaeb99cfcbef0d902e4 .av-image-caption-overlay-center{\ncolor:#ffffff;\n}\n<\/style>\n<div  class='avia-image-container av-jvxjuk5q-29ad4e47282fcbaeb99cfcbef0d902e4 av-styling- avia-align-center  avia-builder-el-6  el_after_av_image  avia-builder-el-last '   itemprop=\"image\" itemscope=\"itemscope\" itemtype=\"https:\/\/schema.org\/ImageObject\" ><div class=\"avia-image-container-inner\"><div class=\"avia-image-overlay-wrap\"><img fetchpriority=\"high\" class='wp-image- avia-img-lazy-loading-not- avia_image ' src='https:\/\/vanremoortel.be\/wp-content\/uploads\/2018\/01\/Valentijn_pattberg-300x175.jpg' alt='' title=''   itemprop=\"thumbnailUrl\"  \/><\/div><\/div><\/div><\/p>\n<\/div><\/div><\/div><\/p>\n","protected":false},"excerpt":{"rendered":"","protected":false},"author":1,"featured_media":0,"parent":0,"menu_order":0,"comment_status":"closed","ping_status":"closed","template":"","meta":{"_exactmetrics_skip_tracking":false,"_exactmetrics_sitenote_active":false,"_exactmetrics_sitenote_note":"","_exactmetrics_sitenote_category":0,"footnotes":""},"class_list":["post-36566","page","type-page","status-publish","hentry"],"yoast_head":"<!-- This site is optimized with the Yoast SEO plugin v27.4 - https:\/\/yoast.com\/product\/yoast-seo-wordpress\/ -->\n<title>C.E. Pattberg - Van Remoortel<\/title>\n<meta name=\"description\" content=\"Pattberg apporte des rubans et des arcs pour toutes les occasions. D\u00e9couvrez les nouvelles tendances et les derni\u00e8res conceptions de produits.\" \/>\n<meta name=\"robots\" content=\"index, follow, max-snippet:-1, max-image-preview:large, max-video-preview:-1\" \/>\n<link rel=\"canonical\" href=\"https:\/\/vanremoortel.be\/fr\/pattberg\/\" \/>\n<meta property=\"og:locale\" content=\"fr_FR\" \/>\n<meta property=\"og:type\" content=\"article\" \/>\n<meta property=\"og:title\" content=\"C.E. Pattberg - Van Remoortel\" \/>\n<meta property=\"og:description\" content=\"Pattberg apporte des rubans et des arcs pour toutes les occasions. D\u00e9couvrez les nouvelles tendances et les derni\u00e8res conceptions de produits.\" \/>\n<meta property=\"og:url\" content=\"https:\/\/vanremoortel.be\/fr\/pattberg\/\" \/>\n<meta property=\"og:site_name\" content=\"Van Remoortel\" \/>\n<meta property=\"article:publisher\" content=\"https:\/\/www.facebook.com\/Groothandel.Decoratie.Van.Remoortel\/\" \/>\n<meta property=\"article:modified_time\" content=\"2021-10-30T11:08:45+00:00\" \/>\n<meta name=\"twitter:card\" content=\"summary_large_image\" \/>\n<meta name=\"twitter:label1\" content=\"Dur\u00e9e de lecture est.\" \/>\n\t<meta name=\"twitter:data1\" content=\"3 minutes\" \/>\n<script type=\"application\/ld+json\" class=\"yoast-schema-graph\">{\"@context\":\"https:\\\/\\\/schema.org\",\"@graph\":[{\"@type\":\"WebPage\",\"@id\":\"https:\\\/\\\/vanremoortel.be\\\/fr\\\/pattberg\\\/\",\"url\":\"https:\\\/\\\/vanremoortel.be\\\/fr\\\/pattberg\\\/\",\"name\":\"C.E. Pattberg - Van Remoortel\",\"isPartOf\":{\"@id\":\"https:\\\/\\\/vanremoortel.be\\\/#website\"},\"datePublished\":\"2019-05-21T08:59:47+00:00\",\"dateModified\":\"2021-10-30T11:08:45+00:00\",\"description\":\"Pattberg apporte des rubans et des arcs pour toutes les occasions. D\u00e9couvrez les nouvelles tendances et les derni\u00e8res conceptions de produits.\",\"breadcrumb\":{\"@id\":\"https:\\\/\\\/vanremoortel.be\\\/fr\\\/pattberg\\\/#breadcrumb\"},\"inLanguage\":\"fr-BE\",\"potentialAction\":[{\"@type\":\"ReadAction\",\"target\":[\"https:\\\/\\\/vanremoortel.be\\\/fr\\\/pattberg\\\/\"]}]},{\"@type\":\"BreadcrumbList\",\"@id\":\"https:\\\/\\\/vanremoortel.be\\\/fr\\\/pattberg\\\/#breadcrumb\",\"itemListElement\":[{\"@type\":\"ListItem\",\"position\":1,\"name\":\"Home\",\"item\":\"https:\\\/\\\/vanremoortel.be\\\/fr\\\/accueil\\\/\"},{\"@type\":\"ListItem\",\"position\":2,\"name\":\"C.E. Pattberg\"}]},{\"@type\":\"WebSite\",\"@id\":\"https:\\\/\\\/vanremoortel.be\\\/#website\",\"url\":\"https:\\\/\\\/vanremoortel.be\\\/\",\"name\":\"Van Remoortel\",\"description\":\"Van Remoortel\",\"publisher\":{\"@id\":\"https:\\\/\\\/vanremoortel.be\\\/#organization\"},\"potentialAction\":[{\"@type\":\"SearchAction\",\"target\":{\"@type\":\"EntryPoint\",\"urlTemplate\":\"https:\\\/\\\/vanremoortel.be\\\/?s={search_term_string}\"},\"query-input\":{\"@type\":\"PropertyValueSpecification\",\"valueRequired\":true,\"valueName\":\"search_term_string\"}}],\"inLanguage\":\"fr-BE\"},{\"@type\":\"Organization\",\"@id\":\"https:\\\/\\\/vanremoortel.be\\\/#organization\",\"name\":\"Van Remoortel\",\"url\":\"https:\\\/\\\/vanremoortel.be\\\/\",\"logo\":{\"@type\":\"ImageObject\",\"inLanguage\":\"fr-BE\",\"@id\":\"https:\\\/\\\/vanremoortel.be\\\/#\\\/schema\\\/logo\\\/image\\\/\",\"url\":\"https:\\\/\\\/vanremoortel.be\\\/wp-content\\\/uploads\\\/2017\\\/09\\\/van-Remoortel_powered_FINAL.jpg\",\"contentUrl\":\"https:\\\/\\\/vanremoortel.be\\\/wp-content\\\/uploads\\\/2017\\\/09\\\/van-Remoortel_powered_FINAL.jpg\",\"width\":2328,\"height\":322,\"caption\":\"Van Remoortel\"},\"image\":{\"@id\":\"https:\\\/\\\/vanremoortel.be\\\/#\\\/schema\\\/logo\\\/image\\\/\"},\"sameAs\":[\"https:\\\/\\\/www.facebook.com\\\/Groothandel.Decoratie.Van.Remoortel\\\/\",\"https:\\\/\\\/www.instagram.com\\\/van_remoortel\\\/?hl=nl\",\"https:\\\/\\\/www.linkedin.com\\\/company\\\/van-remoortel-nv\\\/about\\\/\",\"https:\\\/\\\/www.youtube.com\\\/channel\\\/UCYm8eOCzCOC4HxA-Ya0XayQ\"]}]}<\/script>\n<!-- \/ Yoast SEO plugin. -->","yoast_head_json":{"title":"C.E. Pattberg - Van Remoortel","description":"Pattberg apporte des rubans et des arcs pour toutes les occasions. D\u00e9couvrez les nouvelles tendances et les derni\u00e8res conceptions de produits.","robots":{"index":"index","follow":"follow","max-snippet":"max-snippet:-1","max-image-preview":"max-image-preview:large","max-video-preview":"max-video-preview:-1"},"canonical":"https:\/\/vanremoortel.be\/fr\/pattberg\/","og_locale":"fr_FR","og_type":"article","og_title":"C.E. Pattberg - Van Remoortel","og_description":"Pattberg apporte des rubans et des arcs pour toutes les occasions. D\u00e9couvrez les nouvelles tendances et les derni\u00e8res conceptions de produits.","og_url":"https:\/\/vanremoortel.be\/fr\/pattberg\/","og_site_name":"Van Remoortel","article_publisher":"https:\/\/www.facebook.com\/Groothandel.Decoratie.Van.Remoortel\/","article_modified_time":"2021-10-30T11:08:45+00:00","twitter_card":"summary_large_image","twitter_misc":{"Dur\u00e9e de lecture est.":"3 minutes"},"schema":{"@context":"https:\/\/schema.org","@graph":[{"@type":"WebPage","@id":"https:\/\/vanremoortel.be\/fr\/pattberg\/","url":"https:\/\/vanremoortel.be\/fr\/pattberg\/","name":"C.E. Pattberg - Van Remoortel","isPartOf":{"@id":"https:\/\/vanremoortel.be\/#website"},"datePublished":"2019-05-21T08:59:47+00:00","dateModified":"2021-10-30T11:08:45+00:00","description":"Pattberg apporte des rubans et des arcs pour toutes les occasions. D\u00e9couvrez les nouvelles tendances et les derni\u00e8res conceptions de produits.","breadcrumb":{"@id":"https:\/\/vanremoortel.be\/fr\/pattberg\/#breadcrumb"},"inLanguage":"fr-BE","potentialAction":[{"@type":"ReadAction","target":["https:\/\/vanremoortel.be\/fr\/pattberg\/"]}]},{"@type":"BreadcrumbList","@id":"https:\/\/vanremoortel.be\/fr\/pattberg\/#breadcrumb","itemListElement":[{"@type":"ListItem","position":1,"name":"Home","item":"https:\/\/vanremoortel.be\/fr\/accueil\/"},{"@type":"ListItem","position":2,"name":"C.E. Pattberg"}]},{"@type":"WebSite","@id":"https:\/\/vanremoortel.be\/#website","url":"https:\/\/vanremoortel.be\/","name":"Van Remoortel","description":"Van Remoortel","publisher":{"@id":"https:\/\/vanremoortel.be\/#organization"},"potentialAction":[{"@type":"SearchAction","target":{"@type":"EntryPoint","urlTemplate":"https:\/\/vanremoortel.be\/?s={search_term_string}"},"query-input":{"@type":"PropertyValueSpecification","valueRequired":true,"valueName":"search_term_string"}}],"inLanguage":"fr-BE"},{"@type":"Organization","@id":"https:\/\/vanremoortel.be\/#organization","name":"Van Remoortel","url":"https:\/\/vanremoortel.be\/","logo":{"@type":"ImageObject","inLanguage":"fr-BE","@id":"https:\/\/vanremoortel.be\/#\/schema\/logo\/image\/","url":"https:\/\/vanremoortel.be\/wp-content\/uploads\/2017\/09\/van-Remoortel_powered_FINAL.jpg","contentUrl":"https:\/\/vanremoortel.be\/wp-content\/uploads\/2017\/09\/van-Remoortel_powered_FINAL.jpg","width":2328,"height":322,"caption":"Van Remoortel"},"image":{"@id":"https:\/\/vanremoortel.be\/#\/schema\/logo\/image\/"},"sameAs":["https:\/\/www.facebook.com\/Groothandel.Decoratie.Van.Remoortel\/","https:\/\/www.instagram.com\/van_remoortel\/?hl=nl","https:\/\/www.linkedin.com\/company\/van-remoortel-nv\/about\/","https:\/\/www.youtube.com\/channel\/UCYm8eOCzCOC4HxA-Ya0XayQ"]}]}},"_links":{"self":[{"href":"https:\/\/vanremoortel.be\/fr\/wp-json\/wp\/v2\/pages\/36566","targetHints":{"allow":["GET"]}}],"collection":[{"href":"https:\/\/vanremoortel.be\/fr\/wp-json\/wp\/v2\/pages"}],"about":[{"href":"https:\/\/vanremoortel.be\/fr\/wp-json\/wp\/v2\/types\/page"}],"author":[{"embeddable":true,"href":"https:\/\/vanremoortel.be\/fr\/wp-json\/wp\/v2\/users\/1"}],"replies":[{"embeddable":true,"href":"https:\/\/vanremoortel.be\/fr\/wp-json\/wp\/v2\/comments?post=36566"}],"version-history":[{"count":3,"href":"https:\/\/vanremoortel.be\/fr\/wp-json\/wp\/v2\/pages\/36566\/revisions"}],"predecessor-version":[{"id":43441,"href":"https:\/\/vanremoortel.be\/fr\/wp-json\/wp\/v2\/pages\/36566\/revisions\/43441"}],"wp:attachment":[{"href":"https:\/\/vanremoortel.be\/fr\/wp-json\/wp\/v2\/media?parent=36566"}],"curies":[{"name":"wp","href":"https:\/\/api.w.org\/{rel}","templated":true}]}}