{"id":35356,"date":"2018-10-03T10:25:37","date_gmt":"2018-10-03T08:25:37","guid":{"rendered":"https:\/\/vanremoortel.be\/workshop-creatief-verpakken\/"},"modified":"2019-06-20T11:13:51","modified_gmt":"2019-06-20T09:13:51","slug":"workshop-emballage-creatif","status":"publish","type":"page","link":"https:\/\/vanremoortel.be\/fr\/workshop-emballage-creatif\/","title":{"rendered":"Workshop &#8217;emballage creatif&rsquo;"},"content":{"rendered":"<div id='av-layout-grid-1'  class='av-layout-grid-container av-8pengei-91f1482d5046db3e7be305ac8d8d7f0e entry-content-wrapper main_color av-flex-cells  avia-builder-el-0  el_before_av_layout_row  avia-builder-el-first   container_wrap sidebar_right'  >\n\n<style type=\"text\/css\" data-created_by=\"avia_inline_auto\" id=\"style-css-av-87doz0q-00cae847367c5d56d2ec69420e08bd94\">\n.flex_cell.av-87doz0q-00cae847367c5d56d2ec69420e08bd94{\nvertical-align:top;\n}\n.responsive #top #wrap_all .flex_cell.av-87doz0q-00cae847367c5d56d2ec69420e08bd94{\npadding:30px 30px 30px 30px !important;\n}\n<\/style>\n<div class='flex_cell av-87doz0q-00cae847367c5d56d2ec69420e08bd94 av-gridrow-cell av_one_fourth no_margin  avia-builder-el-1  el_before_av_cell_one_half  avia-builder-el-first '  ><div class='flex_cell_inner'>\n<style type=\"text\/css\" data-created_by=\"avia_inline_auto\" id=\"style-css-av-7h9cy6i-26aa9ed156de573f73dbec1a47626100\">\n.avia-image-container.av-7h9cy6i-26aa9ed156de573f73dbec1a47626100 img.avia_image{\nbox-shadow:none;\n}\n.avia-image-container.av-7h9cy6i-26aa9ed156de573f73dbec1a47626100 .av-image-caption-overlay-center{\ncolor:#ffffff;\n}\n<\/style>\n<div  class='avia-image-container av-7h9cy6i-26aa9ed156de573f73dbec1a47626100 av-styling- avia-align-center  avia-builder-el-2  avia-builder-el-no-sibling '   itemprop=\"image\" itemscope=\"itemscope\" itemtype=\"https:\/\/schema.org\/ImageObject\" ><div class=\"avia-image-container-inner\"><div class=\"avia-image-overlay-wrap\"><img fetchpriority=\"high\" class='wp-image- avia-img-lazy-loading-not- avia_image ' src='https:\/\/vanremoortel.be\/wp-content\/uploads\/2017\/01\/Workshop-label-300x300.png' alt='' title=''   itemprop=\"thumbnailUrl\"  \/><\/div><\/div><\/div>\n<\/div><\/div>\n<style type=\"text\/css\" data-created_by=\"avia_inline_auto\" id=\"style-css-av-p28r56-f695188acc69a2a820b3244e28e85722\">\n.flex_cell.av-p28r56-f695188acc69a2a820b3244e28e85722{\nvertical-align:top;\n}\n.responsive #top #wrap_all .flex_cell.av-p28r56-f695188acc69a2a820b3244e28e85722{\npadding:30px 30px 30px 30px !important;\n}\n<\/style>\n<div class='flex_cell av-p28r56-f695188acc69a2a820b3244e28e85722 av-gridrow-cell av_one_half no_margin  avia-builder-el-3  el_after_av_cell_one_fourth  el_before_av_cell_one_fourth '  ><div class='flex_cell_inner'><p>\n<style type=\"text\/css\" data-created_by=\"avia_inline_auto\" id=\"style-css-av-jrtc1vwa-9d97ccd440a14b820abea37e9fbdb3d7\">\n#top .av-special-heading.av-jrtc1vwa-9d97ccd440a14b820abea37e9fbdb3d7{\npadding-bottom:10px;\n}\nbody .av-special-heading.av-jrtc1vwa-9d97ccd440a14b820abea37e9fbdb3d7 .av-special-heading-tag .heading-char{\nfont-size:25px;\n}\n.av-special-heading.av-jrtc1vwa-9d97ccd440a14b820abea37e9fbdb3d7 .av-subheading{\nfont-size:15px;\n}\n<\/style>\n<div  class='av-special-heading av-jrtc1vwa-9d97ccd440a14b820abea37e9fbdb3d7 av-special-heading-h1 blockquote modern-quote  avia-builder-el-4  el_before_av_textblock  avia-builder-el-first '><h1 class='av-special-heading-tag'  itemprop=\"headline\"  >Workshop \u2018emballage creatif\u2019<\/h1><div class=\"special-heading-border\"><div class=\"special-heading-inner-border\"><\/div><\/div><\/div><br \/>\n<section  class='av_textblock_section av-626jobu-c7539e50f9499a851e97411a4d442f82 '   itemscope=\"itemscope\" itemtype=\"https:\/\/schema.org\/CreativeWork\" ><div class='avia_textblock'  itemprop=\"text\" ><p>Le lundi 18 mars, vous pourrez participer \u00e0 l&rsquo;atelier \u00ab\u00a0Emballage cr\u00e9atif\u00a0\u00bb. Ingrid De Meester, sp\u00e9cialiste de l&#8217;emballage, vous guidera dans la cr\u00e9ation d&#8217;emballages originaux et agr\u00e9ables avec lesquels vous pourrez surprendre vos clients.<\/p>\n<p><strong>Quand:<\/strong><\/p>\n<ul>\n<li>workshop le matin (VM): 09u30 &#8211; 12u30<\/li>\n<li>workshop apr\u00e8s midi (NM): 13u30 &#8211; 16u30<\/li>\n<\/ul>\n<p><strong>Comment participez:<\/strong><br \/>\nTransf\u00e9rez \u20ac42,35 sur IBAN BE39 7370 1457 6719<br \/>\n(BIC: KREDBEBB)<br \/>\nAvec r\u00e9f\u00e9rence: WS 18\/3 VM OF NM \/\/ No. client &#8211; pr\u00e9nom &#8211; nom<\/p>\n<p><strong>Questions:<\/strong><br \/>\nRappelez 03 722 93 43 ou mail\u00a0<a href=\"mailto:kdc@vanremoortel.be?subject=Vraag%20over%20workshop%20creatief%20verpakken%20op%2017%2F10\" target=\"_blank\" rel=\"noopener\" data-cke-saved-href=\"mailto:kdc@vanremoortel.be?subject=Vraag%20over%20workshop%20creatief%20verpakken%20op%2017%2F10\">kdc@vanremoortel.be<\/a><\/p>\n<\/div><\/section><\/p>\n<\/div><\/div>\n<style type=\"text\/css\" data-created_by=\"avia_inline_auto\" id=\"style-css-av-5o6qo8a-1845893b6da4c07a0b34915d2bd010ba\">\n.flex_cell.av-5o6qo8a-1845893b6da4c07a0b34915d2bd010ba{\nvertical-align:top;\n}\n.responsive #top #wrap_all .flex_cell.av-5o6qo8a-1845893b6da4c07a0b34915d2bd010ba{\npadding:30px 30px 30px 30px !important;\n}\n<\/style>\n<div class='flex_cell av-5o6qo8a-1845893b6da4c07a0b34915d2bd010ba av-gridrow-cell av_one_fourth no_margin  avia-builder-el-6  el_after_av_cell_one_half  avia-builder-el-last '  ><div class='flex_cell_inner'><p>\n<style type=\"text\/css\" data-created_by=\"avia_inline_auto\" id=\"style-css-av-578wdai-625741d6b67ef71625c5f4e5a9e2ab67\">\n#top .hr.hr-invisible.av-578wdai-625741d6b67ef71625c5f4e5a9e2ab67{\nheight:50px;\n}\n<\/style>\n<div  class='hr av-578wdai-625741d6b67ef71625c5f4e5a9e2ab67 hr-invisible  avia-builder-el-7  el_before_av_image  avia-builder-el-first '><span class='hr-inner '><span class=\"hr-inner-style\"><\/span><\/span><\/div><br \/>\n\n<style type=\"text\/css\" data-created_by=\"avia_inline_auto\" id=\"style-css-av-1t10a2-effb75f7c84b1a2978f7f20dbd068bba\">\n.avia-image-container.av-1t10a2-effb75f7c84b1a2978f7f20dbd068bba img.avia_image{\nbox-shadow:none;\n}\n.avia-image-container.av-1t10a2-effb75f7c84b1a2978f7f20dbd068bba .av-image-caption-overlay-center{\ncolor:#ffffff;\n}\n<\/style>\n<div  class='avia-image-container av-1t10a2-effb75f7c84b1a2978f7f20dbd068bba av-styling- avia-align-center  avia-builder-el-8  el_after_av_hr  avia-builder-el-last '   itemprop=\"image\" itemscope=\"itemscope\" itemtype=\"https:\/\/schema.org\/ImageObject\" ><div class=\"avia-image-container-inner\"><div class=\"avia-image-overlay-wrap\"><img fetchpriority=\"high\" class='wp-image- avia-img-lazy-loading-not- avia_image ' src='https:\/\/vanremoortel.be\/wp-content\/uploads\/2018\/10\/WS_VRB001-2-300x226.jpg' alt='' title=''   itemprop=\"thumbnailUrl\"  \/><\/div><\/div><\/div><\/p>\n<\/div><\/div><\/div><div id='av-layout-grid-2'  class='av-layout-grid-container av-4f4elxm-5bda87aa04c495995de5dd64fd7689b6 entry-content-wrapper main_color av-flex-cells  avia-builder-el-9  el_after_av_layout_row  avia-builder-el-last  grid-row-not-first  container_wrap sidebar_right'  >\n\n<style type=\"text\/css\" data-created_by=\"avia_inline_auto\" id=\"style-css-av-3vl5e6i-4c67d688e67a5627e709a7e0290a26a0\">\n.flex_cell.av-3vl5e6i-4c67d688e67a5627e709a7e0290a26a0{\nvertical-align:top;\n}\n.responsive #top #wrap_all .flex_cell.av-3vl5e6i-4c67d688e67a5627e709a7e0290a26a0{\npadding:30px 30px 30px 30px !important;\n}\n<\/style>\n<div class='flex_cell av-3vl5e6i-4c67d688e67a5627e709a7e0290a26a0 av-gridrow-cell av_one_fifth no_margin  avia-builder-el-10  el_before_av_cell_three_fifth  avia-builder-el-first '  ><div class='flex_cell_inner'><\/div><\/div>\n<style type=\"text\/css\" data-created_by=\"avia_inline_auto\" id=\"style-css-av-39okrfu-08736ba2ecc0ad28f72902f91d79b40c\">\n.flex_cell.av-39okrfu-08736ba2ecc0ad28f72902f91d79b40c{\nvertical-align:top;\n}\n.responsive #top #wrap_all .flex_cell.av-39okrfu-08736ba2ecc0ad28f72902f91d79b40c{\npadding:30px 30px 30px 30px !important;\n}\n<\/style>\n<div class='flex_cell av-39okrfu-08736ba2ecc0ad28f72902f91d79b40c av-gridrow-cell av_three_fifth no_margin  avia-builder-el-11  el_after_av_cell_one_fifth  el_before_av_cell_one_fifth '  ><div class='flex_cell_inner'><form action=\"https:\/\/vanremoortel.be\/fr\/workshop-emballage-creatif\/\" method=\"post\" data-fields-with-error=\"Found errors in the following field(s):\" class=\"avia_ajax_form av-form-labels-visible   avia-builder-el-12  avia-builder-el-no-sibling   \" data-avia-form-id=\"1\" data-avia-redirect='' ><h3 class=''>S\u2019inscrire<\/h3><fieldset><p class='  first_form  form_element form_fullwidth' id='element_avia_1_1'><label for=\"avia_1_1\">Nom <abbr class=\"required\" title=\"required\">*<\/abbr><\/label> <input name=\"avia_1_1\" class=\"text_input is_empty\" type=\"text\" id=\"avia_1_1\" value=\"\" \/><\/p><p class='  first_form  form_element form_fullwidth' id='element_avia_2_1'><label for=\"avia_2_1\">Entreprise <abbr class=\"required\" title=\"required\">*<\/abbr><\/label> <input name=\"avia_2_1\" class=\"text_input is_empty\" type=\"text\" id=\"avia_2_1\" value=\"\" \/><\/p><p class='  first_form  form_element form_fullwidth' id='element_avia_3_1'><label for=\"avia_3_1\">E-Mail <abbr class=\"required\" title=\"required\">*<\/abbr><\/label> <input name=\"avia_3_1\" class=\"text_input is_email\" type=\"text\" id=\"avia_3_1\" value=\"\" \/><\/p><p class='  first_form  form_element form_fullwidth av-last-visible-form-element' id='element_avia_4_1'><input checked=\"checked\" name=\"avia_4_1\" class=\"input_checkbox \" type=\"checkbox\" id=\"avia_4_1\" value=\"true\"\/><label class=\"input_checkbox_label\" for=\"avia_4_1\"> Je souhaite participer \u00e0 l\u2018atelier \u2019Emballage cr\u00e9atif\u2019 du 18 mars.<\/label><\/p><p class=\"hidden\"><input type=\"text\" name=\"avia_5_1\" class=\"hidden \" id=\"avia_5_1\" value=\"\" \/><\/p><p class=\"form_element \"><input type=\"hidden\" value=\"1\" name=\"avia_generated_form1\" \/><input type=\"submit\" value=\"Envoyer\" class=\"button\"  data-sending-label=\"Sending\"\/><\/p><\/fieldset><\/form><div id=\"ajaxresponse_1\" class=\"ajaxresponse ajaxresponse_1 hidden\"><\/div>\n<\/div><\/div>\n<style type=\"text\/css\" data-created_by=\"avia_inline_auto\" id=\"style-css-av-l9ucga-88d662c6ce9d690bc4e6af047179733e\">\n.flex_cell.av-l9ucga-88d662c6ce9d690bc4e6af047179733e{\nvertical-align:top;\n}\n.responsive #top #wrap_all .flex_cell.av-l9ucga-88d662c6ce9d690bc4e6af047179733e{\npadding:30px 30px 30px 30px !important;\n}\n<\/style>\n<div class='flex_cell av-l9ucga-88d662c6ce9d690bc4e6af047179733e av-gridrow-cell av_one_fifth no_margin  avia-builder-el-13  el_after_av_cell_three_fifth  avia-builder-el-last '  ><div class='flex_cell_inner'><\/div><\/div><\/div><\/p>\n","protected":false},"excerpt":{"rendered":"","protected":false},"author":1,"featured_media":0,"parent":0,"menu_order":0,"comment_status":"closed","ping_status":"closed","template":"","meta":{"_exactmetrics_skip_tracking":false,"_exactmetrics_sitenote_active":false,"_exactmetrics_sitenote_note":"","_exactmetrics_sitenote_category":0,"footnotes":""},"class_list":["post-35356","page","type-page","status-publish","hentry"],"yoast_head":"<!-- This site is optimized with the Yoast SEO plugin v27.4 - https:\/\/yoast.com\/product\/yoast-seo-wordpress\/ -->\n<title>Workshop &#039;emballage creatif&#039; - Van Remoortel<\/title>\n<meta name=\"description\" content=\"Workshop emballage cr\u00e9atif - Ingrid De Meester vous montre comment cr\u00e9er des emballages cr\u00e9atifs et emballer m\u00eame les articles les plus difficiles.\" \/>\n<meta name=\"robots\" content=\"index, follow, max-snippet:-1, max-image-preview:large, max-video-preview:-1\" \/>\n<link rel=\"canonical\" href=\"https:\/\/vanremoortel.be\/fr\/workshop-emballage-creatif\/\" \/>\n<meta property=\"og:locale\" content=\"fr_FR\" \/>\n<meta property=\"og:type\" content=\"article\" \/>\n<meta property=\"og:title\" content=\"Workshop &#039;emballage creatif&#039; - Van Remoortel\" \/>\n<meta property=\"og:description\" content=\"Workshop emballage cr\u00e9atif - Ingrid De Meester vous montre comment cr\u00e9er des emballages cr\u00e9atifs et emballer m\u00eame les articles les plus difficiles.\" \/>\n<meta property=\"og:url\" content=\"https:\/\/vanremoortel.be\/fr\/workshop-emballage-creatif\/\" \/>\n<meta property=\"og:site_name\" content=\"Van Remoortel\" \/>\n<meta property=\"article:publisher\" content=\"https:\/\/www.facebook.com\/Groothandel.Decoratie.Van.Remoortel\/\" \/>\n<meta property=\"article:modified_time\" content=\"2019-06-20T09:13:51+00:00\" \/>\n<meta property=\"og:image\" content=\"https:\/\/vanremoortel.be\/wp-content\/uploads\/2018\/10\/WS_VRB001-2.jpg\" \/>\n\t<meta property=\"og:image:width\" content=\"1766\" \/>\n\t<meta property=\"og:image:height\" content=\"1333\" \/>\n\t<meta property=\"og:image:type\" content=\"image\/jpeg\" \/>\n<meta name=\"twitter:card\" content=\"summary_large_image\" \/>\n<meta name=\"twitter:label1\" content=\"Dur\u00e9e de lecture est.\" \/>\n\t<meta name=\"twitter:data1\" content=\"4 minutes\" \/>\n<script type=\"application\/ld+json\" class=\"yoast-schema-graph\">{\"@context\":\"https:\\\/\\\/schema.org\",\"@graph\":[{\"@type\":\"WebPage\",\"@id\":\"https:\\\/\\\/vanremoortel.be\\\/fr\\\/workshop-emballage-creatif\\\/\",\"url\":\"https:\\\/\\\/vanremoortel.be\\\/fr\\\/workshop-emballage-creatif\\\/\",\"name\":\"Workshop 'emballage creatif' - Van Remoortel\",\"isPartOf\":{\"@id\":\"https:\\\/\\\/vanremoortel.be\\\/#website\"},\"datePublished\":\"2018-10-03T08:25:37+00:00\",\"dateModified\":\"2019-06-20T09:13:51+00:00\",\"description\":\"Workshop emballage cr\u00e9atif - Ingrid De Meester vous montre comment cr\u00e9er des emballages cr\u00e9atifs et emballer m\u00eame les articles les plus difficiles.\",\"breadcrumb\":{\"@id\":\"https:\\\/\\\/vanremoortel.be\\\/fr\\\/workshop-emballage-creatif\\\/#breadcrumb\"},\"inLanguage\":\"fr-BE\",\"potentialAction\":[{\"@type\":\"ReadAction\",\"target\":[\"https:\\\/\\\/vanremoortel.be\\\/fr\\\/workshop-emballage-creatif\\\/\"]}]},{\"@type\":\"BreadcrumbList\",\"@id\":\"https:\\\/\\\/vanremoortel.be\\\/fr\\\/workshop-emballage-creatif\\\/#breadcrumb\",\"itemListElement\":[{\"@type\":\"ListItem\",\"position\":1,\"name\":\"Home\",\"item\":\"https:\\\/\\\/vanremoortel.be\\\/fr\\\/accueil\\\/\"},{\"@type\":\"ListItem\",\"position\":2,\"name\":\"Workshop &#8217;emballage creatif&rsquo;\"}]},{\"@type\":\"WebSite\",\"@id\":\"https:\\\/\\\/vanremoortel.be\\\/#website\",\"url\":\"https:\\\/\\\/vanremoortel.be\\\/\",\"name\":\"Van Remoortel\",\"description\":\"Van Remoortel\",\"publisher\":{\"@id\":\"https:\\\/\\\/vanremoortel.be\\\/#organization\"},\"potentialAction\":[{\"@type\":\"SearchAction\",\"target\":{\"@type\":\"EntryPoint\",\"urlTemplate\":\"https:\\\/\\\/vanremoortel.be\\\/?s={search_term_string}\"},\"query-input\":{\"@type\":\"PropertyValueSpecification\",\"valueRequired\":true,\"valueName\":\"search_term_string\"}}],\"inLanguage\":\"fr-BE\"},{\"@type\":\"Organization\",\"@id\":\"https:\\\/\\\/vanremoortel.be\\\/#organization\",\"name\":\"Van Remoortel\",\"url\":\"https:\\\/\\\/vanremoortel.be\\\/\",\"logo\":{\"@type\":\"ImageObject\",\"inLanguage\":\"fr-BE\",\"@id\":\"https:\\\/\\\/vanremoortel.be\\\/#\\\/schema\\\/logo\\\/image\\\/\",\"url\":\"https:\\\/\\\/vanremoortel.be\\\/wp-content\\\/uploads\\\/2017\\\/09\\\/van-Remoortel_powered_FINAL.jpg\",\"contentUrl\":\"https:\\\/\\\/vanremoortel.be\\\/wp-content\\\/uploads\\\/2017\\\/09\\\/van-Remoortel_powered_FINAL.jpg\",\"width\":2328,\"height\":322,\"caption\":\"Van Remoortel\"},\"image\":{\"@id\":\"https:\\\/\\\/vanremoortel.be\\\/#\\\/schema\\\/logo\\\/image\\\/\"},\"sameAs\":[\"https:\\\/\\\/www.facebook.com\\\/Groothandel.Decoratie.Van.Remoortel\\\/\",\"https:\\\/\\\/www.instagram.com\\\/van_remoortel\\\/?hl=nl\",\"https:\\\/\\\/www.linkedin.com\\\/company\\\/van-remoortel-nv\\\/about\\\/\",\"https:\\\/\\\/www.youtube.com\\\/channel\\\/UCYm8eOCzCOC4HxA-Ya0XayQ\"]}]}<\/script>\n<!-- \/ Yoast SEO plugin. -->","yoast_head_json":{"title":"Workshop 'emballage creatif' - Van Remoortel","description":"Workshop emballage cr\u00e9atif - Ingrid De Meester vous montre comment cr\u00e9er des emballages cr\u00e9atifs et emballer m\u00eame les articles les plus difficiles.","robots":{"index":"index","follow":"follow","max-snippet":"max-snippet:-1","max-image-preview":"max-image-preview:large","max-video-preview":"max-video-preview:-1"},"canonical":"https:\/\/vanremoortel.be\/fr\/workshop-emballage-creatif\/","og_locale":"fr_FR","og_type":"article","og_title":"Workshop 'emballage creatif' - Van Remoortel","og_description":"Workshop emballage cr\u00e9atif - Ingrid De Meester vous montre comment cr\u00e9er des emballages cr\u00e9atifs et emballer m\u00eame les articles les plus difficiles.","og_url":"https:\/\/vanremoortel.be\/fr\/workshop-emballage-creatif\/","og_site_name":"Van Remoortel","article_publisher":"https:\/\/www.facebook.com\/Groothandel.Decoratie.Van.Remoortel\/","article_modified_time":"2019-06-20T09:13:51+00:00","og_image":[{"width":1766,"height":1333,"url":"https:\/\/vanremoortel.be\/wp-content\/uploads\/2018\/10\/WS_VRB001-2.jpg","type":"image\/jpeg"}],"twitter_card":"summary_large_image","twitter_misc":{"Dur\u00e9e de lecture est.":"4 minutes"},"schema":{"@context":"https:\/\/schema.org","@graph":[{"@type":"WebPage","@id":"https:\/\/vanremoortel.be\/fr\/workshop-emballage-creatif\/","url":"https:\/\/vanremoortel.be\/fr\/workshop-emballage-creatif\/","name":"Workshop 'emballage creatif' - Van Remoortel","isPartOf":{"@id":"https:\/\/vanremoortel.be\/#website"},"datePublished":"2018-10-03T08:25:37+00:00","dateModified":"2019-06-20T09:13:51+00:00","description":"Workshop emballage cr\u00e9atif - Ingrid De Meester vous montre comment cr\u00e9er des emballages cr\u00e9atifs et emballer m\u00eame les articles les plus difficiles.","breadcrumb":{"@id":"https:\/\/vanremoortel.be\/fr\/workshop-emballage-creatif\/#breadcrumb"},"inLanguage":"fr-BE","potentialAction":[{"@type":"ReadAction","target":["https:\/\/vanremoortel.be\/fr\/workshop-emballage-creatif\/"]}]},{"@type":"BreadcrumbList","@id":"https:\/\/vanremoortel.be\/fr\/workshop-emballage-creatif\/#breadcrumb","itemListElement":[{"@type":"ListItem","position":1,"name":"Home","item":"https:\/\/vanremoortel.be\/fr\/accueil\/"},{"@type":"ListItem","position":2,"name":"Workshop &#8217;emballage creatif&rsquo;"}]},{"@type":"WebSite","@id":"https:\/\/vanremoortel.be\/#website","url":"https:\/\/vanremoortel.be\/","name":"Van Remoortel","description":"Van Remoortel","publisher":{"@id":"https:\/\/vanremoortel.be\/#organization"},"potentialAction":[{"@type":"SearchAction","target":{"@type":"EntryPoint","urlTemplate":"https:\/\/vanremoortel.be\/?s={search_term_string}"},"query-input":{"@type":"PropertyValueSpecification","valueRequired":true,"valueName":"search_term_string"}}],"inLanguage":"fr-BE"},{"@type":"Organization","@id":"https:\/\/vanremoortel.be\/#organization","name":"Van Remoortel","url":"https:\/\/vanremoortel.be\/","logo":{"@type":"ImageObject","inLanguage":"fr-BE","@id":"https:\/\/vanremoortel.be\/#\/schema\/logo\/image\/","url":"https:\/\/vanremoortel.be\/wp-content\/uploads\/2017\/09\/van-Remoortel_powered_FINAL.jpg","contentUrl":"https:\/\/vanremoortel.be\/wp-content\/uploads\/2017\/09\/van-Remoortel_powered_FINAL.jpg","width":2328,"height":322,"caption":"Van Remoortel"},"image":{"@id":"https:\/\/vanremoortel.be\/#\/schema\/logo\/image\/"},"sameAs":["https:\/\/www.facebook.com\/Groothandel.Decoratie.Van.Remoortel\/","https:\/\/www.instagram.com\/van_remoortel\/?hl=nl","https:\/\/www.linkedin.com\/company\/van-remoortel-nv\/about\/","https:\/\/www.youtube.com\/channel\/UCYm8eOCzCOC4HxA-Ya0XayQ"]}]}},"_links":{"self":[{"href":"https:\/\/vanremoortel.be\/fr\/wp-json\/wp\/v2\/pages\/35356","targetHints":{"allow":["GET"]}}],"collection":[{"href":"https:\/\/vanremoortel.be\/fr\/wp-json\/wp\/v2\/pages"}],"about":[{"href":"https:\/\/vanremoortel.be\/fr\/wp-json\/wp\/v2\/types\/page"}],"author":[{"embeddable":true,"href":"https:\/\/vanremoortel.be\/fr\/wp-json\/wp\/v2\/users\/1"}],"replies":[{"embeddable":true,"href":"https:\/\/vanremoortel.be\/fr\/wp-json\/wp\/v2\/comments?post=35356"}],"version-history":[{"count":3,"href":"https:\/\/vanremoortel.be\/fr\/wp-json\/wp\/v2\/pages\/35356\/revisions"}],"predecessor-version":[{"id":36739,"href":"https:\/\/vanremoortel.be\/fr\/wp-json\/wp\/v2\/pages\/35356\/revisions\/36739"}],"wp:attachment":[{"href":"https:\/\/vanremoortel.be\/fr\/wp-json\/wp\/v2\/media?parent=35356"}],"curies":[{"name":"wp","href":"https:\/\/api.w.org\/{rel}","templated":true}]}}