{"id":35037,"date":"2019-01-31T11:56:23","date_gmt":"2019-01-31T10:56:23","guid":{"rendered":"https:\/\/vanremoortel.be\/stationary\/"},"modified":"2021-02-03T10:58:02","modified_gmt":"2021-02-03T09:58:02","slug":"stationary","status":"publish","type":"page","link":"https:\/\/vanremoortel.be\/fr\/stationary\/","title":{"rendered":"STATIONARY"},"content":{"rendered":"\n<style type=\"text\/css\" data-created_by=\"avia_inline_auto\" id=\"style-css-av-av_heading-2ebadba81e1cce1d221c3ae529a7797f\">\n#top .av-special-heading.av-av_heading-2ebadba81e1cce1d221c3ae529a7797f{\npadding-bottom:50px;\n}\nbody .av-special-heading.av-av_heading-2ebadba81e1cce1d221c3ae529a7797f .av-special-heading-tag .heading-char{\nfont-size:25px;\n}\n.av-special-heading.av-av_heading-2ebadba81e1cce1d221c3ae529a7797f .av-subheading{\nfont-size:15px;\n}\n<\/style>\n<div  class='av-special-heading av-av_heading-2ebadba81e1cce1d221c3ae529a7797f av-special-heading-h1 blockquote modern-quote modern-centered  avia-builder-el-0  el_before_av_textblock  avia-builder-el-first '><h1 class='av-special-heading-tag'  itemprop=\"headline\"  >STATIONARY<\/h1><div class=\"special-heading-border\"><div class=\"special-heading-inner-border\"><\/div><\/div><\/div>\n<section  class='av_textblock_section av-jrkhefl0-255010176e69c918f0b59d94dd12afaf '   itemscope=\"itemscope\" itemtype=\"https:\/\/schema.org\/CreativeWork\" ><div class='avia_textblock'  itemprop=\"text\" ><h2>Pimp your desk!<\/h2>\n<p>Stationary &#8230; Cela semble tr\u00e8s ennuyeux, mais tout ce que vous avez \u00e0 dire est un terme comme # stationary, d\u00e9voile un monde de cr\u00e9ativit\u00e9 pour votre lieu de travail. Nos fournisseurs ont une offre tendance d&rsquo;articles de papeterie qui font de chaque lieu de travail un \u00ab\u00a0lieu de bonheur\u00a0\u00bb.<\/p>\n<h2>Avantages pour vous-m\u00eame<\/h2>\n<p>Un cahier bien con\u00e7u est bien plus que du papier pour supprimer vos commandes et vos listes de t\u00e2ches. C&rsquo;est le meilleur ami dans votre sac, votre dortoir et faites un don \u00e0 toutes vos bonnes id\u00e9es. Un cahier bien organis\u00e9 peut grandement contribuer au bon et structur\u00e9 pr\u00e9l\u00e8vement de vos listes de courses et \u00e0 l&rsquo;\u00e9laboration de vos bonnes id\u00e9es.<\/p>\n<h2>CONSEIL!<\/h2>\n<p>Cr\u00e9ez un mot de remerciement super personnalis\u00e9 &#8211; et une carte qui met en valeur chaque article ou cadeau &#8211; \u00e9crivez un texte personnel ici et laissez l&rsquo;article s&rsquo;\u00e9panouir. De cette fa\u00e7on, votre client quitte votre magasin avec un sentiment positif et retourne \u00e9galement plus rapidement! Vous ne jetez rien, votre nom et votre logo accompagneront bient\u00f4t tous vos clients sur la table de la cuisine ou sur la table! Tomber et cr\u00e9er des clients pour la vie avec l&rsquo;aide de la papeterie!<\/p>\n<\/div><\/section>\n\n<style type=\"text\/css\" data-created_by=\"avia_inline_auto\" id=\"style-css-av-av_heading-06a537cedb40a58670bfc7e51af0ed66\">\n#top .av-special-heading.av-av_heading-06a537cedb40a58670bfc7e51af0ed66{\npadding-bottom:50px;\nfont-size:16px;\n}\nbody .av-special-heading.av-av_heading-06a537cedb40a58670bfc7e51af0ed66 .av-special-heading-tag .heading-char{\nfont-size:25px;\n}\n#top #wrap_all .av-special-heading.av-av_heading-06a537cedb40a58670bfc7e51af0ed66 .av-special-heading-tag{\nfont-size:16px;\n}\n.av-special-heading.av-av_heading-06a537cedb40a58670bfc7e51af0ed66 .av-subheading{\nfont-size:15px;\n}\n\n@media only screen and (min-width: 480px) and (max-width: 767px){ \n#top #wrap_all .av-special-heading.av-av_heading-06a537cedb40a58670bfc7e51af0ed66 .av-special-heading-tag{\nfont-size:0.8em;\n}\n}\n\n@media only screen and (max-width: 479px){ \n#top #wrap_all .av-special-heading.av-av_heading-06a537cedb40a58670bfc7e51af0ed66 .av-special-heading-tag{\nfont-size:0.8em;\n}\n}\n<\/style>\n<div  class='av-special-heading av-av_heading-06a537cedb40a58670bfc7e51af0ed66 av-special-heading-h1 blockquote modern-quote modern-centered  avia-builder-el-2  el_after_av_textblock  el_before_av_buttonrow  av-inherit-size'><h1 class='av-special-heading-tag'  itemprop=\"headline\"  >EXPOSANTS VENDENT DES STATIONARY<\/h1><div class=\"special-heading-border\"><div class=\"special-heading-inner-border\"><\/div><\/div><\/div>\n<div  class='avia-buttonrow-wrap av-jrj88vkn-d2e8d480357ac2b99ad2952b07c16b07 avia-buttonrow-center  avia-builder-el-3  el_after_av_heading  el_before_av_buttonrow '>\n\n<style type=\"text\/css\" data-created_by=\"avia_inline_auto\" id=\"style-css-av-av_buttonrow_item-ca438942b47e8569f1860a854b969566\">\n#top #wrap_all .avia-button.av-av_buttonrow_item-ca438942b47e8569f1860a854b969566{\nmargin-bottom:5px;\nmargin-right:3px;\nmargin-left:3px;\n}\n<\/style>\n<a href=''  class='avia-button av-av_buttonrow_item-ca438942b47e8569f1860a854b969566 avia-icon_select-no avia-size-large avia-color-theme-color'  ><span class='avia_iconbox_title' >Lucie\u2019s Amsterdam<\/span><\/a>\n\n<style type=\"text\/css\" data-created_by=\"avia_inline_auto\" id=\"style-css-av-av_buttonrow_item-9d5e182f418ebb9a73117fe44bec72c4\">\n#top #wrap_all .avia-button.av-av_buttonrow_item-9d5e182f418ebb9a73117fe44bec72c4{\nmargin-bottom:5px;\nmargin-right:3px;\nmargin-left:3px;\n}\n<\/style>\n<a href=''  class='avia-button av-av_buttonrow_item-9d5e182f418ebb9a73117fe44bec72c4 avia-icon_select-no avia-size-large avia-color-theme-color'  ><span class='avia_iconbox_title' >Tivoli<\/span><\/a>\n\n<style type=\"text\/css\" data-created_by=\"avia_inline_auto\" id=\"style-css-av-av_buttonrow_item-d114a271ee4783424c1201c08c215692\">\n#top #wrap_all .avia-button.av-av_buttonrow_item-d114a271ee4783424c1201c08c215692{\nmargin-bottom:5px;\nmargin-right:3px;\nmargin-left:3px;\n}\n<\/style>\n<a href=''  class='avia-button av-av_buttonrow_item-d114a271ee4783424c1201c08c215692 avia-icon_select-no avia-size-large avia-color-theme-color'  ><span class='avia_iconbox_title' >Maison Babou<\/span><\/a>\n\n<style type=\"text\/css\" data-created_by=\"avia_inline_auto\" id=\"style-css-av-85my5pi-4377f62e6b1679ce5b61d39fcd693533\">\n#top #wrap_all .avia-button.av-85my5pi-4377f62e6b1679ce5b61d39fcd693533{\nmargin-bottom:5px;\nmargin-right:3px;\nmargin-left:3px;\n}\n<\/style>\n<a href=''  class='avia-button av-85my5pi-4377f62e6b1679ce5b61d39fcd693533 avia-icon_select-no avia-size-large avia-color-theme-color'  ><span class='avia_iconbox_title' >Deltas<\/span><\/a>\n<\/div>\n<div  class='avia-buttonrow-wrap av-jrj88vkn-d2e8d480357ac2b99ad2952b07c16b07 avia-buttonrow-center  avia-builder-el-4  el_after_av_buttonrow  el_before_av_buttonrow '>\n\n<style type=\"text\/css\" data-created_by=\"avia_inline_auto\" id=\"style-css-av-2wke5eu-91d9ec1130ac6f5350872ac24b3d06b5\">\n#top #wrap_all .avia-button.av-2wke5eu-91d9ec1130ac6f5350872ac24b3d06b5{\nmargin-bottom:5px;\nmargin-right:3px;\nmargin-left:3px;\n}\n<\/style>\n<a href=''  class='avia-button av-2wke5eu-91d9ec1130ac6f5350872ac24b3d06b5 avia-icon_select-no avia-size-large avia-color-theme-color'  ><span class='avia_iconbox_title' >Mini-Art Products<\/span><\/a>\n\n<style type=\"text\/css\" data-created_by=\"avia_inline_auto\" id=\"style-css-av-2eo4zpi-d78489de1e8435572c0d78ba38fa9336\">\n#top #wrap_all .avia-button.av-2eo4zpi-d78489de1e8435572c0d78ba38fa9336{\nmargin-bottom:5px;\nmargin-right:3px;\nmargin-left:3px;\n}\n<\/style>\n<a href=''  class='avia-button av-2eo4zpi-d78489de1e8435572c0d78ba38fa9336 avia-icon_select-no avia-size-large avia-color-theme-color'  ><span class='avia_iconbox_title' >Papette<\/span><\/a>\n<\/div>\n<div  class='avia-buttonrow-wrap av-jrj88vkn-d2e8d480357ac2b99ad2952b07c16b07 avia-buttonrow-center  avia-builder-el-5  el_after_av_buttonrow  el_before_av_hr '>\n\n<style type=\"text\/css\" data-created_by=\"avia_inline_auto\" id=\"style-css-av-1t65hae-bfc3b9bb7e1dd68f868d26483e522903\">\n#top #wrap_all .avia-button.av-1t65hae-bfc3b9bb7e1dd68f868d26483e522903{\nmargin-bottom:5px;\nmargin-right:3px;\nmargin-left:3px;\n}\n<\/style>\n<a href=''  class='avia-button av-1t65hae-bfc3b9bb7e1dd68f868d26483e522903 avia-icon_select-no avia-size-large avia-color-theme-color'  ><span class='avia_iconbox_title' >Rex London<\/span><\/a>\n<\/div>\n\n<style type=\"text\/css\" data-created_by=\"avia_inline_auto\" id=\"style-css-av-jrkhaq5l-9f01c88fe499624f49b16389d209ac6d\">\n#top .hr.hr-invisible.av-jrkhaq5l-9f01c88fe499624f49b16389d209ac6d{\nheight:50px;\n}\n<\/style>\n<div  class='hr av-jrkhaq5l-9f01c88fe499624f49b16389d209ac6d hr-invisible  avia-builder-el-6  el_after_av_buttonrow  el_before_av_buttonrow '><span class='hr-inner '><span class=\"hr-inner-style\"><\/span><\/span><\/div>\n<div  class='avia-buttonrow-wrap av-jrixpayy-a9f436b166705862c0d19cf90be880a8 avia-buttonrow-center  avia-builder-el-7  el_after_av_hr  avia-builder-el-last '>\n\n<style type=\"text\/css\" data-created_by=\"avia_inline_auto\" id=\"style-css-av-13ji153-cc79fdef9336a1802ac938f35e9a380e\">\n#top #wrap_all .avia-button.av-13ji153-cc79fdef9336a1802ac938f35e9a380e{\nmargin-bottom:20px;\nmargin-right:10px;\nmargin-left:10px;\n}\n<\/style>\n<a href='https:\/\/vanremoortel.be\/fr\/assortiment\/'  class='avia-button av-13ji153-cc79fdef9336a1802ac938f35e9a380e avia-icon_select-yes-left-icon avia-size-x-large avia-color-theme-color-subtle'  ><span class='avia_button_icon avia_button_icon_left ' aria-hidden='true' data-av_icon='\ue830' data-av_iconfont='entypo-fontello'><\/span><span class='avia_iconbox_title' >Retour \u00e0 la gamme compl\u00e8te<\/span><\/a>\n\n<style type=\"text\/css\" data-created_by=\"avia_inline_auto\" id=\"style-css-av-vs3axz-e3aa250ff94c517eebbd251e93fd17da\">\n#top #wrap_all .avia-button.av-vs3axz-e3aa250ff94c517eebbd251e93fd17da{\nbackground-color:#630d91;\nborder-color:#630d91;\ncolor:#ffffff;\ntransition:all 0.4s ease-in-out;\nmargin-bottom:20px;\nmargin-right:10px;\nmargin-left:10px;\n}\n<\/style>\n<a href='https:\/\/vanremoortel.be\/fr\/devenir-client\/'  class='avia-button av-vs3axz-e3aa250ff94c517eebbd251e93fd17da avia-icon_select-yes-left-icon avia-size-x-large'  ><span class='avia_button_icon avia_button_icon_left ' aria-hidden='true' data-av_icon='\ue80c' data-av_iconfont='entypo-fontello'><\/span><span class='avia_iconbox_title' >Devenir client<\/span><\/a>\n<\/div>\n","protected":false},"excerpt":{"rendered":"","protected":false},"author":1,"featured_media":0,"parent":0,"menu_order":0,"comment_status":"closed","ping_status":"closed","template":"","meta":{"_exactmetrics_skip_tracking":false,"_exactmetrics_sitenote_active":false,"_exactmetrics_sitenote_note":"","_exactmetrics_sitenote_category":0,"footnotes":""},"class_list":["post-35037","page","type-page","status-publish","hentry"],"yoast_head":"<!-- This site is optimized with the Yoast SEO plugin v27.1.1 - https:\/\/yoast.com\/product\/yoast-seo-wordpress\/ -->\n<title>STATIONARY - Van Remoortel<\/title>\n<meta name=\"description\" content=\"Les fournitures de bureau et le stationary sont ennuyeux, mais ce n\u2019est pas oblig\u00e9. Trouvez des cahiers et des listes de t\u00e2ches \u00e0 la mode chez nous.\" \/>\n<meta name=\"robots\" content=\"index, follow, max-snippet:-1, max-image-preview:large, max-video-preview:-1\" \/>\n<link rel=\"canonical\" href=\"https:\/\/vanremoortel.be\/fr\/stationary\/\" \/>\n<meta property=\"og:locale\" content=\"fr_FR\" \/>\n<meta property=\"og:type\" content=\"article\" \/>\n<meta property=\"og:title\" content=\"STATIONARY - Van Remoortel\" \/>\n<meta property=\"og:description\" content=\"Les fournitures de bureau et le stationary sont ennuyeux, mais ce n\u2019est pas oblig\u00e9. Trouvez des cahiers et des listes de t\u00e2ches \u00e0 la mode chez nous.\" \/>\n<meta property=\"og:url\" content=\"https:\/\/vanremoortel.be\/fr\/stationary\/\" \/>\n<meta property=\"og:site_name\" content=\"Van Remoortel\" \/>\n<meta property=\"article:publisher\" content=\"https:\/\/www.facebook.com\/Groothandel.Decoratie.Van.Remoortel\/\" \/>\n<meta property=\"article:modified_time\" content=\"2021-02-03T09:58:02+00:00\" \/>\n<meta name=\"twitter:card\" content=\"summary_large_image\" \/>\n<meta name=\"twitter:label1\" content=\"Dur\u00e9e de lecture est.\" \/>\n\t<meta name=\"twitter:data1\" content=\"5 minutes\" \/>\n<script type=\"application\/ld+json\" class=\"yoast-schema-graph\">{\"@context\":\"https:\/\/schema.org\",\"@graph\":[{\"@type\":\"WebPage\",\"@id\":\"https:\/\/vanremoortel.be\/fr\/stationary\/\",\"url\":\"https:\/\/vanremoortel.be\/fr\/stationary\/\",\"name\":\"STATIONARY - Van Remoortel\",\"isPartOf\":{\"@id\":\"https:\/\/vanremoortel.be\/#website\"},\"datePublished\":\"2019-01-31T10:56:23+00:00\",\"dateModified\":\"2021-02-03T09:58:02+00:00\",\"description\":\"Les fournitures de bureau et le stationary sont ennuyeux, mais ce n\u2019est pas oblig\u00e9. Trouvez des cahiers et des listes de t\u00e2ches \u00e0 la mode chez nous.\",\"breadcrumb\":{\"@id\":\"https:\/\/vanremoortel.be\/fr\/stationary\/#breadcrumb\"},\"inLanguage\":\"fr-BE\",\"potentialAction\":[{\"@type\":\"ReadAction\",\"target\":[\"https:\/\/vanremoortel.be\/fr\/stationary\/\"]}]},{\"@type\":\"BreadcrumbList\",\"@id\":\"https:\/\/vanremoortel.be\/fr\/stationary\/#breadcrumb\",\"itemListElement\":[{\"@type\":\"ListItem\",\"position\":1,\"name\":\"Home\",\"item\":\"https:\/\/vanremoortel.be\/fr\/accueil\/\"},{\"@type\":\"ListItem\",\"position\":2,\"name\":\"STATIONARY\"}]},{\"@type\":\"WebSite\",\"@id\":\"https:\/\/vanremoortel.be\/#website\",\"url\":\"https:\/\/vanremoortel.be\/\",\"name\":\"Van Remoortel\",\"description\":\"Van Remoortel\",\"publisher\":{\"@id\":\"https:\/\/vanremoortel.be\/#organization\"},\"potentialAction\":[{\"@type\":\"SearchAction\",\"target\":{\"@type\":\"EntryPoint\",\"urlTemplate\":\"https:\/\/vanremoortel.be\/?s={search_term_string}\"},\"query-input\":{\"@type\":\"PropertyValueSpecification\",\"valueRequired\":true,\"valueName\":\"search_term_string\"}}],\"inLanguage\":\"fr-BE\"},{\"@type\":\"Organization\",\"@id\":\"https:\/\/vanremoortel.be\/#organization\",\"name\":\"Van Remoortel\",\"url\":\"https:\/\/vanremoortel.be\/\",\"logo\":{\"@type\":\"ImageObject\",\"inLanguage\":\"fr-BE\",\"@id\":\"https:\/\/vanremoortel.be\/#\/schema\/logo\/image\/\",\"url\":\"https:\/\/vanremoortel.be\/wp-content\/uploads\/2017\/09\/van-Remoortel_powered_FINAL.jpg\",\"contentUrl\":\"https:\/\/vanremoortel.be\/wp-content\/uploads\/2017\/09\/van-Remoortel_powered_FINAL.jpg\",\"width\":2328,\"height\":322,\"caption\":\"Van Remoortel\"},\"image\":{\"@id\":\"https:\/\/vanremoortel.be\/#\/schema\/logo\/image\/\"},\"sameAs\":[\"https:\/\/www.facebook.com\/Groothandel.Decoratie.Van.Remoortel\/\",\"https:\/\/www.instagram.com\/van_remoortel\/?hl=nl\",\"https:\/\/www.linkedin.com\/company\/van-remoortel-nv\/about\/\",\"https:\/\/www.youtube.com\/channel\/UCYm8eOCzCOC4HxA-Ya0XayQ\"]}]}<\/script>\n<!-- \/ Yoast SEO plugin. -->","yoast_head_json":{"title":"STATIONARY - Van Remoortel","description":"Les fournitures de bureau et le stationary sont ennuyeux, mais ce n\u2019est pas oblig\u00e9. Trouvez des cahiers et des listes de t\u00e2ches \u00e0 la mode chez nous.","robots":{"index":"index","follow":"follow","max-snippet":"max-snippet:-1","max-image-preview":"max-image-preview:large","max-video-preview":"max-video-preview:-1"},"canonical":"https:\/\/vanremoortel.be\/fr\/stationary\/","og_locale":"fr_FR","og_type":"article","og_title":"STATIONARY - Van Remoortel","og_description":"Les fournitures de bureau et le stationary sont ennuyeux, mais ce n\u2019est pas oblig\u00e9. Trouvez des cahiers et des listes de t\u00e2ches \u00e0 la mode chez nous.","og_url":"https:\/\/vanremoortel.be\/fr\/stationary\/","og_site_name":"Van Remoortel","article_publisher":"https:\/\/www.facebook.com\/Groothandel.Decoratie.Van.Remoortel\/","article_modified_time":"2021-02-03T09:58:02+00:00","twitter_card":"summary_large_image","twitter_misc":{"Dur\u00e9e de lecture est.":"5 minutes"},"schema":{"@context":"https:\/\/schema.org","@graph":[{"@type":"WebPage","@id":"https:\/\/vanremoortel.be\/fr\/stationary\/","url":"https:\/\/vanremoortel.be\/fr\/stationary\/","name":"STATIONARY - Van Remoortel","isPartOf":{"@id":"https:\/\/vanremoortel.be\/#website"},"datePublished":"2019-01-31T10:56:23+00:00","dateModified":"2021-02-03T09:58:02+00:00","description":"Les fournitures de bureau et le stationary sont ennuyeux, mais ce n\u2019est pas oblig\u00e9. Trouvez des cahiers et des listes de t\u00e2ches \u00e0 la mode chez nous.","breadcrumb":{"@id":"https:\/\/vanremoortel.be\/fr\/stationary\/#breadcrumb"},"inLanguage":"fr-BE","potentialAction":[{"@type":"ReadAction","target":["https:\/\/vanremoortel.be\/fr\/stationary\/"]}]},{"@type":"BreadcrumbList","@id":"https:\/\/vanremoortel.be\/fr\/stationary\/#breadcrumb","itemListElement":[{"@type":"ListItem","position":1,"name":"Home","item":"https:\/\/vanremoortel.be\/fr\/accueil\/"},{"@type":"ListItem","position":2,"name":"STATIONARY"}]},{"@type":"WebSite","@id":"https:\/\/vanremoortel.be\/#website","url":"https:\/\/vanremoortel.be\/","name":"Van Remoortel","description":"Van Remoortel","publisher":{"@id":"https:\/\/vanremoortel.be\/#organization"},"potentialAction":[{"@type":"SearchAction","target":{"@type":"EntryPoint","urlTemplate":"https:\/\/vanremoortel.be\/?s={search_term_string}"},"query-input":{"@type":"PropertyValueSpecification","valueRequired":true,"valueName":"search_term_string"}}],"inLanguage":"fr-BE"},{"@type":"Organization","@id":"https:\/\/vanremoortel.be\/#organization","name":"Van Remoortel","url":"https:\/\/vanremoortel.be\/","logo":{"@type":"ImageObject","inLanguage":"fr-BE","@id":"https:\/\/vanremoortel.be\/#\/schema\/logo\/image\/","url":"https:\/\/vanremoortel.be\/wp-content\/uploads\/2017\/09\/van-Remoortel_powered_FINAL.jpg","contentUrl":"https:\/\/vanremoortel.be\/wp-content\/uploads\/2017\/09\/van-Remoortel_powered_FINAL.jpg","width":2328,"height":322,"caption":"Van Remoortel"},"image":{"@id":"https:\/\/vanremoortel.be\/#\/schema\/logo\/image\/"},"sameAs":["https:\/\/www.facebook.com\/Groothandel.Decoratie.Van.Remoortel\/","https:\/\/www.instagram.com\/van_remoortel\/?hl=nl","https:\/\/www.linkedin.com\/company\/van-remoortel-nv\/about\/","https:\/\/www.youtube.com\/channel\/UCYm8eOCzCOC4HxA-Ya0XayQ"]}]}},"_links":{"self":[{"href":"https:\/\/vanremoortel.be\/fr\/wp-json\/wp\/v2\/pages\/35037","targetHints":{"allow":["GET"]}}],"collection":[{"href":"https:\/\/vanremoortel.be\/fr\/wp-json\/wp\/v2\/pages"}],"about":[{"href":"https:\/\/vanremoortel.be\/fr\/wp-json\/wp\/v2\/types\/page"}],"author":[{"embeddable":true,"href":"https:\/\/vanremoortel.be\/fr\/wp-json\/wp\/v2\/users\/1"}],"replies":[{"embeddable":true,"href":"https:\/\/vanremoortel.be\/fr\/wp-json\/wp\/v2\/comments?post=35037"}],"version-history":[{"count":5,"href":"https:\/\/vanremoortel.be\/fr\/wp-json\/wp\/v2\/pages\/35037\/revisions"}],"predecessor-version":[{"id":42095,"href":"https:\/\/vanremoortel.be\/fr\/wp-json\/wp\/v2\/pages\/35037\/revisions\/42095"}],"wp:attachment":[{"href":"https:\/\/vanremoortel.be\/fr\/wp-json\/wp\/v2\/media?parent=35037"}],"curies":[{"name":"wp","href":"https:\/\/api.w.org\/{rel}","templated":true}]}}