{"id":35030,"date":"2019-01-31T11:27:11","date_gmt":"2019-01-31T10:27:11","guid":{"rendered":"https:\/\/vanremoortel.be\/meubelen\/"},"modified":"2021-02-23T08:26:44","modified_gmt":"2021-02-23T07:26:44","slug":"meubles","status":"publish","type":"page","link":"https:\/\/vanremoortel.be\/fr\/meubles\/","title":{"rendered":"Meubles"},"content":{"rendered":"\n<style type=\"text\/css\" data-created_by=\"avia_inline_auto\" id=\"style-css-av-av_heading-374c8d485a5d1b8e8cce2a71475a0b5a\">\n#top .av-special-heading.av-av_heading-374c8d485a5d1b8e8cce2a71475a0b5a{\npadding-bottom:50px;\n}\nbody .av-special-heading.av-av_heading-374c8d485a5d1b8e8cce2a71475a0b5a .av-special-heading-tag .heading-char{\nfont-size:25px;\n}\n.av-special-heading.av-av_heading-374c8d485a5d1b8e8cce2a71475a0b5a .av-subheading{\nfont-size:15px;\n}\n<\/style>\n<div  class='av-special-heading av-av_heading-374c8d485a5d1b8e8cce2a71475a0b5a av-special-heading-h1 blockquote modern-quote modern-centered  avia-builder-el-0  el_before_av_textblock  avia-builder-el-first '><h1 class='av-special-heading-tag'  itemprop=\"headline\"  >MEUBLES<\/h1><div class=\"special-heading-border\"><div class=\"special-heading-inner-border\"><\/div><\/div><\/div>\n<section  class='av_textblock_section av-jrkh31tj-297992360794b747c1cf2fedeb379a3e '   itemscope=\"itemscope\" itemtype=\"https:\/\/schema.org\/CreativeWork\" ><div class='avia_textblock'  itemprop=\"text\" ><h2>Compl\u00e9tez votre collection avec des meubles de dizaines de fournisseurs<\/h2>\n<p>Plus de 100 fournisseurs pr\u00e9sentent leur assortiment dans l&rsquo;industrie de la maison, des cadeaux et du jardin chez Van Remoortel. Dans notre cash &amp; carry de 10.000m\u00b2, vous trouverez de nombreuses d\u00e9corations pour la maison, des cadeaux, de la vaisselle et des accessoires de cuisine, des luminaires, des poteries et plus encore! Les meubles sont \u00e9galement largement repr\u00e9sent\u00e9 dans la vaste gamme chez Van Remoortel.<\/p>\n<h2>Pour chaque collection un style appropri\u00e9<\/h2>\n<p>Les fournisseurs pr\u00e9sentent leurs collections sur leur propre stand. Un fournisseur appropri\u00e9 peut \u00eatre trouv\u00e9 pour chaque style de vie. Vous cherchez des chaises ou des tables au look scandinave ou un style campagnard est-il indispensable dans votre collection? M\u00e9langer et assortir: assemblez votre collection id\u00e9ale avec le petit mobilier de diff\u00e9rents exposants.<\/p>\n<h2>Chaises, armoires, tables de chevet et accessoires assortis<\/h2>\n<p>En plus des petits meubles tels que des chaises basses, de jolies tables d&rsquo;appoint et des armoires \u00e0 la mode, vous trouverez de nombreux accessoires essentiels tels que des oreillers et des plaids dans notre cash &amp; carry. Des bougies, des lampes \u00e0 vent et des vases sont \u00e9galement disponibles chez des dizaines de fournisseurs.<\/p>\n<\/div><\/section>\n\n<style type=\"text\/css\" data-created_by=\"avia_inline_auto\" id=\"style-css-av-av_heading-e2e40264ad8e8361f64987a7ade53fd0\">\n#top .av-special-heading.av-av_heading-e2e40264ad8e8361f64987a7ade53fd0{\npadding-bottom:50px;\nfont-size:16px;\n}\nbody .av-special-heading.av-av_heading-e2e40264ad8e8361f64987a7ade53fd0 .av-special-heading-tag .heading-char{\nfont-size:25px;\n}\n#top #wrap_all .av-special-heading.av-av_heading-e2e40264ad8e8361f64987a7ade53fd0 .av-special-heading-tag{\nfont-size:16px;\n}\n.av-special-heading.av-av_heading-e2e40264ad8e8361f64987a7ade53fd0 .av-subheading{\nfont-size:15px;\n}\n\n@media only screen and (min-width: 480px) and (max-width: 767px){ \n#top #wrap_all .av-special-heading.av-av_heading-e2e40264ad8e8361f64987a7ade53fd0 .av-special-heading-tag{\nfont-size:0.8em;\n}\n}\n\n@media only screen and (max-width: 479px){ \n#top #wrap_all .av-special-heading.av-av_heading-e2e40264ad8e8361f64987a7ade53fd0 .av-special-heading-tag{\nfont-size:0.8em;\n}\n}\n<\/style>\n<div  class='av-special-heading av-av_heading-e2e40264ad8e8361f64987a7ade53fd0 av-special-heading-h1 blockquote modern-quote modern-centered  avia-builder-el-2  el_after_av_textblock  el_before_av_buttonrow  av-inherit-size'><h1 class='av-special-heading-tag'  itemprop=\"headline\"  >EXPOSANTS VENDENT DES MEUBLES<\/h1><div class=\"special-heading-border\"><div class=\"special-heading-inner-border\"><\/div><\/div><\/div>\n<div  class='avia-buttonrow-wrap av-jrj88vkn-d2e8d480357ac2b99ad2952b07c16b07 avia-buttonrow-center  avia-builder-el-3  el_after_av_heading  el_before_av_buttonrow '>\n\n<style type=\"text\/css\" data-created_by=\"avia_inline_auto\" id=\"style-css-av-56fm46a-e3a30a94afde61e85dfca56705dd8987\">\n#top #wrap_all .avia-button.av-56fm46a-e3a30a94afde61e85dfca56705dd8987{\nmargin-bottom:5px;\nmargin-right:3px;\nmargin-left:3px;\n}\n<\/style>\n<a href=''  class='avia-button av-56fm46a-e3a30a94afde61e85dfca56705dd8987 avia-icon_select-no avia-size-large avia-color-theme-color-highlight'  ><span class='avia_iconbox_title' > Be-Uniq<\/span><\/a>\n\n<style type=\"text\/css\" data-created_by=\"avia_inline_auto\" id=\"style-css-av-hh7myq-5b7978f8c244c3fa07e23aac55034899\">\n#top #wrap_all .avia-button.av-hh7myq-5b7978f8c244c3fa07e23aac55034899{\nmargin-bottom:5px;\nmargin-right:3px;\nmargin-left:3px;\n}\n<\/style>\n<a href=''  class='avia-button av-hh7myq-5b7978f8c244c3fa07e23aac55034899 avia-icon_select-no avia-size-large avia-color-theme-color'  ><span class='avia_iconbox_title' >Colmore by Diga<\/span><\/a>\n\n<style type=\"text\/css\" data-created_by=\"avia_inline_auto\" id=\"style-css-av-49bqg8y-195d043e3701b994e55d2b94dfa50eba\">\n#top #wrap_all .avia-button.av-49bqg8y-195d043e3701b994e55d2b94dfa50eba{\nmargin-bottom:5px;\nmargin-right:3px;\nmargin-left:3px;\n}\n<\/style>\n<a href=''  class='avia-button av-49bqg8y-195d043e3701b994e55d2b94dfa50eba avia-icon_select-no avia-size-large avia-color-theme-color'  ><span class='avia_iconbox_title' > Berchique<\/span><\/a>\n\n<style type=\"text\/css\" data-created_by=\"avia_inline_auto\" id=\"style-css-av-3uas002-9452f0d730d247b327670cb960d120b5\">\n#top #wrap_all .avia-button.av-3uas002-9452f0d730d247b327670cb960d120b5{\nmargin-bottom:5px;\nmargin-right:3px;\nmargin-left:3px;\n}\n<\/style>\n<a href=''  class='avia-button av-3uas002-9452f0d730d247b327670cb960d120b5 avia-icon_select-no avia-size-large avia-color-theme-color'  ><span class='avia_iconbox_title' > De Stip International<\/span><\/a>\n<\/div>\n<div  class='avia-buttonrow-wrap av-jrj88vkn-d2e8d480357ac2b99ad2952b07c16b07 avia-buttonrow-center  avia-builder-el-4  el_after_av_buttonrow  el_before_av_buttonrow '>\n\n<style type=\"text\/css\" data-created_by=\"avia_inline_auto\" id=\"style-css-av-counc2-c375839f193e76ca9eac8f5338282570\">\n#top #wrap_all .avia-button.av-counc2-c375839f193e76ca9eac8f5338282570{\nmargin-bottom:5px;\nmargin-right:3px;\nmargin-left:3px;\n}\n<\/style>\n<a href=''  class='avia-button av-counc2-c375839f193e76ca9eac8f5338282570 avia-icon_select-no avia-size-large avia-color-theme-color-highlight'  ><span class='avia_iconbox_title' > Evergreen<\/span><\/a>\n\n<style type=\"text\/css\" data-created_by=\"avia_inline_auto\" id=\"style-css-av-31c9zr6-84cfe95ea254d120efa3dc59ef7cf0fa\">\n#top #wrap_all .avia-button.av-31c9zr6-84cfe95ea254d120efa3dc59ef7cf0fa{\nmargin-bottom:5px;\nmargin-right:3px;\nmargin-left:3px;\n}\n<\/style>\n<a href=''  class='avia-button av-31c9zr6-84cfe95ea254d120efa3dc59ef7cf0fa avia-icon_select-no avia-size-large avia-color-theme-color'  ><span class='avia_iconbox_title' > Interstyle<\/span><\/a>\n\n<style type=\"text\/css\" data-created_by=\"avia_inline_auto\" id=\"style-css-av-24au7eq-97af58f70ab3a7ecba6eccebc73d189b\">\n#top #wrap_all .avia-button.av-24au7eq-97af58f70ab3a7ecba6eccebc73d189b{\nmargin-bottom:5px;\nmargin-right:3px;\nmargin-left:3px;\n}\n<\/style>\n<a href=''  class='avia-button av-24au7eq-97af58f70ab3a7ecba6eccebc73d189b avia-icon_select-no avia-size-large avia-color-theme-color'  ><span class='avia_iconbox_title' >Lauco<\/span><\/a>\n<\/div>\n<div  class='avia-buttonrow-wrap av-jrj88vkn-d2e8d480357ac2b99ad2952b07c16b07 avia-buttonrow-center  avia-builder-el-5  el_after_av_buttonrow  el_before_av_hr '>\n\n<style type=\"text\/css\" data-created_by=\"avia_inline_auto\" id=\"style-css-av-av_buttonrow_item-9c0c98d08dd721eb7df0260f0090cfc1\">\n#top #wrap_all .avia-button.av-av_buttonrow_item-9c0c98d08dd721eb7df0260f0090cfc1{\nmargin-bottom:5px;\nmargin-right:3px;\nmargin-left:3px;\n}\n<\/style>\n<a href=''  class='avia-button av-av_buttonrow_item-9c0c98d08dd721eb7df0260f0090cfc1 avia-icon_select-no avia-size-large avia-color-theme-color'  ><span class='avia_iconbox_title' >Kwan Yin Import<\/span><\/a>\n\n<style type=\"text\/css\" data-created_by=\"avia_inline_auto\" id=\"style-css-av-1pmsuzm-2b0bb5885db24df0c48bdbcbd07ca81a\">\n#top #wrap_all .avia-button.av-1pmsuzm-2b0bb5885db24df0c48bdbcbd07ca81a{\nmargin-bottom:5px;\nmargin-right:3px;\nmargin-left:3px;\n}\n<\/style>\n<a href=''  class='avia-button av-1pmsuzm-2b0bb5885db24df0c48bdbcbd07ca81a avia-icon_select-no avia-size-large avia-color-theme-color-highlight'  ><span class='avia_iconbox_title' > Light &amp; Living<\/span><\/a>\n\n<style type=\"text\/css\" data-created_by=\"avia_inline_auto\" id=\"style-css-av-l61g6u-87bbf42b07e3d7c2bcfd37e829b2afcb\">\n#top #wrap_all .avia-button.av-l61g6u-87bbf42b07e3d7c2bcfd37e829b2afcb{\nmargin-bottom:5px;\nmargin-right:3px;\nmargin-left:3px;\n}\n<\/style>\n<a href=''  class='avia-button av-l61g6u-87bbf42b07e3d7c2bcfd37e829b2afcb avia-icon_select-no avia-size-large avia-color-theme-color'  ><span class='avia_iconbox_title' >Prananatha<\/span><\/a>\n\n<style type=\"text\/css\" data-created_by=\"avia_inline_auto\" id=\"style-css-av-1466n9e-55d85b93e5b866bf39b6ef31390e3fd5\">\n#top #wrap_all .avia-button.av-1466n9e-55d85b93e5b866bf39b6ef31390e3fd5{\nmargin-bottom:5px;\nmargin-right:3px;\nmargin-left:3px;\n}\n<\/style>\n<a href=''  class='avia-button av-1466n9e-55d85b93e5b866bf39b6ef31390e3fd5 avia-icon_select-no avia-size-large avia-color-theme-color'  ><span class='avia_iconbox_title' > Wittkemper Living<\/span><\/a>\n\n<style type=\"text\/css\" data-created_by=\"avia_inline_auto\" id=\"style-css-av-sls2rm-b264897b6493c92666f7486a27d3b68c\">\n#top #wrap_all .avia-button.av-sls2rm-b264897b6493c92666f7486a27d3b68c{\nmargin-bottom:5px;\nmargin-right:3px;\nmargin-left:3px;\n}\n<\/style>\n<a href=''  class='avia-button av-sls2rm-b264897b6493c92666f7486a27d3b68c avia-icon_select-no avia-size-large avia-color-theme-color'  ><span class='avia_iconbox_title' >Yape\u2019s<\/span><\/a>\n<\/div>\n\n<style type=\"text\/css\" data-created_by=\"avia_inline_auto\" id=\"style-css-av-jrkgymlt-b93946ed238edb4e64a195eb992a1809\">\n#top .hr.hr-invisible.av-jrkgymlt-b93946ed238edb4e64a195eb992a1809{\nheight:50px;\n}\n<\/style>\n<div  class='hr av-jrkgymlt-b93946ed238edb4e64a195eb992a1809 hr-invisible  avia-builder-el-6  el_after_av_buttonrow  el_before_av_buttonrow '><span class='hr-inner '><span class=\"hr-inner-style\"><\/span><\/span><\/div>\n<div  class='avia-buttonrow-wrap av-jrixpayy-a9f436b166705862c0d19cf90be880a8 avia-buttonrow-center  avia-builder-el-7  el_after_av_hr  avia-builder-el-last '>\n\n<style type=\"text\/css\" data-created_by=\"avia_inline_auto\" id=\"style-css-av-13ji153-cc79fdef9336a1802ac938f35e9a380e\">\n#top #wrap_all .avia-button.av-13ji153-cc79fdef9336a1802ac938f35e9a380e{\nmargin-bottom:20px;\nmargin-right:10px;\nmargin-left:10px;\n}\n<\/style>\n<a href='https:\/\/vanremoortel.be\/fr\/assortiment\/'  class='avia-button av-13ji153-cc79fdef9336a1802ac938f35e9a380e avia-icon_select-yes-left-icon avia-size-x-large avia-color-theme-color-subtle'  ><span class='avia_button_icon avia_button_icon_left ' aria-hidden='true' data-av_icon='\ue830' data-av_iconfont='entypo-fontello'><\/span><span class='avia_iconbox_title' >Retour \u00e0 la gamme compl\u00e8te<\/span><\/a>\n\n<style type=\"text\/css\" data-created_by=\"avia_inline_auto\" id=\"style-css-av-vs3axz-e3aa250ff94c517eebbd251e93fd17da\">\n#top #wrap_all .avia-button.av-vs3axz-e3aa250ff94c517eebbd251e93fd17da{\nbackground-color:#630d91;\nborder-color:#630d91;\ncolor:#ffffff;\ntransition:all 0.4s ease-in-out;\nmargin-bottom:20px;\nmargin-right:10px;\nmargin-left:10px;\n}\n<\/style>\n<a href='https:\/\/vanremoortel.be\/fr\/devenir-client\/'  class='avia-button av-vs3axz-e3aa250ff94c517eebbd251e93fd17da avia-icon_select-yes-left-icon avia-size-x-large'  ><span class='avia_button_icon avia_button_icon_left ' aria-hidden='true' data-av_icon='\ue80c' data-av_iconfont='entypo-fontello'><\/span><span class='avia_iconbox_title' >Devenir client<\/span><\/a>\n<\/div>\n","protected":false},"excerpt":{"rendered":"","protected":false},"author":1,"featured_media":0,"parent":0,"menu_order":0,"comment_status":"closed","ping_status":"closed","template":"","meta":{"_exactmetrics_skip_tracking":false,"_exactmetrics_sitenote_active":false,"_exactmetrics_sitenote_note":"","_exactmetrics_sitenote_category":0,"footnotes":""},"class_list":["post-35030","page","type-page","status-publish","hentry"],"yoast_head":"<!-- This site is optimized with the Yoast SEO plugin v27.4 - https:\/\/yoast.com\/product\/yoast-seo-wordpress\/ -->\n<title>Meubles - Van Remoortel<\/title>\n<meta name=\"description\" content=\"Vous trouverez des meubles pour tous les styles de vie. Vous cherchez des chaises ou des tables au look dans des look diff\u00e9rents pour votre collection?\" \/>\n<meta name=\"robots\" content=\"index, follow, max-snippet:-1, max-image-preview:large, max-video-preview:-1\" \/>\n<link rel=\"canonical\" href=\"https:\/\/vanremoortel.be\/fr\/meubles\/\" \/>\n<meta property=\"og:locale\" content=\"fr_FR\" \/>\n<meta property=\"og:type\" content=\"article\" \/>\n<meta property=\"og:title\" content=\"Meubles - Van Remoortel\" \/>\n<meta property=\"og:description\" content=\"Vous trouverez des meubles pour tous les styles de vie. Vous cherchez des chaises ou des tables au look dans des look diff\u00e9rents pour votre collection?\" \/>\n<meta property=\"og:url\" content=\"https:\/\/vanremoortel.be\/fr\/meubles\/\" \/>\n<meta property=\"og:site_name\" content=\"Van Remoortel\" \/>\n<meta property=\"article:publisher\" content=\"https:\/\/www.facebook.com\/Groothandel.Decoratie.Van.Remoortel\/\" \/>\n<meta property=\"article:modified_time\" content=\"2021-02-23T07:26:44+00:00\" \/>\n<meta name=\"twitter:card\" content=\"summary_large_image\" \/>\n<meta name=\"twitter:label1\" content=\"Dur\u00e9e de lecture est.\" \/>\n\t<meta name=\"twitter:data1\" content=\"6 minutes\" \/>\n<script type=\"application\/ld+json\" class=\"yoast-schema-graph\">{\"@context\":\"https:\\\/\\\/schema.org\",\"@graph\":[{\"@type\":\"WebPage\",\"@id\":\"https:\\\/\\\/vanremoortel.be\\\/fr\\\/meubles\\\/\",\"url\":\"https:\\\/\\\/vanremoortel.be\\\/fr\\\/meubles\\\/\",\"name\":\"Meubles - Van Remoortel\",\"isPartOf\":{\"@id\":\"https:\\\/\\\/vanremoortel.be\\\/#website\"},\"datePublished\":\"2019-01-31T10:27:11+00:00\",\"dateModified\":\"2021-02-23T07:26:44+00:00\",\"description\":\"Vous trouverez des meubles pour tous les styles de vie. Vous cherchez des chaises ou des tables au look dans des look diff\u00e9rents pour votre collection?\",\"breadcrumb\":{\"@id\":\"https:\\\/\\\/vanremoortel.be\\\/fr\\\/meubles\\\/#breadcrumb\"},\"inLanguage\":\"fr-BE\",\"potentialAction\":[{\"@type\":\"ReadAction\",\"target\":[\"https:\\\/\\\/vanremoortel.be\\\/fr\\\/meubles\\\/\"]}]},{\"@type\":\"BreadcrumbList\",\"@id\":\"https:\\\/\\\/vanremoortel.be\\\/fr\\\/meubles\\\/#breadcrumb\",\"itemListElement\":[{\"@type\":\"ListItem\",\"position\":1,\"name\":\"Home\",\"item\":\"https:\\\/\\\/vanremoortel.be\\\/fr\\\/accueil\\\/\"},{\"@type\":\"ListItem\",\"position\":2,\"name\":\"Meubles\"}]},{\"@type\":\"WebSite\",\"@id\":\"https:\\\/\\\/vanremoortel.be\\\/#website\",\"url\":\"https:\\\/\\\/vanremoortel.be\\\/\",\"name\":\"Van Remoortel\",\"description\":\"Van Remoortel\",\"publisher\":{\"@id\":\"https:\\\/\\\/vanremoortel.be\\\/#organization\"},\"potentialAction\":[{\"@type\":\"SearchAction\",\"target\":{\"@type\":\"EntryPoint\",\"urlTemplate\":\"https:\\\/\\\/vanremoortel.be\\\/?s={search_term_string}\"},\"query-input\":{\"@type\":\"PropertyValueSpecification\",\"valueRequired\":true,\"valueName\":\"search_term_string\"}}],\"inLanguage\":\"fr-BE\"},{\"@type\":\"Organization\",\"@id\":\"https:\\\/\\\/vanremoortel.be\\\/#organization\",\"name\":\"Van Remoortel\",\"url\":\"https:\\\/\\\/vanremoortel.be\\\/\",\"logo\":{\"@type\":\"ImageObject\",\"inLanguage\":\"fr-BE\",\"@id\":\"https:\\\/\\\/vanremoortel.be\\\/#\\\/schema\\\/logo\\\/image\\\/\",\"url\":\"https:\\\/\\\/vanremoortel.be\\\/wp-content\\\/uploads\\\/2017\\\/09\\\/van-Remoortel_powered_FINAL.jpg\",\"contentUrl\":\"https:\\\/\\\/vanremoortel.be\\\/wp-content\\\/uploads\\\/2017\\\/09\\\/van-Remoortel_powered_FINAL.jpg\",\"width\":2328,\"height\":322,\"caption\":\"Van Remoortel\"},\"image\":{\"@id\":\"https:\\\/\\\/vanremoortel.be\\\/#\\\/schema\\\/logo\\\/image\\\/\"},\"sameAs\":[\"https:\\\/\\\/www.facebook.com\\\/Groothandel.Decoratie.Van.Remoortel\\\/\",\"https:\\\/\\\/www.instagram.com\\\/van_remoortel\\\/?hl=nl\",\"https:\\\/\\\/www.linkedin.com\\\/company\\\/van-remoortel-nv\\\/about\\\/\",\"https:\\\/\\\/www.youtube.com\\\/channel\\\/UCYm8eOCzCOC4HxA-Ya0XayQ\"]}]}<\/script>\n<!-- \/ Yoast SEO plugin. -->","yoast_head_json":{"title":"Meubles - Van Remoortel","description":"Vous trouverez des meubles pour tous les styles de vie. Vous cherchez des chaises ou des tables au look dans des look diff\u00e9rents pour votre collection?","robots":{"index":"index","follow":"follow","max-snippet":"max-snippet:-1","max-image-preview":"max-image-preview:large","max-video-preview":"max-video-preview:-1"},"canonical":"https:\/\/vanremoortel.be\/fr\/meubles\/","og_locale":"fr_FR","og_type":"article","og_title":"Meubles - Van Remoortel","og_description":"Vous trouverez des meubles pour tous les styles de vie. Vous cherchez des chaises ou des tables au look dans des look diff\u00e9rents pour votre collection?","og_url":"https:\/\/vanremoortel.be\/fr\/meubles\/","og_site_name":"Van Remoortel","article_publisher":"https:\/\/www.facebook.com\/Groothandel.Decoratie.Van.Remoortel\/","article_modified_time":"2021-02-23T07:26:44+00:00","twitter_card":"summary_large_image","twitter_misc":{"Dur\u00e9e de lecture est.":"6 minutes"},"schema":{"@context":"https:\/\/schema.org","@graph":[{"@type":"WebPage","@id":"https:\/\/vanremoortel.be\/fr\/meubles\/","url":"https:\/\/vanremoortel.be\/fr\/meubles\/","name":"Meubles - Van Remoortel","isPartOf":{"@id":"https:\/\/vanremoortel.be\/#website"},"datePublished":"2019-01-31T10:27:11+00:00","dateModified":"2021-02-23T07:26:44+00:00","description":"Vous trouverez des meubles pour tous les styles de vie. Vous cherchez des chaises ou des tables au look dans des look diff\u00e9rents pour votre collection?","breadcrumb":{"@id":"https:\/\/vanremoortel.be\/fr\/meubles\/#breadcrumb"},"inLanguage":"fr-BE","potentialAction":[{"@type":"ReadAction","target":["https:\/\/vanremoortel.be\/fr\/meubles\/"]}]},{"@type":"BreadcrumbList","@id":"https:\/\/vanremoortel.be\/fr\/meubles\/#breadcrumb","itemListElement":[{"@type":"ListItem","position":1,"name":"Home","item":"https:\/\/vanremoortel.be\/fr\/accueil\/"},{"@type":"ListItem","position":2,"name":"Meubles"}]},{"@type":"WebSite","@id":"https:\/\/vanremoortel.be\/#website","url":"https:\/\/vanremoortel.be\/","name":"Van Remoortel","description":"Van Remoortel","publisher":{"@id":"https:\/\/vanremoortel.be\/#organization"},"potentialAction":[{"@type":"SearchAction","target":{"@type":"EntryPoint","urlTemplate":"https:\/\/vanremoortel.be\/?s={search_term_string}"},"query-input":{"@type":"PropertyValueSpecification","valueRequired":true,"valueName":"search_term_string"}}],"inLanguage":"fr-BE"},{"@type":"Organization","@id":"https:\/\/vanremoortel.be\/#organization","name":"Van Remoortel","url":"https:\/\/vanremoortel.be\/","logo":{"@type":"ImageObject","inLanguage":"fr-BE","@id":"https:\/\/vanremoortel.be\/#\/schema\/logo\/image\/","url":"https:\/\/vanremoortel.be\/wp-content\/uploads\/2017\/09\/van-Remoortel_powered_FINAL.jpg","contentUrl":"https:\/\/vanremoortel.be\/wp-content\/uploads\/2017\/09\/van-Remoortel_powered_FINAL.jpg","width":2328,"height":322,"caption":"Van Remoortel"},"image":{"@id":"https:\/\/vanremoortel.be\/#\/schema\/logo\/image\/"},"sameAs":["https:\/\/www.facebook.com\/Groothandel.Decoratie.Van.Remoortel\/","https:\/\/www.instagram.com\/van_remoortel\/?hl=nl","https:\/\/www.linkedin.com\/company\/van-remoortel-nv\/about\/","https:\/\/www.youtube.com\/channel\/UCYm8eOCzCOC4HxA-Ya0XayQ"]}]}},"_links":{"self":[{"href":"https:\/\/vanremoortel.be\/fr\/wp-json\/wp\/v2\/pages\/35030","targetHints":{"allow":["GET"]}}],"collection":[{"href":"https:\/\/vanremoortel.be\/fr\/wp-json\/wp\/v2\/pages"}],"about":[{"href":"https:\/\/vanremoortel.be\/fr\/wp-json\/wp\/v2\/types\/page"}],"author":[{"embeddable":true,"href":"https:\/\/vanremoortel.be\/fr\/wp-json\/wp\/v2\/users\/1"}],"replies":[{"embeddable":true,"href":"https:\/\/vanremoortel.be\/fr\/wp-json\/wp\/v2\/comments?post=35030"}],"version-history":[{"count":5,"href":"https:\/\/vanremoortel.be\/fr\/wp-json\/wp\/v2\/pages\/35030\/revisions"}],"predecessor-version":[{"id":36064,"href":"https:\/\/vanremoortel.be\/fr\/wp-json\/wp\/v2\/pages\/35030\/revisions\/36064"}],"wp:attachment":[{"href":"https:\/\/vanremoortel.be\/fr\/wp-json\/wp\/v2\/media?parent=35030"}],"curies":[{"name":"wp","href":"https:\/\/api.w.org\/{rel}","templated":true}]}}