{"id":35021,"date":"2019-01-31T11:16:31","date_gmt":"2019-01-31T10:16:31","guid":{"rendered":"https:\/\/vanremoortel.be\/kerstdecoratie\/"},"modified":"2019-11-13T13:14:44","modified_gmt":"2019-11-13T12:14:44","slug":"decoration-noel","status":"publish","type":"page","link":"https:\/\/vanremoortel.be\/fr\/decoration-noel\/","title":{"rendered":"D\u00e9coration No\u00ebl"},"content":{"rendered":"\n<style type=\"text\/css\" data-created_by=\"avia_inline_auto\" id=\"style-css-av-av_heading-fb56ed3f48b215ff5467f04f0c918048\">\n#top .av-special-heading.av-av_heading-fb56ed3f48b215ff5467f04f0c918048{\npadding-bottom:50px;\n}\nbody .av-special-heading.av-av_heading-fb56ed3f48b215ff5467f04f0c918048 .av-special-heading-tag .heading-char{\nfont-size:25px;\n}\n.av-special-heading.av-av_heading-fb56ed3f48b215ff5467f04f0c918048 .av-subheading{\nfont-size:15px;\n}\n<\/style>\n<div  class='av-special-heading av-av_heading-fb56ed3f48b215ff5467f04f0c918048 av-special-heading-h1 blockquote modern-quote modern-centered  avia-builder-el-0  el_before_av_textblock  avia-builder-el-first '><h1 class='av-special-heading-tag'  itemprop=\"headline\"  >DECORATION NOEL<\/h1><div class=\"special-heading-border\"><div class=\"special-heading-inner-border\"><\/div><\/div><\/div>\n<section  class='av_textblock_section av-jrkgj2m2-cd4f1954cae6c04555e80ea9e48a9ea2 '   itemscope=\"itemscope\" itemtype=\"https:\/\/schema.org\/CreativeWork\" ><div class='avia_textblock'  itemprop=\"text\" ><h2>Beaucoup de d\u00e9corations de No\u00ebl chez Van Remoortel<\/h2>\n<p>\u00c0 partir de la mi-ao\u00fbt, Van Remoortel propose une gamme vari\u00e9e de d\u00e9corations No\u00ebl propos\u00e9es par des dizaines de fournisseurs. Ensemble, ils offrent un large \u00e9ventail de lumi\u00e8res de No\u00ebl, boules de No\u00ebl, ornements de No\u00ebl, guirlandes de No\u00ebl et bien plus encore, dans toutes sortes de styles, de couleurs et de tailles.<\/p>\n<h2>Collections de No\u00ebl compl\u00e9mentaires ou sp\u00e9cialis\u00e9es<\/h2>\n<p>Plusieurs des plus de 100 exposants proposent, en plus de leurs collections habituelles, une collection de No\u00ebl. En outre, pendant la saison de No\u00ebl, vous trouverez des \u00ab\u00a0exposants de No\u00ebl\u00a0\u00bb sp\u00e9ciaux, sp\u00e9cialis\u00e9s dans les articles de No\u00ebl.<\/p>\n<h2>Inspirez-vous des derni\u00e8res tendances de No\u00ebl<\/h2>\n<p>Van Remoortel pr\u00e9sente pour la saison la derni\u00e8re tendance. \u00c0 partir de la fin du mois d\u2019ao\u00fbt, vous trouverez des conseils et astuces concernant les mat\u00e9riaux, la pr\u00e9sentation, les v\u00eatements, les produits, les couleurs, etc., pour une nouvelle saison de No\u00ebl.<\/p>\n<\/div><\/section>\n\n<style type=\"text\/css\" data-created_by=\"avia_inline_auto\" id=\"style-css-av-av_heading-8f63463d2f20cbfc45cdeb3c00fb834e\">\n#top .av-special-heading.av-av_heading-8f63463d2f20cbfc45cdeb3c00fb834e{\npadding-bottom:50px;\nfont-size:16px;\n}\nbody .av-special-heading.av-av_heading-8f63463d2f20cbfc45cdeb3c00fb834e .av-special-heading-tag .heading-char{\nfont-size:25px;\n}\n#top #wrap_all .av-special-heading.av-av_heading-8f63463d2f20cbfc45cdeb3c00fb834e .av-special-heading-tag{\nfont-size:16px;\n}\n.av-special-heading.av-av_heading-8f63463d2f20cbfc45cdeb3c00fb834e .av-subheading{\nfont-size:15px;\n}\n\n@media only screen and (min-width: 480px) and (max-width: 767px){ \n#top #wrap_all .av-special-heading.av-av_heading-8f63463d2f20cbfc45cdeb3c00fb834e .av-special-heading-tag{\nfont-size:0.8em;\n}\n}\n\n@media only screen and (max-width: 479px){ \n#top #wrap_all .av-special-heading.av-av_heading-8f63463d2f20cbfc45cdeb3c00fb834e .av-special-heading-tag{\nfont-size:0.8em;\n}\n}\n<\/style>\n<div  class='av-special-heading av-av_heading-8f63463d2f20cbfc45cdeb3c00fb834e av-special-heading-h1 blockquote modern-quote modern-centered  avia-builder-el-2  el_after_av_textblock  el_before_av_buttonrow  av-inherit-size'><h1 class='av-special-heading-tag'  itemprop=\"headline\"  >EXPOSANTS VENDENT DECORATION NOEL<\/h1><div class=\"special-heading-border\"><div class=\"special-heading-inner-border\"><\/div><\/div><\/div>\n<div  class='avia-buttonrow-wrap av-jrj88vkn-d2e8d480357ac2b99ad2952b07c16b07 avia-buttonrow-center  avia-builder-el-3  el_after_av_heading  el_before_av_buttonrow '>\n\n<style type=\"text\/css\" data-created_by=\"avia_inline_auto\" id=\"style-css-av-8db302l-2451aa6dab472f8bc7a7ba414c4bcb2c\">\n#top #wrap_all .avia-button.av-8db302l-2451aa6dab472f8bc7a7ba414c4bcb2c{\nmargin-bottom:5px;\nmargin-right:3px;\nmargin-left:3px;\n}\n<\/style>\n<a href=''  class='avia-button av-8db302l-2451aa6dab472f8bc7a7ba414c4bcb2c avia-icon_select-no avia-size-large avia-color-theme-color-highlight'  ><span class='avia_iconbox_title' >Corios<\/span><\/a>\n\n<style type=\"text\/css\" data-created_by=\"avia_inline_auto\" id=\"style-css-av-7y6qdod-4b79996c6e331d3e7ca0a3d980b2a3c7\">\n#top #wrap_all .avia-button.av-7y6qdod-4b79996c6e331d3e7ca0a3d980b2a3c7{\nmargin-bottom:5px;\nmargin-right:3px;\nmargin-left:3px;\n}\n<\/style>\n<a href=''  class='avia-button av-7y6qdod-4b79996c6e331d3e7ca0a3d980b2a3c7 avia-icon_select-no avia-size-large avia-color-theme-color'  ><span class='avia_iconbox_title' >Clayre &amp; Eef<\/span><\/a>\n\n<style type=\"text\/css\" data-created_by=\"avia_inline_auto\" id=\"style-css-av-7oe3c2l-6b68041add8bfe7735fa68d06b7a32c2\">\n#top #wrap_all .avia-button.av-7oe3c2l-6b68041add8bfe7735fa68d06b7a32c2{\nmargin-bottom:5px;\nmargin-right:3px;\nmargin-left:3px;\n}\n<\/style>\n<a href=''  class='avia-button av-7oe3c2l-6b68041add8bfe7735fa68d06b7a32c2 avia-icon_select-no avia-size-large avia-color-theme-color'  ><span class='avia_iconbox_title' >Dux packaging<\/span><\/a>\n\n<style type=\"text\/css\" data-created_by=\"avia_inline_auto\" id=\"style-css-av-6y9cb3x-000dd4d484f4c2439e753a2ef04956c3\">\n#top #wrap_all .avia-button.av-6y9cb3x-000dd4d484f4c2439e753a2ef04956c3{\nmargin-bottom:5px;\nmargin-right:3px;\nmargin-left:3px;\n}\n<\/style>\n<a href=''  class='avia-button av-6y9cb3x-000dd4d484f4c2439e753a2ef04956c3 avia-icon_select-no avia-size-large avia-color-theme-color'  ><span class='avia_iconbox_title' >Gehlmann<\/span><\/a>\n\n<style type=\"text\/css\" data-created_by=\"avia_inline_auto\" id=\"style-css-av-6joc9vh-f7d80171ccaf9f75998ff6df2c9d0567\">\n#top #wrap_all .avia-button.av-6joc9vh-f7d80171ccaf9f75998ff6df2c9d0567{\nmargin-bottom:5px;\nmargin-right:3px;\nmargin-left:3px;\n}\n<\/style>\n<a href=''  class='avia-button av-6joc9vh-f7d80171ccaf9f75998ff6df2c9d0567 avia-icon_select-no avia-size-large avia-color-theme-color'  ><span class='avia_iconbox_title' >Goldbach<\/span><\/a>\n<\/div>\n<div  class='avia-buttonrow-wrap av-jrj88vkn-d2e8d480357ac2b99ad2952b07c16b07 avia-buttonrow-center  avia-builder-el-4  el_after_av_buttonrow  el_before_av_buttonrow '>\n\n<style type=\"text\/css\" data-created_by=\"avia_inline_auto\" id=\"style-css-av-5xa7csd-f67c3d06ddd615470f2162bf37953cb5\">\n#top #wrap_all .avia-button.av-5xa7csd-f67c3d06ddd615470f2162bf37953cb5{\nmargin-bottom:5px;\nmargin-right:3px;\nmargin-left:3px;\n}\n<\/style>\n<a href=''  class='avia-button av-5xa7csd-f67c3d06ddd615470f2162bf37953cb5 avia-icon_select-no avia-size-large avia-color-theme-color'  ><span class='avia_iconbox_title' >HDN Waalwijk<\/span><\/a>\n\n<style type=\"text\/css\" data-created_by=\"avia_inline_auto\" id=\"style-css-av-4zfh1h9-04e4745ca9c46399b834a6f986e754cf\">\n#top #wrap_all .avia-button.av-4zfh1h9-04e4745ca9c46399b834a6f986e754cf{\nmargin-bottom:5px;\nmargin-right:3px;\nmargin-left:3px;\n}\n<\/style>\n<a href=''  class='avia-button av-4zfh1h9-04e4745ca9c46399b834a6f986e754cf avia-icon_select-no avia-size-large avia-color-theme-color'  ><span class='avia_iconbox_title' >Lauco<\/span><\/a>\n\n<style type=\"text\/css\" data-created_by=\"avia_inline_auto\" id=\"style-css-av-46t8kal-5a46ab007fc6fd45de39286edf390c29\">\n#top #wrap_all .avia-button.av-46t8kal-5a46ab007fc6fd45de39286edf390c29{\nmargin-bottom:5px;\nmargin-right:3px;\nmargin-left:3px;\n}\n<\/style>\n<a href=''  class='avia-button av-46t8kal-5a46ab007fc6fd45de39286edf390c29 avia-icon_select-no avia-size-large avia-color-theme-color'  ><span class='avia_iconbox_title' >Lucie\u2019s Amsterdam<\/span><\/a>\n\n<style type=\"text\/css\" data-created_by=\"avia_inline_auto\" id=\"style-css-av-66revkt-a2b1cb0fc0523c5dffe10022e688eb76\">\n#top #wrap_all .avia-button.av-66revkt-a2b1cb0fc0523c5dffe10022e688eb76{\nmargin-bottom:5px;\nmargin-right:3px;\nmargin-left:3px;\n}\n<\/style>\n<a href=''  class='avia-button av-66revkt-a2b1cb0fc0523c5dffe10022e688eb76 avia-icon_select-no avia-size-large avia-color-theme-color-highlight'  ><span class='avia_iconbox_title' >H&amp;H Collections<\/span><\/a>\n<\/div>\n<div  class='avia-buttonrow-wrap av-jrj88vkn-d2e8d480357ac2b99ad2952b07c16b07 avia-buttonrow-center  avia-builder-el-5  el_after_av_buttonrow  el_before_av_buttonrow '>\n\n<style type=\"text\/css\" data-created_by=\"avia_inline_auto\" id=\"style-css-av-wphpy5-cc195e5af57fdf5740e73d5552dd473f\">\n#top #wrap_all .avia-button.av-wphpy5-cc195e5af57fdf5740e73d5552dd473f{\nmargin-bottom:5px;\nmargin-right:3px;\nmargin-left:3px;\n}\n<\/style>\n<a href=''  class='avia-button av-wphpy5-cc195e5af57fdf5740e73d5552dd473f avia-icon_select-no avia-size-large avia-color-theme-color'  ><span class='avia_iconbox_title' >Mini-Art Products<\/span><\/a>\n\n<style type=\"text\/css\" data-created_by=\"avia_inline_auto\" id=\"style-css-av-3j4s4cd-3af1934a39b23f8d7ae07d10e0d523e0\">\n#top #wrap_all .avia-button.av-3j4s4cd-3af1934a39b23f8d7ae07d10e0d523e0{\nmargin-bottom:5px;\nmargin-right:3px;\nmargin-left:3px;\n}\n<\/style>\n<a href=''  class='avia-button av-3j4s4cd-3af1934a39b23f8d7ae07d10e0d523e0 avia-icon_select-no avia-size-large avia-color-theme-color-highlight'  ><span class='avia_iconbox_title' >Mrs bloom<\/span><\/a>\n\n<style type=\"text\/css\" data-created_by=\"avia_inline_auto\" id=\"style-css-av-aktldp-784d71ffed7bd688fc1089a43d420a5e\">\n#top #wrap_all .avia-button.av-aktldp-784d71ffed7bd688fc1089a43d420a5e{\nmargin-bottom:5px;\nmargin-right:3px;\nmargin-left:3px;\n}\n<\/style>\n<a href=''  class='avia-button av-aktldp-784d71ffed7bd688fc1089a43d420a5e avia-icon_select-no avia-size-large avia-color-theme-color'  ><span class='avia_iconbox_title' >Papette<\/span><\/a>\n\n<style type=\"text\/css\" data-created_by=\"avia_inline_auto\" id=\"style-css-av-2cgprlp-f4c95abe20bf0e9623f7b12c0f9351aa\">\n#top #wrap_all .avia-button.av-2cgprlp-f4c95abe20bf0e9623f7b12c0f9351aa{\nmargin-bottom:5px;\nmargin-right:3px;\nmargin-left:3px;\n}\n<\/style>\n<a href=''  class='avia-button av-2cgprlp-f4c95abe20bf0e9623f7b12c0f9351aa avia-icon_select-no avia-size-large avia-color-theme-color'  ><span class='avia_iconbox_title' >The Family House<\/span><\/a>\n\n<style type=\"text\/css\" data-created_by=\"avia_inline_auto\" id=\"style-css-av-7lezul-533325ebd0c59b368a9d51e0074b6c70\">\n#top #wrap_all .avia-button.av-7lezul-533325ebd0c59b368a9d51e0074b6c70{\nmargin-bottom:5px;\nmargin-right:3px;\nmargin-left:3px;\n}\n<\/style>\n<a href='https:\/\/vanremoortel.be\/van-remoortel\/'  class='avia-button av-7lezul-533325ebd0c59b368a9d51e0074b6c70 avia-icon_select-no avia-size-large avia-color-theme-color'  ><span class='avia_iconbox_title' >Van Remoortel<\/span><\/a>\n<\/div>\n<div  class='avia-buttonrow-wrap av-jrj88vkn-d2e8d480357ac2b99ad2952b07c16b07 avia-buttonrow-center  avia-builder-el-6  el_after_av_buttonrow  el_before_av_hr '>\n\n<style type=\"text\/css\" data-created_by=\"avia_inline_auto\" id=\"style-css-av-1kwpbgd-a4462fa828a3c10eb3e22f82fec0d88f\">\n#top #wrap_all .avia-button.av-1kwpbgd-a4462fa828a3c10eb3e22f82fec0d88f{\nmargin-bottom:5px;\nmargin-right:3px;\nmargin-left:3px;\n}\n<\/style>\n<a href=''  class='avia-button av-1kwpbgd-a4462fa828a3c10eb3e22f82fec0d88f avia-icon_select-no avia-size-large avia-color-theme-color-highlight'  ><span class='avia_iconbox_title' >Wallsigning<\/span><\/a>\n\n<style type=\"text\/css\" data-created_by=\"avia_inline_auto\" id=\"style-css-av-18v7lwd-6954c16566f8bd2a720a8adb00496d3c\">\n#top #wrap_all .avia-button.av-18v7lwd-6954c16566f8bd2a720a8adb00496d3c{\nmargin-bottom:5px;\nmargin-right:3px;\nmargin-left:3px;\n}\n<\/style>\n<a href=''  class='avia-button av-18v7lwd-6954c16566f8bd2a720a8adb00496d3c avia-icon_select-no avia-size-large avia-color-theme-color'  ><span class='avia_iconbox_title' >Wittkemper<\/span><\/a>\n<\/div>\n<div  class='hr av-px7kfx-45c717e9c2e3214249d7bd0f11e8e4b9 hr-default  avia-builder-el-7  el_after_av_buttonrow  el_before_av_buttonrow '><span class='hr-inner '><span class=\"hr-inner-style\"><\/span><\/span><\/div>\n<div  class='avia-buttonrow-wrap av-jrixpayy-a9f436b166705862c0d19cf90be880a8 avia-buttonrow-center  avia-builder-el-8  el_after_av_hr  avia-builder-el-last '>\n\n<style type=\"text\/css\" data-created_by=\"avia_inline_auto\" id=\"style-css-av-13ji153-cc79fdef9336a1802ac938f35e9a380e\">\n#top #wrap_all .avia-button.av-13ji153-cc79fdef9336a1802ac938f35e9a380e{\nmargin-bottom:20px;\nmargin-right:10px;\nmargin-left:10px;\n}\n<\/style>\n<a href='https:\/\/vanremoortel.be\/fr\/assortiment\/'  class='avia-button av-13ji153-cc79fdef9336a1802ac938f35e9a380e avia-icon_select-yes-left-icon avia-size-x-large avia-color-theme-color-subtle'  ><span class='avia_button_icon avia_button_icon_left ' aria-hidden='true' data-av_icon='\ue830' data-av_iconfont='entypo-fontello'><\/span><span class='avia_iconbox_title' >Retour \u00e0 la gamme compl\u00e8te<\/span><\/a>\n\n<style type=\"text\/css\" data-created_by=\"avia_inline_auto\" id=\"style-css-av-vs3axz-e3aa250ff94c517eebbd251e93fd17da\">\n#top #wrap_all .avia-button.av-vs3axz-e3aa250ff94c517eebbd251e93fd17da{\nbackground-color:#630d91;\nborder-color:#630d91;\ncolor:#ffffff;\ntransition:all 0.4s ease-in-out;\nmargin-bottom:20px;\nmargin-right:10px;\nmargin-left:10px;\n}\n<\/style>\n<a href='https:\/\/vanremoortel.be\/fr\/devenir-client\/'  class='avia-button av-vs3axz-e3aa250ff94c517eebbd251e93fd17da avia-icon_select-yes-left-icon avia-size-x-large'  ><span class='avia_button_icon avia_button_icon_left ' aria-hidden='true' data-av_icon='\ue80c' data-av_iconfont='entypo-fontello'><\/span><span class='avia_iconbox_title' >Devenir client<\/span><\/a>\n<\/div>\n","protected":false},"excerpt":{"rendered":"","protected":false},"author":1,"featured_media":0,"parent":0,"menu_order":0,"comment_status":"closed","ping_status":"closed","template":"","meta":{"_exactmetrics_skip_tracking":false,"_exactmetrics_sitenote_active":false,"_exactmetrics_sitenote_note":"","_exactmetrics_sitenote_category":0,"footnotes":""},"class_list":["post-35021","page","type-page","status-publish","hentry"],"yoast_head":"<!-- This site is optimized with the Yoast SEO plugin v27.1.1 - https:\/\/yoast.com\/product\/yoast-seo-wordpress\/ -->\n<title>D\u00e9coration No\u00ebl - Van Remoortel<\/title>\n<meta name=\"description\" content=\"Assortiment Vauitecurrent de d\u00e9coration No\u00ebl \u00e0 partir de la mi-ao\u00fbt. Diverses offres de lumi\u00e8res de , boules, ornements, guirlandes et bien plus encore\" \/>\n<meta name=\"robots\" content=\"index, follow, max-snippet:-1, max-image-preview:large, max-video-preview:-1\" \/>\n<link rel=\"canonical\" href=\"https:\/\/vanremoortel.be\/fr\/decoration-noel\/\" \/>\n<meta property=\"og:locale\" content=\"fr_FR\" \/>\n<meta property=\"og:type\" content=\"article\" \/>\n<meta property=\"og:title\" content=\"D\u00e9coration No\u00ebl - Van Remoortel\" \/>\n<meta property=\"og:description\" content=\"Assortiment Vauitecurrent de d\u00e9coration No\u00ebl \u00e0 partir de la mi-ao\u00fbt. Diverses offres de lumi\u00e8res de , boules, ornements, guirlandes et bien plus encore\" \/>\n<meta property=\"og:url\" content=\"https:\/\/vanremoortel.be\/fr\/decoration-noel\/\" \/>\n<meta property=\"og:site_name\" content=\"Van Remoortel\" \/>\n<meta property=\"article:publisher\" content=\"https:\/\/www.facebook.com\/Groothandel.Decoratie.Van.Remoortel\/\" \/>\n<meta property=\"article:modified_time\" content=\"2019-11-13T12:14:44+00:00\" \/>\n<meta name=\"twitter:card\" content=\"summary_large_image\" \/>\n<meta name=\"twitter:label1\" content=\"Dur\u00e9e de lecture est.\" \/>\n\t<meta name=\"twitter:data1\" content=\"7 minutes\" \/>\n<script type=\"application\/ld+json\" class=\"yoast-schema-graph\">{\"@context\":\"https:\/\/schema.org\",\"@graph\":[{\"@type\":\"WebPage\",\"@id\":\"https:\/\/vanremoortel.be\/fr\/decoration-noel\/\",\"url\":\"https:\/\/vanremoortel.be\/fr\/decoration-noel\/\",\"name\":\"D\u00e9coration No\u00ebl - Van Remoortel\",\"isPartOf\":{\"@id\":\"https:\/\/vanremoortel.be\/#website\"},\"datePublished\":\"2019-01-31T10:16:31+00:00\",\"dateModified\":\"2019-11-13T12:14:44+00:00\",\"description\":\"Assortiment Vauitecurrent de d\u00e9coration No\u00ebl \u00e0 partir de la mi-ao\u00fbt. Diverses offres de lumi\u00e8res de , boules, ornements, guirlandes et bien plus encore\",\"breadcrumb\":{\"@id\":\"https:\/\/vanremoortel.be\/fr\/decoration-noel\/#breadcrumb\"},\"inLanguage\":\"fr-BE\",\"potentialAction\":[{\"@type\":\"ReadAction\",\"target\":[\"https:\/\/vanremoortel.be\/fr\/decoration-noel\/\"]}]},{\"@type\":\"BreadcrumbList\",\"@id\":\"https:\/\/vanremoortel.be\/fr\/decoration-noel\/#breadcrumb\",\"itemListElement\":[{\"@type\":\"ListItem\",\"position\":1,\"name\":\"Home\",\"item\":\"https:\/\/vanremoortel.be\/fr\/accueil\/\"},{\"@type\":\"ListItem\",\"position\":2,\"name\":\"D\u00e9coration No\u00ebl\"}]},{\"@type\":\"WebSite\",\"@id\":\"https:\/\/vanremoortel.be\/#website\",\"url\":\"https:\/\/vanremoortel.be\/\",\"name\":\"Van Remoortel\",\"description\":\"Van Remoortel\",\"publisher\":{\"@id\":\"https:\/\/vanremoortel.be\/#organization\"},\"potentialAction\":[{\"@type\":\"SearchAction\",\"target\":{\"@type\":\"EntryPoint\",\"urlTemplate\":\"https:\/\/vanremoortel.be\/?s={search_term_string}\"},\"query-input\":{\"@type\":\"PropertyValueSpecification\",\"valueRequired\":true,\"valueName\":\"search_term_string\"}}],\"inLanguage\":\"fr-BE\"},{\"@type\":\"Organization\",\"@id\":\"https:\/\/vanremoortel.be\/#organization\",\"name\":\"Van Remoortel\",\"url\":\"https:\/\/vanremoortel.be\/\",\"logo\":{\"@type\":\"ImageObject\",\"inLanguage\":\"fr-BE\",\"@id\":\"https:\/\/vanremoortel.be\/#\/schema\/logo\/image\/\",\"url\":\"https:\/\/vanremoortel.be\/wp-content\/uploads\/2017\/09\/van-Remoortel_powered_FINAL.jpg\",\"contentUrl\":\"https:\/\/vanremoortel.be\/wp-content\/uploads\/2017\/09\/van-Remoortel_powered_FINAL.jpg\",\"width\":2328,\"height\":322,\"caption\":\"Van Remoortel\"},\"image\":{\"@id\":\"https:\/\/vanremoortel.be\/#\/schema\/logo\/image\/\"},\"sameAs\":[\"https:\/\/www.facebook.com\/Groothandel.Decoratie.Van.Remoortel\/\",\"https:\/\/www.instagram.com\/van_remoortel\/?hl=nl\",\"https:\/\/www.linkedin.com\/company\/van-remoortel-nv\/about\/\",\"https:\/\/www.youtube.com\/channel\/UCYm8eOCzCOC4HxA-Ya0XayQ\"]}]}<\/script>\n<!-- \/ Yoast SEO plugin. -->","yoast_head_json":{"title":"D\u00e9coration No\u00ebl - Van Remoortel","description":"Assortiment Vauitecurrent de d\u00e9coration No\u00ebl \u00e0 partir de la mi-ao\u00fbt. Diverses offres de lumi\u00e8res de , boules, ornements, guirlandes et bien plus encore","robots":{"index":"index","follow":"follow","max-snippet":"max-snippet:-1","max-image-preview":"max-image-preview:large","max-video-preview":"max-video-preview:-1"},"canonical":"https:\/\/vanremoortel.be\/fr\/decoration-noel\/","og_locale":"fr_FR","og_type":"article","og_title":"D\u00e9coration No\u00ebl - Van Remoortel","og_description":"Assortiment Vauitecurrent de d\u00e9coration No\u00ebl \u00e0 partir de la mi-ao\u00fbt. Diverses offres de lumi\u00e8res de , boules, ornements, guirlandes et bien plus encore","og_url":"https:\/\/vanremoortel.be\/fr\/decoration-noel\/","og_site_name":"Van Remoortel","article_publisher":"https:\/\/www.facebook.com\/Groothandel.Decoratie.Van.Remoortel\/","article_modified_time":"2019-11-13T12:14:44+00:00","twitter_card":"summary_large_image","twitter_misc":{"Dur\u00e9e de lecture est.":"7 minutes"},"schema":{"@context":"https:\/\/schema.org","@graph":[{"@type":"WebPage","@id":"https:\/\/vanremoortel.be\/fr\/decoration-noel\/","url":"https:\/\/vanremoortel.be\/fr\/decoration-noel\/","name":"D\u00e9coration No\u00ebl - Van Remoortel","isPartOf":{"@id":"https:\/\/vanremoortel.be\/#website"},"datePublished":"2019-01-31T10:16:31+00:00","dateModified":"2019-11-13T12:14:44+00:00","description":"Assortiment Vauitecurrent de d\u00e9coration No\u00ebl \u00e0 partir de la mi-ao\u00fbt. Diverses offres de lumi\u00e8res de , boules, ornements, guirlandes et bien plus encore","breadcrumb":{"@id":"https:\/\/vanremoortel.be\/fr\/decoration-noel\/#breadcrumb"},"inLanguage":"fr-BE","potentialAction":[{"@type":"ReadAction","target":["https:\/\/vanremoortel.be\/fr\/decoration-noel\/"]}]},{"@type":"BreadcrumbList","@id":"https:\/\/vanremoortel.be\/fr\/decoration-noel\/#breadcrumb","itemListElement":[{"@type":"ListItem","position":1,"name":"Home","item":"https:\/\/vanremoortel.be\/fr\/accueil\/"},{"@type":"ListItem","position":2,"name":"D\u00e9coration No\u00ebl"}]},{"@type":"WebSite","@id":"https:\/\/vanremoortel.be\/#website","url":"https:\/\/vanremoortel.be\/","name":"Van Remoortel","description":"Van Remoortel","publisher":{"@id":"https:\/\/vanremoortel.be\/#organization"},"potentialAction":[{"@type":"SearchAction","target":{"@type":"EntryPoint","urlTemplate":"https:\/\/vanremoortel.be\/?s={search_term_string}"},"query-input":{"@type":"PropertyValueSpecification","valueRequired":true,"valueName":"search_term_string"}}],"inLanguage":"fr-BE"},{"@type":"Organization","@id":"https:\/\/vanremoortel.be\/#organization","name":"Van Remoortel","url":"https:\/\/vanremoortel.be\/","logo":{"@type":"ImageObject","inLanguage":"fr-BE","@id":"https:\/\/vanremoortel.be\/#\/schema\/logo\/image\/","url":"https:\/\/vanremoortel.be\/wp-content\/uploads\/2017\/09\/van-Remoortel_powered_FINAL.jpg","contentUrl":"https:\/\/vanremoortel.be\/wp-content\/uploads\/2017\/09\/van-Remoortel_powered_FINAL.jpg","width":2328,"height":322,"caption":"Van Remoortel"},"image":{"@id":"https:\/\/vanremoortel.be\/#\/schema\/logo\/image\/"},"sameAs":["https:\/\/www.facebook.com\/Groothandel.Decoratie.Van.Remoortel\/","https:\/\/www.instagram.com\/van_remoortel\/?hl=nl","https:\/\/www.linkedin.com\/company\/van-remoortel-nv\/about\/","https:\/\/www.youtube.com\/channel\/UCYm8eOCzCOC4HxA-Ya0XayQ"]}]}},"_links":{"self":[{"href":"https:\/\/vanremoortel.be\/fr\/wp-json\/wp\/v2\/pages\/35021","targetHints":{"allow":["GET"]}}],"collection":[{"href":"https:\/\/vanremoortel.be\/fr\/wp-json\/wp\/v2\/pages"}],"about":[{"href":"https:\/\/vanremoortel.be\/fr\/wp-json\/wp\/v2\/types\/page"}],"author":[{"embeddable":true,"href":"https:\/\/vanremoortel.be\/fr\/wp-json\/wp\/v2\/users\/1"}],"replies":[{"embeddable":true,"href":"https:\/\/vanremoortel.be\/fr\/wp-json\/wp\/v2\/comments?post=35021"}],"version-history":[{"count":5,"href":"https:\/\/vanremoortel.be\/fr\/wp-json\/wp\/v2\/pages\/35021\/revisions"}],"predecessor-version":[{"id":41848,"href":"https:\/\/vanremoortel.be\/fr\/wp-json\/wp\/v2\/pages\/35021\/revisions\/41848"}],"wp:attachment":[{"href":"https:\/\/vanremoortel.be\/fr\/wp-json\/wp\/v2\/media?parent=35021"}],"curies":[{"name":"wp","href":"https:\/\/api.w.org\/{rel}","templated":true}]}}