{"id":35014,"date":"2019-01-31T11:05:34","date_gmt":"2019-01-31T10:05:34","guid":{"rendered":"https:\/\/vanremoortel.be\/kids\/"},"modified":"2019-03-27T12:43:25","modified_gmt":"2019-03-27T11:43:25","slug":"kids","status":"publish","type":"page","link":"https:\/\/vanremoortel.be\/fr\/kids\/","title":{"rendered":"KIDS"},"content":{"rendered":"\n<style type=\"text\/css\" data-created_by=\"avia_inline_auto\" id=\"style-css-av-av_heading-5c2f559ab816e31a02dfd56db15925cf\">\n#top .av-special-heading.av-av_heading-5c2f559ab816e31a02dfd56db15925cf{\npadding-bottom:50px;\n}\nbody .av-special-heading.av-av_heading-5c2f559ab816e31a02dfd56db15925cf .av-special-heading-tag .heading-char{\nfont-size:25px;\n}\n.av-special-heading.av-av_heading-5c2f559ab816e31a02dfd56db15925cf .av-subheading{\nfont-size:15px;\n}\n<\/style>\n<div  class='av-special-heading av-av_heading-5c2f559ab816e31a02dfd56db15925cf av-special-heading-h1 blockquote modern-quote modern-centered  avia-builder-el-0  el_before_av_textblock  avia-builder-el-first '><h1 class='av-special-heading-tag'  itemprop=\"headline\"  >KIDS<\/h1><div class=\"special-heading-border\"><div class=\"special-heading-inner-border\"><\/div><\/div><\/div>\n<section  class='av_textblock_section av-jrkgckgd-42d24b41027eb849e63bb9d523c8a92c '   itemscope=\"itemscope\" itemtype=\"https:\/\/schema.org\/CreativeWork\" ><div class='avia_textblock'  itemprop=\"text\" ><h2>Beaucoup d&rsquo;articles qui rendent les enfants heureux<\/h2>\n<p>En tant que revendeur professionnel de produits pour la maison, les cadeaux et le jardinage et plus particuli\u00e8rement d&rsquo;articles pour kids, Van Remoortel est au bon endroit. Des dizaines de fournisseurs pr\u00e9sentent leurs collections sur leur propre stand. Plusieurs fournisseurs ont une offre qui correspond parfaitement \u00e0 un assortiment adapt\u00e9 aux enfants.<\/p>\n<h2>Cadeaux, jouets et plus<\/h2>\n<p>Outre des jouets en bois, des casse-t\u00eate, des meubles et des peluches, vous trouverez \u00e9galement de la vaisselle en m\u00e9lamine et des cadeaux pour b\u00e9b\u00e9s et enfants chez Van Remoortel.<\/p>\n<h2>S&rsquo;habiller pour les coins enfants<\/h2>\n<p>En plus des jouets et des cadeaux amusants pour les enfants, vous trouverez dans nos vinaigrettes cash &amp; carry des cr\u00e8ches, des chambres d&rsquo;enfants et des salles de jeux. Pensez, par exemple, \u00e0 de dr\u00f4les de sacs de f\u00e8ves, de petites tables et de chaises.<\/p>\n<\/div><\/section>\n\n<style type=\"text\/css\" data-created_by=\"avia_inline_auto\" id=\"style-css-av-av_heading-e77fbb0efd260eea9f98228444439d69\">\n#top .av-special-heading.av-av_heading-e77fbb0efd260eea9f98228444439d69{\npadding-bottom:50px;\nfont-size:16px;\n}\nbody .av-special-heading.av-av_heading-e77fbb0efd260eea9f98228444439d69 .av-special-heading-tag .heading-char{\nfont-size:25px;\n}\n#top #wrap_all .av-special-heading.av-av_heading-e77fbb0efd260eea9f98228444439d69 .av-special-heading-tag{\nfont-size:16px;\n}\n.av-special-heading.av-av_heading-e77fbb0efd260eea9f98228444439d69 .av-subheading{\nfont-size:15px;\n}\n\n@media only screen and (min-width: 480px) and (max-width: 767px){ \n#top #wrap_all .av-special-heading.av-av_heading-e77fbb0efd260eea9f98228444439d69 .av-special-heading-tag{\nfont-size:0.8em;\n}\n}\n\n@media only screen and (max-width: 479px){ \n#top #wrap_all .av-special-heading.av-av_heading-e77fbb0efd260eea9f98228444439d69 .av-special-heading-tag{\nfont-size:0.8em;\n}\n}\n<\/style>\n<div  class='av-special-heading av-av_heading-e77fbb0efd260eea9f98228444439d69 av-special-heading-h1 blockquote modern-quote modern-centered  avia-builder-el-2  el_after_av_textblock  el_before_av_buttonrow  av-inherit-size'><h1 class='av-special-heading-tag'  itemprop=\"headline\"  >EXPOSANTS VENDENT DES PRODUITS KIDS<\/h1><div class=\"special-heading-border\"><div class=\"special-heading-inner-border\"><\/div><\/div><\/div>\n<div  class='avia-buttonrow-wrap av-jrj88vkn-d2e8d480357ac2b99ad2952b07c16b07 avia-buttonrow-center  avia-builder-el-3  el_after_av_heading  el_before_av_hr '>\n\n<style type=\"text\/css\" data-created_by=\"avia_inline_auto\" id=\"style-css-av-23a1m7u-9fc0a3b4c985dcfd9dc735d06b5de2af\">\n#top #wrap_all .avia-button.av-23a1m7u-9fc0a3b4c985dcfd9dc735d06b5de2af{\nmargin-bottom:5px;\nmargin-right:3px;\nmargin-left:3px;\n}\n<\/style>\n<a href=''  class='avia-button av-23a1m7u-9fc0a3b4c985dcfd9dc735d06b5de2af avia-icon_select-no avia-size-large avia-color-theme-color-highlight'  ><span class='avia_iconbox_title' >Bud Duck<\/span><\/a>\n\n<style type=\"text\/css\" data-created_by=\"avia_inline_auto\" id=\"style-css-av-6fmd6i-f6b352fc615bd6208d70a1414a1b579e\">\n#top #wrap_all .avia-button.av-6fmd6i-f6b352fc615bd6208d70a1414a1b579e{\nmargin-bottom:5px;\nmargin-right:3px;\nmargin-left:3px;\n}\n<\/style>\n<a href=''  class='avia-button av-6fmd6i-f6b352fc615bd6208d70a1414a1b579e avia-icon_select-no avia-size-large avia-color-theme-color'  ><span class='avia_iconbox_title' > Deltas<\/span><\/a>\n\n<style type=\"text\/css\" data-created_by=\"avia_inline_auto\" id=\"style-css-av-1a4ku6y-191dc79f3c282b9a528da976efb9bfbd\">\n#top #wrap_all .avia-button.av-1a4ku6y-191dc79f3c282b9a528da976efb9bfbd{\nmargin-bottom:5px;\nmargin-right:3px;\nmargin-left:3px;\n}\n<\/style>\n<a href=''  class='avia-button av-1a4ku6y-191dc79f3c282b9a528da976efb9bfbd avia-icon_select-no avia-size-large avia-color-theme-color'  ><span class='avia_iconbox_title' >Present Time<\/span><\/a>\n\n<style type=\"text\/css\" data-created_by=\"avia_inline_auto\" id=\"style-css-av-ovitui-6ccc7ade6dbc1d2834ac1bdfe55e811d\">\n#top #wrap_all .avia-button.av-ovitui-6ccc7ade6dbc1d2834ac1bdfe55e811d{\nmargin-bottom:5px;\nmargin-right:3px;\nmargin-left:3px;\n}\n<\/style>\n<a href=''  class='avia-button av-ovitui-6ccc7ade6dbc1d2834ac1bdfe55e811d avia-icon_select-no avia-size-large avia-color-theme-color'  ><span class='avia_iconbox_title' >Rex London<\/span><\/a>\n<\/div>\n\n<style type=\"text\/css\" data-created_by=\"avia_inline_auto\" id=\"style-css-av-jrkg7cbo-ae57efb64d6945f342f136ab5423d521\">\n#top .hr.hr-invisible.av-jrkg7cbo-ae57efb64d6945f342f136ab5423d521{\nheight:50px;\n}\n<\/style>\n<div  class='hr av-jrkg7cbo-ae57efb64d6945f342f136ab5423d521 hr-invisible  avia-builder-el-4  el_after_av_buttonrow  el_before_av_buttonrow '><span class='hr-inner '><span class=\"hr-inner-style\"><\/span><\/span><\/div>\n<div  class='avia-buttonrow-wrap av-jrixpayy-a9f436b166705862c0d19cf90be880a8 avia-buttonrow-center  avia-builder-el-5  el_after_av_hr  avia-builder-el-last '>\n\n<style type=\"text\/css\" data-created_by=\"avia_inline_auto\" id=\"style-css-av-13ji153-cc79fdef9336a1802ac938f35e9a380e\">\n#top #wrap_all .avia-button.av-13ji153-cc79fdef9336a1802ac938f35e9a380e{\nmargin-bottom:20px;\nmargin-right:10px;\nmargin-left:10px;\n}\n<\/style>\n<a href='https:\/\/vanremoortel.be\/fr\/assortiment\/'  class='avia-button av-13ji153-cc79fdef9336a1802ac938f35e9a380e avia-icon_select-yes-left-icon avia-size-x-large avia-color-theme-color-subtle'  ><span class='avia_button_icon avia_button_icon_left ' aria-hidden='true' data-av_icon='\ue830' data-av_iconfont='entypo-fontello'><\/span><span class='avia_iconbox_title' >Retour \u00e0 la gamme compl\u00e8te<\/span><\/a>\n\n<style type=\"text\/css\" data-created_by=\"avia_inline_auto\" id=\"style-css-av-vs3axz-e3aa250ff94c517eebbd251e93fd17da\">\n#top #wrap_all .avia-button.av-vs3axz-e3aa250ff94c517eebbd251e93fd17da{\nbackground-color:#630d91;\nborder-color:#630d91;\ncolor:#ffffff;\ntransition:all 0.4s ease-in-out;\nmargin-bottom:20px;\nmargin-right:10px;\nmargin-left:10px;\n}\n<\/style>\n<a href='https:\/\/vanremoortel.be\/fr\/devenir-client\/'  class='avia-button av-vs3axz-e3aa250ff94c517eebbd251e93fd17da avia-icon_select-yes-left-icon avia-size-x-large'  ><span class='avia_button_icon avia_button_icon_left ' aria-hidden='true' data-av_icon='\ue80c' data-av_iconfont='entypo-fontello'><\/span><span class='avia_iconbox_title' >Devenir client<\/span><\/a>\n<\/div>\n","protected":false},"excerpt":{"rendered":"","protected":false},"author":1,"featured_media":0,"parent":0,"menu_order":0,"comment_status":"closed","ping_status":"closed","template":"","meta":{"_exactmetrics_skip_tracking":false,"_exactmetrics_sitenote_active":false,"_exactmetrics_sitenote_note":"","_exactmetrics_sitenote_category":0,"footnotes":""},"class_list":["post-35014","page","type-page","status-publish","hentry"],"yoast_head":"<!-- This site is optimized with the Yoast SEO plugin v27.1.1 - https:\/\/yoast.com\/product\/yoast-seo-wordpress\/ -->\n<title>KIDS - Van Remoortel<\/title>\n<meta name=\"description\" content=\"Outre des jouets en bois, des meubles et des peluches, vous trouverez de la vaisselle en m\u00e9lamine et des cadeaux pour b\u00e9b\u00e9s et kids chez Van Remoortel.\" \/>\n<meta name=\"robots\" content=\"index, follow, max-snippet:-1, max-image-preview:large, max-video-preview:-1\" \/>\n<link rel=\"canonical\" href=\"https:\/\/vanremoortel.be\/fr\/kids\/\" \/>\n<meta property=\"og:locale\" content=\"fr_FR\" \/>\n<meta property=\"og:type\" content=\"article\" \/>\n<meta property=\"og:title\" content=\"KIDS - Van Remoortel\" \/>\n<meta property=\"og:description\" content=\"Outre des jouets en bois, des meubles et des peluches, vous trouverez de la vaisselle en m\u00e9lamine et des cadeaux pour b\u00e9b\u00e9s et kids chez Van Remoortel.\" \/>\n<meta property=\"og:url\" content=\"https:\/\/vanremoortel.be\/fr\/kids\/\" \/>\n<meta property=\"og:site_name\" content=\"Van Remoortel\" \/>\n<meta property=\"article:publisher\" content=\"https:\/\/www.facebook.com\/Groothandel.Decoratie.Van.Remoortel\/\" \/>\n<meta property=\"article:modified_time\" content=\"2019-03-27T11:43:25+00:00\" \/>\n<meta name=\"twitter:card\" content=\"summary_large_image\" \/>\n<meta name=\"twitter:label1\" content=\"Dur\u00e9e de lecture est.\" \/>\n\t<meta name=\"twitter:data1\" content=\"3 minutes\" \/>\n<script type=\"application\/ld+json\" class=\"yoast-schema-graph\">{\"@context\":\"https:\/\/schema.org\",\"@graph\":[{\"@type\":\"WebPage\",\"@id\":\"https:\/\/vanremoortel.be\/fr\/kids\/\",\"url\":\"https:\/\/vanremoortel.be\/fr\/kids\/\",\"name\":\"KIDS - Van Remoortel\",\"isPartOf\":{\"@id\":\"https:\/\/vanremoortel.be\/#website\"},\"datePublished\":\"2019-01-31T10:05:34+00:00\",\"dateModified\":\"2019-03-27T11:43:25+00:00\",\"description\":\"Outre des jouets en bois, des meubles et des peluches, vous trouverez de la vaisselle en m\u00e9lamine et des cadeaux pour b\u00e9b\u00e9s et kids chez Van Remoortel.\",\"breadcrumb\":{\"@id\":\"https:\/\/vanremoortel.be\/fr\/kids\/#breadcrumb\"},\"inLanguage\":\"fr-BE\",\"potentialAction\":[{\"@type\":\"ReadAction\",\"target\":[\"https:\/\/vanremoortel.be\/fr\/kids\/\"]}]},{\"@type\":\"BreadcrumbList\",\"@id\":\"https:\/\/vanremoortel.be\/fr\/kids\/#breadcrumb\",\"itemListElement\":[{\"@type\":\"ListItem\",\"position\":1,\"name\":\"Home\",\"item\":\"https:\/\/vanremoortel.be\/fr\/accueil\/\"},{\"@type\":\"ListItem\",\"position\":2,\"name\":\"KIDS\"}]},{\"@type\":\"WebSite\",\"@id\":\"https:\/\/vanremoortel.be\/#website\",\"url\":\"https:\/\/vanremoortel.be\/\",\"name\":\"Van Remoortel\",\"description\":\"Van Remoortel\",\"publisher\":{\"@id\":\"https:\/\/vanremoortel.be\/#organization\"},\"potentialAction\":[{\"@type\":\"SearchAction\",\"target\":{\"@type\":\"EntryPoint\",\"urlTemplate\":\"https:\/\/vanremoortel.be\/?s={search_term_string}\"},\"query-input\":{\"@type\":\"PropertyValueSpecification\",\"valueRequired\":true,\"valueName\":\"search_term_string\"}}],\"inLanguage\":\"fr-BE\"},{\"@type\":\"Organization\",\"@id\":\"https:\/\/vanremoortel.be\/#organization\",\"name\":\"Van Remoortel\",\"url\":\"https:\/\/vanremoortel.be\/\",\"logo\":{\"@type\":\"ImageObject\",\"inLanguage\":\"fr-BE\",\"@id\":\"https:\/\/vanremoortel.be\/#\/schema\/logo\/image\/\",\"url\":\"https:\/\/vanremoortel.be\/wp-content\/uploads\/2017\/09\/van-Remoortel_powered_FINAL.jpg\",\"contentUrl\":\"https:\/\/vanremoortel.be\/wp-content\/uploads\/2017\/09\/van-Remoortel_powered_FINAL.jpg\",\"width\":2328,\"height\":322,\"caption\":\"Van Remoortel\"},\"image\":{\"@id\":\"https:\/\/vanremoortel.be\/#\/schema\/logo\/image\/\"},\"sameAs\":[\"https:\/\/www.facebook.com\/Groothandel.Decoratie.Van.Remoortel\/\",\"https:\/\/www.instagram.com\/van_remoortel\/?hl=nl\",\"https:\/\/www.linkedin.com\/company\/van-remoortel-nv\/about\/\",\"https:\/\/www.youtube.com\/channel\/UCYm8eOCzCOC4HxA-Ya0XayQ\"]}]}<\/script>\n<!-- \/ Yoast SEO plugin. -->","yoast_head_json":{"title":"KIDS - Van Remoortel","description":"Outre des jouets en bois, des meubles et des peluches, vous trouverez de la vaisselle en m\u00e9lamine et des cadeaux pour b\u00e9b\u00e9s et kids chez Van Remoortel.","robots":{"index":"index","follow":"follow","max-snippet":"max-snippet:-1","max-image-preview":"max-image-preview:large","max-video-preview":"max-video-preview:-1"},"canonical":"https:\/\/vanremoortel.be\/fr\/kids\/","og_locale":"fr_FR","og_type":"article","og_title":"KIDS - Van Remoortel","og_description":"Outre des jouets en bois, des meubles et des peluches, vous trouverez de la vaisselle en m\u00e9lamine et des cadeaux pour b\u00e9b\u00e9s et kids chez Van Remoortel.","og_url":"https:\/\/vanremoortel.be\/fr\/kids\/","og_site_name":"Van Remoortel","article_publisher":"https:\/\/www.facebook.com\/Groothandel.Decoratie.Van.Remoortel\/","article_modified_time":"2019-03-27T11:43:25+00:00","twitter_card":"summary_large_image","twitter_misc":{"Dur\u00e9e de lecture est.":"3 minutes"},"schema":{"@context":"https:\/\/schema.org","@graph":[{"@type":"WebPage","@id":"https:\/\/vanremoortel.be\/fr\/kids\/","url":"https:\/\/vanremoortel.be\/fr\/kids\/","name":"KIDS - Van Remoortel","isPartOf":{"@id":"https:\/\/vanremoortel.be\/#website"},"datePublished":"2019-01-31T10:05:34+00:00","dateModified":"2019-03-27T11:43:25+00:00","description":"Outre des jouets en bois, des meubles et des peluches, vous trouverez de la vaisselle en m\u00e9lamine et des cadeaux pour b\u00e9b\u00e9s et kids chez Van Remoortel.","breadcrumb":{"@id":"https:\/\/vanremoortel.be\/fr\/kids\/#breadcrumb"},"inLanguage":"fr-BE","potentialAction":[{"@type":"ReadAction","target":["https:\/\/vanremoortel.be\/fr\/kids\/"]}]},{"@type":"BreadcrumbList","@id":"https:\/\/vanremoortel.be\/fr\/kids\/#breadcrumb","itemListElement":[{"@type":"ListItem","position":1,"name":"Home","item":"https:\/\/vanremoortel.be\/fr\/accueil\/"},{"@type":"ListItem","position":2,"name":"KIDS"}]},{"@type":"WebSite","@id":"https:\/\/vanremoortel.be\/#website","url":"https:\/\/vanremoortel.be\/","name":"Van Remoortel","description":"Van Remoortel","publisher":{"@id":"https:\/\/vanremoortel.be\/#organization"},"potentialAction":[{"@type":"SearchAction","target":{"@type":"EntryPoint","urlTemplate":"https:\/\/vanremoortel.be\/?s={search_term_string}"},"query-input":{"@type":"PropertyValueSpecification","valueRequired":true,"valueName":"search_term_string"}}],"inLanguage":"fr-BE"},{"@type":"Organization","@id":"https:\/\/vanremoortel.be\/#organization","name":"Van Remoortel","url":"https:\/\/vanremoortel.be\/","logo":{"@type":"ImageObject","inLanguage":"fr-BE","@id":"https:\/\/vanremoortel.be\/#\/schema\/logo\/image\/","url":"https:\/\/vanremoortel.be\/wp-content\/uploads\/2017\/09\/van-Remoortel_powered_FINAL.jpg","contentUrl":"https:\/\/vanremoortel.be\/wp-content\/uploads\/2017\/09\/van-Remoortel_powered_FINAL.jpg","width":2328,"height":322,"caption":"Van Remoortel"},"image":{"@id":"https:\/\/vanremoortel.be\/#\/schema\/logo\/image\/"},"sameAs":["https:\/\/www.facebook.com\/Groothandel.Decoratie.Van.Remoortel\/","https:\/\/www.instagram.com\/van_remoortel\/?hl=nl","https:\/\/www.linkedin.com\/company\/van-remoortel-nv\/about\/","https:\/\/www.youtube.com\/channel\/UCYm8eOCzCOC4HxA-Ya0XayQ"]}]}},"_links":{"self":[{"href":"https:\/\/vanremoortel.be\/fr\/wp-json\/wp\/v2\/pages\/35014","targetHints":{"allow":["GET"]}}],"collection":[{"href":"https:\/\/vanremoortel.be\/fr\/wp-json\/wp\/v2\/pages"}],"about":[{"href":"https:\/\/vanremoortel.be\/fr\/wp-json\/wp\/v2\/types\/page"}],"author":[{"embeddable":true,"href":"https:\/\/vanremoortel.be\/fr\/wp-json\/wp\/v2\/users\/1"}],"replies":[{"embeddable":true,"href":"https:\/\/vanremoortel.be\/fr\/wp-json\/wp\/v2\/comments?post=35014"}],"version-history":[{"count":4,"href":"https:\/\/vanremoortel.be\/fr\/wp-json\/wp\/v2\/pages\/35014\/revisions"}],"predecessor-version":[{"id":36061,"href":"https:\/\/vanremoortel.be\/fr\/wp-json\/wp\/v2\/pages\/35014\/revisions\/36061"}],"wp:attachment":[{"href":"https:\/\/vanremoortel.be\/fr\/wp-json\/wp\/v2\/media?parent=35014"}],"curies":[{"name":"wp","href":"https:\/\/api.w.org\/{rel}","templated":true}]}}