{"id":35007,"date":"2019-01-31T10:59:03","date_gmt":"2019-01-31T09:59:03","guid":{"rendered":"https:\/\/vanremoortel.be\/kunstbloemen\/"},"modified":"2019-03-27T12:29:06","modified_gmt":"2019-03-27T11:29:06","slug":"fleurs-artificielles","status":"publish","type":"page","link":"https:\/\/vanremoortel.be\/fr\/fleurs-artificielles\/","title":{"rendered":"Fleurs artificielles"},"content":{"rendered":"\n<style type=\"text\/css\" data-created_by=\"avia_inline_auto\" id=\"style-css-av-av_heading-f66244be361e7d281cd8bb18c223e762\">\n#top .av-special-heading.av-av_heading-f66244be361e7d281cd8bb18c223e762{\npadding-bottom:50px;\n}\nbody .av-special-heading.av-av_heading-f66244be361e7d281cd8bb18c223e762 .av-special-heading-tag .heading-char{\nfont-size:25px;\n}\n.av-special-heading.av-av_heading-f66244be361e7d281cd8bb18c223e762 .av-subheading{\nfont-size:15px;\n}\n<\/style>\n<div  class='av-special-heading av-av_heading-f66244be361e7d281cd8bb18c223e762 av-special-heading-h1 blockquote modern-quote modern-centered  avia-builder-el-0  el_before_av_textblock  avia-builder-el-first '><h1 class='av-special-heading-tag'  itemprop=\"headline\"  >FLEURS ARTIFICIELLES<\/h1><div class=\"special-heading-border\"><div class=\"special-heading-inner-border\"><\/div><\/div><\/div>\n<section  class='av_textblock_section av-jrkg34vl-6f56447f9b64c819bfce74e726a6b876 '   itemscope=\"itemscope\" itemtype=\"https:\/\/schema.org\/CreativeWork\" ><div class='avia_textblock'  itemprop=\"text\" ><h2>Fournisseurs sp\u00e9cialis\u00e9s<\/h2>\n<p>Divers exposants de Van Remoortel sont sp\u00e9cialis\u00e9s dans la distribution de fleurs artificielles. Vous trouverez ici beaucoup de fleurs et de plantes en soie difficiles \u00e0 distinguer du travail r\u00e9el. Utilisez des orchid\u00e9es, des lys, des gerberas, des magnolias et de nombreuses autres fleurs achet\u00e9es comme d\u00e9coration dans votre magasin. Habille des vases, des pots ou ta vitrine et ajoute une atmosph\u00e8re \u00e0 ton magasin avec des sp\u00e9cimens color\u00e9s ou verts.<\/p>\n<h2>Fleurs et plantes de grande qualit\u00e9<\/h2>\n<p>Les fleurs et les plantes de l&rsquo;exposant Van Remoortel, par exemple, sont de grande qualit\u00e9. Vous trouverez des fleurs communes mais aussi des fleurs exotiques et des plantes en soie et en plastique. Petites et grandes fleurs pour la d\u00e9coration ou la vente dans votre magasin.<\/p>\n<\/div><\/section>\n\n<style type=\"text\/css\" data-created_by=\"avia_inline_auto\" id=\"style-css-av-av_heading-8f1fcb303710126bffb7f2ea9d14cb83\">\n#top .av-special-heading.av-av_heading-8f1fcb303710126bffb7f2ea9d14cb83{\npadding-bottom:50px;\nfont-size:16px;\n}\nbody .av-special-heading.av-av_heading-8f1fcb303710126bffb7f2ea9d14cb83 .av-special-heading-tag .heading-char{\nfont-size:25px;\n}\n#top #wrap_all .av-special-heading.av-av_heading-8f1fcb303710126bffb7f2ea9d14cb83 .av-special-heading-tag{\nfont-size:16px;\n}\n.av-special-heading.av-av_heading-8f1fcb303710126bffb7f2ea9d14cb83 .av-subheading{\nfont-size:15px;\n}\n\n@media only screen and (min-width: 480px) and (max-width: 767px){ \n#top #wrap_all .av-special-heading.av-av_heading-8f1fcb303710126bffb7f2ea9d14cb83 .av-special-heading-tag{\nfont-size:0.8em;\n}\n}\n\n@media only screen and (max-width: 479px){ \n#top #wrap_all .av-special-heading.av-av_heading-8f1fcb303710126bffb7f2ea9d14cb83 .av-special-heading-tag{\nfont-size:0.8em;\n}\n}\n<\/style>\n<div  class='av-special-heading av-av_heading-8f1fcb303710126bffb7f2ea9d14cb83 av-special-heading-h1 blockquote modern-quote modern-centered  avia-builder-el-2  el_after_av_textblock  el_before_av_buttonrow  av-inherit-size'><h1 class='av-special-heading-tag'  itemprop=\"headline\"  >EXPOSANTS VENDENT DES FLEURS ARTIFICIELLES<\/h1><div class=\"special-heading-border\"><div class=\"special-heading-inner-border\"><\/div><\/div><\/div>\n<div  class='avia-buttonrow-wrap av-jrj88vkn-d2e8d480357ac2b99ad2952b07c16b07 avia-buttonrow-center  avia-builder-el-3  el_after_av_heading  el_before_av_hr '>\n\n<style type=\"text\/css\" data-created_by=\"avia_inline_auto\" id=\"style-css-av-188pf87-ff1c79c77415464b421e5f42123f74ea\">\n#top #wrap_all .avia-button.av-188pf87-ff1c79c77415464b421e5f42123f74ea{\nmargin-bottom:5px;\nmargin-right:3px;\nmargin-left:3px;\n}\n<\/style>\n<a href=''  class='avia-button av-188pf87-ff1c79c77415464b421e5f42123f74ea avia-icon_select-no avia-size-large avia-color-theme-color'  ><span class='avia_iconbox_title' >Corios<\/span><\/a>\n\n<style type=\"text\/css\" data-created_by=\"avia_inline_auto\" id=\"style-css-av-1vh5p3-2f01c5f21a33a8200b85eca21bedff72\">\n#top #wrap_all .avia-button.av-1vh5p3-2f01c5f21a33a8200b85eca21bedff72{\nmargin-bottom:5px;\nmargin-right:3px;\nmargin-left:3px;\n}\n<\/style>\n<a href='https:\/\/vanremoortel.be\/van-remoortel\/'  class='avia-button av-1vh5p3-2f01c5f21a33a8200b85eca21bedff72 avia-icon_select-no avia-size-large avia-color-theme-color'  ><span class='avia_iconbox_title' > Van Remoortel<\/span><\/a>\n<\/div>\n\n<style type=\"text\/css\" data-created_by=\"avia_inline_auto\" id=\"style-css-av-jrkfzoi3-e2088880211cb1516853be0542f9dc87\">\n#top .hr.hr-invisible.av-jrkfzoi3-e2088880211cb1516853be0542f9dc87{\nheight:50px;\n}\n<\/style>\n<div  class='hr av-jrkfzoi3-e2088880211cb1516853be0542f9dc87 hr-invisible  avia-builder-el-4  el_after_av_buttonrow  el_before_av_buttonrow '><span class='hr-inner '><span class=\"hr-inner-style\"><\/span><\/span><\/div>\n<div  class='avia-buttonrow-wrap av-jrixpayy-a9f436b166705862c0d19cf90be880a8 avia-buttonrow-center  avia-builder-el-5  el_after_av_hr  avia-builder-el-last '>\n\n<style type=\"text\/css\" data-created_by=\"avia_inline_auto\" id=\"style-css-av-13ji153-cc79fdef9336a1802ac938f35e9a380e\">\n#top #wrap_all .avia-button.av-13ji153-cc79fdef9336a1802ac938f35e9a380e{\nmargin-bottom:20px;\nmargin-right:10px;\nmargin-left:10px;\n}\n<\/style>\n<a href='https:\/\/vanremoortel.be\/fr\/assortiment\/'  class='avia-button av-13ji153-cc79fdef9336a1802ac938f35e9a380e avia-icon_select-yes-left-icon avia-size-x-large avia-color-theme-color-subtle'  ><span class='avia_button_icon avia_button_icon_left ' aria-hidden='true' data-av_icon='\ue830' data-av_iconfont='entypo-fontello'><\/span><span class='avia_iconbox_title' >Retour \u00e0 la gamme compl\u00e8te<\/span><\/a>\n\n<style type=\"text\/css\" data-created_by=\"avia_inline_auto\" id=\"style-css-av-vs3axz-e3aa250ff94c517eebbd251e93fd17da\">\n#top #wrap_all .avia-button.av-vs3axz-e3aa250ff94c517eebbd251e93fd17da{\nbackground-color:#630d91;\nborder-color:#630d91;\ncolor:#ffffff;\ntransition:all 0.4s ease-in-out;\nmargin-bottom:20px;\nmargin-right:10px;\nmargin-left:10px;\n}\n<\/style>\n<a href='https:\/\/vanremoortel.be\/fr\/devenir-client\/'  class='avia-button av-vs3axz-e3aa250ff94c517eebbd251e93fd17da avia-icon_select-yes-left-icon avia-size-x-large'  ><span class='avia_button_icon avia_button_icon_left ' aria-hidden='true' data-av_icon='\ue80c' data-av_iconfont='entypo-fontello'><\/span><span class='avia_iconbox_title' >Devenir client<\/span><\/a>\n<\/div>\n","protected":false},"excerpt":{"rendered":"","protected":false},"author":1,"featured_media":0,"parent":0,"menu_order":0,"comment_status":"closed","ping_status":"closed","template":"","meta":{"_exactmetrics_skip_tracking":false,"_exactmetrics_sitenote_active":false,"_exactmetrics_sitenote_note":"","_exactmetrics_sitenote_category":0,"footnotes":""},"class_list":["post-35007","page","type-page","status-publish","hentry"],"yoast_head":"<!-- This site is optimized with the Yoast SEO plugin v27.1.1 - https:\/\/yoast.com\/product\/yoast-seo-wordpress\/ -->\n<title>Fleurs artificielles - Van Remoortel<\/title>\n<meta name=\"description\" content=\"Fleurs artificielles non distinguables des vraies fleurs. Utilisez des orchid\u00e9es, des magnolias et d\u2019autres fleurs comme d\u00e9coration dans votre magasin.\" \/>\n<meta name=\"robots\" content=\"index, follow, max-snippet:-1, max-image-preview:large, max-video-preview:-1\" \/>\n<link rel=\"canonical\" href=\"https:\/\/vanremoortel.be\/fr\/fleurs-artificielles\/\" \/>\n<meta property=\"og:locale\" content=\"fr_FR\" \/>\n<meta property=\"og:type\" content=\"article\" \/>\n<meta property=\"og:title\" content=\"Fleurs artificielles - Van Remoortel\" \/>\n<meta property=\"og:description\" content=\"Fleurs artificielles non distinguables des vraies fleurs. Utilisez des orchid\u00e9es, des magnolias et d\u2019autres fleurs comme d\u00e9coration dans votre magasin.\" \/>\n<meta property=\"og:url\" content=\"https:\/\/vanremoortel.be\/fr\/fleurs-artificielles\/\" \/>\n<meta property=\"og:site_name\" content=\"Van Remoortel\" \/>\n<meta property=\"article:publisher\" content=\"https:\/\/www.facebook.com\/Groothandel.Decoratie.Van.Remoortel\/\" \/>\n<meta property=\"article:modified_time\" content=\"2019-03-27T11:29:06+00:00\" \/>\n<meta name=\"twitter:card\" content=\"summary_large_image\" \/>\n<meta name=\"twitter:label1\" content=\"Dur\u00e9e de lecture est.\" \/>\n\t<meta name=\"twitter:data1\" content=\"3 minutes\" \/>\n<script type=\"application\/ld+json\" class=\"yoast-schema-graph\">{\"@context\":\"https:\/\/schema.org\",\"@graph\":[{\"@type\":\"WebPage\",\"@id\":\"https:\/\/vanremoortel.be\/fr\/fleurs-artificielles\/\",\"url\":\"https:\/\/vanremoortel.be\/fr\/fleurs-artificielles\/\",\"name\":\"Fleurs artificielles - Van Remoortel\",\"isPartOf\":{\"@id\":\"https:\/\/vanremoortel.be\/#website\"},\"datePublished\":\"2019-01-31T09:59:03+00:00\",\"dateModified\":\"2019-03-27T11:29:06+00:00\",\"description\":\"Fleurs artificielles non distinguables des vraies fleurs. Utilisez des orchid\u00e9es, des magnolias et d\u2019autres fleurs comme d\u00e9coration dans votre magasin.\",\"breadcrumb\":{\"@id\":\"https:\/\/vanremoortel.be\/fr\/fleurs-artificielles\/#breadcrumb\"},\"inLanguage\":\"fr-BE\",\"potentialAction\":[{\"@type\":\"ReadAction\",\"target\":[\"https:\/\/vanremoortel.be\/fr\/fleurs-artificielles\/\"]}]},{\"@type\":\"BreadcrumbList\",\"@id\":\"https:\/\/vanremoortel.be\/fr\/fleurs-artificielles\/#breadcrumb\",\"itemListElement\":[{\"@type\":\"ListItem\",\"position\":1,\"name\":\"Home\",\"item\":\"https:\/\/vanremoortel.be\/fr\/accueil\/\"},{\"@type\":\"ListItem\",\"position\":2,\"name\":\"Fleurs artificielles\"}]},{\"@type\":\"WebSite\",\"@id\":\"https:\/\/vanremoortel.be\/#website\",\"url\":\"https:\/\/vanremoortel.be\/\",\"name\":\"Van Remoortel\",\"description\":\"Van Remoortel\",\"publisher\":{\"@id\":\"https:\/\/vanremoortel.be\/#organization\"},\"potentialAction\":[{\"@type\":\"SearchAction\",\"target\":{\"@type\":\"EntryPoint\",\"urlTemplate\":\"https:\/\/vanremoortel.be\/?s={search_term_string}\"},\"query-input\":{\"@type\":\"PropertyValueSpecification\",\"valueRequired\":true,\"valueName\":\"search_term_string\"}}],\"inLanguage\":\"fr-BE\"},{\"@type\":\"Organization\",\"@id\":\"https:\/\/vanremoortel.be\/#organization\",\"name\":\"Van Remoortel\",\"url\":\"https:\/\/vanremoortel.be\/\",\"logo\":{\"@type\":\"ImageObject\",\"inLanguage\":\"fr-BE\",\"@id\":\"https:\/\/vanremoortel.be\/#\/schema\/logo\/image\/\",\"url\":\"https:\/\/vanremoortel.be\/wp-content\/uploads\/2017\/09\/van-Remoortel_powered_FINAL.jpg\",\"contentUrl\":\"https:\/\/vanremoortel.be\/wp-content\/uploads\/2017\/09\/van-Remoortel_powered_FINAL.jpg\",\"width\":2328,\"height\":322,\"caption\":\"Van Remoortel\"},\"image\":{\"@id\":\"https:\/\/vanremoortel.be\/#\/schema\/logo\/image\/\"},\"sameAs\":[\"https:\/\/www.facebook.com\/Groothandel.Decoratie.Van.Remoortel\/\",\"https:\/\/www.instagram.com\/van_remoortel\/?hl=nl\",\"https:\/\/www.linkedin.com\/company\/van-remoortel-nv\/about\/\",\"https:\/\/www.youtube.com\/channel\/UCYm8eOCzCOC4HxA-Ya0XayQ\"]}]}<\/script>\n<!-- \/ Yoast SEO plugin. -->","yoast_head_json":{"title":"Fleurs artificielles - Van Remoortel","description":"Fleurs artificielles non distinguables des vraies fleurs. Utilisez des orchid\u00e9es, des magnolias et d\u2019autres fleurs comme d\u00e9coration dans votre magasin.","robots":{"index":"index","follow":"follow","max-snippet":"max-snippet:-1","max-image-preview":"max-image-preview:large","max-video-preview":"max-video-preview:-1"},"canonical":"https:\/\/vanremoortel.be\/fr\/fleurs-artificielles\/","og_locale":"fr_FR","og_type":"article","og_title":"Fleurs artificielles - Van Remoortel","og_description":"Fleurs artificielles non distinguables des vraies fleurs. Utilisez des orchid\u00e9es, des magnolias et d\u2019autres fleurs comme d\u00e9coration dans votre magasin.","og_url":"https:\/\/vanremoortel.be\/fr\/fleurs-artificielles\/","og_site_name":"Van Remoortel","article_publisher":"https:\/\/www.facebook.com\/Groothandel.Decoratie.Van.Remoortel\/","article_modified_time":"2019-03-27T11:29:06+00:00","twitter_card":"summary_large_image","twitter_misc":{"Dur\u00e9e de lecture est.":"3 minutes"},"schema":{"@context":"https:\/\/schema.org","@graph":[{"@type":"WebPage","@id":"https:\/\/vanremoortel.be\/fr\/fleurs-artificielles\/","url":"https:\/\/vanremoortel.be\/fr\/fleurs-artificielles\/","name":"Fleurs artificielles - Van Remoortel","isPartOf":{"@id":"https:\/\/vanremoortel.be\/#website"},"datePublished":"2019-01-31T09:59:03+00:00","dateModified":"2019-03-27T11:29:06+00:00","description":"Fleurs artificielles non distinguables des vraies fleurs. Utilisez des orchid\u00e9es, des magnolias et d\u2019autres fleurs comme d\u00e9coration dans votre magasin.","breadcrumb":{"@id":"https:\/\/vanremoortel.be\/fr\/fleurs-artificielles\/#breadcrumb"},"inLanguage":"fr-BE","potentialAction":[{"@type":"ReadAction","target":["https:\/\/vanremoortel.be\/fr\/fleurs-artificielles\/"]}]},{"@type":"BreadcrumbList","@id":"https:\/\/vanremoortel.be\/fr\/fleurs-artificielles\/#breadcrumb","itemListElement":[{"@type":"ListItem","position":1,"name":"Home","item":"https:\/\/vanremoortel.be\/fr\/accueil\/"},{"@type":"ListItem","position":2,"name":"Fleurs artificielles"}]},{"@type":"WebSite","@id":"https:\/\/vanremoortel.be\/#website","url":"https:\/\/vanremoortel.be\/","name":"Van Remoortel","description":"Van Remoortel","publisher":{"@id":"https:\/\/vanremoortel.be\/#organization"},"potentialAction":[{"@type":"SearchAction","target":{"@type":"EntryPoint","urlTemplate":"https:\/\/vanremoortel.be\/?s={search_term_string}"},"query-input":{"@type":"PropertyValueSpecification","valueRequired":true,"valueName":"search_term_string"}}],"inLanguage":"fr-BE"},{"@type":"Organization","@id":"https:\/\/vanremoortel.be\/#organization","name":"Van Remoortel","url":"https:\/\/vanremoortel.be\/","logo":{"@type":"ImageObject","inLanguage":"fr-BE","@id":"https:\/\/vanremoortel.be\/#\/schema\/logo\/image\/","url":"https:\/\/vanremoortel.be\/wp-content\/uploads\/2017\/09\/van-Remoortel_powered_FINAL.jpg","contentUrl":"https:\/\/vanremoortel.be\/wp-content\/uploads\/2017\/09\/van-Remoortel_powered_FINAL.jpg","width":2328,"height":322,"caption":"Van Remoortel"},"image":{"@id":"https:\/\/vanremoortel.be\/#\/schema\/logo\/image\/"},"sameAs":["https:\/\/www.facebook.com\/Groothandel.Decoratie.Van.Remoortel\/","https:\/\/www.instagram.com\/van_remoortel\/?hl=nl","https:\/\/www.linkedin.com\/company\/van-remoortel-nv\/about\/","https:\/\/www.youtube.com\/channel\/UCYm8eOCzCOC4HxA-Ya0XayQ"]}]}},"_links":{"self":[{"href":"https:\/\/vanremoortel.be\/fr\/wp-json\/wp\/v2\/pages\/35007","targetHints":{"allow":["GET"]}}],"collection":[{"href":"https:\/\/vanremoortel.be\/fr\/wp-json\/wp\/v2\/pages"}],"about":[{"href":"https:\/\/vanremoortel.be\/fr\/wp-json\/wp\/v2\/types\/page"}],"author":[{"embeddable":true,"href":"https:\/\/vanremoortel.be\/fr\/wp-json\/wp\/v2\/users\/1"}],"replies":[{"embeddable":true,"href":"https:\/\/vanremoortel.be\/fr\/wp-json\/wp\/v2\/comments?post=35007"}],"version-history":[{"count":5,"href":"https:\/\/vanremoortel.be\/fr\/wp-json\/wp\/v2\/pages\/35007\/revisions"}],"predecessor-version":[{"id":36058,"href":"https:\/\/vanremoortel.be\/fr\/wp-json\/wp\/v2\/pages\/35007\/revisions\/36058"}],"wp:attachment":[{"href":"https:\/\/vanremoortel.be\/fr\/wp-json\/wp\/v2\/media?parent=35007"}],"curies":[{"name":"wp","href":"https:\/\/api.w.org\/{rel}","templated":true}]}}