{"id":34997,"date":"2019-01-31T10:52:46","date_gmt":"2019-01-31T09:52:46","guid":{"rendered":"https:\/\/vanremoortel.be\/food\/"},"modified":"2021-02-03T11:31:47","modified_gmt":"2021-02-03T10:31:47","slug":"food","status":"publish","type":"page","link":"https:\/\/vanremoortel.be\/fr\/food\/","title":{"rendered":"FOOD &#038; DRINKS"},"content":{"rendered":"\n<style type=\"text\/css\" data-created_by=\"avia_inline_auto\" id=\"style-css-av-av_heading-7687f48e486915c3028aa4bc77931bc9\">\n#top .av-special-heading.av-av_heading-7687f48e486915c3028aa4bc77931bc9{\npadding-bottom:50px;\n}\nbody .av-special-heading.av-av_heading-7687f48e486915c3028aa4bc77931bc9 .av-special-heading-tag .heading-char{\nfont-size:25px;\n}\n.av-special-heading.av-av_heading-7687f48e486915c3028aa4bc77931bc9 .av-subheading{\nfont-size:15px;\n}\n<\/style>\n<div  class='av-special-heading av-av_heading-7687f48e486915c3028aa4bc77931bc9 av-special-heading-h1 blockquote modern-quote modern-centered  avia-builder-el-0  el_before_av_textblock  avia-builder-el-first '><h1 class='av-special-heading-tag'  itemprop=\"headline\"  >FOOD <span class='special_amp'>&amp;<\/span> DRINKS<\/h1><div class=\"special-heading-border\"><div class=\"special-heading-inner-border\"><\/div><\/div><\/div>\n<section  class='av_textblock_section av-jrkfrtnh-7ff621d1deef3800cf30c07138ab7a9f '   itemscope=\"itemscope\" itemtype=\"https:\/\/schema.org\/CreativeWork\" ><div class='avia_textblock'  itemprop=\"text\" ><h2>Des produits savoureux pour compl\u00e9ter votre collection<\/h2>\n<p>Visitez le coin food aux caisses enregistreuses pour les grossistes et les fournisseurs sp\u00e9cialis\u00e9s dans diff\u00e9rentes sp\u00e9cialit\u00e9s. Fond italien et fran\u00e7ais et les meilleurs grains de caf\u00e9 et chocolat et ustensiles de cuisine.<\/p>\n<h2>Augmentez vos ventes pour augmenter vos ventes<\/h2>\n<p>Remplissez votre collection de cadeaux ou vos produits de cuisine avec les gourmandises indispensables de divers grossistes. Un sac de dr\u00f4les de chocolats de France ou une bonne huile d&rsquo;olive d&rsquo;Italie sont des produits qui peuvent compl\u00e9ter un cadeau. Encouragez les ventes dans votre collection actuelle en exp\u00e9rimentant des produits alimentaires en compl\u00e9ment. Par exemple, combinez ce magnifique plateau de service, ce panier \u00e0 hanches ou cette nouvelle table d&rsquo;appoint avec des produits d\u00e9licieux et attrayants d&rsquo;Italie, de France ou des Pays-Bas!<\/p>\n<h2>Et tout ce qui va avec<\/h2>\n<p>En plus des mets raffin\u00e9s, des mets raffin\u00e9s et des cadeaux comestibles, Van Remoortel offre tout ce qui convient \u00e0 la cat\u00e9gorie \u00ab\u00a0cuisine et table\u00a0\u00bb. Des dizaines d&rsquo;exposants ont des collections de vaisselle, casseroles, po\u00eales, tabliers de cuisine, louches, linge de table et autres accessoires de cuisine.<\/p>\n<\/div><\/section>\n\n<style type=\"text\/css\" data-created_by=\"avia_inline_auto\" id=\"style-css-av-kkpa9m2s-13dccfd160c5fa15af869c571e476ebf\">\n#top .av-special-heading.av-kkpa9m2s-13dccfd160c5fa15af869c571e476ebf{\npadding-bottom:50px;\nfont-size:16px;\n}\nbody .av-special-heading.av-kkpa9m2s-13dccfd160c5fa15af869c571e476ebf .av-special-heading-tag .heading-char{\nfont-size:25px;\n}\n#top #wrap_all .av-special-heading.av-kkpa9m2s-13dccfd160c5fa15af869c571e476ebf .av-special-heading-tag{\nfont-size:16px;\n}\n.av-special-heading.av-kkpa9m2s-13dccfd160c5fa15af869c571e476ebf .av-subheading{\nfont-size:15px;\n}\n\n@media only screen and (min-width: 480px) and (max-width: 767px){ \n#top #wrap_all .av-special-heading.av-kkpa9m2s-13dccfd160c5fa15af869c571e476ebf .av-special-heading-tag{\nfont-size:0.8em;\n}\n}\n\n@media only screen and (max-width: 479px){ \n#top #wrap_all .av-special-heading.av-kkpa9m2s-13dccfd160c5fa15af869c571e476ebf .av-special-heading-tag{\nfont-size:0.8em;\n}\n}\n<\/style>\n<div  class='av-special-heading av-kkpa9m2s-13dccfd160c5fa15af869c571e476ebf av-special-heading-h1 blockquote modern-quote modern-centered  avia-builder-el-2  el_after_av_textblock  el_before_av_buttonrow  av-inherit-size'><h1 class='av-special-heading-tag'  itemprop=\"headline\"  >EXPOSANTS VENDENT FOOD <span class='special_amp'>&amp;<\/span> DRINKS<\/h1><div class=\"special-heading-border\"><div class=\"special-heading-inner-border\"><\/div><\/div><\/div>\n<div  class='avia-buttonrow-wrap av-jrj88vkn-d2e8d480357ac2b99ad2952b07c16b07 avia-buttonrow-center  avia-builder-el-3  el_after_av_heading  el_before_av_hr '>\n\n<style type=\"text\/css\" data-created_by=\"avia_inline_auto\" id=\"style-css-av-av_buttonrow_item-ba0903a2e6073652d65ecf6dfaf8ec82\">\n#top #wrap_all .avia-button.av-av_buttonrow_item-ba0903a2e6073652d65ecf6dfaf8ec82{\nmargin-bottom:5px;\nmargin-right:3px;\nmargin-left:3px;\n}\n<\/style>\n<a href=''  class='avia-button av-av_buttonrow_item-ba0903a2e6073652d65ecf6dfaf8ec82 avia-icon_select-no avia-size-large avia-color-theme-color'  ><span class='avia_iconbox_title' >Brouwerij Boelens<\/span><\/a>\n\n<style type=\"text\/css\" data-created_by=\"avia_inline_auto\" id=\"style-css-av-av_buttonrow_item-aef6722b2fbeccba0b31bfa861f71381\">\n#top #wrap_all .avia-button.av-av_buttonrow_item-aef6722b2fbeccba0b31bfa861f71381{\nmargin-bottom:5px;\nmargin-right:3px;\nmargin-left:3px;\n}\n<\/style>\n<a href=''  class='avia-button av-av_buttonrow_item-aef6722b2fbeccba0b31bfa861f71381 avia-icon_select-no avia-size-large avia-color-theme-color'  ><span class='avia_iconbox_title' >Golden Heritage<\/span><\/a>\n\n<style type=\"text\/css\" data-created_by=\"avia_inline_auto\" id=\"style-css-av-372c47o-0623ed78993f8feddd9e923f3395b1b4\">\n#top #wrap_all .avia-button.av-372c47o-0623ed78993f8feddd9e923f3395b1b4{\nmargin-bottom:5px;\nmargin-right:3px;\nmargin-left:3px;\n}\n<\/style>\n<a href='https:\/\/vanremoortel.be\/chrischamp\/'  class='avia-button av-372c47o-0623ed78993f8feddd9e923f3395b1b4 avia-icon_select-no avia-size-large avia-color-theme-color-highlight'  ><span class='avia_iconbox_title' >ChrisChamp<\/span><\/a>\n\n<style type=\"text\/css\" data-created_by=\"avia_inline_auto\" id=\"style-css-av-1wv7uz8-adfed992f51a318adb3f9f85b61649c1\">\n#top #wrap_all .avia-button.av-1wv7uz8-adfed992f51a318adb3f9f85b61649c1{\nmargin-bottom:5px;\nmargin-right:3px;\nmargin-left:3px;\n}\n<\/style>\n<a href=''  class='avia-button av-1wv7uz8-adfed992f51a318adb3f9f85b61649c1 avia-icon_select-no avia-size-large avia-color-theme-color'  ><span class='avia_iconbox_title' >Il Limone<\/span><\/a>\n\n<style type=\"text\/css\" data-created_by=\"avia_inline_auto\" id=\"style-css-av-2p6fth0-bb7a898f0b88e0633932669250d8bc6d\">\n#top #wrap_all .avia-button.av-2p6fth0-bb7a898f0b88e0633932669250d8bc6d{\nmargin-bottom:5px;\nmargin-right:3px;\nmargin-left:3px;\n}\n<\/style>\n<a href=''  class='avia-button av-2p6fth0-bb7a898f0b88e0633932669250d8bc6d avia-icon_select-no avia-size-large avia-color-theme-color'  ><span class='avia_iconbox_title' > Digusti<\/span><\/a>\n<\/div>\n\n<style type=\"text\/css\" data-created_by=\"avia_inline_auto\" id=\"style-css-av-rc1zhw-02d3c803f90f82c406b3cd74d24ae1d3\">\n#top .hr.hr-invisible.av-rc1zhw-02d3c803f90f82c406b3cd74d24ae1d3{\nheight:50px;\n}\n<\/style>\n<div  class='hr av-rc1zhw-02d3c803f90f82c406b3cd74d24ae1d3 hr-invisible  avia-builder-el-4  el_after_av_buttonrow  el_before_av_buttonrow '><span class='hr-inner '><span class=\"hr-inner-style\"><\/span><\/span><\/div>\n<div  class='avia-buttonrow-wrap av-jrixpayy-a9f436b166705862c0d19cf90be880a8 avia-buttonrow-center  avia-builder-el-5  el_after_av_hr  avia-builder-el-last '>\n\n<style type=\"text\/css\" data-created_by=\"avia_inline_auto\" id=\"style-css-av-13ji153-cc79fdef9336a1802ac938f35e9a380e\">\n#top #wrap_all .avia-button.av-13ji153-cc79fdef9336a1802ac938f35e9a380e{\nmargin-bottom:20px;\nmargin-right:10px;\nmargin-left:10px;\n}\n<\/style>\n<a href='https:\/\/vanremoortel.be\/fr\/assortiment\/'  class='avia-button av-13ji153-cc79fdef9336a1802ac938f35e9a380e avia-icon_select-yes-left-icon avia-size-x-large avia-color-theme-color-subtle'  ><span class='avia_button_icon avia_button_icon_left ' aria-hidden='true' data-av_icon='\ue830' data-av_iconfont='entypo-fontello'><\/span><span class='avia_iconbox_title' >Retour \u00e0 la gamme compl\u00e8te<\/span><\/a>\n\n<style type=\"text\/css\" data-created_by=\"avia_inline_auto\" id=\"style-css-av-vs3axz-e3aa250ff94c517eebbd251e93fd17da\">\n#top #wrap_all .avia-button.av-vs3axz-e3aa250ff94c517eebbd251e93fd17da{\nbackground-color:#630d91;\nborder-color:#630d91;\ncolor:#ffffff;\ntransition:all 0.4s ease-in-out;\nmargin-bottom:20px;\nmargin-right:10px;\nmargin-left:10px;\n}\n<\/style>\n<a href='https:\/\/vanremoortel.be\/fr\/devenir-client\/'  class='avia-button av-vs3axz-e3aa250ff94c517eebbd251e93fd17da avia-icon_select-yes-left-icon avia-size-x-large'  ><span class='avia_button_icon avia_button_icon_left ' aria-hidden='true' data-av_icon='\ue80c' data-av_iconfont='entypo-fontello'><\/span><span class='avia_iconbox_title' >Devenir client<\/span><\/a>\n<\/div>\n","protected":false},"excerpt":{"rendered":"","protected":false},"author":1,"featured_media":0,"parent":0,"menu_order":0,"comment_status":"closed","ping_status":"closed","template":"","meta":{"_exactmetrics_skip_tracking":false,"_exactmetrics_sitenote_active":false,"_exactmetrics_sitenote_note":"","_exactmetrics_sitenote_category":0,"footnotes":""},"class_list":["post-34997","page","type-page","status-publish","hentry"],"yoast_head":"<!-- This site is optimized with the Yoast SEO plugin v27.1.1 - https:\/\/yoast.com\/product\/yoast-seo-wordpress\/ -->\n<title>FOOD &amp; DRINKS - Van Remoortel<\/title>\n<meta name=\"description\" content=\"Visitez le coin food pour les grossistes et les fournisseurs. Des plats italiens et fran\u00e7ais et les meilleurs grains de caf\u00e9, du chocolat etc.\" \/>\n<meta name=\"robots\" content=\"index, follow, max-snippet:-1, max-image-preview:large, max-video-preview:-1\" \/>\n<link rel=\"canonical\" href=\"https:\/\/vanremoortel.be\/fr\/food\/\" \/>\n<meta property=\"og:locale\" content=\"fr_FR\" \/>\n<meta property=\"og:type\" content=\"article\" \/>\n<meta property=\"og:title\" content=\"FOOD &amp; DRINKS - Van Remoortel\" \/>\n<meta property=\"og:description\" content=\"Visitez le coin food pour les grossistes et les fournisseurs. Des plats italiens et fran\u00e7ais et les meilleurs grains de caf\u00e9, du chocolat etc.\" \/>\n<meta property=\"og:url\" content=\"https:\/\/vanremoortel.be\/fr\/food\/\" \/>\n<meta property=\"og:site_name\" content=\"Van Remoortel\" \/>\n<meta property=\"article:publisher\" content=\"https:\/\/www.facebook.com\/Groothandel.Decoratie.Van.Remoortel\/\" \/>\n<meta property=\"article:modified_time\" content=\"2021-02-03T10:31:47+00:00\" \/>\n<meta name=\"twitter:card\" content=\"summary_large_image\" \/>\n<meta name=\"twitter:label1\" content=\"Dur\u00e9e de lecture est.\" \/>\n\t<meta name=\"twitter:data1\" content=\"4 minutes\" \/>\n<script type=\"application\/ld+json\" class=\"yoast-schema-graph\">{\"@context\":\"https:\/\/schema.org\",\"@graph\":[{\"@type\":\"WebPage\",\"@id\":\"https:\/\/vanremoortel.be\/fr\/food\/\",\"url\":\"https:\/\/vanremoortel.be\/fr\/food\/\",\"name\":\"FOOD & DRINKS - Van Remoortel\",\"isPartOf\":{\"@id\":\"https:\/\/vanremoortel.be\/#website\"},\"datePublished\":\"2019-01-31T09:52:46+00:00\",\"dateModified\":\"2021-02-03T10:31:47+00:00\",\"description\":\"Visitez le coin food pour les grossistes et les fournisseurs. Des plats italiens et fran\u00e7ais et les meilleurs grains de caf\u00e9, du chocolat etc.\",\"breadcrumb\":{\"@id\":\"https:\/\/vanremoortel.be\/fr\/food\/#breadcrumb\"},\"inLanguage\":\"fr-BE\",\"potentialAction\":[{\"@type\":\"ReadAction\",\"target\":[\"https:\/\/vanremoortel.be\/fr\/food\/\"]}]},{\"@type\":\"BreadcrumbList\",\"@id\":\"https:\/\/vanremoortel.be\/fr\/food\/#breadcrumb\",\"itemListElement\":[{\"@type\":\"ListItem\",\"position\":1,\"name\":\"Home\",\"item\":\"https:\/\/vanremoortel.be\/fr\/accueil\/\"},{\"@type\":\"ListItem\",\"position\":2,\"name\":\"FOOD &#038; DRINKS\"}]},{\"@type\":\"WebSite\",\"@id\":\"https:\/\/vanremoortel.be\/#website\",\"url\":\"https:\/\/vanremoortel.be\/\",\"name\":\"Van Remoortel\",\"description\":\"Van Remoortel\",\"publisher\":{\"@id\":\"https:\/\/vanremoortel.be\/#organization\"},\"potentialAction\":[{\"@type\":\"SearchAction\",\"target\":{\"@type\":\"EntryPoint\",\"urlTemplate\":\"https:\/\/vanremoortel.be\/?s={search_term_string}\"},\"query-input\":{\"@type\":\"PropertyValueSpecification\",\"valueRequired\":true,\"valueName\":\"search_term_string\"}}],\"inLanguage\":\"fr-BE\"},{\"@type\":\"Organization\",\"@id\":\"https:\/\/vanremoortel.be\/#organization\",\"name\":\"Van Remoortel\",\"url\":\"https:\/\/vanremoortel.be\/\",\"logo\":{\"@type\":\"ImageObject\",\"inLanguage\":\"fr-BE\",\"@id\":\"https:\/\/vanremoortel.be\/#\/schema\/logo\/image\/\",\"url\":\"https:\/\/vanremoortel.be\/wp-content\/uploads\/2017\/09\/van-Remoortel_powered_FINAL.jpg\",\"contentUrl\":\"https:\/\/vanremoortel.be\/wp-content\/uploads\/2017\/09\/van-Remoortel_powered_FINAL.jpg\",\"width\":2328,\"height\":322,\"caption\":\"Van Remoortel\"},\"image\":{\"@id\":\"https:\/\/vanremoortel.be\/#\/schema\/logo\/image\/\"},\"sameAs\":[\"https:\/\/www.facebook.com\/Groothandel.Decoratie.Van.Remoortel\/\",\"https:\/\/www.instagram.com\/van_remoortel\/?hl=nl\",\"https:\/\/www.linkedin.com\/company\/van-remoortel-nv\/about\/\",\"https:\/\/www.youtube.com\/channel\/UCYm8eOCzCOC4HxA-Ya0XayQ\"]}]}<\/script>\n<!-- \/ Yoast SEO plugin. -->","yoast_head_json":{"title":"FOOD & DRINKS - Van Remoortel","description":"Visitez le coin food pour les grossistes et les fournisseurs. Des plats italiens et fran\u00e7ais et les meilleurs grains de caf\u00e9, du chocolat etc.","robots":{"index":"index","follow":"follow","max-snippet":"max-snippet:-1","max-image-preview":"max-image-preview:large","max-video-preview":"max-video-preview:-1"},"canonical":"https:\/\/vanremoortel.be\/fr\/food\/","og_locale":"fr_FR","og_type":"article","og_title":"FOOD & DRINKS - Van Remoortel","og_description":"Visitez le coin food pour les grossistes et les fournisseurs. Des plats italiens et fran\u00e7ais et les meilleurs grains de caf\u00e9, du chocolat etc.","og_url":"https:\/\/vanremoortel.be\/fr\/food\/","og_site_name":"Van Remoortel","article_publisher":"https:\/\/www.facebook.com\/Groothandel.Decoratie.Van.Remoortel\/","article_modified_time":"2021-02-03T10:31:47+00:00","twitter_card":"summary_large_image","twitter_misc":{"Dur\u00e9e de lecture est.":"4 minutes"},"schema":{"@context":"https:\/\/schema.org","@graph":[{"@type":"WebPage","@id":"https:\/\/vanremoortel.be\/fr\/food\/","url":"https:\/\/vanremoortel.be\/fr\/food\/","name":"FOOD & DRINKS - Van Remoortel","isPartOf":{"@id":"https:\/\/vanremoortel.be\/#website"},"datePublished":"2019-01-31T09:52:46+00:00","dateModified":"2021-02-03T10:31:47+00:00","description":"Visitez le coin food pour les grossistes et les fournisseurs. Des plats italiens et fran\u00e7ais et les meilleurs grains de caf\u00e9, du chocolat etc.","breadcrumb":{"@id":"https:\/\/vanremoortel.be\/fr\/food\/#breadcrumb"},"inLanguage":"fr-BE","potentialAction":[{"@type":"ReadAction","target":["https:\/\/vanremoortel.be\/fr\/food\/"]}]},{"@type":"BreadcrumbList","@id":"https:\/\/vanremoortel.be\/fr\/food\/#breadcrumb","itemListElement":[{"@type":"ListItem","position":1,"name":"Home","item":"https:\/\/vanremoortel.be\/fr\/accueil\/"},{"@type":"ListItem","position":2,"name":"FOOD &#038; DRINKS"}]},{"@type":"WebSite","@id":"https:\/\/vanremoortel.be\/#website","url":"https:\/\/vanremoortel.be\/","name":"Van Remoortel","description":"Van Remoortel","publisher":{"@id":"https:\/\/vanremoortel.be\/#organization"},"potentialAction":[{"@type":"SearchAction","target":{"@type":"EntryPoint","urlTemplate":"https:\/\/vanremoortel.be\/?s={search_term_string}"},"query-input":{"@type":"PropertyValueSpecification","valueRequired":true,"valueName":"search_term_string"}}],"inLanguage":"fr-BE"},{"@type":"Organization","@id":"https:\/\/vanremoortel.be\/#organization","name":"Van Remoortel","url":"https:\/\/vanremoortel.be\/","logo":{"@type":"ImageObject","inLanguage":"fr-BE","@id":"https:\/\/vanremoortel.be\/#\/schema\/logo\/image\/","url":"https:\/\/vanremoortel.be\/wp-content\/uploads\/2017\/09\/van-Remoortel_powered_FINAL.jpg","contentUrl":"https:\/\/vanremoortel.be\/wp-content\/uploads\/2017\/09\/van-Remoortel_powered_FINAL.jpg","width":2328,"height":322,"caption":"Van Remoortel"},"image":{"@id":"https:\/\/vanremoortel.be\/#\/schema\/logo\/image\/"},"sameAs":["https:\/\/www.facebook.com\/Groothandel.Decoratie.Van.Remoortel\/","https:\/\/www.instagram.com\/van_remoortel\/?hl=nl","https:\/\/www.linkedin.com\/company\/van-remoortel-nv\/about\/","https:\/\/www.youtube.com\/channel\/UCYm8eOCzCOC4HxA-Ya0XayQ"]}]}},"_links":{"self":[{"href":"https:\/\/vanremoortel.be\/fr\/wp-json\/wp\/v2\/pages\/34997","targetHints":{"allow":["GET"]}}],"collection":[{"href":"https:\/\/vanremoortel.be\/fr\/wp-json\/wp\/v2\/pages"}],"about":[{"href":"https:\/\/vanremoortel.be\/fr\/wp-json\/wp\/v2\/types\/page"}],"author":[{"embeddable":true,"href":"https:\/\/vanremoortel.be\/fr\/wp-json\/wp\/v2\/users\/1"}],"replies":[{"embeddable":true,"href":"https:\/\/vanremoortel.be\/fr\/wp-json\/wp\/v2\/comments?post=34997"}],"version-history":[{"count":5,"href":"https:\/\/vanremoortel.be\/fr\/wp-json\/wp\/v2\/pages\/34997\/revisions"}],"predecessor-version":[{"id":41830,"href":"https:\/\/vanremoortel.be\/fr\/wp-json\/wp\/v2\/pages\/34997\/revisions\/41830"}],"wp:attachment":[{"href":"https:\/\/vanremoortel.be\/fr\/wp-json\/wp\/v2\/media?parent=34997"}],"curies":[{"name":"wp","href":"https:\/\/api.w.org\/{rel}","templated":true}]}}