{"id":34971,"date":"2019-01-30T13:31:15","date_gmt":"2019-01-30T12:31:15","guid":{"rendered":"https:\/\/vanremoortel.be\/verpakkingsmateriaal\/"},"modified":"2022-11-25T17:06:27","modified_gmt":"2022-11-25T16:06:27","slug":"materiaux-demballage","status":"publish","type":"page","link":"https:\/\/vanremoortel.be\/fr\/materiaux-demballage\/","title":{"rendered":"Materiaux d&#8217;emballage"},"content":{"rendered":"\n<style type=\"text\/css\" data-created_by=\"avia_inline_auto\" id=\"style-css-av-av_heading-d0f98d302d627f6c2243722205fb4e43\">\n#top .av-special-heading.av-av_heading-d0f98d302d627f6c2243722205fb4e43{\npadding-bottom:50px;\n}\nbody .av-special-heading.av-av_heading-d0f98d302d627f6c2243722205fb4e43 .av-special-heading-tag .heading-char{\nfont-size:25px;\n}\n.av-special-heading.av-av_heading-d0f98d302d627f6c2243722205fb4e43 .av-subheading{\nfont-size:15px;\n}\n<\/style>\n<div  class='av-special-heading av-av_heading-d0f98d302d627f6c2243722205fb4e43 av-special-heading-h1 blockquote modern-quote modern-centered  avia-builder-el-0  el_before_av_textblock  avia-builder-el-first '><h1 class='av-special-heading-tag'  itemprop=\"headline\"  >MATERIAUX D\u2019EMBALLAGE<\/h1><div class=\"special-heading-border\"><div class=\"special-heading-inner-border\"><\/div><\/div><\/div>\n<section  class='av_textblock_section av-jrj66bq9-90a9b74cc01b61c6c6a17b6ea4bbd91a '   itemscope=\"itemscope\" itemtype=\"https:\/\/schema.org\/CreativeWork\" ><div class='avia_textblock'  itemprop=\"text\" ><h2>De vrais cadeaux avec le bon mat\u00e9riau d&#8217;emballage<\/h2>\n<p>Acheter des cadeaux pour vos proches est la meilleure des choses. Vos clients s&rsquo;attendent \u00e0 ce que les cadeaux soient faits avec une attention particuli\u00e8re. C\u2019est aussi un moment ultime pour un contact personnel avec votre client et un avantage pour les ventes suppl\u00e9mentaires. Le bon mat\u00e9riel d&#8217;emballage ne peut pas manquer dans la collection. Plusieurs exposants de Van Remoortel sont sp\u00e9cialis\u00e9s dans l&#8217;emballage!<\/p>\n<h2>Fournisseurs pour l&rsquo;achat d&#8217;emballages cadeaux<\/h2>\n<p>Les articles-cadeaux ne font pas uniquement partie de la vaste gamme de Van Remoortel. Vous trouverez \u00e9galement de nombreux emballages cadeaux et mat\u00e9riels d\u2019emballage. Pour l&rsquo;achat de papier d&#8217;emballage, de n\u0153uds, de rubans, de sacs et de bo\u00eetes, vous \u00eates au bon endroit gr\u00e2ce \u00e0 notre service cash &amp; carry. Vous pouvez trouver des emballages cadeaux chez Mini Art Product, Dux Packaging, Braun Company et plus encore!<\/p>\n<h2>Obtenir l&rsquo;inspiration?<\/h2>\n<p>En tant que d\u00e9tenteur d\u2019un laissez-passer pour Van Remoortel, vous recevez r\u00e9guli\u00e8rement une invitation pour des \u00e9v\u00e9nements et des ateliers amusants, tels qu\u2019un atelier d\u2019emballage ou un atelier d\u2019emballage de cadeaux!<\/p>\n<\/div><\/section>\n\n<style type=\"text\/css\" data-created_by=\"avia_inline_auto\" id=\"style-css-av-av_heading-51fdeaa93a9f195b927ea9c82168eb44\">\n#top .av-special-heading.av-av_heading-51fdeaa93a9f195b927ea9c82168eb44{\npadding-bottom:50px;\nfont-size:16px;\n}\nbody .av-special-heading.av-av_heading-51fdeaa93a9f195b927ea9c82168eb44 .av-special-heading-tag .heading-char{\nfont-size:25px;\n}\n#top #wrap_all .av-special-heading.av-av_heading-51fdeaa93a9f195b927ea9c82168eb44 .av-special-heading-tag{\nfont-size:16px;\n}\n.av-special-heading.av-av_heading-51fdeaa93a9f195b927ea9c82168eb44 .av-subheading{\nfont-size:15px;\n}\n\n@media only screen and (min-width: 480px) and (max-width: 767px){ \n#top #wrap_all .av-special-heading.av-av_heading-51fdeaa93a9f195b927ea9c82168eb44 .av-special-heading-tag{\nfont-size:0.8em;\n}\n}\n\n@media only screen and (max-width: 479px){ \n#top #wrap_all .av-special-heading.av-av_heading-51fdeaa93a9f195b927ea9c82168eb44 .av-special-heading-tag{\nfont-size:0.8em;\n}\n}\n<\/style>\n<div  class='av-special-heading av-av_heading-51fdeaa93a9f195b927ea9c82168eb44 av-special-heading-h1 blockquote modern-quote modern-centered  avia-builder-el-2  el_after_av_textblock  el_before_av_buttonrow  av-inherit-size'><h1 class='av-special-heading-tag'  itemprop=\"headline\"  >EXPOSANTS VENDENT DES MATERIAUX D\u2019EMBALLAGE<\/h1><div class=\"special-heading-border\"><div class=\"special-heading-inner-border\"><\/div><\/div><\/div>\n<div  class='avia-buttonrow-wrap av-jrj88vkn-d2e8d480357ac2b99ad2952b07c16b07 avia-buttonrow-center  avia-builder-el-3  el_after_av_heading  el_before_av_buttonrow '>\n\n<style type=\"text\/css\" data-created_by=\"avia_inline_auto\" id=\"style-css-av-av_buttonrow_item-62cd007d92530eaf1ae34e6f1fb3f68b\">\n#top #wrap_all .avia-button.av-av_buttonrow_item-62cd007d92530eaf1ae34e6f1fb3f68b{\nmargin-bottom:5px;\nmargin-right:3px;\nmargin-left:3px;\n}\n<\/style>\n<a href=''  class='avia-button av-av_buttonrow_item-62cd007d92530eaf1ae34e6f1fb3f68b avia-icon_select-no avia-size-large avia-color-theme-color'  ><span class='avia_iconbox_title' >The Woodbox<\/span><\/a>\n\n<style type=\"text\/css\" data-created_by=\"avia_inline_auto\" id=\"style-css-av-rvgpy3-1cc5dfaafb0d1b6d600bf8cc21cbcdcc\">\n#top #wrap_all .avia-button.av-rvgpy3-1cc5dfaafb0d1b6d600bf8cc21cbcdcc{\nmargin-bottom:5px;\nmargin-right:3px;\nmargin-left:3px;\n}\n<\/style>\n<a href=''  class='avia-button av-rvgpy3-1cc5dfaafb0d1b6d600bf8cc21cbcdcc avia-icon_select-no avia-size-large avia-color-theme-color'  ><span class='avia_iconbox_title' >Maar &amp; Pick<\/span><\/a>\n\n<style type=\"text\/css\" data-created_by=\"avia_inline_auto\" id=\"style-css-av-4g8f7go-38b03b3e4153b1141bc4ef44bd6a11e9\">\n#top #wrap_all .avia-button.av-4g8f7go-38b03b3e4153b1141bc4ef44bd6a11e9{\nmargin-bottom:5px;\nmargin-right:3px;\nmargin-left:3px;\n}\n<\/style>\n<a href=''  class='avia-button av-4g8f7go-38b03b3e4153b1141bc4ef44bd6a11e9 avia-icon_select-no avia-size-large avia-color-theme-color'  ><span class='avia_iconbox_title' >Braun Company<\/span><\/a>\n\n<style type=\"text\/css\" data-created_by=\"avia_inline_auto\" id=\"style-css-av-r2phff-157841299ec6c2e2064e1029648c4fb9\">\n#top #wrap_all .avia-button.av-r2phff-157841299ec6c2e2064e1029648c4fb9{\nmargin-bottom:5px;\nmargin-right:3px;\nmargin-left:3px;\n}\n<\/style>\n<a href=''  class='avia-button av-r2phff-157841299ec6c2e2064e1029648c4fb9 avia-icon_select-no avia-size-large avia-color-theme-color'  ><span class='avia_iconbox_title' >Rotolux<\/span><\/a>\n<\/div>\n<div  class='avia-buttonrow-wrap av-jrj88vkn-d2e8d480357ac2b99ad2952b07c16b07 avia-buttonrow-center  avia-builder-el-4  el_after_av_buttonrow  el_before_av_hr '>\n\n<style type=\"text\/css\" data-created_by=\"avia_inline_auto\" id=\"style-css-av-w5uexe-c0f720aa42933b4e09aaa3157e54c18a\">\n#top #wrap_all .avia-button.av-w5uexe-c0f720aa42933b4e09aaa3157e54c18a{\nmargin-bottom:5px;\nmargin-right:3px;\nmargin-left:3px;\n}\n<\/style>\n<a href=''  class='avia-button av-w5uexe-c0f720aa42933b4e09aaa3157e54c18a avia-icon_select-no avia-size-large avia-color-theme-color'  ><span class='avia_iconbox_title' >Mini-Art Products<\/span><\/a>\n\n<style type=\"text\/css\" data-created_by=\"avia_inline_auto\" id=\"style-css-av-67tl3m-6124dc17e065ee980eb2b20535b6f496\">\n#top #wrap_all .avia-button.av-67tl3m-6124dc17e065ee980eb2b20535b6f496{\nmargin-bottom:5px;\nmargin-right:3px;\nmargin-left:3px;\n}\n<\/style>\n<a href=''  class='avia-button av-67tl3m-6124dc17e065ee980eb2b20535b6f496 avia-icon_select-no avia-size-large avia-color-theme-color-highlight'  ><span class='avia_iconbox_title' >Paper-Art<\/span><\/a>\n\n<style type=\"text\/css\" data-created_by=\"avia_inline_auto\" id=\"style-css-av-131glf6-23848afbecd3e00661540b06e51115a6\">\n#top #wrap_all .avia-button.av-131glf6-23848afbecd3e00661540b06e51115a6{\nmargin-bottom:5px;\nmargin-right:3px;\nmargin-left:3px;\n}\n<\/style>\n<a href=''  class='avia-button av-131glf6-23848afbecd3e00661540b06e51115a6 avia-icon_select-no avia-size-large avia-color-theme-color'  ><span class='avia_iconbox_title' >Papette<\/span><\/a>\n\n<style type=\"text\/css\" data-created_by=\"avia_inline_auto\" id=\"style-css-av-qirgnv-cc07b7859fcc558513fa3f744f55535e\">\n#top #wrap_all .avia-button.av-qirgnv-cc07b7859fcc558513fa3f744f55535e{\nmargin-bottom:5px;\nmargin-right:3px;\nmargin-left:3px;\n}\n<\/style>\n<a href='https:\/\/vanremoortel.be\/fr\/pattberg\/'  class='avia-button av-qirgnv-cc07b7859fcc558513fa3f744f55535e avia-icon_select-no avia-size-large avia-color-theme-color'  ><span class='avia_iconbox_title' >Pattberg<\/span><\/a>\n\n<style type=\"text\/css\" data-created_by=\"avia_inline_auto\" id=\"style-css-av-rdazte-b6155a6e81f69fc3a28d43bf797d2b06\">\n#top #wrap_all .avia-button.av-rdazte-b6155a6e81f69fc3a28d43bf797d2b06{\nmargin-bottom:5px;\nmargin-right:3px;\nmargin-left:3px;\n}\n<\/style>\n<a href='https:\/\/vanremoortel.be\/van-remoortel\/'  class='avia-button av-rdazte-b6155a6e81f69fc3a28d43bf797d2b06 avia-icon_select-no avia-size-large avia-color-theme-color'  ><span class='avia_iconbox_title' >Van Remoortel<\/span><\/a>\n<\/div>\n\n<style type=\"text\/css\" data-created_by=\"avia_inline_auto\" id=\"style-css-av-jrj5pajm-f8f6b9e418f2fb219a71a8e7c84a4b30\">\n#top .hr.hr-invisible.av-jrj5pajm-f8f6b9e418f2fb219a71a8e7c84a4b30{\nheight:50px;\n}\n<\/style>\n<div  class='hr av-jrj5pajm-f8f6b9e418f2fb219a71a8e7c84a4b30 hr-invisible  avia-builder-el-5  el_after_av_buttonrow  el_before_av_buttonrow '><span class='hr-inner '><span class=\"hr-inner-style\"><\/span><\/span><\/div>\n<div  class='avia-buttonrow-wrap av-jrixpayy-a9f436b166705862c0d19cf90be880a8 avia-buttonrow-center  avia-builder-el-6  el_after_av_hr  avia-builder-el-last '>\n\n<style type=\"text\/css\" data-created_by=\"avia_inline_auto\" id=\"style-css-av-13ji153-cc79fdef9336a1802ac938f35e9a380e\">\n#top #wrap_all .avia-button.av-13ji153-cc79fdef9336a1802ac938f35e9a380e{\nmargin-bottom:20px;\nmargin-right:10px;\nmargin-left:10px;\n}\n<\/style>\n<a href='https:\/\/vanremoortel.be\/fr\/assortiment\/'  class='avia-button av-13ji153-cc79fdef9336a1802ac938f35e9a380e avia-icon_select-yes-left-icon avia-size-x-large avia-color-theme-color-subtle'  ><span class='avia_button_icon avia_button_icon_left ' aria-hidden='true' data-av_icon='\ue830' data-av_iconfont='entypo-fontello'><\/span><span class='avia_iconbox_title' >Retour \u00e0 la gamme compl\u00e8te<\/span><\/a>\n\n<style type=\"text\/css\" data-created_by=\"avia_inline_auto\" id=\"style-css-av-vs3axz-e3aa250ff94c517eebbd251e93fd17da\">\n#top #wrap_all .avia-button.av-vs3axz-e3aa250ff94c517eebbd251e93fd17da{\nbackground-color:#630d91;\nborder-color:#630d91;\ncolor:#ffffff;\ntransition:all 0.4s ease-in-out;\nmargin-bottom:20px;\nmargin-right:10px;\nmargin-left:10px;\n}\n<\/style>\n<a href='https:\/\/vanremoortel.be\/fr\/devenir-client\/'  class='avia-button av-vs3axz-e3aa250ff94c517eebbd251e93fd17da avia-icon_select-yes-left-icon avia-size-x-large'  ><span class='avia_button_icon avia_button_icon_left ' aria-hidden='true' data-av_icon='\ue80c' data-av_iconfont='entypo-fontello'><\/span><span class='avia_iconbox_title' >Devenir client<\/span><\/a>\n<\/div>\n<div id=\"ConnectiveDocSignExtentionInstalled\" data-extension-version=\"1.0.4\"><\/div>\n","protected":false},"excerpt":{"rendered":"","protected":false},"author":1,"featured_media":0,"parent":0,"menu_order":0,"comment_status":"closed","ping_status":"closed","template":"","meta":{"_exactmetrics_skip_tracking":false,"_exactmetrics_sitenote_active":false,"_exactmetrics_sitenote_note":"","_exactmetrics_sitenote_category":0,"footnotes":""},"class_list":["post-34971","page","type-page","status-publish","hentry"],"yoast_head":"<!-- This site is optimized with the Yoast SEO plugin v27.1.1 - https:\/\/yoast.com\/product\/yoast-seo-wordpress\/ -->\n<title>Materiaux d&#039;emballage - Van Remoortel<\/title>\n<meta name=\"description\" content=\"Les articles-cadeaux ne font pas uniquement partie de la vaste gamme de Van Remoortel. Vous trouverez \u00e9galement de nombreux emballages cadeaux et mat\u00e9riaux d\u2019emballage.\" \/>\n<meta name=\"robots\" content=\"index, follow, max-snippet:-1, max-image-preview:large, max-video-preview:-1\" \/>\n<link rel=\"canonical\" href=\"https:\/\/vanremoortel.be\/fr\/materiaux-demballage\/\" \/>\n<meta property=\"og:locale\" content=\"fr_FR\" \/>\n<meta property=\"og:type\" content=\"article\" \/>\n<meta property=\"og:title\" content=\"Materiaux d&#039;emballage - Van Remoortel\" \/>\n<meta property=\"og:description\" content=\"Les articles-cadeaux ne font pas uniquement partie de la vaste gamme de Van Remoortel. Vous trouverez \u00e9galement de nombreux emballages cadeaux et mat\u00e9riaux d\u2019emballage.\" \/>\n<meta property=\"og:url\" content=\"https:\/\/vanremoortel.be\/fr\/materiaux-demballage\/\" \/>\n<meta property=\"og:site_name\" content=\"Van Remoortel\" \/>\n<meta property=\"article:publisher\" content=\"https:\/\/www.facebook.com\/Groothandel.Decoratie.Van.Remoortel\/\" \/>\n<meta property=\"article:modified_time\" content=\"2022-11-25T16:06:27+00:00\" \/>\n<meta property=\"og:image\" content=\"https:\/\/vanremoortel.be\/wp-content\/uploads\/2022\/01\/image3.jpeg\" \/>\n\t<meta property=\"og:image:width\" content=\"1032\" \/>\n\t<meta property=\"og:image:height\" content=\"1280\" \/>\n\t<meta property=\"og:image:type\" content=\"image\/jpeg\" \/>\n<meta name=\"twitter:card\" content=\"summary_large_image\" \/>\n<meta name=\"twitter:label1\" content=\"Dur\u00e9e de lecture est.\" \/>\n\t<meta name=\"twitter:data1\" content=\"3 minutes\" \/>\n<script type=\"application\/ld+json\" class=\"yoast-schema-graph\">{\"@context\":\"https:\/\/schema.org\",\"@graph\":[{\"@type\":\"WebPage\",\"@id\":\"https:\/\/vanremoortel.be\/fr\/materiaux-demballage\/\",\"url\":\"https:\/\/vanremoortel.be\/fr\/materiaux-demballage\/\",\"name\":\"Materiaux d'emballage - Van Remoortel\",\"isPartOf\":{\"@id\":\"https:\/\/vanremoortel.be\/#website\"},\"datePublished\":\"2019-01-30T12:31:15+00:00\",\"dateModified\":\"2022-11-25T16:06:27+00:00\",\"description\":\"Les articles-cadeaux ne font pas uniquement partie de la vaste gamme de Van Remoortel. Vous trouverez \u00e9galement de nombreux emballages cadeaux et mat\u00e9riaux d\u2019emballage.\",\"breadcrumb\":{\"@id\":\"https:\/\/vanremoortel.be\/fr\/materiaux-demballage\/#breadcrumb\"},\"inLanguage\":\"fr-BE\",\"potentialAction\":[{\"@type\":\"ReadAction\",\"target\":[\"https:\/\/vanremoortel.be\/fr\/materiaux-demballage\/\"]}]},{\"@type\":\"BreadcrumbList\",\"@id\":\"https:\/\/vanremoortel.be\/fr\/materiaux-demballage\/#breadcrumb\",\"itemListElement\":[{\"@type\":\"ListItem\",\"position\":1,\"name\":\"Home\",\"item\":\"https:\/\/vanremoortel.be\/fr\/accueil\/\"},{\"@type\":\"ListItem\",\"position\":2,\"name\":\"Materiaux d&#8217;emballage\"}]},{\"@type\":\"WebSite\",\"@id\":\"https:\/\/vanremoortel.be\/#website\",\"url\":\"https:\/\/vanremoortel.be\/\",\"name\":\"Van Remoortel\",\"description\":\"Van Remoortel\",\"publisher\":{\"@id\":\"https:\/\/vanremoortel.be\/#organization\"},\"potentialAction\":[{\"@type\":\"SearchAction\",\"target\":{\"@type\":\"EntryPoint\",\"urlTemplate\":\"https:\/\/vanremoortel.be\/?s={search_term_string}\"},\"query-input\":{\"@type\":\"PropertyValueSpecification\",\"valueRequired\":true,\"valueName\":\"search_term_string\"}}],\"inLanguage\":\"fr-BE\"},{\"@type\":\"Organization\",\"@id\":\"https:\/\/vanremoortel.be\/#organization\",\"name\":\"Van Remoortel\",\"url\":\"https:\/\/vanremoortel.be\/\",\"logo\":{\"@type\":\"ImageObject\",\"inLanguage\":\"fr-BE\",\"@id\":\"https:\/\/vanremoortel.be\/#\/schema\/logo\/image\/\",\"url\":\"https:\/\/vanremoortel.be\/wp-content\/uploads\/2017\/09\/van-Remoortel_powered_FINAL.jpg\",\"contentUrl\":\"https:\/\/vanremoortel.be\/wp-content\/uploads\/2017\/09\/van-Remoortel_powered_FINAL.jpg\",\"width\":2328,\"height\":322,\"caption\":\"Van Remoortel\"},\"image\":{\"@id\":\"https:\/\/vanremoortel.be\/#\/schema\/logo\/image\/\"},\"sameAs\":[\"https:\/\/www.facebook.com\/Groothandel.Decoratie.Van.Remoortel\/\",\"https:\/\/www.instagram.com\/van_remoortel\/?hl=nl\",\"https:\/\/www.linkedin.com\/company\/van-remoortel-nv\/about\/\",\"https:\/\/www.youtube.com\/channel\/UCYm8eOCzCOC4HxA-Ya0XayQ\"]}]}<\/script>\n<!-- \/ Yoast SEO plugin. -->","yoast_head_json":{"title":"Materiaux d'emballage - Van Remoortel","description":"Les articles-cadeaux ne font pas uniquement partie de la vaste gamme de Van Remoortel. Vous trouverez \u00e9galement de nombreux emballages cadeaux et mat\u00e9riaux d\u2019emballage.","robots":{"index":"index","follow":"follow","max-snippet":"max-snippet:-1","max-image-preview":"max-image-preview:large","max-video-preview":"max-video-preview:-1"},"canonical":"https:\/\/vanremoortel.be\/fr\/materiaux-demballage\/","og_locale":"fr_FR","og_type":"article","og_title":"Materiaux d'emballage - Van Remoortel","og_description":"Les articles-cadeaux ne font pas uniquement partie de la vaste gamme de Van Remoortel. Vous trouverez \u00e9galement de nombreux emballages cadeaux et mat\u00e9riaux d\u2019emballage.","og_url":"https:\/\/vanremoortel.be\/fr\/materiaux-demballage\/","og_site_name":"Van Remoortel","article_publisher":"https:\/\/www.facebook.com\/Groothandel.Decoratie.Van.Remoortel\/","article_modified_time":"2022-11-25T16:06:27+00:00","og_image":[{"width":1032,"height":1280,"url":"https:\/\/vanremoortel.be\/wp-content\/uploads\/2022\/01\/image3.jpeg","type":"image\/jpeg"}],"twitter_card":"summary_large_image","twitter_misc":{"Dur\u00e9e de lecture est.":"3 minutes"},"schema":{"@context":"https:\/\/schema.org","@graph":[{"@type":"WebPage","@id":"https:\/\/vanremoortel.be\/fr\/materiaux-demballage\/","url":"https:\/\/vanremoortel.be\/fr\/materiaux-demballage\/","name":"Materiaux d'emballage - Van Remoortel","isPartOf":{"@id":"https:\/\/vanremoortel.be\/#website"},"datePublished":"2019-01-30T12:31:15+00:00","dateModified":"2022-11-25T16:06:27+00:00","description":"Les articles-cadeaux ne font pas uniquement partie de la vaste gamme de Van Remoortel. Vous trouverez \u00e9galement de nombreux emballages cadeaux et mat\u00e9riaux d\u2019emballage.","breadcrumb":{"@id":"https:\/\/vanremoortel.be\/fr\/materiaux-demballage\/#breadcrumb"},"inLanguage":"fr-BE","potentialAction":[{"@type":"ReadAction","target":["https:\/\/vanremoortel.be\/fr\/materiaux-demballage\/"]}]},{"@type":"BreadcrumbList","@id":"https:\/\/vanremoortel.be\/fr\/materiaux-demballage\/#breadcrumb","itemListElement":[{"@type":"ListItem","position":1,"name":"Home","item":"https:\/\/vanremoortel.be\/fr\/accueil\/"},{"@type":"ListItem","position":2,"name":"Materiaux d&#8217;emballage"}]},{"@type":"WebSite","@id":"https:\/\/vanremoortel.be\/#website","url":"https:\/\/vanremoortel.be\/","name":"Van Remoortel","description":"Van Remoortel","publisher":{"@id":"https:\/\/vanremoortel.be\/#organization"},"potentialAction":[{"@type":"SearchAction","target":{"@type":"EntryPoint","urlTemplate":"https:\/\/vanremoortel.be\/?s={search_term_string}"},"query-input":{"@type":"PropertyValueSpecification","valueRequired":true,"valueName":"search_term_string"}}],"inLanguage":"fr-BE"},{"@type":"Organization","@id":"https:\/\/vanremoortel.be\/#organization","name":"Van Remoortel","url":"https:\/\/vanremoortel.be\/","logo":{"@type":"ImageObject","inLanguage":"fr-BE","@id":"https:\/\/vanremoortel.be\/#\/schema\/logo\/image\/","url":"https:\/\/vanremoortel.be\/wp-content\/uploads\/2017\/09\/van-Remoortel_powered_FINAL.jpg","contentUrl":"https:\/\/vanremoortel.be\/wp-content\/uploads\/2017\/09\/van-Remoortel_powered_FINAL.jpg","width":2328,"height":322,"caption":"Van Remoortel"},"image":{"@id":"https:\/\/vanremoortel.be\/#\/schema\/logo\/image\/"},"sameAs":["https:\/\/www.facebook.com\/Groothandel.Decoratie.Van.Remoortel\/","https:\/\/www.instagram.com\/van_remoortel\/?hl=nl","https:\/\/www.linkedin.com\/company\/van-remoortel-nv\/about\/","https:\/\/www.youtube.com\/channel\/UCYm8eOCzCOC4HxA-Ya0XayQ"]}]}},"_links":{"self":[{"href":"https:\/\/vanremoortel.be\/fr\/wp-json\/wp\/v2\/pages\/34971","targetHints":{"allow":["GET"]}}],"collection":[{"href":"https:\/\/vanremoortel.be\/fr\/wp-json\/wp\/v2\/pages"}],"about":[{"href":"https:\/\/vanremoortel.be\/fr\/wp-json\/wp\/v2\/types\/page"}],"author":[{"embeddable":true,"href":"https:\/\/vanremoortel.be\/fr\/wp-json\/wp\/v2\/users\/1"}],"replies":[{"embeddable":true,"href":"https:\/\/vanremoortel.be\/fr\/wp-json\/wp\/v2\/comments?post=34971"}],"version-history":[{"count":5,"href":"https:\/\/vanremoortel.be\/fr\/wp-json\/wp\/v2\/pages\/34971\/revisions"}],"predecessor-version":[{"id":45323,"href":"https:\/\/vanremoortel.be\/fr\/wp-json\/wp\/v2\/pages\/34971\/revisions\/45323"}],"wp:attachment":[{"href":"https:\/\/vanremoortel.be\/fr\/wp-json\/wp\/v2\/media?parent=34971"}],"curies":[{"name":"wp","href":"https:\/\/api.w.org\/{rel}","templated":true}]}}