{"id":34962,"date":"2019-01-30T13:16:36","date_gmt":"2019-01-30T12:16:36","guid":{"rendered":"https:\/\/vanremoortel.be\/verlichting\/"},"modified":"2019-03-27T12:26:26","modified_gmt":"2019-03-27T11:26:26","slug":"eclairage","status":"publish","type":"page","link":"https:\/\/vanremoortel.be\/fr\/eclairage\/","title":{"rendered":"Eclairage"},"content":{"rendered":"\n<style type=\"text\/css\" data-created_by=\"avia_inline_auto\" id=\"style-css-av-av_heading-fdba30628fdba80dc656a263e8379cb1\">\n#top .av-special-heading.av-av_heading-fdba30628fdba80dc656a263e8379cb1{\npadding-bottom:50px;\n}\nbody .av-special-heading.av-av_heading-fdba30628fdba80dc656a263e8379cb1 .av-special-heading-tag .heading-char{\nfont-size:25px;\n}\n.av-special-heading.av-av_heading-fdba30628fdba80dc656a263e8379cb1 .av-subheading{\nfont-size:15px;\n}\n<\/style>\n<div  class='av-special-heading av-av_heading-fdba30628fdba80dc656a263e8379cb1 av-special-heading-h1 blockquote modern-quote modern-centered  avia-builder-el-0  el_before_av_textblock  avia-builder-el-first '><h1 class='av-special-heading-tag'  itemprop=\"headline\"  >\u00e9clairage<\/h1><div class=\"special-heading-border\"><div class=\"special-heading-inner-border\"><\/div><\/div><\/div>\n<section  class='av_textblock_section av-jrj5lo40-89cc9d0bf0a8c338e6fa1a8c9a6f8a81 '   itemscope=\"itemscope\" itemtype=\"https:\/\/schema.org\/CreativeWork\" ><div class='avia_textblock'  itemprop=\"text\" ><h2>Eclairage selon les derni\u00e8res tendances<\/h2>\n<p>Le centre d\u2019achats Van Remoortel est au courant des derni\u00e8res tendances et vous inspire par le biais de nombreuses pr\u00e9sentations et de celles de dizaines de fournisseurs. Pour les lampes de toutes formes et tailles, y compris les abat-jour, les suspensions et plus, vous \u00eates au bon endroit ici. Le cash &amp; carry de 10.000m\u00b2 contient des dizaines de fournisseurs o\u00f9 vous pouvez acheter des lampes et des accessoires \u00e0 votre guise.<\/p>\n<h2>Exposants avec assortiment de hanche<\/h2>\n<p>Vous cherchez des lampes pour compl\u00e9ter votre assortiment? Ensuite, vous ne pouvez pas ignorer le stand Light &amp; Living. Light &amp; Living est l&rsquo;exposant ultime en mati\u00e8re de lampes, d&rsquo;abat-jours et d&rsquo;accessoires. De plus, Light &amp; Living pr\u00e9sente les produits de mani\u00e8re inspirante. Le stand \u00e9norme se compose de diff\u00e9rentes salles de style avec les plus belles pr\u00e9sentations. Outre Light &amp; Living, il existe des exposants tels que Present Time, The Goround, Elzet et bien d&rsquo;autres avec une gamme de lampes tendance.<\/p>\n<h2>Cr\u00e9er la bonne ambiance<\/h2>\n<p>Rien n&rsquo;affecte plus l&rsquo;atmosph\u00e8re que l&rsquo;\u00e9clairage. Les lampes et accessoires \u00e0 la mode de votre collection sont bien s\u00fbr indispensables, mais la lumi\u00e8re ad\u00e9quate dans votre magasin vous permet \u00e9galement de bien vendre. Assurez-vous que votre vitrine et vos pr\u00e9sentations sont bien \u00e9clair\u00e9es.<\/p>\n<\/div><\/section>\n\n<style type=\"text\/css\" data-created_by=\"avia_inline_auto\" id=\"style-css-av-av_heading-69762737a23de180ec7041718a3be563\">\n#top .av-special-heading.av-av_heading-69762737a23de180ec7041718a3be563{\npadding-bottom:50px;\nfont-size:16px;\n}\nbody .av-special-heading.av-av_heading-69762737a23de180ec7041718a3be563 .av-special-heading-tag .heading-char{\nfont-size:25px;\n}\n#top #wrap_all .av-special-heading.av-av_heading-69762737a23de180ec7041718a3be563 .av-special-heading-tag{\nfont-size:16px;\n}\n.av-special-heading.av-av_heading-69762737a23de180ec7041718a3be563 .av-subheading{\nfont-size:15px;\n}\n\n@media only screen and (min-width: 480px) and (max-width: 767px){ \n#top #wrap_all .av-special-heading.av-av_heading-69762737a23de180ec7041718a3be563 .av-special-heading-tag{\nfont-size:0.8em;\n}\n}\n\n@media only screen and (max-width: 479px){ \n#top #wrap_all .av-special-heading.av-av_heading-69762737a23de180ec7041718a3be563 .av-special-heading-tag{\nfont-size:0.8em;\n}\n}\n<\/style>\n<div  class='av-special-heading av-av_heading-69762737a23de180ec7041718a3be563 av-special-heading-h1 blockquote modern-quote modern-centered  avia-builder-el-2  el_after_av_textblock  el_before_av_buttonrow  av-inherit-size'><h1 class='av-special-heading-tag'  itemprop=\"headline\"  >EXPOSANTS VENDENT DES PRODUITS eclairage<\/h1><div class=\"special-heading-border\"><div class=\"special-heading-inner-border\"><\/div><\/div><\/div>\n<div  class='avia-buttonrow-wrap av-jrj88vkn-d2e8d480357ac2b99ad2952b07c16b07 avia-buttonrow-center  avia-builder-el-3  el_after_av_heading  el_before_av_buttonrow '>\n\n<style type=\"text\/css\" data-created_by=\"avia_inline_auto\" id=\"style-css-av-2z7ni4v-bfa0d2db07f2bbf785d3674a16a063e3\">\n#top #wrap_all .avia-button.av-2z7ni4v-bfa0d2db07f2bbf785d3674a16a063e3{\nmargin-bottom:5px;\nmargin-right:3px;\nmargin-left:3px;\n}\n<\/style>\n<a href=''  class='avia-button av-2z7ni4v-bfa0d2db07f2bbf785d3674a16a063e3 avia-icon_select-no avia-size-large avia-color-theme-color-highlight'  ><span class='avia_iconbox_title' >Clayre &amp; Eef<\/span><\/a>\n\n<style type=\"text\/css\" data-created_by=\"avia_inline_auto\" id=\"style-css-av-2ke0omn-fcd65a7a7a3cd59f1589e072faca7f49\">\n#top #wrap_all .avia-button.av-2ke0omn-fcd65a7a7a3cd59f1589e072faca7f49{\nmargin-bottom:5px;\nmargin-right:3px;\nmargin-left:3px;\n}\n<\/style>\n<a href=''  class='avia-button av-2ke0omn-fcd65a7a7a3cd59f1589e072faca7f49 avia-icon_select-no avia-size-large avia-color-theme-color'  ><span class='avia_iconbox_title' > Colmore by Diga<\/span><\/a>\n\n<style type=\"text\/css\" data-created_by=\"avia_inline_auto\" id=\"style-css-av-1ym138v-016dcd3325d8456e09db51de47af7eb1\">\n#top #wrap_all .avia-button.av-1ym138v-016dcd3325d8456e09db51de47af7eb1{\nmargin-bottom:5px;\nmargin-right:3px;\nmargin-left:3px;\n}\n<\/style>\n<a href=''  class='avia-button av-1ym138v-016dcd3325d8456e09db51de47af7eb1 avia-icon_select-no avia-size-large avia-color-theme-color'  ><span class='avia_iconbox_title' >Cotton Ball Lights<\/span><\/a>\n\n<style type=\"text\/css\" data-created_by=\"avia_inline_auto\" id=\"style-css-av-6kqoxb-bfaa61954f07c64241347606eb0d1bf4\">\n#top #wrap_all .avia-button.av-6kqoxb-bfaa61954f07c64241347606eb0d1bf4{\nmargin-bottom:5px;\nmargin-right:3px;\nmargin-left:3px;\n}\n<\/style>\n<a href=''  class='avia-button av-6kqoxb-bfaa61954f07c64241347606eb0d1bf4 avia-icon_select-no avia-size-large avia-color-theme-color'  ><span class='avia_iconbox_title' >Elzet Gifts &amp; Living<\/span><\/a>\n\n<style type=\"text\/css\" data-created_by=\"avia_inline_auto\" id=\"style-css-av-18fbbzj-ffd3d3a2d6e08de0f2bb29da6bd0cf69\">\n#top #wrap_all .avia-button.av-18fbbzj-ffd3d3a2d6e08de0f2bb29da6bd0cf69{\nmargin-bottom:5px;\nmargin-right:3px;\nmargin-left:3px;\n}\n<\/style>\n<a href=''  class='avia-button av-18fbbzj-ffd3d3a2d6e08de0f2bb29da6bd0cf69 avia-icon_select-no avia-size-large avia-color-theme-color'  ><span class='avia_iconbox_title' >Goround<\/span><\/a>\n<\/div>\n<div  class='avia-buttonrow-wrap av-jrj88vkn-d2e8d480357ac2b99ad2952b07c16b07 avia-buttonrow-center  avia-builder-el-4  el_after_av_buttonrow  el_before_av_hr '>\n\n<style type=\"text\/css\" data-created_by=\"avia_inline_auto\" id=\"style-css-av-v6h9lb-119868988e49c027f1c71152ea9711db\">\n#top #wrap_all .avia-button.av-v6h9lb-119868988e49c027f1c71152ea9711db{\nmargin-bottom:5px;\nmargin-right:3px;\nmargin-left:3px;\n}\n<\/style>\n<a href=''  class='avia-button av-v6h9lb-119868988e49c027f1c71152ea9711db avia-icon_select-no avia-size-large avia-color-theme-color-highlight'  ><span class='avia_iconbox_title' >Present Time<\/span><\/a>\n<\/div>\n\n<style type=\"text\/css\" data-created_by=\"avia_inline_auto\" id=\"style-css-av-jrj596my-ccc25e3339fd408cdadf6f3441abcf08\">\n#top .hr.hr-invisible.av-jrj596my-ccc25e3339fd408cdadf6f3441abcf08{\nheight:50px;\n}\n<\/style>\n<div  class='hr av-jrj596my-ccc25e3339fd408cdadf6f3441abcf08 hr-invisible  avia-builder-el-5  el_after_av_buttonrow  el_before_av_buttonrow '><span class='hr-inner '><span class=\"hr-inner-style\"><\/span><\/span><\/div>\n<div  class='avia-buttonrow-wrap av-jrixpayy-a9f436b166705862c0d19cf90be880a8 avia-buttonrow-center  avia-builder-el-6  el_after_av_hr  avia-builder-el-last '>\n\n<style type=\"text\/css\" data-created_by=\"avia_inline_auto\" id=\"style-css-av-13ji153-cc79fdef9336a1802ac938f35e9a380e\">\n#top #wrap_all .avia-button.av-13ji153-cc79fdef9336a1802ac938f35e9a380e{\nmargin-bottom:20px;\nmargin-right:10px;\nmargin-left:10px;\n}\n<\/style>\n<a href='https:\/\/vanremoortel.be\/fr\/assortiment\/'  class='avia-button av-13ji153-cc79fdef9336a1802ac938f35e9a380e avia-icon_select-yes-left-icon avia-size-x-large avia-color-theme-color-subtle'  ><span class='avia_button_icon avia_button_icon_left ' aria-hidden='true' data-av_icon='\ue830' data-av_iconfont='entypo-fontello'><\/span><span class='avia_iconbox_title' >Retour \u00e0 la gamme compl\u00e8te<\/span><\/a>\n\n<style type=\"text\/css\" data-created_by=\"avia_inline_auto\" id=\"style-css-av-vs3axz-e3aa250ff94c517eebbd251e93fd17da\">\n#top #wrap_all .avia-button.av-vs3axz-e3aa250ff94c517eebbd251e93fd17da{\nbackground-color:#630d91;\nborder-color:#630d91;\ncolor:#ffffff;\ntransition:all 0.4s ease-in-out;\nmargin-bottom:20px;\nmargin-right:10px;\nmargin-left:10px;\n}\n<\/style>\n<a href='https:\/\/vanremoortel.be\/fr\/devenir-client\/'  class='avia-button av-vs3axz-e3aa250ff94c517eebbd251e93fd17da avia-icon_select-yes-left-icon avia-size-x-large'  ><span class='avia_button_icon avia_button_icon_left ' aria-hidden='true' data-av_icon='\ue80c' data-av_iconfont='entypo-fontello'><\/span><span class='avia_iconbox_title' >Devenir client<\/span><\/a>\n<\/div>\n","protected":false},"excerpt":{"rendered":"","protected":false},"author":1,"featured_media":0,"parent":0,"menu_order":0,"comment_status":"closed","ping_status":"closed","template":"","meta":{"_exactmetrics_skip_tracking":false,"_exactmetrics_sitenote_active":false,"_exactmetrics_sitenote_note":"","_exactmetrics_sitenote_category":0,"footnotes":""},"class_list":["post-34962","page","type-page","status-publish","hentry"],"yoast_head":"<!-- This site is optimized with the Yoast SEO plugin v27.1.1 - https:\/\/yoast.com\/product\/yoast-seo-wordpress\/ -->\n<title>Eclairage - Van Remoortel<\/title>\n<meta name=\"description\" content=\"Tous les types d&#039;\u00e9clairage chez Van Remoortel. Pour les lampes de toutes formes et tailles, y compris les abat-jour, les suspensions et plus, vous \u00eates au bon endroit ici.\" \/>\n<meta name=\"robots\" content=\"index, follow, max-snippet:-1, max-image-preview:large, max-video-preview:-1\" \/>\n<link rel=\"canonical\" href=\"https:\/\/vanremoortel.be\/fr\/eclairage\/\" \/>\n<meta property=\"og:locale\" content=\"fr_FR\" \/>\n<meta property=\"og:type\" content=\"article\" \/>\n<meta property=\"og:title\" content=\"Eclairage - Van Remoortel\" \/>\n<meta property=\"og:description\" content=\"Tous les types d&#039;\u00e9clairage chez Van Remoortel. Pour les lampes de toutes formes et tailles, y compris les abat-jour, les suspensions et plus, vous \u00eates au bon endroit ici.\" \/>\n<meta property=\"og:url\" content=\"https:\/\/vanremoortel.be\/fr\/eclairage\/\" \/>\n<meta property=\"og:site_name\" content=\"Van Remoortel\" \/>\n<meta property=\"article:publisher\" content=\"https:\/\/www.facebook.com\/Groothandel.Decoratie.Van.Remoortel\/\" \/>\n<meta property=\"article:modified_time\" content=\"2019-03-27T11:26:26+00:00\" \/>\n<meta name=\"twitter:card\" content=\"summary_large_image\" \/>\n<meta name=\"twitter:label1\" content=\"Dur\u00e9e de lecture est.\" \/>\n\t<meta name=\"twitter:data1\" content=\"4 minutes\" \/>\n<script type=\"application\/ld+json\" class=\"yoast-schema-graph\">{\"@context\":\"https:\/\/schema.org\",\"@graph\":[{\"@type\":\"WebPage\",\"@id\":\"https:\/\/vanremoortel.be\/fr\/eclairage\/\",\"url\":\"https:\/\/vanremoortel.be\/fr\/eclairage\/\",\"name\":\"Eclairage - Van Remoortel\",\"isPartOf\":{\"@id\":\"https:\/\/vanremoortel.be\/#website\"},\"datePublished\":\"2019-01-30T12:16:36+00:00\",\"dateModified\":\"2019-03-27T11:26:26+00:00\",\"description\":\"Tous les types d'\u00e9clairage chez Van Remoortel. Pour les lampes de toutes formes et tailles, y compris les abat-jour, les suspensions et plus, vous \u00eates au bon endroit ici.\",\"breadcrumb\":{\"@id\":\"https:\/\/vanremoortel.be\/fr\/eclairage\/#breadcrumb\"},\"inLanguage\":\"fr-BE\",\"potentialAction\":[{\"@type\":\"ReadAction\",\"target\":[\"https:\/\/vanremoortel.be\/fr\/eclairage\/\"]}]},{\"@type\":\"BreadcrumbList\",\"@id\":\"https:\/\/vanremoortel.be\/fr\/eclairage\/#breadcrumb\",\"itemListElement\":[{\"@type\":\"ListItem\",\"position\":1,\"name\":\"Home\",\"item\":\"https:\/\/vanremoortel.be\/fr\/accueil\/\"},{\"@type\":\"ListItem\",\"position\":2,\"name\":\"Eclairage\"}]},{\"@type\":\"WebSite\",\"@id\":\"https:\/\/vanremoortel.be\/#website\",\"url\":\"https:\/\/vanremoortel.be\/\",\"name\":\"Van Remoortel\",\"description\":\"Van Remoortel\",\"publisher\":{\"@id\":\"https:\/\/vanremoortel.be\/#organization\"},\"potentialAction\":[{\"@type\":\"SearchAction\",\"target\":{\"@type\":\"EntryPoint\",\"urlTemplate\":\"https:\/\/vanremoortel.be\/?s={search_term_string}\"},\"query-input\":{\"@type\":\"PropertyValueSpecification\",\"valueRequired\":true,\"valueName\":\"search_term_string\"}}],\"inLanguage\":\"fr-BE\"},{\"@type\":\"Organization\",\"@id\":\"https:\/\/vanremoortel.be\/#organization\",\"name\":\"Van Remoortel\",\"url\":\"https:\/\/vanremoortel.be\/\",\"logo\":{\"@type\":\"ImageObject\",\"inLanguage\":\"fr-BE\",\"@id\":\"https:\/\/vanremoortel.be\/#\/schema\/logo\/image\/\",\"url\":\"https:\/\/vanremoortel.be\/wp-content\/uploads\/2017\/09\/van-Remoortel_powered_FINAL.jpg\",\"contentUrl\":\"https:\/\/vanremoortel.be\/wp-content\/uploads\/2017\/09\/van-Remoortel_powered_FINAL.jpg\",\"width\":2328,\"height\":322,\"caption\":\"Van Remoortel\"},\"image\":{\"@id\":\"https:\/\/vanremoortel.be\/#\/schema\/logo\/image\/\"},\"sameAs\":[\"https:\/\/www.facebook.com\/Groothandel.Decoratie.Van.Remoortel\/\",\"https:\/\/www.instagram.com\/van_remoortel\/?hl=nl\",\"https:\/\/www.linkedin.com\/company\/van-remoortel-nv\/about\/\",\"https:\/\/www.youtube.com\/channel\/UCYm8eOCzCOC4HxA-Ya0XayQ\"]}]}<\/script>\n<!-- \/ Yoast SEO plugin. -->","yoast_head_json":{"title":"Eclairage - Van Remoortel","description":"Tous les types d'\u00e9clairage chez Van Remoortel. Pour les lampes de toutes formes et tailles, y compris les abat-jour, les suspensions et plus, vous \u00eates au bon endroit ici.","robots":{"index":"index","follow":"follow","max-snippet":"max-snippet:-1","max-image-preview":"max-image-preview:large","max-video-preview":"max-video-preview:-1"},"canonical":"https:\/\/vanremoortel.be\/fr\/eclairage\/","og_locale":"fr_FR","og_type":"article","og_title":"Eclairage - Van Remoortel","og_description":"Tous les types d'\u00e9clairage chez Van Remoortel. Pour les lampes de toutes formes et tailles, y compris les abat-jour, les suspensions et plus, vous \u00eates au bon endroit ici.","og_url":"https:\/\/vanremoortel.be\/fr\/eclairage\/","og_site_name":"Van Remoortel","article_publisher":"https:\/\/www.facebook.com\/Groothandel.Decoratie.Van.Remoortel\/","article_modified_time":"2019-03-27T11:26:26+00:00","twitter_card":"summary_large_image","twitter_misc":{"Dur\u00e9e de lecture est.":"4 minutes"},"schema":{"@context":"https:\/\/schema.org","@graph":[{"@type":"WebPage","@id":"https:\/\/vanremoortel.be\/fr\/eclairage\/","url":"https:\/\/vanremoortel.be\/fr\/eclairage\/","name":"Eclairage - Van Remoortel","isPartOf":{"@id":"https:\/\/vanremoortel.be\/#website"},"datePublished":"2019-01-30T12:16:36+00:00","dateModified":"2019-03-27T11:26:26+00:00","description":"Tous les types d'\u00e9clairage chez Van Remoortel. Pour les lampes de toutes formes et tailles, y compris les abat-jour, les suspensions et plus, vous \u00eates au bon endroit ici.","breadcrumb":{"@id":"https:\/\/vanremoortel.be\/fr\/eclairage\/#breadcrumb"},"inLanguage":"fr-BE","potentialAction":[{"@type":"ReadAction","target":["https:\/\/vanremoortel.be\/fr\/eclairage\/"]}]},{"@type":"BreadcrumbList","@id":"https:\/\/vanremoortel.be\/fr\/eclairage\/#breadcrumb","itemListElement":[{"@type":"ListItem","position":1,"name":"Home","item":"https:\/\/vanremoortel.be\/fr\/accueil\/"},{"@type":"ListItem","position":2,"name":"Eclairage"}]},{"@type":"WebSite","@id":"https:\/\/vanremoortel.be\/#website","url":"https:\/\/vanremoortel.be\/","name":"Van Remoortel","description":"Van Remoortel","publisher":{"@id":"https:\/\/vanremoortel.be\/#organization"},"potentialAction":[{"@type":"SearchAction","target":{"@type":"EntryPoint","urlTemplate":"https:\/\/vanremoortel.be\/?s={search_term_string}"},"query-input":{"@type":"PropertyValueSpecification","valueRequired":true,"valueName":"search_term_string"}}],"inLanguage":"fr-BE"},{"@type":"Organization","@id":"https:\/\/vanremoortel.be\/#organization","name":"Van Remoortel","url":"https:\/\/vanremoortel.be\/","logo":{"@type":"ImageObject","inLanguage":"fr-BE","@id":"https:\/\/vanremoortel.be\/#\/schema\/logo\/image\/","url":"https:\/\/vanremoortel.be\/wp-content\/uploads\/2017\/09\/van-Remoortel_powered_FINAL.jpg","contentUrl":"https:\/\/vanremoortel.be\/wp-content\/uploads\/2017\/09\/van-Remoortel_powered_FINAL.jpg","width":2328,"height":322,"caption":"Van Remoortel"},"image":{"@id":"https:\/\/vanremoortel.be\/#\/schema\/logo\/image\/"},"sameAs":["https:\/\/www.facebook.com\/Groothandel.Decoratie.Van.Remoortel\/","https:\/\/www.instagram.com\/van_remoortel\/?hl=nl","https:\/\/www.linkedin.com\/company\/van-remoortel-nv\/about\/","https:\/\/www.youtube.com\/channel\/UCYm8eOCzCOC4HxA-Ya0XayQ"]}]}},"_links":{"self":[{"href":"https:\/\/vanremoortel.be\/fr\/wp-json\/wp\/v2\/pages\/34962","targetHints":{"allow":["GET"]}}],"collection":[{"href":"https:\/\/vanremoortel.be\/fr\/wp-json\/wp\/v2\/pages"}],"about":[{"href":"https:\/\/vanremoortel.be\/fr\/wp-json\/wp\/v2\/types\/page"}],"author":[{"embeddable":true,"href":"https:\/\/vanremoortel.be\/fr\/wp-json\/wp\/v2\/users\/1"}],"replies":[{"embeddable":true,"href":"https:\/\/vanremoortel.be\/fr\/wp-json\/wp\/v2\/comments?post=34962"}],"version-history":[{"count":5,"href":"https:\/\/vanremoortel.be\/fr\/wp-json\/wp\/v2\/pages\/34962\/revisions"}],"predecessor-version":[{"id":36049,"href":"https:\/\/vanremoortel.be\/fr\/wp-json\/wp\/v2\/pages\/34962\/revisions\/36049"}],"wp:attachment":[{"href":"https:\/\/vanremoortel.be\/fr\/wp-json\/wp\/v2\/media?parent=34962"}],"curies":[{"name":"wp","href":"https:\/\/api.w.org\/{rel}","templated":true}]}}