{"id":34928,"date":"2019-01-30T11:54:48","date_gmt":"2019-01-30T10:54:48","guid":{"rendered":"https:\/\/vanremoortel.be\/textiel\/"},"modified":"2019-03-27T12:25:58","modified_gmt":"2019-03-27T11:25:58","slug":"textile","status":"publish","type":"page","link":"https:\/\/vanremoortel.be\/fr\/textile\/","title":{"rendered":"TEXTILE"},"content":{"rendered":"\n<style type=\"text\/css\" data-created_by=\"avia_inline_auto\" id=\"style-css-av-av_heading-5a6acf793f82fbed9381227da5807545\">\n#top .av-special-heading.av-av_heading-5a6acf793f82fbed9381227da5807545{\npadding-bottom:50px;\n}\nbody .av-special-heading.av-av_heading-5a6acf793f82fbed9381227da5807545 .av-special-heading-tag .heading-char{\nfont-size:25px;\n}\n.av-special-heading.av-av_heading-5a6acf793f82fbed9381227da5807545 .av-subheading{\nfont-size:15px;\n}\n<\/style>\n<div  class='av-special-heading av-av_heading-5a6acf793f82fbed9381227da5807545 av-special-heading-h1 blockquote modern-quote modern-centered  avia-builder-el-0  el_before_av_textblock  avia-builder-el-first '><h1 class='av-special-heading-tag'  itemprop=\"headline\"  >TEXTILE<\/h1><div class=\"special-heading-border\"><div class=\"special-heading-inner-border\"><\/div><\/div><\/div>\n<section  class='av_textblock_section av-jrj2ptcx-2924207bafdc6bd52acaae1770198642 '   itemscope=\"itemscope\" itemtype=\"https:\/\/schema.org\/CreativeWork\" ><div class='avia_textblock'  itemprop=\"text\" ><h2>Oreillers, jet\u00e9s, literie et plus de textiles<\/h2>\n<p>Au centre d&rsquo;achat B2B de Van Remoortel, vous trouverez des textiles de maison de nombreuses variantes, formes et tailles. Vous trouverez des articles de toilette de luxe et du linge de lit, des textiles de cuisine, des oreillers, des couvertures et plus encore chez de nombreux exposants dans le magasin Cash &amp; Carry. Vous recherchez un assortiment suppl\u00e9mentaire pour compl\u00e9ter votre collection? Rendez-vous ensuite \u00e0 Van Remoortel et laissez-vous surprendre par les nombreuses collections de nos exposants.<\/p>\n<h2>Textiles de maison de dizaines d&rsquo;exposants<\/h2>\n<p>Une collection de d\u00e9coration pour la maison n\u2019est pas compl\u00e8te sans les bons coussins et plaids. Souvent, ces produits constituent des ventes suppl\u00e9mentaires parfaites. Faites une belle pr\u00e9sentation dans votre magasin ou votre entreprise avec un joli plaid et associez-la \u00e0 des coussins color\u00e9s. Ou les textiles de cuisine s&rsquo;int\u00e8grent-ils mieux dans votre assortiment? Vous pouvez \u00e9galement le trouver sur diff\u00e9rents stands!<\/p>\n<h2>Linge de bain et de lit de luxe<\/h2>\n<p>Les collections o\u00f9 les soins sont essentiels peuvent \u00e9galement \u00eatre compl\u00e9t\u00e9es chez Van Remoortel. Que pensez-vous de la gamme orientale de Royal Orient Cosmetic? Vous y trouverez de jolies serviettes et oreillers en coton hammam au design oriental. Ou jetez un \u0153il au luxueux linge de lit de l\u2019exposant Walra, o\u00f9 intemporel et qualit\u00e9 sont des valeurs fondamentales. Ceci est juste une petite s\u00e9lection des dizaines de fournisseurs o\u00f9 vous pouvez aller pour le textile de maison!<\/p>\n<\/div><\/section>\n\n<style type=\"text\/css\" data-created_by=\"avia_inline_auto\" id=\"style-css-av-av_heading-f5a2b40d1728cc7cdf51328cc3b9640d\">\n#top .av-special-heading.av-av_heading-f5a2b40d1728cc7cdf51328cc3b9640d{\npadding-bottom:50px;\nfont-size:16px;\n}\nbody .av-special-heading.av-av_heading-f5a2b40d1728cc7cdf51328cc3b9640d .av-special-heading-tag .heading-char{\nfont-size:25px;\n}\n#top #wrap_all .av-special-heading.av-av_heading-f5a2b40d1728cc7cdf51328cc3b9640d .av-special-heading-tag{\nfont-size:16px;\n}\n.av-special-heading.av-av_heading-f5a2b40d1728cc7cdf51328cc3b9640d .av-subheading{\nfont-size:15px;\n}\n\n@media only screen and (min-width: 480px) and (max-width: 767px){ \n#top #wrap_all .av-special-heading.av-av_heading-f5a2b40d1728cc7cdf51328cc3b9640d .av-special-heading-tag{\nfont-size:0.8em;\n}\n}\n\n@media only screen and (max-width: 479px){ \n#top #wrap_all .av-special-heading.av-av_heading-f5a2b40d1728cc7cdf51328cc3b9640d .av-special-heading-tag{\nfont-size:0.8em;\n}\n}\n<\/style>\n<div  class='av-special-heading av-av_heading-f5a2b40d1728cc7cdf51328cc3b9640d av-special-heading-h1 blockquote modern-quote modern-centered  avia-builder-el-2  el_after_av_textblock  el_before_av_buttonrow  av-inherit-size'><h1 class='av-special-heading-tag'  itemprop=\"headline\"  >EXPOSANTS VENDENT DE LA TEXTILE<\/h1><div class=\"special-heading-border\"><div class=\"special-heading-inner-border\"><\/div><\/div><\/div>\n<div  class='avia-buttonrow-wrap av-jrj88vkn-d2e8d480357ac2b99ad2952b07c16b07 avia-buttonrow-center  avia-builder-el-3  el_after_av_heading  el_before_av_buttonrow '>\n\n<style type=\"text\/css\" data-created_by=\"avia_inline_auto\" id=\"style-css-av-6vbuanf-1eed0aea2d43e5f7f337659309380ec6\">\n#top #wrap_all .avia-button.av-6vbuanf-1eed0aea2d43e5f7f337659309380ec6{\nmargin-bottom:5px;\nmargin-right:3px;\nmargin-left:3px;\n}\n<\/style>\n<a href='https:\/\/vanremoortel.be\/de-witte-lietaer\/'  class='avia-button av-6vbuanf-1eed0aea2d43e5f7f337659309380ec6 avia-icon_select-no avia-size-large avia-color-theme-color-highlight'  ><span class='avia_iconbox_title' > De Witte Lietaer<\/span><\/a>\n\n<style type=\"text\/css\" data-created_by=\"avia_inline_auto\" id=\"style-css-av-68yno4r-7c1339bc95e78dd63f1982d9b46db8e1\">\n#top #wrap_all .avia-button.av-68yno4r-7c1339bc95e78dd63f1982d9b46db8e1{\nmargin-bottom:5px;\nmargin-right:3px;\nmargin-left:3px;\n}\n<\/style>\n<a href=''  class='avia-button av-68yno4r-7c1339bc95e78dd63f1982d9b46db8e1 avia-icon_select-no avia-size-large avia-color-theme-color'  ><span class='avia_iconbox_title' > Evenaar<\/span><\/a>\n\n<style type=\"text\/css\" data-created_by=\"avia_inline_auto\" id=\"style-css-av-5ofx0q3-2a1101062cff48ca32be2daca7c3becb\">\n#top #wrap_all .avia-button.av-5ofx0q3-2a1101062cff48ca32be2daca7c3becb{\nmargin-bottom:5px;\nmargin-right:3px;\nmargin-left:3px;\n}\n<\/style>\n<a href=''  class='avia-button av-5ofx0q3-2a1101062cff48ca32be2daca7c3becb avia-icon_select-no avia-size-large avia-color-theme-color'  ><span class='avia_iconbox_title' >Goround<\/span><\/a>\n\n<style type=\"text\/css\" data-created_by=\"avia_inline_auto\" id=\"style-css-av-5adyuuj-ef0388e1a1cb4edfd7af74bdb0c411bf\">\n#top #wrap_all .avia-button.av-5adyuuj-ef0388e1a1cb4edfd7af74bdb0c411bf{\nmargin-bottom:5px;\nmargin-right:3px;\nmargin-left:3px;\n}\n<\/style>\n<a href=''  class='avia-button av-5adyuuj-ef0388e1a1cb4edfd7af74bdb0c411bf avia-icon_select-no avia-size-large avia-color-theme-color'  ><span class='avia_iconbox_title' >Lime-Light<\/span><\/a>\n\n<style type=\"text\/css\" data-created_by=\"avia_inline_auto\" id=\"style-css-av-50ffmcr-9af4add5dafdf8015210a534dc764ca4\">\n#top #wrap_all .avia-button.av-50ffmcr-9af4add5dafdf8015210a534dc764ca4{\nmargin-bottom:5px;\nmargin-right:3px;\nmargin-left:3px;\n}\n<\/style>\n<a href=''  class='avia-button av-50ffmcr-9af4add5dafdf8015210a534dc764ca4 avia-icon_select-no avia-size-large avia-color-theme-color'  ><span class='avia_iconbox_title' >Madison<\/span><\/a>\n<\/div>\n<div  class='avia-buttonrow-wrap av-jrj88vkn-d2e8d480357ac2b99ad2952b07c16b07 avia-buttonrow-center  avia-builder-el-4  el_after_av_buttonrow  el_before_av_buttonrow '>\n\n<style type=\"text\/css\" data-created_by=\"avia_inline_auto\" id=\"style-css-av-4a71uln-f64a3d3182843d0af4835b65df96306a\">\n#top #wrap_all .avia-button.av-4a71uln-f64a3d3182843d0af4835b65df96306a{\nmargin-bottom:5px;\nmargin-right:3px;\nmargin-left:3px;\n}\n<\/style>\n<a href=''  class='avia-button av-4a71uln-f64a3d3182843d0af4835b65df96306a avia-icon_select-no avia-size-large avia-color-theme-color-highlight'  ><span class='avia_iconbox_title' > Mars &amp; More<\/span><\/a>\n\n<style type=\"text\/css\" data-created_by=\"avia_inline_auto\" id=\"style-css-av-3ukji97-a3a6e7d5e3db00829eacb84aa7137028\">\n#top #wrap_all .avia-button.av-3ukji97-a3a6e7d5e3db00829eacb84aa7137028{\nmargin-bottom:5px;\nmargin-right:3px;\nmargin-left:3px;\n}\n<\/style>\n<a href=''  class='avia-button av-3ukji97-a3a6e7d5e3db00829eacb84aa7137028 avia-icon_select-no avia-size-large avia-color-theme-color'  ><span class='avia_iconbox_title' >Mrs Bloom<\/span><\/a>\n\n<style type=\"text\/css\" data-created_by=\"avia_inline_auto\" id=\"style-css-av-3iu8qvf-bf66bf31202ff41a100dcf058ec61493\">\n#top #wrap_all .avia-button.av-3iu8qvf-bf66bf31202ff41a100dcf058ec61493{\nmargin-bottom:5px;\nmargin-right:3px;\nmargin-left:3px;\n}\n<\/style>\n<a href=''  class='avia-button av-3iu8qvf-bf66bf31202ff41a100dcf058ec61493 avia-icon_select-no avia-size-large avia-color-theme-color'  ><span class='avia_iconbox_title' >Nielsen<\/span><\/a>\n\n<style type=\"text\/css\" data-created_by=\"avia_inline_auto\" id=\"style-css-av-30ioqx7-6ff1963c90c599329c2ca8e2d78d49e6\">\n#top #wrap_all .avia-button.av-30ioqx7-6ff1963c90c599329c2ca8e2d78d49e6{\nmargin-bottom:5px;\nmargin-right:3px;\nmargin-left:3px;\n}\n<\/style>\n<a href=''  class='avia-button av-30ioqx7-6ff1963c90c599329c2ca8e2d78d49e6 avia-icon_select-no avia-size-large avia-color-theme-color'  ><span class='avia_iconbox_title' >Rogon<\/span><\/a>\n\n<style type=\"text\/css\" data-created_by=\"avia_inline_auto\" id=\"style-css-av-2j1fpnv-f511a91d5e034b75868f22c39135466a\">\n#top #wrap_all .avia-button.av-2j1fpnv-f511a91d5e034b75868f22c39135466a{\nmargin-bottom:5px;\nmargin-right:3px;\nmargin-left:3px;\n}\n<\/style>\n<a href=''  class='avia-button av-2j1fpnv-f511a91d5e034b75868f22c39135466a avia-icon_select-no avia-size-large avia-color-theme-color'  ><span class='avia_iconbox_title' >Royal Orient Cosmetics<\/span><\/a>\n<\/div>\n<div  class='avia-buttonrow-wrap av-jrj88vkn-d2e8d480357ac2b99ad2952b07c16b07 avia-buttonrow-center  avia-builder-el-5  el_after_av_buttonrow  el_before_av_hr '>\n\n<style type=\"text\/css\" data-created_by=\"avia_inline_auto\" id=\"style-css-av-7uchuz-763ef38f493e8664f3400190dfd0e0f4\">\n#top #wrap_all .avia-button.av-7uchuz-763ef38f493e8664f3400190dfd0e0f4{\nmargin-bottom:5px;\nmargin-right:3px;\nmargin-left:3px;\n}\n<\/style>\n<a href=''  class='avia-button av-7uchuz-763ef38f493e8664f3400190dfd0e0f4 avia-icon_select-no avia-size-large avia-color-theme-color-highlight'  ><span class='avia_iconbox_title' >Tiseco<\/span><\/a>\n\n<style type=\"text\/css\" data-created_by=\"avia_inline_auto\" id=\"style-css-av-1fnywmj-2c6cc40190c20d099769036792156b1f\">\n#top #wrap_all .avia-button.av-1fnywmj-2c6cc40190c20d099769036792156b1f{\nmargin-bottom:5px;\nmargin-right:3px;\nmargin-left:3px;\n}\n<\/style>\n<a href=''  class='avia-button av-1fnywmj-2c6cc40190c20d099769036792156b1f avia-icon_select-no avia-size-large avia-color-theme-color'  ><span class='avia_iconbox_title' >Walra<\/span><\/a>\n\n<style type=\"text\/css\" data-created_by=\"avia_inline_auto\" id=\"style-css-av-12zhv4b-bb20cd11cff0d63e9a32c438e06e4f91\">\n#top #wrap_all .avia-button.av-12zhv4b-bb20cd11cff0d63e9a32c438e06e4f91{\nmargin-bottom:5px;\nmargin-right:3px;\nmargin-left:3px;\n}\n<\/style>\n<a href=''  class='avia-button av-12zhv4b-bb20cd11cff0d63e9a32c438e06e4f91 avia-icon_select-no avia-size-large avia-color-theme-color'  ><span class='avia_iconbox_title' > Villeroy &amp; Boch<\/span><\/a>\n\n<style type=\"text\/css\" data-created_by=\"avia_inline_auto\" id=\"style-css-av-mpj1jf-14638d18544827bbf751e641effe098e\">\n#top #wrap_all .avia-button.av-mpj1jf-14638d18544827bbf751e641effe098e{\nmargin-bottom:5px;\nmargin-right:3px;\nmargin-left:3px;\n}\n<\/style>\n<a href=''  class='avia-button av-mpj1jf-14638d18544827bbf751e641effe098e avia-icon_select-no avia-size-large avia-color-theme-color'  ><span class='avia_iconbox_title' >Wittkemper Living<\/span><\/a>\n<\/div>\n\n<style type=\"text\/css\" data-created_by=\"avia_inline_auto\" id=\"style-css-av-jrj2hqq8-e9db90b558066726c7265c23fbb76a53\">\n#top .hr.hr-invisible.av-jrj2hqq8-e9db90b558066726c7265c23fbb76a53{\nheight:50px;\n}\n<\/style>\n<div  class='hr av-jrj2hqq8-e9db90b558066726c7265c23fbb76a53 hr-invisible  avia-builder-el-6  el_after_av_buttonrow  el_before_av_buttonrow '><span class='hr-inner '><span class=\"hr-inner-style\"><\/span><\/span><\/div>\n<div  class='avia-buttonrow-wrap av-jrixpayy-a9f436b166705862c0d19cf90be880a8 avia-buttonrow-center  avia-builder-el-7  el_after_av_hr  avia-builder-el-last '>\n\n<style type=\"text\/css\" data-created_by=\"avia_inline_auto\" id=\"style-css-av-13ji153-cc79fdef9336a1802ac938f35e9a380e\">\n#top #wrap_all .avia-button.av-13ji153-cc79fdef9336a1802ac938f35e9a380e{\nmargin-bottom:20px;\nmargin-right:10px;\nmargin-left:10px;\n}\n<\/style>\n<a href='https:\/\/vanremoortel.be\/fr\/assortiment\/'  class='avia-button av-13ji153-cc79fdef9336a1802ac938f35e9a380e avia-icon_select-yes-left-icon avia-size-x-large avia-color-theme-color-subtle'  ><span class='avia_button_icon avia_button_icon_left ' aria-hidden='true' data-av_icon='\ue830' data-av_iconfont='entypo-fontello'><\/span><span class='avia_iconbox_title' >Retour \u00e0 la gamme compl\u00e8te<\/span><\/a>\n\n<style type=\"text\/css\" data-created_by=\"avia_inline_auto\" id=\"style-css-av-vs3axz-e3aa250ff94c517eebbd251e93fd17da\">\n#top #wrap_all .avia-button.av-vs3axz-e3aa250ff94c517eebbd251e93fd17da{\nbackground-color:#630d91;\nborder-color:#630d91;\ncolor:#ffffff;\ntransition:all 0.4s ease-in-out;\nmargin-bottom:20px;\nmargin-right:10px;\nmargin-left:10px;\n}\n<\/style>\n<a href='https:\/\/vanremoortel.be\/fr\/devenir-client\/'  class='avia-button av-vs3axz-e3aa250ff94c517eebbd251e93fd17da avia-icon_select-yes-left-icon avia-size-x-large'  ><span class='avia_button_icon avia_button_icon_left ' aria-hidden='true' data-av_icon='\ue80c' data-av_iconfont='entypo-fontello'><\/span><span class='avia_iconbox_title' >Devenir client<\/span><\/a>\n<\/div>\n","protected":false},"excerpt":{"rendered":"","protected":false},"author":1,"featured_media":0,"parent":0,"menu_order":0,"comment_status":"closed","ping_status":"closed","template":"","meta":{"_exactmetrics_skip_tracking":false,"_exactmetrics_sitenote_active":false,"_exactmetrics_sitenote_note":"","_exactmetrics_sitenote_category":0,"footnotes":""},"class_list":["post-34928","page","type-page","status-publish","hentry"],"yoast_head":"<!-- This site is optimized with the Yoast SEO plugin v27.6 - https:\/\/yoast.com\/product\/yoast-seo-wordpress\/ -->\n<title>TEXTILE - Van Remoortel<\/title>\n<meta name=\"description\" content=\"Vous trouverez des articles de toilette de luxe et du linge de lit, des textiles de cuisine, etc. Textile pour compl\u00e9ter votre assortiment.\" \/>\n<meta name=\"robots\" content=\"index, follow, max-snippet:-1, max-image-preview:large, max-video-preview:-1\" \/>\n<link rel=\"canonical\" href=\"https:\/\/vanremoortel.be\/fr\/textile\/\" \/>\n<meta property=\"og:locale\" content=\"fr_FR\" \/>\n<meta property=\"og:type\" content=\"article\" \/>\n<meta property=\"og:title\" content=\"TEXTILE - Van Remoortel\" \/>\n<meta property=\"og:description\" content=\"Vous trouverez des articles de toilette de luxe et du linge de lit, des textiles de cuisine, etc. Textile pour compl\u00e9ter votre assortiment.\" \/>\n<meta property=\"og:url\" content=\"https:\/\/vanremoortel.be\/fr\/textile\/\" \/>\n<meta property=\"og:site_name\" content=\"Van Remoortel\" \/>\n<meta property=\"article:publisher\" content=\"https:\/\/www.facebook.com\/Groothandel.Decoratie.Van.Remoortel\/\" \/>\n<meta property=\"article:modified_time\" content=\"2019-03-27T11:25:58+00:00\" \/>\n<meta name=\"twitter:card\" content=\"summary_large_image\" \/>\n<meta name=\"twitter:label1\" content=\"Dur\u00e9e de lecture est.\" \/>\n\t<meta name=\"twitter:data1\" content=\"6 minutes\" \/>\n<script type=\"application\/ld+json\" class=\"yoast-schema-graph\">{\"@context\":\"https:\\\/\\\/schema.org\",\"@graph\":[{\"@type\":\"WebPage\",\"@id\":\"https:\\\/\\\/vanremoortel.be\\\/fr\\\/textile\\\/\",\"url\":\"https:\\\/\\\/vanremoortel.be\\\/fr\\\/textile\\\/\",\"name\":\"TEXTILE - Van Remoortel\",\"isPartOf\":{\"@id\":\"https:\\\/\\\/vanremoortel.be\\\/#website\"},\"datePublished\":\"2019-01-30T10:54:48+00:00\",\"dateModified\":\"2019-03-27T11:25:58+00:00\",\"description\":\"Vous trouverez des articles de toilette de luxe et du linge de lit, des textiles de cuisine, etc. Textile pour compl\u00e9ter votre assortiment.\",\"breadcrumb\":{\"@id\":\"https:\\\/\\\/vanremoortel.be\\\/fr\\\/textile\\\/#breadcrumb\"},\"inLanguage\":\"fr-BE\",\"potentialAction\":[{\"@type\":\"ReadAction\",\"target\":[\"https:\\\/\\\/vanremoortel.be\\\/fr\\\/textile\\\/\"]}]},{\"@type\":\"BreadcrumbList\",\"@id\":\"https:\\\/\\\/vanremoortel.be\\\/fr\\\/textile\\\/#breadcrumb\",\"itemListElement\":[{\"@type\":\"ListItem\",\"position\":1,\"name\":\"Home\",\"item\":\"https:\\\/\\\/vanremoortel.be\\\/fr\\\/accueil\\\/\"},{\"@type\":\"ListItem\",\"position\":2,\"name\":\"TEXTILE\"}]},{\"@type\":\"WebSite\",\"@id\":\"https:\\\/\\\/vanremoortel.be\\\/#website\",\"url\":\"https:\\\/\\\/vanremoortel.be\\\/\",\"name\":\"Van Remoortel\",\"description\":\"Van Remoortel\",\"publisher\":{\"@id\":\"https:\\\/\\\/vanremoortel.be\\\/#organization\"},\"potentialAction\":[{\"@type\":\"SearchAction\",\"target\":{\"@type\":\"EntryPoint\",\"urlTemplate\":\"https:\\\/\\\/vanremoortel.be\\\/?s={search_term_string}\"},\"query-input\":{\"@type\":\"PropertyValueSpecification\",\"valueRequired\":true,\"valueName\":\"search_term_string\"}}],\"inLanguage\":\"fr-BE\"},{\"@type\":\"Organization\",\"@id\":\"https:\\\/\\\/vanremoortel.be\\\/#organization\",\"name\":\"Van Remoortel\",\"url\":\"https:\\\/\\\/vanremoortel.be\\\/\",\"logo\":{\"@type\":\"ImageObject\",\"inLanguage\":\"fr-BE\",\"@id\":\"https:\\\/\\\/vanremoortel.be\\\/#\\\/schema\\\/logo\\\/image\\\/\",\"url\":\"https:\\\/\\\/vanremoortel.be\\\/wp-content\\\/uploads\\\/2017\\\/09\\\/van-Remoortel_powered_FINAL.jpg\",\"contentUrl\":\"https:\\\/\\\/vanremoortel.be\\\/wp-content\\\/uploads\\\/2017\\\/09\\\/van-Remoortel_powered_FINAL.jpg\",\"width\":2328,\"height\":322,\"caption\":\"Van Remoortel\"},\"image\":{\"@id\":\"https:\\\/\\\/vanremoortel.be\\\/#\\\/schema\\\/logo\\\/image\\\/\"},\"sameAs\":[\"https:\\\/\\\/www.facebook.com\\\/Groothandel.Decoratie.Van.Remoortel\\\/\",\"https:\\\/\\\/www.instagram.com\\\/van_remoortel\\\/?hl=nl\",\"https:\\\/\\\/www.linkedin.com\\\/company\\\/van-remoortel-nv\\\/about\\\/\",\"https:\\\/\\\/www.youtube.com\\\/channel\\\/UCYm8eOCzCOC4HxA-Ya0XayQ\"]}]}<\/script>\n<!-- \/ Yoast SEO plugin. -->","yoast_head_json":{"title":"TEXTILE - Van Remoortel","description":"Vous trouverez des articles de toilette de luxe et du linge de lit, des textiles de cuisine, etc. Textile pour compl\u00e9ter votre assortiment.","robots":{"index":"index","follow":"follow","max-snippet":"max-snippet:-1","max-image-preview":"max-image-preview:large","max-video-preview":"max-video-preview:-1"},"canonical":"https:\/\/vanremoortel.be\/fr\/textile\/","og_locale":"fr_FR","og_type":"article","og_title":"TEXTILE - Van Remoortel","og_description":"Vous trouverez des articles de toilette de luxe et du linge de lit, des textiles de cuisine, etc. Textile pour compl\u00e9ter votre assortiment.","og_url":"https:\/\/vanremoortel.be\/fr\/textile\/","og_site_name":"Van Remoortel","article_publisher":"https:\/\/www.facebook.com\/Groothandel.Decoratie.Van.Remoortel\/","article_modified_time":"2019-03-27T11:25:58+00:00","twitter_card":"summary_large_image","twitter_misc":{"Dur\u00e9e de lecture est.":"6 minutes"},"schema":{"@context":"https:\/\/schema.org","@graph":[{"@type":"WebPage","@id":"https:\/\/vanremoortel.be\/fr\/textile\/","url":"https:\/\/vanremoortel.be\/fr\/textile\/","name":"TEXTILE - Van Remoortel","isPartOf":{"@id":"https:\/\/vanremoortel.be\/#website"},"datePublished":"2019-01-30T10:54:48+00:00","dateModified":"2019-03-27T11:25:58+00:00","description":"Vous trouverez des articles de toilette de luxe et du linge de lit, des textiles de cuisine, etc. Textile pour compl\u00e9ter votre assortiment.","breadcrumb":{"@id":"https:\/\/vanremoortel.be\/fr\/textile\/#breadcrumb"},"inLanguage":"fr-BE","potentialAction":[{"@type":"ReadAction","target":["https:\/\/vanremoortel.be\/fr\/textile\/"]}]},{"@type":"BreadcrumbList","@id":"https:\/\/vanremoortel.be\/fr\/textile\/#breadcrumb","itemListElement":[{"@type":"ListItem","position":1,"name":"Home","item":"https:\/\/vanremoortel.be\/fr\/accueil\/"},{"@type":"ListItem","position":2,"name":"TEXTILE"}]},{"@type":"WebSite","@id":"https:\/\/vanremoortel.be\/#website","url":"https:\/\/vanremoortel.be\/","name":"Van Remoortel","description":"Van Remoortel","publisher":{"@id":"https:\/\/vanremoortel.be\/#organization"},"potentialAction":[{"@type":"SearchAction","target":{"@type":"EntryPoint","urlTemplate":"https:\/\/vanremoortel.be\/?s={search_term_string}"},"query-input":{"@type":"PropertyValueSpecification","valueRequired":true,"valueName":"search_term_string"}}],"inLanguage":"fr-BE"},{"@type":"Organization","@id":"https:\/\/vanremoortel.be\/#organization","name":"Van Remoortel","url":"https:\/\/vanremoortel.be\/","logo":{"@type":"ImageObject","inLanguage":"fr-BE","@id":"https:\/\/vanremoortel.be\/#\/schema\/logo\/image\/","url":"https:\/\/vanremoortel.be\/wp-content\/uploads\/2017\/09\/van-Remoortel_powered_FINAL.jpg","contentUrl":"https:\/\/vanremoortel.be\/wp-content\/uploads\/2017\/09\/van-Remoortel_powered_FINAL.jpg","width":2328,"height":322,"caption":"Van Remoortel"},"image":{"@id":"https:\/\/vanremoortel.be\/#\/schema\/logo\/image\/"},"sameAs":["https:\/\/www.facebook.com\/Groothandel.Decoratie.Van.Remoortel\/","https:\/\/www.instagram.com\/van_remoortel\/?hl=nl","https:\/\/www.linkedin.com\/company\/van-remoortel-nv\/about\/","https:\/\/www.youtube.com\/channel\/UCYm8eOCzCOC4HxA-Ya0XayQ"]}]}},"_links":{"self":[{"href":"https:\/\/vanremoortel.be\/fr\/wp-json\/wp\/v2\/pages\/34928","targetHints":{"allow":["GET"]}}],"collection":[{"href":"https:\/\/vanremoortel.be\/fr\/wp-json\/wp\/v2\/pages"}],"about":[{"href":"https:\/\/vanremoortel.be\/fr\/wp-json\/wp\/v2\/types\/page"}],"author":[{"embeddable":true,"href":"https:\/\/vanremoortel.be\/fr\/wp-json\/wp\/v2\/users\/1"}],"replies":[{"embeddable":true,"href":"https:\/\/vanremoortel.be\/fr\/wp-json\/wp\/v2\/comments?post=34928"}],"version-history":[{"count":5,"href":"https:\/\/vanremoortel.be\/fr\/wp-json\/wp\/v2\/pages\/34928\/revisions"}],"predecessor-version":[{"id":36046,"href":"https:\/\/vanremoortel.be\/fr\/wp-json\/wp\/v2\/pages\/34928\/revisions\/36046"}],"wp:attachment":[{"href":"https:\/\/vanremoortel.be\/fr\/wp-json\/wp\/v2\/media?parent=34928"}],"curies":[{"name":"wp","href":"https:\/\/api.w.org\/{rel}","templated":true}]}}