{"id":34920,"date":"2019-01-30T11:39:44","date_gmt":"2019-01-30T10:39:44","guid":{"rendered":"https:\/\/vanremoortel.be\/potterie\/"},"modified":"2019-03-27T12:24:54","modified_gmt":"2019-03-27T11:24:54","slug":"poterie","status":"publish","type":"page","link":"https:\/\/vanremoortel.be\/fr\/poterie\/","title":{"rendered":"POTERIE"},"content":{"rendered":"\n<style type=\"text\/css\" data-created_by=\"avia_inline_auto\" id=\"style-css-av-av_heading-1c3162531c530382af09f365b5765ab7\">\n#top .av-special-heading.av-av_heading-1c3162531c530382af09f365b5765ab7{\npadding-bottom:50px;\n}\nbody .av-special-heading.av-av_heading-1c3162531c530382af09f365b5765ab7 .av-special-heading-tag .heading-char{\nfont-size:25px;\n}\n.av-special-heading.av-av_heading-1c3162531c530382af09f365b5765ab7 .av-subheading{\nfont-size:15px;\n}\n<\/style>\n<div  class='av-special-heading av-av_heading-1c3162531c530382af09f365b5765ab7 av-special-heading-h1 blockquote modern-quote modern-centered  avia-builder-el-0  el_before_av_textblock  avia-builder-el-first '><h1 class='av-special-heading-tag'  itemprop=\"headline\"  >POTERIE<\/h1><div class=\"special-heading-border\"><div class=\"special-heading-inner-border\"><\/div><\/div><\/div>\n<section  class='av_textblock_section av-jrj269ox-c698e22a4637719ffc27ea83d653d44e '   itemscope=\"itemscope\" itemtype=\"https:\/\/schema.org\/CreativeWork\" ><div class='avia_textblock'  itemprop=\"text\" ><h2>Pots et vases de dizaines de fournisseurs<\/h2>\n<p>Au centre de retraitement B2B de Van Remoortel, vous trouverez des pots et des vases de dizaines d&rsquo;exposants sous un m\u00eame toit. Pots de c\u00e9ramique, poterie, verre, canne, rotin, bois et plus. Dans tous les styles, couleurs, formes et tailles imaginables! Des dizaines d&rsquo;exposants pr\u00e9sentent chacun leur offre sur leur propre stand. Lors d&rsquo;une visite d&rsquo;achat, vous achetez chacun et vous payez \u00e0 la caisse centrale.<\/p>\n<h2>Pour dedans et dehors<\/h2>\n<p>En plus des nombreux pots pour une utilisation en int\u00e9rieur, plusieurs fournisseurs proposent des pots adapt\u00e9s \u00e0 une utilisation en ext\u00e9rieur.<\/p>\n<h2>Pots de fleurs, tirelires et bonbonni\u00e8res<\/h2>\n<p>Dans la poterie, on pense imm\u00e9diatement aux pots de fleurs et aux vases pour int\u00e9rieur et ext\u00e9rieur, ceux-ci sont largement repr\u00e9sent\u00e9s chez Van Remoortel. De plus, vous trouverez dans notre cash &amp; carry un grand choix de tirelires sous de nombreuses formes, ainsi que des bonbonni\u00e8res!<\/p>\n<\/div><\/section>\n\n<style type=\"text\/css\" data-created_by=\"avia_inline_auto\" id=\"style-css-av-av_heading-5717ee56092127ca5b304436aa6cf0f3\">\n#top .av-special-heading.av-av_heading-5717ee56092127ca5b304436aa6cf0f3{\npadding-bottom:50px;\nfont-size:16px;\n}\nbody .av-special-heading.av-av_heading-5717ee56092127ca5b304436aa6cf0f3 .av-special-heading-tag .heading-char{\nfont-size:25px;\n}\n#top #wrap_all .av-special-heading.av-av_heading-5717ee56092127ca5b304436aa6cf0f3 .av-special-heading-tag{\nfont-size:16px;\n}\n.av-special-heading.av-av_heading-5717ee56092127ca5b304436aa6cf0f3 .av-subheading{\nfont-size:15px;\n}\n\n@media only screen and (min-width: 480px) and (max-width: 767px){ \n#top #wrap_all .av-special-heading.av-av_heading-5717ee56092127ca5b304436aa6cf0f3 .av-special-heading-tag{\nfont-size:0.8em;\n}\n}\n\n@media only screen and (max-width: 479px){ \n#top #wrap_all .av-special-heading.av-av_heading-5717ee56092127ca5b304436aa6cf0f3 .av-special-heading-tag{\nfont-size:0.8em;\n}\n}\n<\/style>\n<div  class='av-special-heading av-av_heading-5717ee56092127ca5b304436aa6cf0f3 av-special-heading-h1 blockquote modern-quote modern-centered  avia-builder-el-2  el_after_av_textblock  el_before_av_buttonrow  av-inherit-size'><h1 class='av-special-heading-tag'  itemprop=\"headline\"  >EXPOSANTS VENDENT DU POTERIE<\/h1><div class=\"special-heading-border\"><div class=\"special-heading-inner-border\"><\/div><\/div><\/div>\n<div  class='avia-buttonrow-wrap av-jrj88vkn-d2e8d480357ac2b99ad2952b07c16b07 avia-buttonrow-center  avia-builder-el-3  el_after_av_heading  el_before_av_hr '>\n\n<style type=\"text\/css\" data-created_by=\"avia_inline_auto\" id=\"style-css-av-2gwoxs8-e6ab7c017754de00a7801d32c6670621\">\n#top #wrap_all .avia-button.av-2gwoxs8-e6ab7c017754de00a7801d32c6670621{\nmargin-bottom:5px;\nmargin-right:3px;\nmargin-left:3px;\n}\n<\/style>\n<a href=''  class='avia-button av-2gwoxs8-e6ab7c017754de00a7801d32c6670621 avia-icon_select-no avia-size-large avia-color-theme-color-highlight'  ><span class='avia_iconbox_title' >Cocoon Collection<\/span><\/a>\n\n<style type=\"text\/css\" data-created_by=\"avia_inline_auto\" id=\"style-css-av-1wn27xk-40f0e744356581a00f58a06ed9b25638\">\n#top #wrap_all .avia-button.av-1wn27xk-40f0e744356581a00f58a06ed9b25638{\nmargin-bottom:5px;\nmargin-right:3px;\nmargin-left:3px;\n}\n<\/style>\n<a href=''  class='avia-button av-1wn27xk-40f0e744356581a00f58a06ed9b25638 avia-icon_select-no avia-size-large avia-color-theme-color'  ><span class='avia_iconbox_title' >Jelle Quint<\/span><\/a>\n\n<style type=\"text\/css\" data-created_by=\"avia_inline_auto\" id=\"style-css-av-1fm2bhk-f25a374caf72a4204f5b12bb2b2ca631\">\n#top #wrap_all .avia-button.av-1fm2bhk-f25a374caf72a4204f5b12bb2b2ca631{\nmargin-bottom:5px;\nmargin-right:3px;\nmargin-left:3px;\n}\n<\/style>\n<a href='https:\/\/vanremoortel.be\/otium\/'  class='avia-button av-1fm2bhk-f25a374caf72a4204f5b12bb2b2ca631 avia-icon_select-no avia-size-large avia-color-theme-color'  ><span class='avia_iconbox_title' > Otium<\/span><\/a>\n\n<style type=\"text\/css\" data-created_by=\"avia_inline_auto\" id=\"style-css-av-13ae3hk-8a2b881f76f3f7f13137c265a76a325c\">\n#top #wrap_all .avia-button.av-13ae3hk-8a2b881f76f3f7f13137c265a76a325c{\nmargin-bottom:5px;\nmargin-right:3px;\nmargin-left:3px;\n}\n<\/style>\n<a href=''  class='avia-button av-13ae3hk-8a2b881f76f3f7f13137c265a76a325c avia-icon_select-no avia-size-large avia-color-theme-color'  ><span class='avia_iconbox_title' >The Family House<\/span><\/a>\n\n<style type=\"text\/css\" data-created_by=\"avia_inline_auto\" id=\"style-css-av-m51qbs-7fa34d4e9542a68b802e35d6b6033b38\">\n#top #wrap_all .avia-button.av-m51qbs-7fa34d4e9542a68b802e35d6b6033b38{\nmargin-bottom:5px;\nmargin-right:3px;\nmargin-left:3px;\n}\n<\/style>\n<a href='https:\/\/vanremoortel.be\/van-remoortel\/'  class='avia-button av-m51qbs-7fa34d4e9542a68b802e35d6b6033b38 avia-icon_select-no avia-size-large avia-color-theme-color'  ><span class='avia_iconbox_title' >Van Remoortel<\/span><\/a>\n<\/div>\n\n<style type=\"text\/css\" data-created_by=\"avia_inline_auto\" id=\"style-css-av-jrj22jnu-4421a395e27560580534e13be7069f9a\">\n#top .hr.hr-invisible.av-jrj22jnu-4421a395e27560580534e13be7069f9a{\nheight:50px;\n}\n<\/style>\n<div  class='hr av-jrj22jnu-4421a395e27560580534e13be7069f9a hr-invisible  avia-builder-el-4  el_after_av_buttonrow  el_before_av_buttonrow '><span class='hr-inner '><span class=\"hr-inner-style\"><\/span><\/span><\/div>\n<div  class='avia-buttonrow-wrap av-jrixpayy-a9f436b166705862c0d19cf90be880a8 avia-buttonrow-center  avia-builder-el-5  el_after_av_hr  avia-builder-el-last '>\n\n<style type=\"text\/css\" data-created_by=\"avia_inline_auto\" id=\"style-css-av-13ji153-cc79fdef9336a1802ac938f35e9a380e\">\n#top #wrap_all .avia-button.av-13ji153-cc79fdef9336a1802ac938f35e9a380e{\nmargin-bottom:20px;\nmargin-right:10px;\nmargin-left:10px;\n}\n<\/style>\n<a href='https:\/\/vanremoortel.be\/fr\/assortiment\/'  class='avia-button av-13ji153-cc79fdef9336a1802ac938f35e9a380e avia-icon_select-yes-left-icon avia-size-x-large avia-color-theme-color-subtle'  ><span class='avia_button_icon avia_button_icon_left ' aria-hidden='true' data-av_icon='\ue830' data-av_iconfont='entypo-fontello'><\/span><span class='avia_iconbox_title' >Retour \u00e0 la gamme compl\u00e8te<\/span><\/a>\n\n<style type=\"text\/css\" data-created_by=\"avia_inline_auto\" id=\"style-css-av-vs3axz-e3aa250ff94c517eebbd251e93fd17da\">\n#top #wrap_all .avia-button.av-vs3axz-e3aa250ff94c517eebbd251e93fd17da{\nbackground-color:#630d91;\nborder-color:#630d91;\ncolor:#ffffff;\ntransition:all 0.4s ease-in-out;\nmargin-bottom:20px;\nmargin-right:10px;\nmargin-left:10px;\n}\n<\/style>\n<a href='https:\/\/vanremoortel.be\/fr\/devenir-client\/'  class='avia-button av-vs3axz-e3aa250ff94c517eebbd251e93fd17da avia-icon_select-yes-left-icon avia-size-x-large'  ><span class='avia_button_icon avia_button_icon_left ' aria-hidden='true' data-av_icon='\ue80c' data-av_iconfont='entypo-fontello'><\/span><span class='avia_iconbox_title' >Devenir client<\/span><\/a>\n<\/div>\n","protected":false},"excerpt":{"rendered":"","protected":false},"author":1,"featured_media":0,"parent":0,"menu_order":0,"comment_status":"closed","ping_status":"closed","template":"","meta":{"_exactmetrics_skip_tracking":false,"_exactmetrics_sitenote_active":false,"_exactmetrics_sitenote_note":"","_exactmetrics_sitenote_category":0,"footnotes":""},"class_list":["post-34920","page","type-page","status-publish","hentry"],"yoast_head":"<!-- This site is optimized with the Yoast SEO plugin v27.4 - https:\/\/yoast.com\/product\/yoast-seo-wordpress\/ -->\n<title>POTERIE - Van Remoortel<\/title>\n<meta name=\"description\" content=\"Poterie en c\u00e9ramique, fa\u00efence, verre, roseau, rotin, bois et plus. Dans tous les styles, couleurs, formes et tailles imaginables! Des dizaines d&#039;exposants!\" \/>\n<meta name=\"robots\" content=\"index, follow, max-snippet:-1, max-image-preview:large, max-video-preview:-1\" \/>\n<link rel=\"canonical\" href=\"https:\/\/vanremoortel.be\/fr\/poterie\/\" \/>\n<meta property=\"og:locale\" content=\"fr_FR\" \/>\n<meta property=\"og:type\" content=\"article\" \/>\n<meta property=\"og:title\" content=\"POTERIE - Van Remoortel\" \/>\n<meta property=\"og:description\" content=\"Poterie en c\u00e9ramique, fa\u00efence, verre, roseau, rotin, bois et plus. Dans tous les styles, couleurs, formes et tailles imaginables! Des dizaines d&#039;exposants!\" \/>\n<meta property=\"og:url\" content=\"https:\/\/vanremoortel.be\/fr\/poterie\/\" \/>\n<meta property=\"og:site_name\" content=\"Van Remoortel\" \/>\n<meta property=\"article:publisher\" content=\"https:\/\/www.facebook.com\/Groothandel.Decoratie.Van.Remoortel\/\" \/>\n<meta property=\"article:modified_time\" content=\"2019-03-27T11:24:54+00:00\" \/>\n<meta name=\"twitter:card\" content=\"summary_large_image\" \/>\n<meta name=\"twitter:label1\" content=\"Dur\u00e9e de lecture est.\" \/>\n\t<meta name=\"twitter:data1\" content=\"4 minutes\" \/>\n<script type=\"application\/ld+json\" class=\"yoast-schema-graph\">{\"@context\":\"https:\\\/\\\/schema.org\",\"@graph\":[{\"@type\":\"WebPage\",\"@id\":\"https:\\\/\\\/vanremoortel.be\\\/fr\\\/poterie\\\/\",\"url\":\"https:\\\/\\\/vanremoortel.be\\\/fr\\\/poterie\\\/\",\"name\":\"POTERIE - Van Remoortel\",\"isPartOf\":{\"@id\":\"https:\\\/\\\/vanremoortel.be\\\/#website\"},\"datePublished\":\"2019-01-30T10:39:44+00:00\",\"dateModified\":\"2019-03-27T11:24:54+00:00\",\"description\":\"Poterie en c\u00e9ramique, fa\u00efence, verre, roseau, rotin, bois et plus. Dans tous les styles, couleurs, formes et tailles imaginables! Des dizaines d'exposants!\",\"breadcrumb\":{\"@id\":\"https:\\\/\\\/vanremoortel.be\\\/fr\\\/poterie\\\/#breadcrumb\"},\"inLanguage\":\"fr-BE\",\"potentialAction\":[{\"@type\":\"ReadAction\",\"target\":[\"https:\\\/\\\/vanremoortel.be\\\/fr\\\/poterie\\\/\"]}]},{\"@type\":\"BreadcrumbList\",\"@id\":\"https:\\\/\\\/vanremoortel.be\\\/fr\\\/poterie\\\/#breadcrumb\",\"itemListElement\":[{\"@type\":\"ListItem\",\"position\":1,\"name\":\"Home\",\"item\":\"https:\\\/\\\/vanremoortel.be\\\/fr\\\/accueil\\\/\"},{\"@type\":\"ListItem\",\"position\":2,\"name\":\"POTERIE\"}]},{\"@type\":\"WebSite\",\"@id\":\"https:\\\/\\\/vanremoortel.be\\\/#website\",\"url\":\"https:\\\/\\\/vanremoortel.be\\\/\",\"name\":\"Van Remoortel\",\"description\":\"Van Remoortel\",\"publisher\":{\"@id\":\"https:\\\/\\\/vanremoortel.be\\\/#organization\"},\"potentialAction\":[{\"@type\":\"SearchAction\",\"target\":{\"@type\":\"EntryPoint\",\"urlTemplate\":\"https:\\\/\\\/vanremoortel.be\\\/?s={search_term_string}\"},\"query-input\":{\"@type\":\"PropertyValueSpecification\",\"valueRequired\":true,\"valueName\":\"search_term_string\"}}],\"inLanguage\":\"fr-BE\"},{\"@type\":\"Organization\",\"@id\":\"https:\\\/\\\/vanremoortel.be\\\/#organization\",\"name\":\"Van Remoortel\",\"url\":\"https:\\\/\\\/vanremoortel.be\\\/\",\"logo\":{\"@type\":\"ImageObject\",\"inLanguage\":\"fr-BE\",\"@id\":\"https:\\\/\\\/vanremoortel.be\\\/#\\\/schema\\\/logo\\\/image\\\/\",\"url\":\"https:\\\/\\\/vanremoortel.be\\\/wp-content\\\/uploads\\\/2017\\\/09\\\/van-Remoortel_powered_FINAL.jpg\",\"contentUrl\":\"https:\\\/\\\/vanremoortel.be\\\/wp-content\\\/uploads\\\/2017\\\/09\\\/van-Remoortel_powered_FINAL.jpg\",\"width\":2328,\"height\":322,\"caption\":\"Van Remoortel\"},\"image\":{\"@id\":\"https:\\\/\\\/vanremoortel.be\\\/#\\\/schema\\\/logo\\\/image\\\/\"},\"sameAs\":[\"https:\\\/\\\/www.facebook.com\\\/Groothandel.Decoratie.Van.Remoortel\\\/\",\"https:\\\/\\\/www.instagram.com\\\/van_remoortel\\\/?hl=nl\",\"https:\\\/\\\/www.linkedin.com\\\/company\\\/van-remoortel-nv\\\/about\\\/\",\"https:\\\/\\\/www.youtube.com\\\/channel\\\/UCYm8eOCzCOC4HxA-Ya0XayQ\"]}]}<\/script>\n<!-- \/ Yoast SEO plugin. -->","yoast_head_json":{"title":"POTERIE - Van Remoortel","description":"Poterie en c\u00e9ramique, fa\u00efence, verre, roseau, rotin, bois et plus. Dans tous les styles, couleurs, formes et tailles imaginables! Des dizaines d'exposants!","robots":{"index":"index","follow":"follow","max-snippet":"max-snippet:-1","max-image-preview":"max-image-preview:large","max-video-preview":"max-video-preview:-1"},"canonical":"https:\/\/vanremoortel.be\/fr\/poterie\/","og_locale":"fr_FR","og_type":"article","og_title":"POTERIE - Van Remoortel","og_description":"Poterie en c\u00e9ramique, fa\u00efence, verre, roseau, rotin, bois et plus. Dans tous les styles, couleurs, formes et tailles imaginables! Des dizaines d'exposants!","og_url":"https:\/\/vanremoortel.be\/fr\/poterie\/","og_site_name":"Van Remoortel","article_publisher":"https:\/\/www.facebook.com\/Groothandel.Decoratie.Van.Remoortel\/","article_modified_time":"2019-03-27T11:24:54+00:00","twitter_card":"summary_large_image","twitter_misc":{"Dur\u00e9e de lecture est.":"4 minutes"},"schema":{"@context":"https:\/\/schema.org","@graph":[{"@type":"WebPage","@id":"https:\/\/vanremoortel.be\/fr\/poterie\/","url":"https:\/\/vanremoortel.be\/fr\/poterie\/","name":"POTERIE - Van Remoortel","isPartOf":{"@id":"https:\/\/vanremoortel.be\/#website"},"datePublished":"2019-01-30T10:39:44+00:00","dateModified":"2019-03-27T11:24:54+00:00","description":"Poterie en c\u00e9ramique, fa\u00efence, verre, roseau, rotin, bois et plus. Dans tous les styles, couleurs, formes et tailles imaginables! Des dizaines d'exposants!","breadcrumb":{"@id":"https:\/\/vanremoortel.be\/fr\/poterie\/#breadcrumb"},"inLanguage":"fr-BE","potentialAction":[{"@type":"ReadAction","target":["https:\/\/vanremoortel.be\/fr\/poterie\/"]}]},{"@type":"BreadcrumbList","@id":"https:\/\/vanremoortel.be\/fr\/poterie\/#breadcrumb","itemListElement":[{"@type":"ListItem","position":1,"name":"Home","item":"https:\/\/vanremoortel.be\/fr\/accueil\/"},{"@type":"ListItem","position":2,"name":"POTERIE"}]},{"@type":"WebSite","@id":"https:\/\/vanremoortel.be\/#website","url":"https:\/\/vanremoortel.be\/","name":"Van Remoortel","description":"Van Remoortel","publisher":{"@id":"https:\/\/vanremoortel.be\/#organization"},"potentialAction":[{"@type":"SearchAction","target":{"@type":"EntryPoint","urlTemplate":"https:\/\/vanremoortel.be\/?s={search_term_string}"},"query-input":{"@type":"PropertyValueSpecification","valueRequired":true,"valueName":"search_term_string"}}],"inLanguage":"fr-BE"},{"@type":"Organization","@id":"https:\/\/vanremoortel.be\/#organization","name":"Van Remoortel","url":"https:\/\/vanremoortel.be\/","logo":{"@type":"ImageObject","inLanguage":"fr-BE","@id":"https:\/\/vanremoortel.be\/#\/schema\/logo\/image\/","url":"https:\/\/vanremoortel.be\/wp-content\/uploads\/2017\/09\/van-Remoortel_powered_FINAL.jpg","contentUrl":"https:\/\/vanremoortel.be\/wp-content\/uploads\/2017\/09\/van-Remoortel_powered_FINAL.jpg","width":2328,"height":322,"caption":"Van Remoortel"},"image":{"@id":"https:\/\/vanremoortel.be\/#\/schema\/logo\/image\/"},"sameAs":["https:\/\/www.facebook.com\/Groothandel.Decoratie.Van.Remoortel\/","https:\/\/www.instagram.com\/van_remoortel\/?hl=nl","https:\/\/www.linkedin.com\/company\/van-remoortel-nv\/about\/","https:\/\/www.youtube.com\/channel\/UCYm8eOCzCOC4HxA-Ya0XayQ"]}]}},"_links":{"self":[{"href":"https:\/\/vanremoortel.be\/fr\/wp-json\/wp\/v2\/pages\/34920","targetHints":{"allow":["GET"]}}],"collection":[{"href":"https:\/\/vanremoortel.be\/fr\/wp-json\/wp\/v2\/pages"}],"about":[{"href":"https:\/\/vanremoortel.be\/fr\/wp-json\/wp\/v2\/types\/page"}],"author":[{"embeddable":true,"href":"https:\/\/vanremoortel.be\/fr\/wp-json\/wp\/v2\/users\/1"}],"replies":[{"embeddable":true,"href":"https:\/\/vanremoortel.be\/fr\/wp-json\/wp\/v2\/comments?post=34920"}],"version-history":[{"count":5,"href":"https:\/\/vanremoortel.be\/fr\/wp-json\/wp\/v2\/pages\/34920\/revisions"}],"predecessor-version":[{"id":36044,"href":"https:\/\/vanremoortel.be\/fr\/wp-json\/wp\/v2\/pages\/34920\/revisions\/36044"}],"wp:attachment":[{"href":"https:\/\/vanremoortel.be\/fr\/wp-json\/wp\/v2\/media?parent=34920"}],"curies":[{"name":"wp","href":"https:\/\/api.w.org\/{rel}","templated":true}]}}