{"id":34903,"date":"2019-01-30T11:30:13","date_gmt":"2019-01-30T10:30:13","guid":{"rendered":"https:\/\/vanremoortel.be\/glaswerk\/"},"modified":"2019-03-27T12:11:22","modified_gmt":"2019-03-27T11:11:22","slug":"verrerie","status":"publish","type":"page","link":"https:\/\/vanremoortel.be\/fr\/verrerie\/","title":{"rendered":"Verrerie"},"content":{"rendered":"\n<style type=\"text\/css\" data-created_by=\"avia_inline_auto\" id=\"style-css-av-av_heading-244ee26547e6266393342495ada4134e\">\n#top .av-special-heading.av-av_heading-244ee26547e6266393342495ada4134e{\npadding-bottom:50px;\n}\nbody .av-special-heading.av-av_heading-244ee26547e6266393342495ada4134e .av-special-heading-tag .heading-char{\nfont-size:25px;\n}\n.av-special-heading.av-av_heading-244ee26547e6266393342495ada4134e .av-subheading{\nfont-size:15px;\n}\n<\/style>\n<div  class='av-special-heading av-av_heading-244ee26547e6266393342495ada4134e av-special-heading-h1 blockquote modern-quote modern-centered  avia-builder-el-0  el_before_av_textblock  avia-builder-el-first '><h1 class='av-special-heading-tag'  itemprop=\"headline\"  >VERRERIE<\/h1><div class=\"special-heading-border\"><div class=\"special-heading-inner-border\"><\/div><\/div><\/div>\n<section  class='av_textblock_section av-jrj1sq9f-70be1cf347ab01ef73850d00a30e19d2 '   itemscope=\"itemscope\" itemtype=\"https:\/\/schema.org\/CreativeWork\" ><div class='avia_textblock'  itemprop=\"text\" ><h2>Des pots, des verres et des vases!<\/h2>\n<p>Au centre d&rsquo;achat B2B, Van Remoortel, des dizaines de fournisseurs et de grossistes pr\u00e9sentent leurs collections sur leur propre stand. Dans le cash &amp; carry de 10 000 m\u00b2, vous trouverez diff\u00e9rents fournisseurs sp\u00e9cialis\u00e9s dans la verrerie.<\/p>\n<h2>Vases et pots de verre<\/h2>\n<p>Divers fournisseurs et grossistes ont une offre indispensable pour, par exemple, la floriculture. Ces exposants proposent des pots et des vases de diff\u00e9rentes formes, couleurs et tailles de verre. En plus de la verrerie \u00e9l\u00e9gante et moderne, vous trouverez des vases et des pots souffl\u00e9s \u00e0 la bouche (et bien s\u00fbr des boules de No\u00ebl \u00e0 la bonne saison). Les vases suspendus \u00e0 la mode sont \u00e9galement disponibles dans de nombreux stands, y compris le verre, dans de nombreux stands. En outre, de nombreux exposants proposent des bols, des tubes et d\u2019autres surfaces id\u00e9ales pour les compositions florales.<\/p>\n<h2>Verres \u00e0 boire, distributeurs de boissons et plus<\/h2>\n<p>Dans le cas des produits en verre, pensez \u00e9galement aux accessoires de restauration tels que les verres \u00e0 boire, les pots et les distributeurs. Les pots de bonbons, bols, assiettes, pots et autres options de pr\u00e9sentation sont disponibles en versions multiples en verre de Van Remoortel. Visitez notre cash &amp; carry et d\u00e9couvrez les nombreuses possibilit\u00e9s et solutions en verre chez diff\u00e9rents fournisseurs<\/p>\n<\/div><\/section>\n\n<style type=\"text\/css\" data-created_by=\"avia_inline_auto\" id=\"style-css-av-av_heading-ef5de45c10c3e5436b9159834c85c6a6\">\n#top .av-special-heading.av-av_heading-ef5de45c10c3e5436b9159834c85c6a6{\npadding-bottom:50px;\nfont-size:16px;\n}\nbody .av-special-heading.av-av_heading-ef5de45c10c3e5436b9159834c85c6a6 .av-special-heading-tag .heading-char{\nfont-size:25px;\n}\n#top #wrap_all .av-special-heading.av-av_heading-ef5de45c10c3e5436b9159834c85c6a6 .av-special-heading-tag{\nfont-size:16px;\n}\n.av-special-heading.av-av_heading-ef5de45c10c3e5436b9159834c85c6a6 .av-subheading{\nfont-size:15px;\n}\n\n@media only screen and (min-width: 480px) and (max-width: 767px){ \n#top #wrap_all .av-special-heading.av-av_heading-ef5de45c10c3e5436b9159834c85c6a6 .av-special-heading-tag{\nfont-size:0.8em;\n}\n}\n\n@media only screen and (max-width: 479px){ \n#top #wrap_all .av-special-heading.av-av_heading-ef5de45c10c3e5436b9159834c85c6a6 .av-special-heading-tag{\nfont-size:0.8em;\n}\n}\n<\/style>\n<div  class='av-special-heading av-av_heading-ef5de45c10c3e5436b9159834c85c6a6 av-special-heading-h1 blockquote modern-quote modern-centered  avia-builder-el-2  el_after_av_textblock  el_before_av_buttonrow  av-inherit-size'><h1 class='av-special-heading-tag'  itemprop=\"headline\"  >EXPOSANTS VENDENT DU VERRERIE<\/h1><div class=\"special-heading-border\"><div class=\"special-heading-inner-border\"><\/div><\/div><\/div>\n<div  class='avia-buttonrow-wrap av-jrj88vkn-d2e8d480357ac2b99ad2952b07c16b07 avia-buttonrow-center  avia-builder-el-3  el_after_av_heading  el_before_av_hr '>\n\n<style type=\"text\/css\" data-created_by=\"avia_inline_auto\" id=\"style-css-av-1ne6rlu-bb12a091a3a6282bbc021724c3a34a69\">\n#top #wrap_all .avia-button.av-1ne6rlu-bb12a091a3a6282bbc021724c3a34a69{\nmargin-bottom:5px;\nmargin-right:3px;\nmargin-left:3px;\n}\n<\/style>\n<a href=''  class='avia-button av-1ne6rlu-bb12a091a3a6282bbc021724c3a34a69 avia-icon_select-no avia-size-large avia-color-theme-color-highlight'  ><span class='avia_iconbox_title' > HDN Waalwijk<\/span><\/a>\n\n<style type=\"text\/css\" data-created_by=\"avia_inline_auto\" id=\"style-css-av-1cs0mea-6d791e35d49e60ea0c919702222d15cf\">\n#top #wrap_all .avia-button.av-1cs0mea-6d791e35d49e60ea0c919702222d15cf{\nmargin-bottom:5px;\nmargin-right:3px;\nmargin-left:3px;\n}\n<\/style>\n<a href=''  class='avia-button av-1cs0mea-6d791e35d49e60ea0c919702222d15cf avia-icon_select-no avia-size-large avia-color-theme-color'  ><span class='avia_iconbox_title' >Mrs Bloom<\/span><\/a>\n\n<style type=\"text\/css\" data-created_by=\"avia_inline_auto\" id=\"style-css-av-256isi-6b25bf415fb1a3e5a40460da91b7ebf8\">\n#top #wrap_all .avia-button.av-256isi-6b25bf415fb1a3e5a40460da91b7ebf8{\nmargin-bottom:5px;\nmargin-right:3px;\nmargin-left:3px;\n}\n<\/style>\n<a href='https:\/\/vanremoortel.be\/van-remoortel\/'  class='avia-button av-256isi-6b25bf415fb1a3e5a40460da91b7ebf8 avia-icon_select-no avia-size-large avia-color-theme-color'  ><span class='avia_iconbox_title' > Van Remoortel<\/span><\/a>\n<\/div>\n\n<style type=\"text\/css\" data-created_by=\"avia_inline_auto\" id=\"style-css-av-jrj1qbnj-b4e1bdff07556f2b8178250434e81a00\">\n#top .hr.hr-invisible.av-jrj1qbnj-b4e1bdff07556f2b8178250434e81a00{\nheight:50px;\n}\n<\/style>\n<div  class='hr av-jrj1qbnj-b4e1bdff07556f2b8178250434e81a00 hr-invisible  avia-builder-el-4  el_after_av_buttonrow  el_before_av_buttonrow '><span class='hr-inner '><span class=\"hr-inner-style\"><\/span><\/span><\/div>\n<div  class='avia-buttonrow-wrap av-jrixpayy-a9f436b166705862c0d19cf90be880a8 avia-buttonrow-center  avia-builder-el-5  el_after_av_hr  avia-builder-el-last '>\n\n<style type=\"text\/css\" data-created_by=\"avia_inline_auto\" id=\"style-css-av-13ji153-cc79fdef9336a1802ac938f35e9a380e\">\n#top #wrap_all .avia-button.av-13ji153-cc79fdef9336a1802ac938f35e9a380e{\nmargin-bottom:20px;\nmargin-right:10px;\nmargin-left:10px;\n}\n<\/style>\n<a href='https:\/\/vanremoortel.be\/fr\/assortiment\/'  class='avia-button av-13ji153-cc79fdef9336a1802ac938f35e9a380e avia-icon_select-yes-left-icon avia-size-x-large avia-color-theme-color-subtle'  ><span class='avia_button_icon avia_button_icon_left ' aria-hidden='true' data-av_icon='\ue830' data-av_iconfont='entypo-fontello'><\/span><span class='avia_iconbox_title' >Retour \u00e0 la gamme compl\u00e8te<\/span><\/a>\n\n<style type=\"text\/css\" data-created_by=\"avia_inline_auto\" id=\"style-css-av-vs3axz-e3aa250ff94c517eebbd251e93fd17da\">\n#top #wrap_all .avia-button.av-vs3axz-e3aa250ff94c517eebbd251e93fd17da{\nbackground-color:#630d91;\nborder-color:#630d91;\ncolor:#ffffff;\ntransition:all 0.4s ease-in-out;\nmargin-bottom:20px;\nmargin-right:10px;\nmargin-left:10px;\n}\n<\/style>\n<a href='https:\/\/vanremoortel.be\/fr\/devenir-client\/'  class='avia-button av-vs3axz-e3aa250ff94c517eebbd251e93fd17da avia-icon_select-yes-left-icon avia-size-x-large'  ><span class='avia_button_icon avia_button_icon_left ' aria-hidden='true' data-av_icon='\ue80c' data-av_iconfont='entypo-fontello'><\/span><span class='avia_iconbox_title' >Devenir client<\/span><\/a>\n<\/div>\n","protected":false},"excerpt":{"rendered":"","protected":false},"author":1,"featured_media":0,"parent":0,"menu_order":0,"comment_status":"closed","ping_status":"closed","template":"","meta":{"_exactmetrics_skip_tracking":false,"_exactmetrics_sitenote_active":false,"_exactmetrics_sitenote_note":"","_exactmetrics_sitenote_category":0,"footnotes":""},"class_list":["post-34903","page","type-page","status-publish","hentry"],"yoast_head":"<!-- This site is optimized with the Yoast SEO plugin v27.1.1 - https:\/\/yoast.com\/product\/yoast-seo-wordpress\/ -->\n<title>Verrerie - Van Remoortel<\/title>\n<meta name=\"description\" content=\"Verschillende leveranciers en groothandelaren hebben een aanbod glaswerk dat onmisbaar.is. Van\u00a0potten en vazen in vele vormen tot kleuren en maten van glas.\" \/>\n<meta name=\"robots\" content=\"index, follow, max-snippet:-1, max-image-preview:large, max-video-preview:-1\" \/>\n<link rel=\"canonical\" href=\"https:\/\/vanremoortel.be\/fr\/verrerie\/\" \/>\n<meta property=\"og:locale\" content=\"fr_FR\" \/>\n<meta property=\"og:type\" content=\"article\" \/>\n<meta property=\"og:title\" content=\"Verrerie - Van Remoortel\" \/>\n<meta property=\"og:description\" content=\"Verschillende leveranciers en groothandelaren hebben een aanbod glaswerk dat onmisbaar.is. Van\u00a0potten en vazen in vele vormen tot kleuren en maten van glas.\" \/>\n<meta property=\"og:url\" content=\"https:\/\/vanremoortel.be\/fr\/verrerie\/\" \/>\n<meta property=\"og:site_name\" content=\"Van Remoortel\" \/>\n<meta property=\"article:publisher\" content=\"https:\/\/www.facebook.com\/Groothandel.Decoratie.Van.Remoortel\/\" \/>\n<meta property=\"article:modified_time\" content=\"2019-03-27T11:11:22+00:00\" \/>\n<meta name=\"twitter:card\" content=\"summary_large_image\" \/>\n<meta name=\"twitter:label1\" content=\"Dur\u00e9e de lecture est.\" \/>\n\t<meta name=\"twitter:data1\" content=\"4 minutes\" \/>\n<script type=\"application\/ld+json\" class=\"yoast-schema-graph\">{\"@context\":\"https:\/\/schema.org\",\"@graph\":[{\"@type\":\"WebPage\",\"@id\":\"https:\/\/vanremoortel.be\/fr\/verrerie\/\",\"url\":\"https:\/\/vanremoortel.be\/fr\/verrerie\/\",\"name\":\"Verrerie - Van Remoortel\",\"isPartOf\":{\"@id\":\"https:\/\/vanremoortel.be\/#website\"},\"datePublished\":\"2019-01-30T10:30:13+00:00\",\"dateModified\":\"2019-03-27T11:11:22+00:00\",\"description\":\"Verschillende leveranciers en groothandelaren hebben een aanbod glaswerk dat onmisbaar.is. Van\u00a0potten en vazen in vele vormen tot kleuren en maten van glas.\",\"breadcrumb\":{\"@id\":\"https:\/\/vanremoortel.be\/fr\/verrerie\/#breadcrumb\"},\"inLanguage\":\"fr-BE\",\"potentialAction\":[{\"@type\":\"ReadAction\",\"target\":[\"https:\/\/vanremoortel.be\/fr\/verrerie\/\"]}]},{\"@type\":\"BreadcrumbList\",\"@id\":\"https:\/\/vanremoortel.be\/fr\/verrerie\/#breadcrumb\",\"itemListElement\":[{\"@type\":\"ListItem\",\"position\":1,\"name\":\"Home\",\"item\":\"https:\/\/vanremoortel.be\/fr\/accueil\/\"},{\"@type\":\"ListItem\",\"position\":2,\"name\":\"Verrerie\"}]},{\"@type\":\"WebSite\",\"@id\":\"https:\/\/vanremoortel.be\/#website\",\"url\":\"https:\/\/vanremoortel.be\/\",\"name\":\"Van Remoortel\",\"description\":\"Van Remoortel\",\"publisher\":{\"@id\":\"https:\/\/vanremoortel.be\/#organization\"},\"potentialAction\":[{\"@type\":\"SearchAction\",\"target\":{\"@type\":\"EntryPoint\",\"urlTemplate\":\"https:\/\/vanremoortel.be\/?s={search_term_string}\"},\"query-input\":{\"@type\":\"PropertyValueSpecification\",\"valueRequired\":true,\"valueName\":\"search_term_string\"}}],\"inLanguage\":\"fr-BE\"},{\"@type\":\"Organization\",\"@id\":\"https:\/\/vanremoortel.be\/#organization\",\"name\":\"Van Remoortel\",\"url\":\"https:\/\/vanremoortel.be\/\",\"logo\":{\"@type\":\"ImageObject\",\"inLanguage\":\"fr-BE\",\"@id\":\"https:\/\/vanremoortel.be\/#\/schema\/logo\/image\/\",\"url\":\"https:\/\/vanremoortel.be\/wp-content\/uploads\/2017\/09\/van-Remoortel_powered_FINAL.jpg\",\"contentUrl\":\"https:\/\/vanremoortel.be\/wp-content\/uploads\/2017\/09\/van-Remoortel_powered_FINAL.jpg\",\"width\":2328,\"height\":322,\"caption\":\"Van Remoortel\"},\"image\":{\"@id\":\"https:\/\/vanremoortel.be\/#\/schema\/logo\/image\/\"},\"sameAs\":[\"https:\/\/www.facebook.com\/Groothandel.Decoratie.Van.Remoortel\/\",\"https:\/\/www.instagram.com\/van_remoortel\/?hl=nl\",\"https:\/\/www.linkedin.com\/company\/van-remoortel-nv\/about\/\",\"https:\/\/www.youtube.com\/channel\/UCYm8eOCzCOC4HxA-Ya0XayQ\"]}]}<\/script>\n<!-- \/ Yoast SEO plugin. -->","yoast_head_json":{"title":"Verrerie - Van Remoortel","description":"Verschillende leveranciers en groothandelaren hebben een aanbod glaswerk dat onmisbaar.is. Van\u00a0potten en vazen in vele vormen tot kleuren en maten van glas.","robots":{"index":"index","follow":"follow","max-snippet":"max-snippet:-1","max-image-preview":"max-image-preview:large","max-video-preview":"max-video-preview:-1"},"canonical":"https:\/\/vanremoortel.be\/fr\/verrerie\/","og_locale":"fr_FR","og_type":"article","og_title":"Verrerie - Van Remoortel","og_description":"Verschillende leveranciers en groothandelaren hebben een aanbod glaswerk dat onmisbaar.is. Van\u00a0potten en vazen in vele vormen tot kleuren en maten van glas.","og_url":"https:\/\/vanremoortel.be\/fr\/verrerie\/","og_site_name":"Van Remoortel","article_publisher":"https:\/\/www.facebook.com\/Groothandel.Decoratie.Van.Remoortel\/","article_modified_time":"2019-03-27T11:11:22+00:00","twitter_card":"summary_large_image","twitter_misc":{"Dur\u00e9e de lecture est.":"4 minutes"},"schema":{"@context":"https:\/\/schema.org","@graph":[{"@type":"WebPage","@id":"https:\/\/vanremoortel.be\/fr\/verrerie\/","url":"https:\/\/vanremoortel.be\/fr\/verrerie\/","name":"Verrerie - Van Remoortel","isPartOf":{"@id":"https:\/\/vanremoortel.be\/#website"},"datePublished":"2019-01-30T10:30:13+00:00","dateModified":"2019-03-27T11:11:22+00:00","description":"Verschillende leveranciers en groothandelaren hebben een aanbod glaswerk dat onmisbaar.is. Van\u00a0potten en vazen in vele vormen tot kleuren en maten van glas.","breadcrumb":{"@id":"https:\/\/vanremoortel.be\/fr\/verrerie\/#breadcrumb"},"inLanguage":"fr-BE","potentialAction":[{"@type":"ReadAction","target":["https:\/\/vanremoortel.be\/fr\/verrerie\/"]}]},{"@type":"BreadcrumbList","@id":"https:\/\/vanremoortel.be\/fr\/verrerie\/#breadcrumb","itemListElement":[{"@type":"ListItem","position":1,"name":"Home","item":"https:\/\/vanremoortel.be\/fr\/accueil\/"},{"@type":"ListItem","position":2,"name":"Verrerie"}]},{"@type":"WebSite","@id":"https:\/\/vanremoortel.be\/#website","url":"https:\/\/vanremoortel.be\/","name":"Van Remoortel","description":"Van Remoortel","publisher":{"@id":"https:\/\/vanremoortel.be\/#organization"},"potentialAction":[{"@type":"SearchAction","target":{"@type":"EntryPoint","urlTemplate":"https:\/\/vanremoortel.be\/?s={search_term_string}"},"query-input":{"@type":"PropertyValueSpecification","valueRequired":true,"valueName":"search_term_string"}}],"inLanguage":"fr-BE"},{"@type":"Organization","@id":"https:\/\/vanremoortel.be\/#organization","name":"Van Remoortel","url":"https:\/\/vanremoortel.be\/","logo":{"@type":"ImageObject","inLanguage":"fr-BE","@id":"https:\/\/vanremoortel.be\/#\/schema\/logo\/image\/","url":"https:\/\/vanremoortel.be\/wp-content\/uploads\/2017\/09\/van-Remoortel_powered_FINAL.jpg","contentUrl":"https:\/\/vanremoortel.be\/wp-content\/uploads\/2017\/09\/van-Remoortel_powered_FINAL.jpg","width":2328,"height":322,"caption":"Van Remoortel"},"image":{"@id":"https:\/\/vanremoortel.be\/#\/schema\/logo\/image\/"},"sameAs":["https:\/\/www.facebook.com\/Groothandel.Decoratie.Van.Remoortel\/","https:\/\/www.instagram.com\/van_remoortel\/?hl=nl","https:\/\/www.linkedin.com\/company\/van-remoortel-nv\/about\/","https:\/\/www.youtube.com\/channel\/UCYm8eOCzCOC4HxA-Ya0XayQ"]}]}},"_links":{"self":[{"href":"https:\/\/vanremoortel.be\/fr\/wp-json\/wp\/v2\/pages\/34903","targetHints":{"allow":["GET"]}}],"collection":[{"href":"https:\/\/vanremoortel.be\/fr\/wp-json\/wp\/v2\/pages"}],"about":[{"href":"https:\/\/vanremoortel.be\/fr\/wp-json\/wp\/v2\/types\/page"}],"author":[{"embeddable":true,"href":"https:\/\/vanremoortel.be\/fr\/wp-json\/wp\/v2\/users\/1"}],"replies":[{"embeddable":true,"href":"https:\/\/vanremoortel.be\/fr\/wp-json\/wp\/v2\/comments?post=34903"}],"version-history":[{"count":5,"href":"https:\/\/vanremoortel.be\/fr\/wp-json\/wp\/v2\/pages\/34903\/revisions"}],"predecessor-version":[{"id":36041,"href":"https:\/\/vanremoortel.be\/fr\/wp-json\/wp\/v2\/pages\/34903\/revisions\/36041"}],"wp:attachment":[{"href":"https:\/\/vanremoortel.be\/fr\/wp-json\/wp\/v2\/media?parent=34903"}],"curies":[{"name":"wp","href":"https:\/\/api.w.org\/{rel}","templated":true}]}}