{"id":34897,"date":"2019-01-30T11:20:08","date_gmt":"2019-01-30T10:20:08","guid":{"rendered":"https:\/\/vanremoortel.be\/kaarsen\/"},"modified":"2019-03-27T11:22:28","modified_gmt":"2019-03-27T10:22:28","slug":"bougies","status":"publish","type":"page","link":"https:\/\/vanremoortel.be\/fr\/bougies\/","title":{"rendered":"Bougies"},"content":{"rendered":"\n<style type=\"text\/css\" data-created_by=\"avia_inline_auto\" id=\"style-css-av-av_heading-fa678c0df5a4d8fd8afd184221620e2b\">\n#top .av-special-heading.av-av_heading-fa678c0df5a4d8fd8afd184221620e2b{\npadding-bottom:50px;\n}\nbody .av-special-heading.av-av_heading-fa678c0df5a4d8fd8afd184221620e2b .av-special-heading-tag .heading-char{\nfont-size:25px;\n}\n.av-special-heading.av-av_heading-fa678c0df5a4d8fd8afd184221620e2b .av-subheading{\nfont-size:15px;\n}\n<\/style>\n<div  class='av-special-heading av-av_heading-fa678c0df5a4d8fd8afd184221620e2b av-special-heading-h1 blockquote modern-quote modern-centered  avia-builder-el-0  el_before_av_textblock  avia-builder-el-first '><h1 class='av-special-heading-tag'  itemprop=\"headline\"  >BOUGIES<\/h1><div class=\"special-heading-border\"><div class=\"special-heading-inner-border\"><\/div><\/div><\/div>\n<section  class='av_textblock_section av-jrj1f7bt-ae1332d131671bc44783203db353a488 '   itemscope=\"itemscope\" itemtype=\"https:\/\/schema.org\/CreativeWork\" ><div class='avia_textblock'  itemprop=\"text\" ><h2>Toutes les formes et tailles, des bougies pour toutes les occasions<\/h2>\n<p>Il y a peu de collections dans la maison, les cadeaux et les branches de jardin o\u00f9 les bougies ne rentrent pas. Des br\u00fbleurs de parfum aux bougies rustiques pour moignons et d\u00eeners, des torches et torches d&rsquo;ext\u00e9rieur aux bougies chauffe-plat pour la table. Copies avec une impression joyeuse ou soja de graisse v\u00e9g\u00e9tarienne. Chez Van Remoortel, vous trouverez des produits pour toutes les occasions et dans toutes les formes et tailles.<\/p>\n<h2>Windlights et lanternes chez des dizaines de fournisseurs<\/h2>\n<p>Une bougie chauffe-plat n&rsquo;est vraiment confortable quand il est dans un joli support. C&rsquo;est pourquoi vous trouverez des lampes \u00e0 vent, des lanternes indispensables chez Van Remoortel. Des variantes modernes s\u2019int\u00e9grant \u00e0 chaque collection ou sp\u00e9cimen de pays romantique. De grands bols et des planches en bois sur lesquels vous pouvez pr\u00e9senter des lampes \u00e0 vent et des copies a piliers sont \u00e9galement repr\u00e9sent\u00e9s.<\/p>\n<h2>Bougies parfum\u00e9es de diff\u00e9rentes grandes marques<\/h2>\n<p>Notre vaste assortiment comprend non seulement des sp\u00e9cimens robustes, des torches et de bougie chauffe-plat, mais vous trouverez \u00e9galement des produits parfum\u00e9es de nombreuses marques dans notre boutique cash &amp; carry. Compl\u00e9tez votre collection, vos cadeaux ou votre d\u00e9coration int\u00e9rieure avec les parfums les plus savoureux et s\u00e9duisez vos clients avec un joli parfum dans votre magasin!<\/p>\n<\/div><\/section>\n\n<style type=\"text\/css\" data-created_by=\"avia_inline_auto\" id=\"style-css-av-av_heading-1980cc872b1dd11187072349e36f6fb6\">\n#top .av-special-heading.av-av_heading-1980cc872b1dd11187072349e36f6fb6{\npadding-bottom:50px;\nfont-size:16px;\n}\nbody .av-special-heading.av-av_heading-1980cc872b1dd11187072349e36f6fb6 .av-special-heading-tag .heading-char{\nfont-size:25px;\n}\n#top #wrap_all .av-special-heading.av-av_heading-1980cc872b1dd11187072349e36f6fb6 .av-special-heading-tag{\nfont-size:16px;\n}\n.av-special-heading.av-av_heading-1980cc872b1dd11187072349e36f6fb6 .av-subheading{\nfont-size:15px;\n}\n\n@media only screen and (min-width: 480px) and (max-width: 767px){ \n#top #wrap_all .av-special-heading.av-av_heading-1980cc872b1dd11187072349e36f6fb6 .av-special-heading-tag{\nfont-size:0.8em;\n}\n}\n\n@media only screen and (max-width: 479px){ \n#top #wrap_all .av-special-heading.av-av_heading-1980cc872b1dd11187072349e36f6fb6 .av-special-heading-tag{\nfont-size:0.8em;\n}\n}\n<\/style>\n<div  class='av-special-heading av-av_heading-1980cc872b1dd11187072349e36f6fb6 av-special-heading-h1 blockquote modern-quote modern-centered  avia-builder-el-2  el_after_av_textblock  el_before_av_buttonrow  av-inherit-size'><h1 class='av-special-heading-tag'  itemprop=\"headline\"  >EXPOSANTS VENDENT DES BOUGIES<\/h1><div class=\"special-heading-border\"><div class=\"special-heading-inner-border\"><\/div><\/div><\/div>\n<div  class='avia-buttonrow-wrap av-jrj88vkn-d2e8d480357ac2b99ad2952b07c16b07 avia-buttonrow-center  avia-builder-el-3  el_after_av_heading  el_before_av_hr '>\n\n<style type=\"text\/css\" data-created_by=\"avia_inline_auto\" id=\"style-css-av-1scqnxa-72b1469a9cb742e3f170a178f296ddb5\">\n#top #wrap_all .avia-button.av-1scqnxa-72b1469a9cb742e3f170a178f296ddb5{\nmargin-bottom:5px;\nmargin-right:3px;\nmargin-left:3px;\n}\n<\/style>\n<a href=''  class='avia-button av-1scqnxa-72b1469a9cb742e3f170a178f296ddb5 avia-icon_select-no avia-size-large avia-color-theme-color-highlight'  ><span class='avia_iconbox_title' >Branded by<\/span><\/a>\n\n<style type=\"text\/css\" data-created_by=\"avia_inline_auto\" id=\"style-css-av-2qqf0x-4e33b22ac382d90338c3c1fbd8b3ca63\">\n#top #wrap_all .avia-button.av-2qqf0x-4e33b22ac382d90338c3c1fbd8b3ca63{\nmargin-bottom:5px;\nmargin-right:3px;\nmargin-left:3px;\n}\n<\/style>\n<a href=''  class='avia-button av-2qqf0x-4e33b22ac382d90338c3c1fbd8b3ca63 avia-icon_select-no avia-size-large avia-color-theme-color'  ><span class='avia_iconbox_title' >La Tulipe Jaune<\/span><\/a>\n\n<style type=\"text\/css\" data-created_by=\"avia_inline_auto\" id=\"style-css-av-163jn5q-0b16d2634fb421dfeac7acb5807e08a4\">\n#top #wrap_all .avia-button.av-163jn5q-0b16d2634fb421dfeac7acb5807e08a4{\nmargin-bottom:5px;\nmargin-right:3px;\nmargin-left:3px;\n}\n<\/style>\n<a href='https:\/\/vanremoortel.be\/van-remoortel\/'  class='avia-button av-163jn5q-0b16d2634fb421dfeac7acb5807e08a4 avia-icon_select-no avia-size-large avia-color-theme-color'  ><span class='avia_iconbox_title' >Van Remoortel<\/span><\/a>\n\n<style type=\"text\/css\" data-created_by=\"avia_inline_auto\" id=\"style-css-av-2c9kvy-d2941978d2d513a62dcbb643b28a7929\">\n#top #wrap_all .avia-button.av-2c9kvy-d2941978d2d513a62dcbb643b28a7929{\nmargin-bottom:5px;\nmargin-right:3px;\nmargin-left:3px;\n}\n<\/style>\n<a href=''  class='avia-button av-2c9kvy-d2941978d2d513a62dcbb643b28a7929 avia-icon_select-no avia-size-large avia-color-theme-color'  ><span class='avia_iconbox_title' >Wiedemann<\/span><\/a>\n<\/div>\n\n<style type=\"text\/css\" data-created_by=\"avia_inline_auto\" id=\"style-css-av-jrj1by8q-bb81781481103e4aef795f6ff555a03c\">\n#top .hr.hr-invisible.av-jrj1by8q-bb81781481103e4aef795f6ff555a03c{\nheight:50px;\n}\n<\/style>\n<div  class='hr av-jrj1by8q-bb81781481103e4aef795f6ff555a03c hr-invisible  avia-builder-el-4  el_after_av_buttonrow  el_before_av_buttonrow '><span class='hr-inner '><span class=\"hr-inner-style\"><\/span><\/span><\/div>\n<div  class='avia-buttonrow-wrap av-jrixpayy-a9f436b166705862c0d19cf90be880a8 avia-buttonrow-center  avia-builder-el-5  el_after_av_hr  avia-builder-el-last '>\n\n<style type=\"text\/css\" data-created_by=\"avia_inline_auto\" id=\"style-css-av-13ji153-cc79fdef9336a1802ac938f35e9a380e\">\n#top #wrap_all .avia-button.av-13ji153-cc79fdef9336a1802ac938f35e9a380e{\nmargin-bottom:20px;\nmargin-right:10px;\nmargin-left:10px;\n}\n<\/style>\n<a href='https:\/\/vanremoortel.be\/fr\/assortiment\/'  class='avia-button av-13ji153-cc79fdef9336a1802ac938f35e9a380e avia-icon_select-yes-left-icon avia-size-x-large avia-color-theme-color-subtle'  ><span class='avia_button_icon avia_button_icon_left ' aria-hidden='true' data-av_icon='\ue830' data-av_iconfont='entypo-fontello'><\/span><span class='avia_iconbox_title' >Retour \u00e0 la gamme compl\u00e8te<\/span><\/a>\n\n<style type=\"text\/css\" data-created_by=\"avia_inline_auto\" id=\"style-css-av-vs3axz-e3aa250ff94c517eebbd251e93fd17da\">\n#top #wrap_all .avia-button.av-vs3axz-e3aa250ff94c517eebbd251e93fd17da{\nbackground-color:#630d91;\nborder-color:#630d91;\ncolor:#ffffff;\ntransition:all 0.4s ease-in-out;\nmargin-bottom:20px;\nmargin-right:10px;\nmargin-left:10px;\n}\n<\/style>\n<a href='https:\/\/vanremoortel.be\/fr\/devenir-client\/'  class='avia-button av-vs3axz-e3aa250ff94c517eebbd251e93fd17da avia-icon_select-yes-left-icon avia-size-x-large'  ><span class='avia_button_icon avia_button_icon_left ' aria-hidden='true' data-av_icon='\ue80c' data-av_iconfont='entypo-fontello'><\/span><span class='avia_iconbox_title' >Devenir client<\/span><\/a>\n<\/div>\n","protected":false},"excerpt":{"rendered":"","protected":false},"author":1,"featured_media":0,"parent":0,"menu_order":0,"comment_status":"closed","ping_status":"closed","template":"","meta":{"_exactmetrics_skip_tracking":false,"_exactmetrics_sitenote_active":false,"_exactmetrics_sitenote_note":"","_exactmetrics_sitenote_category":0,"footnotes":""},"class_list":["post-34897","page","type-page","status-publish","hentry"],"yoast_head":"<!-- This site is optimized with the Yoast SEO plugin v27.4 - https:\/\/yoast.com\/product\/yoast-seo-wordpress\/ -->\n<title>Bougies - Van Remoortel<\/title>\n<meta name=\"description\" content=\"Les bougies entrent dans toutes les collections. Des br\u00fbleurs de parfum aux bougies pour moignons et d\u00eeners, des torches et torches d&#039;ext\u00e9rieur etc.\" \/>\n<meta name=\"robots\" content=\"index, follow, max-snippet:-1, max-image-preview:large, max-video-preview:-1\" \/>\n<link rel=\"canonical\" href=\"https:\/\/vanremoortel.be\/fr\/bougies\/\" \/>\n<meta property=\"og:locale\" content=\"fr_FR\" \/>\n<meta property=\"og:type\" content=\"article\" \/>\n<meta property=\"og:title\" content=\"Bougies - Van Remoortel\" \/>\n<meta property=\"og:description\" content=\"Les bougies entrent dans toutes les collections. Des br\u00fbleurs de parfum aux bougies pour moignons et d\u00eeners, des torches et torches d&#039;ext\u00e9rieur etc.\" \/>\n<meta property=\"og:url\" content=\"https:\/\/vanremoortel.be\/fr\/bougies\/\" \/>\n<meta property=\"og:site_name\" content=\"Van Remoortel\" \/>\n<meta property=\"article:publisher\" content=\"https:\/\/www.facebook.com\/Groothandel.Decoratie.Van.Remoortel\/\" \/>\n<meta property=\"article:modified_time\" content=\"2019-03-27T10:22:28+00:00\" \/>\n<meta name=\"twitter:card\" content=\"summary_large_image\" \/>\n<meta name=\"twitter:label1\" content=\"Dur\u00e9e de lecture est.\" \/>\n\t<meta name=\"twitter:data1\" content=\"4 minutes\" \/>\n<script type=\"application\/ld+json\" class=\"yoast-schema-graph\">{\"@context\":\"https:\\\/\\\/schema.org\",\"@graph\":[{\"@type\":\"WebPage\",\"@id\":\"https:\\\/\\\/vanremoortel.be\\\/fr\\\/bougies\\\/\",\"url\":\"https:\\\/\\\/vanremoortel.be\\\/fr\\\/bougies\\\/\",\"name\":\"Bougies - Van Remoortel\",\"isPartOf\":{\"@id\":\"https:\\\/\\\/vanremoortel.be\\\/#website\"},\"datePublished\":\"2019-01-30T10:20:08+00:00\",\"dateModified\":\"2019-03-27T10:22:28+00:00\",\"description\":\"Les bougies entrent dans toutes les collections. Des br\u00fbleurs de parfum aux bougies pour moignons et d\u00eeners, des torches et torches d'ext\u00e9rieur etc.\",\"breadcrumb\":{\"@id\":\"https:\\\/\\\/vanremoortel.be\\\/fr\\\/bougies\\\/#breadcrumb\"},\"inLanguage\":\"fr-BE\",\"potentialAction\":[{\"@type\":\"ReadAction\",\"target\":[\"https:\\\/\\\/vanremoortel.be\\\/fr\\\/bougies\\\/\"]}]},{\"@type\":\"BreadcrumbList\",\"@id\":\"https:\\\/\\\/vanremoortel.be\\\/fr\\\/bougies\\\/#breadcrumb\",\"itemListElement\":[{\"@type\":\"ListItem\",\"position\":1,\"name\":\"Home\",\"item\":\"https:\\\/\\\/vanremoortel.be\\\/fr\\\/accueil\\\/\"},{\"@type\":\"ListItem\",\"position\":2,\"name\":\"Bougies\"}]},{\"@type\":\"WebSite\",\"@id\":\"https:\\\/\\\/vanremoortel.be\\\/#website\",\"url\":\"https:\\\/\\\/vanremoortel.be\\\/\",\"name\":\"Van Remoortel\",\"description\":\"Van Remoortel\",\"publisher\":{\"@id\":\"https:\\\/\\\/vanremoortel.be\\\/#organization\"},\"potentialAction\":[{\"@type\":\"SearchAction\",\"target\":{\"@type\":\"EntryPoint\",\"urlTemplate\":\"https:\\\/\\\/vanremoortel.be\\\/?s={search_term_string}\"},\"query-input\":{\"@type\":\"PropertyValueSpecification\",\"valueRequired\":true,\"valueName\":\"search_term_string\"}}],\"inLanguage\":\"fr-BE\"},{\"@type\":\"Organization\",\"@id\":\"https:\\\/\\\/vanremoortel.be\\\/#organization\",\"name\":\"Van Remoortel\",\"url\":\"https:\\\/\\\/vanremoortel.be\\\/\",\"logo\":{\"@type\":\"ImageObject\",\"inLanguage\":\"fr-BE\",\"@id\":\"https:\\\/\\\/vanremoortel.be\\\/#\\\/schema\\\/logo\\\/image\\\/\",\"url\":\"https:\\\/\\\/vanremoortel.be\\\/wp-content\\\/uploads\\\/2017\\\/09\\\/van-Remoortel_powered_FINAL.jpg\",\"contentUrl\":\"https:\\\/\\\/vanremoortel.be\\\/wp-content\\\/uploads\\\/2017\\\/09\\\/van-Remoortel_powered_FINAL.jpg\",\"width\":2328,\"height\":322,\"caption\":\"Van Remoortel\"},\"image\":{\"@id\":\"https:\\\/\\\/vanremoortel.be\\\/#\\\/schema\\\/logo\\\/image\\\/\"},\"sameAs\":[\"https:\\\/\\\/www.facebook.com\\\/Groothandel.Decoratie.Van.Remoortel\\\/\",\"https:\\\/\\\/www.instagram.com\\\/van_remoortel\\\/?hl=nl\",\"https:\\\/\\\/www.linkedin.com\\\/company\\\/van-remoortel-nv\\\/about\\\/\",\"https:\\\/\\\/www.youtube.com\\\/channel\\\/UCYm8eOCzCOC4HxA-Ya0XayQ\"]}]}<\/script>\n<!-- \/ Yoast SEO plugin. -->","yoast_head_json":{"title":"Bougies - Van Remoortel","description":"Les bougies entrent dans toutes les collections. Des br\u00fbleurs de parfum aux bougies pour moignons et d\u00eeners, des torches et torches d'ext\u00e9rieur etc.","robots":{"index":"index","follow":"follow","max-snippet":"max-snippet:-1","max-image-preview":"max-image-preview:large","max-video-preview":"max-video-preview:-1"},"canonical":"https:\/\/vanremoortel.be\/fr\/bougies\/","og_locale":"fr_FR","og_type":"article","og_title":"Bougies - Van Remoortel","og_description":"Les bougies entrent dans toutes les collections. Des br\u00fbleurs de parfum aux bougies pour moignons et d\u00eeners, des torches et torches d'ext\u00e9rieur etc.","og_url":"https:\/\/vanremoortel.be\/fr\/bougies\/","og_site_name":"Van Remoortel","article_publisher":"https:\/\/www.facebook.com\/Groothandel.Decoratie.Van.Remoortel\/","article_modified_time":"2019-03-27T10:22:28+00:00","twitter_card":"summary_large_image","twitter_misc":{"Dur\u00e9e de lecture est.":"4 minutes"},"schema":{"@context":"https:\/\/schema.org","@graph":[{"@type":"WebPage","@id":"https:\/\/vanremoortel.be\/fr\/bougies\/","url":"https:\/\/vanremoortel.be\/fr\/bougies\/","name":"Bougies - Van Remoortel","isPartOf":{"@id":"https:\/\/vanremoortel.be\/#website"},"datePublished":"2019-01-30T10:20:08+00:00","dateModified":"2019-03-27T10:22:28+00:00","description":"Les bougies entrent dans toutes les collections. Des br\u00fbleurs de parfum aux bougies pour moignons et d\u00eeners, des torches et torches d'ext\u00e9rieur etc.","breadcrumb":{"@id":"https:\/\/vanremoortel.be\/fr\/bougies\/#breadcrumb"},"inLanguage":"fr-BE","potentialAction":[{"@type":"ReadAction","target":["https:\/\/vanremoortel.be\/fr\/bougies\/"]}]},{"@type":"BreadcrumbList","@id":"https:\/\/vanremoortel.be\/fr\/bougies\/#breadcrumb","itemListElement":[{"@type":"ListItem","position":1,"name":"Home","item":"https:\/\/vanremoortel.be\/fr\/accueil\/"},{"@type":"ListItem","position":2,"name":"Bougies"}]},{"@type":"WebSite","@id":"https:\/\/vanremoortel.be\/#website","url":"https:\/\/vanremoortel.be\/","name":"Van Remoortel","description":"Van Remoortel","publisher":{"@id":"https:\/\/vanremoortel.be\/#organization"},"potentialAction":[{"@type":"SearchAction","target":{"@type":"EntryPoint","urlTemplate":"https:\/\/vanremoortel.be\/?s={search_term_string}"},"query-input":{"@type":"PropertyValueSpecification","valueRequired":true,"valueName":"search_term_string"}}],"inLanguage":"fr-BE"},{"@type":"Organization","@id":"https:\/\/vanremoortel.be\/#organization","name":"Van Remoortel","url":"https:\/\/vanremoortel.be\/","logo":{"@type":"ImageObject","inLanguage":"fr-BE","@id":"https:\/\/vanremoortel.be\/#\/schema\/logo\/image\/","url":"https:\/\/vanremoortel.be\/wp-content\/uploads\/2017\/09\/van-Remoortel_powered_FINAL.jpg","contentUrl":"https:\/\/vanremoortel.be\/wp-content\/uploads\/2017\/09\/van-Remoortel_powered_FINAL.jpg","width":2328,"height":322,"caption":"Van Remoortel"},"image":{"@id":"https:\/\/vanremoortel.be\/#\/schema\/logo\/image\/"},"sameAs":["https:\/\/www.facebook.com\/Groothandel.Decoratie.Van.Remoortel\/","https:\/\/www.instagram.com\/van_remoortel\/?hl=nl","https:\/\/www.linkedin.com\/company\/van-remoortel-nv\/about\/","https:\/\/www.youtube.com\/channel\/UCYm8eOCzCOC4HxA-Ya0XayQ"]}]}},"_links":{"self":[{"href":"https:\/\/vanremoortel.be\/fr\/wp-json\/wp\/v2\/pages\/34897","targetHints":{"allow":["GET"]}}],"collection":[{"href":"https:\/\/vanremoortel.be\/fr\/wp-json\/wp\/v2\/pages"}],"about":[{"href":"https:\/\/vanremoortel.be\/fr\/wp-json\/wp\/v2\/types\/page"}],"author":[{"embeddable":true,"href":"https:\/\/vanremoortel.be\/fr\/wp-json\/wp\/v2\/users\/1"}],"replies":[{"embeddable":true,"href":"https:\/\/vanremoortel.be\/fr\/wp-json\/wp\/v2\/comments?post=34897"}],"version-history":[{"count":5,"href":"https:\/\/vanremoortel.be\/fr\/wp-json\/wp\/v2\/pages\/34897\/revisions"}],"predecessor-version":[{"id":36037,"href":"https:\/\/vanremoortel.be\/fr\/wp-json\/wp\/v2\/pages\/34897\/revisions\/36037"}],"wp:attachment":[{"href":"https:\/\/vanremoortel.be\/fr\/wp-json\/wp\/v2\/media?parent=34897"}],"curies":[{"name":"wp","href":"https:\/\/api.w.org\/{rel}","templated":true}]}}