{"id":34889,"date":"2019-01-30T11:13:39","date_gmt":"2019-01-30T10:13:39","guid":{"rendered":"https:\/\/vanremoortel.be\/bloemisterij\/"},"modified":"2019-05-08T15:06:29","modified_gmt":"2019-05-08T13:06:29","slug":"floriculture","status":"publish","type":"page","link":"https:\/\/vanremoortel.be\/fr\/floriculture\/","title":{"rendered":"Floriculture"},"content":{"rendered":"\n<style type=\"text\/css\" data-created_by=\"avia_inline_auto\" id=\"style-css-av-av_heading-4c8974e13399bd80e76bcb8767fac28e\">\n#top .av-special-heading.av-av_heading-4c8974e13399bd80e76bcb8767fac28e{\npadding-bottom:50px;\n}\nbody .av-special-heading.av-av_heading-4c8974e13399bd80e76bcb8767fac28e .av-special-heading-tag .heading-char{\nfont-size:25px;\n}\n.av-special-heading.av-av_heading-4c8974e13399bd80e76bcb8767fac28e .av-subheading{\nfont-size:15px;\n}\n<\/style>\n<div  class='av-special-heading av-av_heading-4c8974e13399bd80e76bcb8767fac28e av-special-heading-h1 blockquote modern-quote modern-centered  avia-builder-el-0  el_before_av_textblock  avia-builder-el-first '><h1 class='av-special-heading-tag'  itemprop=\"headline\"  >FLORICULTURE<\/h1><div class=\"special-heading-border\"><div class=\"special-heading-inner-border\"><\/div><\/div><\/div>\n<section  class='av_textblock_section av-jrj15y2l-5863f65811e7db71adddcddd7be0e30c '   itemscope=\"itemscope\" itemtype=\"https:\/\/schema.org\/CreativeWork\" ><div class='avia_textblock'  itemprop=\"text\" ><h2>Pots, vases, agrafes, bouchons .. tout pour la fleuristerie!<\/h2>\n<p>Van Remortel est le lieu id\u00e9al pour de nombreux accessoires de fleurs fra\u00eeches. Des dizaines de fournisseurs et de grossistes proposent un large assortiment de pots, \u00e0 l&rsquo;int\u00e9rieur et \u00e0 l&rsquo;ext\u00e9rieur. Les vases, les bols et les guirlandes de toutes formes et couleurs sont \u00e9galement repr\u00e9sent\u00e9s partout dans le cash &amp; carry.<\/p>\n<h2>Mat\u00e9riaux d\u00e9coratifs naturels et surfaces robustes<\/h2>\n<p>Par exemple, visitez les grossistes de notre cash &amp; carry: Tjeerd van de Velde ou Corios pour des mat\u00e9riaux d\u00e9coratifs naturels tels que des guirlandes, des branches, de grandes et petites feuilles, des \u0153ufs de caille et bien plus encore. Avec ces fournisseurs, vous trouverez une belle combinaison de d\u00e9coration raffin\u00e9e et de mat\u00e9riaux robustes. Parfait comme substrat pour les compositions florales et comme compl\u00e9ment \u00e0 votre assortiment! En plus de ces deux fournisseurs, vous trouverez de nombreuses fournitures de fleuristerie pour des dizaines d&rsquo;autres.<\/p>\n<h2>Mat\u00e9riaux d&#8217;emballage, cartes et \u00e9tiquettes<\/h2>\n<p>Bien s\u00fbr, le bon billet ne peut pas \u00eatre manqu\u00e9 avec un bouquet de fleurs ou un arrangement de fleurs. Ici aussi, la s\u00e9lection chez diff\u00e9rents exposants \u00e0 Van Remoortel est indispensable. Par exemple, visitez Mini Art Products pour obtenir des autocollants et des billets ou visitez Dux Packaging pour des archets et du papier d\u2019emballage. Ceci est juste une petite s\u00e9lection du groupe de fournisseurs o\u00f9 vous pouvez vous procurer des mat\u00e9riaux d&#8217;emballage et des tickets!<\/p>\n<\/div><\/section>\n\n<style type=\"text\/css\" data-created_by=\"avia_inline_auto\" id=\"style-css-av-av_heading-9d763c6d1fab03985933cf6e88a67456\">\n#top .av-special-heading.av-av_heading-9d763c6d1fab03985933cf6e88a67456{\npadding-bottom:50px;\nfont-size:16px;\n}\nbody .av-special-heading.av-av_heading-9d763c6d1fab03985933cf6e88a67456 .av-special-heading-tag .heading-char{\nfont-size:25px;\n}\n#top #wrap_all .av-special-heading.av-av_heading-9d763c6d1fab03985933cf6e88a67456 .av-special-heading-tag{\nfont-size:16px;\n}\n.av-special-heading.av-av_heading-9d763c6d1fab03985933cf6e88a67456 .av-subheading{\nfont-size:15px;\n}\n\n@media only screen and (min-width: 480px) and (max-width: 767px){ \n#top #wrap_all .av-special-heading.av-av_heading-9d763c6d1fab03985933cf6e88a67456 .av-special-heading-tag{\nfont-size:0.8em;\n}\n}\n\n@media only screen and (max-width: 479px){ \n#top #wrap_all .av-special-heading.av-av_heading-9d763c6d1fab03985933cf6e88a67456 .av-special-heading-tag{\nfont-size:0.8em;\n}\n}\n<\/style>\n<div  class='av-special-heading av-av_heading-9d763c6d1fab03985933cf6e88a67456 av-special-heading-h1 blockquote modern-quote modern-centered  avia-builder-el-2  el_after_av_textblock  el_before_av_buttonrow  av-inherit-size'><h1 class='av-special-heading-tag'  itemprop=\"headline\"  >EXPOSANTS VENDENT DES PRODUITS FLORICULTURE<\/h1><div class=\"special-heading-border\"><div class=\"special-heading-inner-border\"><\/div><\/div><\/div>\n<div  class='avia-buttonrow-wrap av-jrj88vkn-d2e8d480357ac2b99ad2952b07c16b07 avia-buttonrow-center  avia-builder-el-3  el_after_av_heading  el_before_av_buttonrow '>\n\n<style type=\"text\/css\" data-created_by=\"avia_inline_auto\" id=\"style-css-av-3wsk5xy-d40d56d7f8182edb40acaff221fd9dbb\">\n#top #wrap_all .avia-button.av-3wsk5xy-d40d56d7f8182edb40acaff221fd9dbb{\nmargin-bottom:5px;\nmargin-right:3px;\nmargin-left:3px;\n}\n<\/style>\n<a href=''  class='avia-button av-3wsk5xy-d40d56d7f8182edb40acaff221fd9dbb avia-icon_select-no avia-size-large avia-color-theme-color-highlight'  ><span class='avia_iconbox_title' >Corios<\/span><\/a>\n\n<style type=\"text\/css\" data-created_by=\"avia_inline_auto\" id=\"style-css-av-3ns52eu-e0e548d16cbb95761430b80b190ddcb0\">\n#top #wrap_all .avia-button.av-3ns52eu-e0e548d16cbb95761430b80b190ddcb0{\nmargin-bottom:5px;\nmargin-right:3px;\nmargin-left:3px;\n}\n<\/style>\n<a href=''  class='avia-button av-3ns52eu-e0e548d16cbb95761430b80b190ddcb0 avia-icon_select-no avia-size-large avia-color-theme-color'  ><span class='avia_iconbox_title' > Dipro Decor<\/span><\/a>\n\n<style type=\"text\/css\" data-created_by=\"avia_inline_auto\" id=\"style-css-av-2xdv3rq-d6f6a7b4a90b99f584c43c9c3ff1d168\">\n#top #wrap_all .avia-button.av-2xdv3rq-d6f6a7b4a90b99f584c43c9c3ff1d168{\nmargin-bottom:5px;\nmargin-right:3px;\nmargin-left:3px;\n}\n<\/style>\n<a href='https:\/\/vanremoortel.be\/florissima-by-remoortel\/'  class='avia-button av-2xdv3rq-d6f6a7b4a90b99f584c43c9c3ff1d168 avia-icon_select-no avia-size-large avia-color-theme-color'  ><span class='avia_iconbox_title' >Florissima<\/span><\/a>\n\n<style type=\"text\/css\" data-created_by=\"avia_inline_auto\" id=\"style-css-av-2h8aw2e-2f190afa1bed2b88aa1d5985dea75ed2\">\n#top #wrap_all .avia-button.av-2h8aw2e-2f190afa1bed2b88aa1d5985dea75ed2{\nmargin-bottom:5px;\nmargin-right:3px;\nmargin-left:3px;\n}\n<\/style>\n<a href=''  class='avia-button av-2h8aw2e-2f190afa1bed2b88aa1d5985dea75ed2 avia-icon_select-no avia-size-large avia-color-theme-color'  ><span class='avia_iconbox_title' >Garden Girl<\/span><\/a>\n\n<style type=\"text\/css\" data-created_by=\"avia_inline_auto\" id=\"style-css-av-6s4gt2-91999ca309cb0bbe56fcba9277ebf742\">\n#top #wrap_all .avia-button.av-6s4gt2-91999ca309cb0bbe56fcba9277ebf742{\nmargin-bottom:5px;\nmargin-right:3px;\nmargin-left:3px;\n}\n<\/style>\n<a href='https:\/\/vanremoortel.be\/hr-the-wire-man\/'  class='avia-button av-6s4gt2-91999ca309cb0bbe56fcba9277ebf742 avia-icon_select-no avia-size-large avia-color-theme-color'  ><span class='avia_iconbox_title' > H&amp;R The Wire Man<\/span><\/a>\n<\/div>\n<div  class='avia-buttonrow-wrap av-jrj88vkn-d2e8d480357ac2b99ad2952b07c16b07 avia-buttonrow-center  avia-builder-el-4  el_after_av_buttonrow  el_before_av_hr '>\n\n<style type=\"text\/css\" data-created_by=\"avia_inline_auto\" id=\"style-css-av-av_buttonrow_item-1a776ab4d2f1fc5c86fbc40999fae858\">\n#top #wrap_all .avia-button.av-av_buttonrow_item-1a776ab4d2f1fc5c86fbc40999fae858{\nmargin-bottom:5px;\nmargin-right:3px;\nmargin-left:3px;\n}\n<\/style>\n<a href=''  class='avia-button av-av_buttonrow_item-1a776ab4d2f1fc5c86fbc40999fae858 avia-icon_select-no avia-size-large avia-color-theme-color'  ><span class='avia_iconbox_title' >Leistenschlag<\/span><\/a>\n\n<style type=\"text\/css\" data-created_by=\"avia_inline_auto\" id=\"style-css-av-5jvyk6-d0b694021df59a3e57df3f0b71b5f212\">\n#top #wrap_all .avia-button.av-5jvyk6-d0b694021df59a3e57df3f0b71b5f212{\nmargin-bottom:5px;\nmargin-right:3px;\nmargin-left:3px;\n}\n<\/style>\n<a href='https:\/\/vanremoortel.be\/oasis\/'  class='avia-button av-5jvyk6-d0b694021df59a3e57df3f0b71b5f212 avia-icon_select-no avia-size-large avia-color-theme-color-highlight'  ><span class='avia_iconbox_title' >Oasis Floral Products<\/span><\/a>\n\n<style type=\"text\/css\" data-created_by=\"avia_inline_auto\" id=\"style-css-av-z1fu5y-26307d00b88268a7646e7740034e39f1\">\n#top #wrap_all .avia-button.av-z1fu5y-26307d00b88268a7646e7740034e39f1{\nmargin-bottom:5px;\nmargin-right:3px;\nmargin-left:3px;\n}\n<\/style>\n<a href=''  class='avia-button av-z1fu5y-26307d00b88268a7646e7740034e39f1 avia-icon_select-no avia-size-large avia-color-theme-color'  ><span class='avia_iconbox_title' > Tjeerd van der Velde<\/span><\/a>\n\n<style type=\"text\/css\" data-created_by=\"avia_inline_auto\" id=\"style-css-av-1yvbrq-442bba6c5eeffc17b58d32608f1e91be\">\n#top #wrap_all .avia-button.av-1yvbrq-442bba6c5eeffc17b58d32608f1e91be{\nmargin-bottom:5px;\nmargin-right:3px;\nmargin-left:3px;\n}\n<\/style>\n<a href='https:\/\/vanremoortel.be\/van-remoortel\/'  class='avia-button av-1yvbrq-442bba6c5eeffc17b58d32608f1e91be avia-icon_select-no avia-size-large avia-color-theme-color'  ><span class='avia_iconbox_title' >Van Remoortel<\/span><\/a>\n<\/div>\n\n<style type=\"text\/css\" data-created_by=\"avia_inline_auto\" id=\"style-css-av-jrkd6jj0-1906f8f08dd9524ca33ed74f4968cc45\">\n#top .hr.hr-invisible.av-jrkd6jj0-1906f8f08dd9524ca33ed74f4968cc45{\nheight:50px;\n}\n<\/style>\n<div  class='hr av-jrkd6jj0-1906f8f08dd9524ca33ed74f4968cc45 hr-invisible  avia-builder-el-5  el_after_av_buttonrow  el_before_av_buttonrow '><span class='hr-inner '><span class=\"hr-inner-style\"><\/span><\/span><\/div>\n<div  class='avia-buttonrow-wrap av-jrixpayy-a9f436b166705862c0d19cf90be880a8 avia-buttonrow-center  avia-builder-el-6  el_after_av_hr  avia-builder-el-last '>\n\n<style type=\"text\/css\" data-created_by=\"avia_inline_auto\" id=\"style-css-av-13ji153-cc79fdef9336a1802ac938f35e9a380e\">\n#top #wrap_all .avia-button.av-13ji153-cc79fdef9336a1802ac938f35e9a380e{\nmargin-bottom:20px;\nmargin-right:10px;\nmargin-left:10px;\n}\n<\/style>\n<a href='https:\/\/vanremoortel.be\/fr\/assortiment\/'  class='avia-button av-13ji153-cc79fdef9336a1802ac938f35e9a380e avia-icon_select-yes-left-icon avia-size-x-large avia-color-theme-color-subtle'  ><span class='avia_button_icon avia_button_icon_left ' aria-hidden='true' data-av_icon='\ue830' data-av_iconfont='entypo-fontello'><\/span><span class='avia_iconbox_title' >Retour \u00e0 la gamme compl\u00e8te<\/span><\/a>\n\n<style type=\"text\/css\" data-created_by=\"avia_inline_auto\" id=\"style-css-av-vs3axz-e3aa250ff94c517eebbd251e93fd17da\">\n#top #wrap_all .avia-button.av-vs3axz-e3aa250ff94c517eebbd251e93fd17da{\nbackground-color:#630d91;\nborder-color:#630d91;\ncolor:#ffffff;\ntransition:all 0.4s ease-in-out;\nmargin-bottom:20px;\nmargin-right:10px;\nmargin-left:10px;\n}\n<\/style>\n<a href='https:\/\/vanremoortel.be\/fr\/devenir-client\/'  class='avia-button av-vs3axz-e3aa250ff94c517eebbd251e93fd17da avia-icon_select-yes-left-icon avia-size-x-large'  ><span class='avia_button_icon avia_button_icon_left ' aria-hidden='true' data-av_icon='\ue80c' data-av_iconfont='entypo-fontello'><\/span><span class='avia_iconbox_title' >Devenir client<\/span><\/a>\n<\/div>\n","protected":false},"excerpt":{"rendered":"","protected":false},"author":1,"featured_media":0,"parent":0,"menu_order":0,"comment_status":"closed","ping_status":"closed","template":"","meta":{"_exactmetrics_skip_tracking":false,"_exactmetrics_sitenote_active":false,"_exactmetrics_sitenote_note":"","_exactmetrics_sitenote_category":0,"footnotes":""},"class_list":["post-34889","page","type-page","status-publish","hentry"],"yoast_head":"<!-- This site is optimized with the Yoast SEO plugin v27.1.1 - https:\/\/yoast.com\/product\/yoast-seo-wordpress\/ -->\n<title>Floriculture - Van Remoortel<\/title>\n<meta name=\"description\" content=\"Des dizaines de fournisseurs et de grossistes ont un large assortiment pour la floriculture. Pots, pour int\u00e9rieur et ext\u00e9rieur, des vases etc.\" \/>\n<meta name=\"robots\" content=\"index, follow, max-snippet:-1, max-image-preview:large, max-video-preview:-1\" \/>\n<link rel=\"canonical\" href=\"https:\/\/vanremoortel.be\/fr\/floriculture\/\" \/>\n<meta property=\"og:locale\" content=\"fr_FR\" \/>\n<meta property=\"og:type\" content=\"article\" \/>\n<meta property=\"og:title\" content=\"Floriculture - Van Remoortel\" \/>\n<meta property=\"og:description\" content=\"Des dizaines de fournisseurs et de grossistes ont un large assortiment pour la floriculture. Pots, pour int\u00e9rieur et ext\u00e9rieur, des vases etc.\" \/>\n<meta property=\"og:url\" content=\"https:\/\/vanremoortel.be\/fr\/floriculture\/\" \/>\n<meta property=\"og:site_name\" content=\"Van Remoortel\" \/>\n<meta property=\"article:publisher\" content=\"https:\/\/www.facebook.com\/Groothandel.Decoratie.Van.Remoortel\/\" \/>\n<meta property=\"article:modified_time\" content=\"2019-05-08T13:06:29+00:00\" \/>\n<meta name=\"twitter:card\" content=\"summary_large_image\" \/>\n<meta name=\"twitter:label1\" content=\"Dur\u00e9e de lecture est.\" \/>\n\t<meta name=\"twitter:data1\" content=\"5 minutes\" \/>\n<script type=\"application\/ld+json\" class=\"yoast-schema-graph\">{\"@context\":\"https:\/\/schema.org\",\"@graph\":[{\"@type\":\"WebPage\",\"@id\":\"https:\/\/vanremoortel.be\/fr\/floriculture\/\",\"url\":\"https:\/\/vanremoortel.be\/fr\/floriculture\/\",\"name\":\"Floriculture - Van Remoortel\",\"isPartOf\":{\"@id\":\"https:\/\/vanremoortel.be\/#website\"},\"datePublished\":\"2019-01-30T10:13:39+00:00\",\"dateModified\":\"2019-05-08T13:06:29+00:00\",\"description\":\"Des dizaines de fournisseurs et de grossistes ont un large assortiment pour la floriculture. Pots, pour int\u00e9rieur et ext\u00e9rieur, des vases etc.\",\"breadcrumb\":{\"@id\":\"https:\/\/vanremoortel.be\/fr\/floriculture\/#breadcrumb\"},\"inLanguage\":\"fr-BE\",\"potentialAction\":[{\"@type\":\"ReadAction\",\"target\":[\"https:\/\/vanremoortel.be\/fr\/floriculture\/\"]}]},{\"@type\":\"BreadcrumbList\",\"@id\":\"https:\/\/vanremoortel.be\/fr\/floriculture\/#breadcrumb\",\"itemListElement\":[{\"@type\":\"ListItem\",\"position\":1,\"name\":\"Home\",\"item\":\"https:\/\/vanremoortel.be\/fr\/accueil\/\"},{\"@type\":\"ListItem\",\"position\":2,\"name\":\"Floriculture\"}]},{\"@type\":\"WebSite\",\"@id\":\"https:\/\/vanremoortel.be\/#website\",\"url\":\"https:\/\/vanremoortel.be\/\",\"name\":\"Van Remoortel\",\"description\":\"Van Remoortel\",\"publisher\":{\"@id\":\"https:\/\/vanremoortel.be\/#organization\"},\"potentialAction\":[{\"@type\":\"SearchAction\",\"target\":{\"@type\":\"EntryPoint\",\"urlTemplate\":\"https:\/\/vanremoortel.be\/?s={search_term_string}\"},\"query-input\":{\"@type\":\"PropertyValueSpecification\",\"valueRequired\":true,\"valueName\":\"search_term_string\"}}],\"inLanguage\":\"fr-BE\"},{\"@type\":\"Organization\",\"@id\":\"https:\/\/vanremoortel.be\/#organization\",\"name\":\"Van Remoortel\",\"url\":\"https:\/\/vanremoortel.be\/\",\"logo\":{\"@type\":\"ImageObject\",\"inLanguage\":\"fr-BE\",\"@id\":\"https:\/\/vanremoortel.be\/#\/schema\/logo\/image\/\",\"url\":\"https:\/\/vanremoortel.be\/wp-content\/uploads\/2017\/09\/van-Remoortel_powered_FINAL.jpg\",\"contentUrl\":\"https:\/\/vanremoortel.be\/wp-content\/uploads\/2017\/09\/van-Remoortel_powered_FINAL.jpg\",\"width\":2328,\"height\":322,\"caption\":\"Van Remoortel\"},\"image\":{\"@id\":\"https:\/\/vanremoortel.be\/#\/schema\/logo\/image\/\"},\"sameAs\":[\"https:\/\/www.facebook.com\/Groothandel.Decoratie.Van.Remoortel\/\",\"https:\/\/www.instagram.com\/van_remoortel\/?hl=nl\",\"https:\/\/www.linkedin.com\/company\/van-remoortel-nv\/about\/\",\"https:\/\/www.youtube.com\/channel\/UCYm8eOCzCOC4HxA-Ya0XayQ\"]}]}<\/script>\n<!-- \/ Yoast SEO plugin. -->","yoast_head_json":{"title":"Floriculture - Van Remoortel","description":"Des dizaines de fournisseurs et de grossistes ont un large assortiment pour la floriculture. Pots, pour int\u00e9rieur et ext\u00e9rieur, des vases etc.","robots":{"index":"index","follow":"follow","max-snippet":"max-snippet:-1","max-image-preview":"max-image-preview:large","max-video-preview":"max-video-preview:-1"},"canonical":"https:\/\/vanremoortel.be\/fr\/floriculture\/","og_locale":"fr_FR","og_type":"article","og_title":"Floriculture - Van Remoortel","og_description":"Des dizaines de fournisseurs et de grossistes ont un large assortiment pour la floriculture. Pots, pour int\u00e9rieur et ext\u00e9rieur, des vases etc.","og_url":"https:\/\/vanremoortel.be\/fr\/floriculture\/","og_site_name":"Van Remoortel","article_publisher":"https:\/\/www.facebook.com\/Groothandel.Decoratie.Van.Remoortel\/","article_modified_time":"2019-05-08T13:06:29+00:00","twitter_card":"summary_large_image","twitter_misc":{"Dur\u00e9e de lecture est.":"5 minutes"},"schema":{"@context":"https:\/\/schema.org","@graph":[{"@type":"WebPage","@id":"https:\/\/vanremoortel.be\/fr\/floriculture\/","url":"https:\/\/vanremoortel.be\/fr\/floriculture\/","name":"Floriculture - Van Remoortel","isPartOf":{"@id":"https:\/\/vanremoortel.be\/#website"},"datePublished":"2019-01-30T10:13:39+00:00","dateModified":"2019-05-08T13:06:29+00:00","description":"Des dizaines de fournisseurs et de grossistes ont un large assortiment pour la floriculture. Pots, pour int\u00e9rieur et ext\u00e9rieur, des vases etc.","breadcrumb":{"@id":"https:\/\/vanremoortel.be\/fr\/floriculture\/#breadcrumb"},"inLanguage":"fr-BE","potentialAction":[{"@type":"ReadAction","target":["https:\/\/vanremoortel.be\/fr\/floriculture\/"]}]},{"@type":"BreadcrumbList","@id":"https:\/\/vanremoortel.be\/fr\/floriculture\/#breadcrumb","itemListElement":[{"@type":"ListItem","position":1,"name":"Home","item":"https:\/\/vanremoortel.be\/fr\/accueil\/"},{"@type":"ListItem","position":2,"name":"Floriculture"}]},{"@type":"WebSite","@id":"https:\/\/vanremoortel.be\/#website","url":"https:\/\/vanremoortel.be\/","name":"Van Remoortel","description":"Van Remoortel","publisher":{"@id":"https:\/\/vanremoortel.be\/#organization"},"potentialAction":[{"@type":"SearchAction","target":{"@type":"EntryPoint","urlTemplate":"https:\/\/vanremoortel.be\/?s={search_term_string}"},"query-input":{"@type":"PropertyValueSpecification","valueRequired":true,"valueName":"search_term_string"}}],"inLanguage":"fr-BE"},{"@type":"Organization","@id":"https:\/\/vanremoortel.be\/#organization","name":"Van Remoortel","url":"https:\/\/vanremoortel.be\/","logo":{"@type":"ImageObject","inLanguage":"fr-BE","@id":"https:\/\/vanremoortel.be\/#\/schema\/logo\/image\/","url":"https:\/\/vanremoortel.be\/wp-content\/uploads\/2017\/09\/van-Remoortel_powered_FINAL.jpg","contentUrl":"https:\/\/vanremoortel.be\/wp-content\/uploads\/2017\/09\/van-Remoortel_powered_FINAL.jpg","width":2328,"height":322,"caption":"Van Remoortel"},"image":{"@id":"https:\/\/vanremoortel.be\/#\/schema\/logo\/image\/"},"sameAs":["https:\/\/www.facebook.com\/Groothandel.Decoratie.Van.Remoortel\/","https:\/\/www.instagram.com\/van_remoortel\/?hl=nl","https:\/\/www.linkedin.com\/company\/van-remoortel-nv\/about\/","https:\/\/www.youtube.com\/channel\/UCYm8eOCzCOC4HxA-Ya0XayQ"]}]}},"_links":{"self":[{"href":"https:\/\/vanremoortel.be\/fr\/wp-json\/wp\/v2\/pages\/34889","targetHints":{"allow":["GET"]}}],"collection":[{"href":"https:\/\/vanremoortel.be\/fr\/wp-json\/wp\/v2\/pages"}],"about":[{"href":"https:\/\/vanremoortel.be\/fr\/wp-json\/wp\/v2\/types\/page"}],"author":[{"embeddable":true,"href":"https:\/\/vanremoortel.be\/fr\/wp-json\/wp\/v2\/users\/1"}],"replies":[{"embeddable":true,"href":"https:\/\/vanremoortel.be\/fr\/wp-json\/wp\/v2\/comments?post=34889"}],"version-history":[{"count":5,"href":"https:\/\/vanremoortel.be\/fr\/wp-json\/wp\/v2\/pages\/34889\/revisions"}],"predecessor-version":[{"id":36440,"href":"https:\/\/vanremoortel.be\/fr\/wp-json\/wp\/v2\/pages\/34889\/revisions\/36440"}],"wp:attachment":[{"href":"https:\/\/vanremoortel.be\/fr\/wp-json\/wp\/v2\/media?parent=34889"}],"curies":[{"name":"wp","href":"https:\/\/api.w.org\/{rel}","templated":true}]}}