{"id":34871,"date":"2019-01-30T10:39:18","date_gmt":"2019-01-30T09:39:18","guid":{"rendered":"https:\/\/vanremoortel.be\/bad-geur\/"},"modified":"2021-01-20T11:15:10","modified_gmt":"2021-01-20T10:15:10","slug":"bain-senteur","status":"publish","type":"page","link":"https:\/\/vanremoortel.be\/fr\/bain-senteur\/","title":{"rendered":"Bain &#038; senteur"},"content":{"rendered":"\n<style type=\"text\/css\" data-created_by=\"avia_inline_auto\" id=\"style-css-av-av_heading-d68dd77a399f4385885ba6641ee79a30\">\n#top .av-special-heading.av-av_heading-d68dd77a399f4385885ba6641ee79a30{\npadding-bottom:50px;\n}\nbody .av-special-heading.av-av_heading-d68dd77a399f4385885ba6641ee79a30 .av-special-heading-tag .heading-char{\nfont-size:25px;\n}\n.av-special-heading.av-av_heading-d68dd77a399f4385885ba6641ee79a30 .av-subheading{\nfont-size:15px;\n}\n<\/style>\n<div  class='av-special-heading av-av_heading-d68dd77a399f4385885ba6641ee79a30 av-special-heading-h1 blockquote modern-quote modern-centered  avia-builder-el-0  el_before_av_textblock  avia-builder-el-first '><h1 class='av-special-heading-tag'  itemprop=\"headline\"  >BAIN <span class='special_amp'>&amp;<\/span> SENTEUR<\/h1><div class=\"special-heading-border\"><div class=\"special-heading-inner-border\"><\/div><\/div><\/div>\n<section  class='av_textblock_section av-jriz31ze-9a5806728b9891083d5c0ade017261ba '   itemscope=\"itemscope\" itemtype=\"https:\/\/schema.org\/CreativeWork\" ><div class='avia_textblock'  itemprop=\"text\" ><h2>Produits de soin et parfums d&rsquo;ambiance: tout autour du bain et du parfum.<\/h2>\n<p>Des bougies parfum\u00e9es, des serviettes de bain, des parfums d&rsquo;ambiance, des lotions pour le corps et bien plus encore peuvent \u00eatre trouv\u00e9s chez des dizaines de fournisseurs et de grossistes dans le cash &amp; carry de Van Remoortel. Offrez \u00e0 vos clients un assortiment d\u00e9licieux dans la cat\u00e9gorie bain et parfums.<\/p>\n<h2>L&rsquo;odeur influence le comportement d&rsquo;achat<\/h2>\n<p>Avez-vous d\u00e9j\u00e0 consid\u00e9r\u00e9 l&rsquo;influence de l&rsquo;odeur sur le comportement d&rsquo;achat? L&rsquo;odeur affecte le cerveau inconscient. Avec une odeur agr\u00e9able dans votre magasin, vous pouvez efficacement augmenter vos ventes. Par exemple, des grossistes tels que La Tulipe Jaune, Walra, Royal Orient Cosmetic et bien d\u2019autres encore trouveront des bougies et des b\u00e2tons qui diffusent un parfum irr\u00e9sistible dans votre magasin ou \u00e0 domicile.<\/p>\n<h2>Traitez vos clients<\/h2>\n<p>Les bougies parfum\u00e9es, les parfums d&rsquo;int\u00e9rieur et les produits de soin sont un compl\u00e9ment id\u00e9al \u00e0 un assortiment de cadeaux. Mais aussi dans une collection de d\u00e9coration pour la maison, une bougie parfum\u00e9e ne peut pas \u00eatre manqu\u00e9e de nos jours. Cr\u00e9ez vous-m\u00eame les emballages cadeaux les plus originaux avec des produits pour le bain et les parfums propos\u00e9s par des dizaines de fournisseurs et de grossistes!<\/p>\n<\/div><\/section>\n\n<style type=\"text\/css\" data-created_by=\"avia_inline_auto\" id=\"style-css-av-av_heading-1706350177a585375c6f75d25f15d718\">\n#top .av-special-heading.av-av_heading-1706350177a585375c6f75d25f15d718{\npadding-bottom:50px;\nfont-size:16px;\n}\nbody .av-special-heading.av-av_heading-1706350177a585375c6f75d25f15d718 .av-special-heading-tag .heading-char{\nfont-size:25px;\n}\n#top #wrap_all .av-special-heading.av-av_heading-1706350177a585375c6f75d25f15d718 .av-special-heading-tag{\nfont-size:16px;\n}\n.av-special-heading.av-av_heading-1706350177a585375c6f75d25f15d718 .av-subheading{\nfont-size:15px;\n}\n\n@media only screen and (min-width: 480px) and (max-width: 767px){ \n#top #wrap_all .av-special-heading.av-av_heading-1706350177a585375c6f75d25f15d718 .av-special-heading-tag{\nfont-size:0.8em;\n}\n}\n\n@media only screen and (max-width: 479px){ \n#top #wrap_all .av-special-heading.av-av_heading-1706350177a585375c6f75d25f15d718 .av-special-heading-tag{\nfont-size:0.8em;\n}\n}\n<\/style>\n<div  class='av-special-heading av-av_heading-1706350177a585375c6f75d25f15d718 av-special-heading-h1 blockquote modern-quote modern-centered  avia-builder-el-2  el_after_av_textblock  el_before_av_buttonrow  av-inherit-size'><h1 class='av-special-heading-tag'  itemprop=\"headline\"  >EXPOSANTS VENDENT DES PRODUITS BAINS <span class='special_amp'>&amp;<\/span> SENTEUR<\/h1><div class=\"special-heading-border\"><div class=\"special-heading-inner-border\"><\/div><\/div><\/div>\n<div  class='avia-buttonrow-wrap av-jrj88vkn-d2e8d480357ac2b99ad2952b07c16b07 avia-buttonrow-center  avia-builder-el-3  el_after_av_heading  el_before_av_hr '>\n\n<style type=\"text\/css\" data-created_by=\"avia_inline_auto\" id=\"style-css-av-2dc9qko-649b351fb07a6523bc3815378d617d84\">\n#top #wrap_all .avia-button.av-2dc9qko-649b351fb07a6523bc3815378d617d84{\nmargin-bottom:5px;\nmargin-right:3px;\nmargin-left:3px;\n}\n<\/style>\n<a href=''  class='avia-button av-2dc9qko-649b351fb07a6523bc3815378d617d84 avia-icon_select-no avia-size-large avia-color-theme-color-highlight'  ><span class='avia_iconbox_title' >Home Delight<\/span><\/a>\n\n<style type=\"text\/css\" data-created_by=\"avia_inline_auto\" id=\"style-css-av-1u3wr6w-7ab284e6d940cfa69f2a8d4396bf7001\">\n#top #wrap_all .avia-button.av-1u3wr6w-7ab284e6d940cfa69f2a8d4396bf7001{\nmargin-bottom:5px;\nmargin-right:3px;\nmargin-left:3px;\n}\n<\/style>\n<a href=''  class='avia-button av-1u3wr6w-7ab284e6d940cfa69f2a8d4396bf7001 avia-icon_select-no avia-size-large avia-color-theme-color'  ><span class='avia_iconbox_title' >Royal Orient Cosmetics<\/span><\/a>\n\n<style type=\"text\/css\" data-created_by=\"avia_inline_auto\" id=\"style-css-av-ozifig-e290b7e462377bc6f58f28c855426dd1\">\n#top #wrap_all .avia-button.av-ozifig-e290b7e462377bc6f58f28c855426dd1{\nmargin-bottom:5px;\nmargin-right:3px;\nmargin-left:3px;\n}\n<\/style>\n<a href=''  class='avia-button av-ozifig-e290b7e462377bc6f58f28c855426dd1 avia-icon_select-no avia-size-large avia-color-theme-color'  ><span class='avia_iconbox_title' >Wittkemper Living<\/span><\/a>\n<\/div>\n\n<style type=\"text\/css\" data-created_by=\"avia_inline_auto\" id=\"style-css-av-jrj0vn2q-05e2135eb20944f0611b91c320b4b511\">\n#top .hr.hr-invisible.av-jrj0vn2q-05e2135eb20944f0611b91c320b4b511{\nheight:50px;\n}\n<\/style>\n<div  class='hr av-jrj0vn2q-05e2135eb20944f0611b91c320b4b511 hr-invisible  avia-builder-el-4  el_after_av_buttonrow  el_before_av_buttonrow '><span class='hr-inner '><span class=\"hr-inner-style\"><\/span><\/span><\/div>\n<div  class='avia-buttonrow-wrap av-jrixpayy-a9f436b166705862c0d19cf90be880a8 avia-buttonrow-center  avia-builder-el-5  el_after_av_hr  avia-builder-el-last '>\n\n<style type=\"text\/css\" data-created_by=\"avia_inline_auto\" id=\"style-css-av-13ji153-cc79fdef9336a1802ac938f35e9a380e\">\n#top #wrap_all .avia-button.av-13ji153-cc79fdef9336a1802ac938f35e9a380e{\nmargin-bottom:20px;\nmargin-right:10px;\nmargin-left:10px;\n}\n<\/style>\n<a href='https:\/\/vanremoortel.be\/fr\/assortiment\/'  class='avia-button av-13ji153-cc79fdef9336a1802ac938f35e9a380e avia-icon_select-yes-left-icon avia-size-x-large avia-color-theme-color-subtle'  ><span class='avia_button_icon avia_button_icon_left ' aria-hidden='true' data-av_icon='\ue830' data-av_iconfont='entypo-fontello'><\/span><span class='avia_iconbox_title' >Retour \u00e0 la gamme compl\u00e8te<\/span><\/a>\n\n<style type=\"text\/css\" data-created_by=\"avia_inline_auto\" id=\"style-css-av-vs3axz-e3aa250ff94c517eebbd251e93fd17da\">\n#top #wrap_all .avia-button.av-vs3axz-e3aa250ff94c517eebbd251e93fd17da{\nbackground-color:#630d91;\nborder-color:#630d91;\ncolor:#ffffff;\ntransition:all 0.4s ease-in-out;\nmargin-bottom:20px;\nmargin-right:10px;\nmargin-left:10px;\n}\n<\/style>\n<a href='https:\/\/vanremoortel.be\/fr\/devenir-client\/'  class='avia-button av-vs3axz-e3aa250ff94c517eebbd251e93fd17da avia-icon_select-yes-left-icon avia-size-x-large'  ><span class='avia_button_icon avia_button_icon_left ' aria-hidden='true' data-av_icon='\ue80c' data-av_iconfont='entypo-fontello'><\/span><span class='avia_iconbox_title' >Devenir client<\/span><\/a>\n<\/div>\n","protected":false},"excerpt":{"rendered":"","protected":false},"author":1,"featured_media":0,"parent":0,"menu_order":0,"comment_status":"closed","ping_status":"closed","template":"","meta":{"_exactmetrics_skip_tracking":false,"_exactmetrics_sitenote_active":false,"_exactmetrics_sitenote_note":"","_exactmetrics_sitenote_category":0,"footnotes":""},"class_list":["post-34871","page","type-page","status-publish","hentry"],"yoast_head":"<!-- This site is optimized with the Yoast SEO plugin v27.1.1 - https:\/\/yoast.com\/product\/yoast-seo-wordpress\/ -->\n<title>Bain &amp; senteur - Van Remoortel<\/title>\n<meta name=\"description\" content=\"Des bougies parfum\u00e9es, des lotions pour le corps et plus encore peuvent \u00eatre trouv\u00e9s chez des fournisseurs et grossistes de bain &amp; senteur au cash &amp; carry.\" \/>\n<meta name=\"robots\" content=\"index, follow, max-snippet:-1, max-image-preview:large, max-video-preview:-1\" \/>\n<link rel=\"canonical\" href=\"https:\/\/vanremoortel.be\/fr\/bain-senteur\/\" \/>\n<meta property=\"og:locale\" content=\"fr_FR\" \/>\n<meta property=\"og:type\" content=\"article\" \/>\n<meta property=\"og:title\" content=\"Bain &amp; senteur - Van Remoortel\" \/>\n<meta property=\"og:description\" content=\"Des bougies parfum\u00e9es, des lotions pour le corps et plus encore peuvent \u00eatre trouv\u00e9s chez des fournisseurs et grossistes de bain &amp; senteur au cash &amp; carry.\" \/>\n<meta property=\"og:url\" content=\"https:\/\/vanremoortel.be\/fr\/bain-senteur\/\" \/>\n<meta property=\"og:site_name\" content=\"Van Remoortel\" \/>\n<meta property=\"article:publisher\" content=\"https:\/\/www.facebook.com\/Groothandel.Decoratie.Van.Remoortel\/\" \/>\n<meta property=\"article:modified_time\" content=\"2021-01-20T10:15:10+00:00\" \/>\n<meta name=\"twitter:card\" content=\"summary_large_image\" \/>\n<meta name=\"twitter:label1\" content=\"Dur\u00e9e de lecture est.\" \/>\n\t<meta name=\"twitter:data1\" content=\"4 minutes\" \/>\n<script type=\"application\/ld+json\" class=\"yoast-schema-graph\">{\"@context\":\"https:\/\/schema.org\",\"@graph\":[{\"@type\":\"WebPage\",\"@id\":\"https:\/\/vanremoortel.be\/fr\/bain-senteur\/\",\"url\":\"https:\/\/vanremoortel.be\/fr\/bain-senteur\/\",\"name\":\"Bain & senteur - Van Remoortel\",\"isPartOf\":{\"@id\":\"https:\/\/vanremoortel.be\/#website\"},\"datePublished\":\"2019-01-30T09:39:18+00:00\",\"dateModified\":\"2021-01-20T10:15:10+00:00\",\"description\":\"Des bougies parfum\u00e9es, des lotions pour le corps et plus encore peuvent \u00eatre trouv\u00e9s chez des fournisseurs et grossistes de bain & senteur au cash & carry.\",\"breadcrumb\":{\"@id\":\"https:\/\/vanremoortel.be\/fr\/bain-senteur\/#breadcrumb\"},\"inLanguage\":\"fr-BE\",\"potentialAction\":[{\"@type\":\"ReadAction\",\"target\":[\"https:\/\/vanremoortel.be\/fr\/bain-senteur\/\"]}]},{\"@type\":\"BreadcrumbList\",\"@id\":\"https:\/\/vanremoortel.be\/fr\/bain-senteur\/#breadcrumb\",\"itemListElement\":[{\"@type\":\"ListItem\",\"position\":1,\"name\":\"Home\",\"item\":\"https:\/\/vanremoortel.be\/fr\/accueil\/\"},{\"@type\":\"ListItem\",\"position\":2,\"name\":\"Bain &#038; senteur\"}]},{\"@type\":\"WebSite\",\"@id\":\"https:\/\/vanremoortel.be\/#website\",\"url\":\"https:\/\/vanremoortel.be\/\",\"name\":\"Van Remoortel\",\"description\":\"Van Remoortel\",\"publisher\":{\"@id\":\"https:\/\/vanremoortel.be\/#organization\"},\"potentialAction\":[{\"@type\":\"SearchAction\",\"target\":{\"@type\":\"EntryPoint\",\"urlTemplate\":\"https:\/\/vanremoortel.be\/?s={search_term_string}\"},\"query-input\":{\"@type\":\"PropertyValueSpecification\",\"valueRequired\":true,\"valueName\":\"search_term_string\"}}],\"inLanguage\":\"fr-BE\"},{\"@type\":\"Organization\",\"@id\":\"https:\/\/vanremoortel.be\/#organization\",\"name\":\"Van Remoortel\",\"url\":\"https:\/\/vanremoortel.be\/\",\"logo\":{\"@type\":\"ImageObject\",\"inLanguage\":\"fr-BE\",\"@id\":\"https:\/\/vanremoortel.be\/#\/schema\/logo\/image\/\",\"url\":\"https:\/\/vanremoortel.be\/wp-content\/uploads\/2017\/09\/van-Remoortel_powered_FINAL.jpg\",\"contentUrl\":\"https:\/\/vanremoortel.be\/wp-content\/uploads\/2017\/09\/van-Remoortel_powered_FINAL.jpg\",\"width\":2328,\"height\":322,\"caption\":\"Van Remoortel\"},\"image\":{\"@id\":\"https:\/\/vanremoortel.be\/#\/schema\/logo\/image\/\"},\"sameAs\":[\"https:\/\/www.facebook.com\/Groothandel.Decoratie.Van.Remoortel\/\",\"https:\/\/www.instagram.com\/van_remoortel\/?hl=nl\",\"https:\/\/www.linkedin.com\/company\/van-remoortel-nv\/about\/\",\"https:\/\/www.youtube.com\/channel\/UCYm8eOCzCOC4HxA-Ya0XayQ\"]}]}<\/script>\n<!-- \/ Yoast SEO plugin. -->","yoast_head_json":{"title":"Bain & senteur - Van Remoortel","description":"Des bougies parfum\u00e9es, des lotions pour le corps et plus encore peuvent \u00eatre trouv\u00e9s chez des fournisseurs et grossistes de bain & senteur au cash & carry.","robots":{"index":"index","follow":"follow","max-snippet":"max-snippet:-1","max-image-preview":"max-image-preview:large","max-video-preview":"max-video-preview:-1"},"canonical":"https:\/\/vanremoortel.be\/fr\/bain-senteur\/","og_locale":"fr_FR","og_type":"article","og_title":"Bain & senteur - Van Remoortel","og_description":"Des bougies parfum\u00e9es, des lotions pour le corps et plus encore peuvent \u00eatre trouv\u00e9s chez des fournisseurs et grossistes de bain & senteur au cash & carry.","og_url":"https:\/\/vanremoortel.be\/fr\/bain-senteur\/","og_site_name":"Van Remoortel","article_publisher":"https:\/\/www.facebook.com\/Groothandel.Decoratie.Van.Remoortel\/","article_modified_time":"2021-01-20T10:15:10+00:00","twitter_card":"summary_large_image","twitter_misc":{"Dur\u00e9e de lecture est.":"4 minutes"},"schema":{"@context":"https:\/\/schema.org","@graph":[{"@type":"WebPage","@id":"https:\/\/vanremoortel.be\/fr\/bain-senteur\/","url":"https:\/\/vanremoortel.be\/fr\/bain-senteur\/","name":"Bain & senteur - Van Remoortel","isPartOf":{"@id":"https:\/\/vanremoortel.be\/#website"},"datePublished":"2019-01-30T09:39:18+00:00","dateModified":"2021-01-20T10:15:10+00:00","description":"Des bougies parfum\u00e9es, des lotions pour le corps et plus encore peuvent \u00eatre trouv\u00e9s chez des fournisseurs et grossistes de bain & senteur au cash & carry.","breadcrumb":{"@id":"https:\/\/vanremoortel.be\/fr\/bain-senteur\/#breadcrumb"},"inLanguage":"fr-BE","potentialAction":[{"@type":"ReadAction","target":["https:\/\/vanremoortel.be\/fr\/bain-senteur\/"]}]},{"@type":"BreadcrumbList","@id":"https:\/\/vanremoortel.be\/fr\/bain-senteur\/#breadcrumb","itemListElement":[{"@type":"ListItem","position":1,"name":"Home","item":"https:\/\/vanremoortel.be\/fr\/accueil\/"},{"@type":"ListItem","position":2,"name":"Bain &#038; senteur"}]},{"@type":"WebSite","@id":"https:\/\/vanremoortel.be\/#website","url":"https:\/\/vanremoortel.be\/","name":"Van Remoortel","description":"Van Remoortel","publisher":{"@id":"https:\/\/vanremoortel.be\/#organization"},"potentialAction":[{"@type":"SearchAction","target":{"@type":"EntryPoint","urlTemplate":"https:\/\/vanremoortel.be\/?s={search_term_string}"},"query-input":{"@type":"PropertyValueSpecification","valueRequired":true,"valueName":"search_term_string"}}],"inLanguage":"fr-BE"},{"@type":"Organization","@id":"https:\/\/vanremoortel.be\/#organization","name":"Van Remoortel","url":"https:\/\/vanremoortel.be\/","logo":{"@type":"ImageObject","inLanguage":"fr-BE","@id":"https:\/\/vanremoortel.be\/#\/schema\/logo\/image\/","url":"https:\/\/vanremoortel.be\/wp-content\/uploads\/2017\/09\/van-Remoortel_powered_FINAL.jpg","contentUrl":"https:\/\/vanremoortel.be\/wp-content\/uploads\/2017\/09\/van-Remoortel_powered_FINAL.jpg","width":2328,"height":322,"caption":"Van Remoortel"},"image":{"@id":"https:\/\/vanremoortel.be\/#\/schema\/logo\/image\/"},"sameAs":["https:\/\/www.facebook.com\/Groothandel.Decoratie.Van.Remoortel\/","https:\/\/www.instagram.com\/van_remoortel\/?hl=nl","https:\/\/www.linkedin.com\/company\/van-remoortel-nv\/about\/","https:\/\/www.youtube.com\/channel\/UCYm8eOCzCOC4HxA-Ya0XayQ"]}]}},"_links":{"self":[{"href":"https:\/\/vanremoortel.be\/fr\/wp-json\/wp\/v2\/pages\/34871","targetHints":{"allow":["GET"]}}],"collection":[{"href":"https:\/\/vanremoortel.be\/fr\/wp-json\/wp\/v2\/pages"}],"about":[{"href":"https:\/\/vanremoortel.be\/fr\/wp-json\/wp\/v2\/types\/page"}],"author":[{"embeddable":true,"href":"https:\/\/vanremoortel.be\/fr\/wp-json\/wp\/v2\/users\/1"}],"replies":[{"embeddable":true,"href":"https:\/\/vanremoortel.be\/fr\/wp-json\/wp\/v2\/comments?post=34871"}],"version-history":[{"count":5,"href":"https:\/\/vanremoortel.be\/fr\/wp-json\/wp\/v2\/pages\/34871\/revisions"}],"predecessor-version":[{"id":34875,"href":"https:\/\/vanremoortel.be\/fr\/wp-json\/wp\/v2\/pages\/34871\/revisions\/34875"}],"wp:attachment":[{"href":"https:\/\/vanremoortel.be\/fr\/wp-json\/wp\/v2\/media?parent=34871"}],"curies":[{"name":"wp","href":"https:\/\/api.w.org\/{rel}","templated":true}]}}