{"id":34864,"date":"2019-01-30T09:42:44","date_gmt":"2019-01-30T08:42:44","guid":{"rendered":"https:\/\/vanremoortel.be\/koken-tafelen\/"},"modified":"2019-03-27T11:20:44","modified_gmt":"2019-03-27T10:20:44","slug":"cuisine-repas","status":"publish","type":"page","link":"https:\/\/vanremoortel.be\/fr\/cuisine-repas\/","title":{"rendered":"Cuisine &#038; repas"},"content":{"rendered":"\n<style type=\"text\/css\" data-created_by=\"avia_inline_auto\" id=\"style-css-av-av_heading-b32cd78cc18ac8e8bb0be48e5949869b\">\n#top .av-special-heading.av-av_heading-b32cd78cc18ac8e8bb0be48e5949869b{\npadding-bottom:50px;\n}\nbody .av-special-heading.av-av_heading-b32cd78cc18ac8e8bb0be48e5949869b .av-special-heading-tag .heading-char{\nfont-size:25px;\n}\n.av-special-heading.av-av_heading-b32cd78cc18ac8e8bb0be48e5949869b .av-subheading{\nfont-size:15px;\n}\n<\/style>\n<div  class='av-special-heading av-av_heading-b32cd78cc18ac8e8bb0be48e5949869b av-special-heading-h1 blockquote modern-quote modern-centered  avia-builder-el-0  el_before_av_textblock  avia-builder-el-first '><h1 class='av-special-heading-tag'  itemprop=\"headline\"  >CUISINE <span class='special_amp'>&amp;<\/span> REPAS<\/h1><div class=\"special-heading-border\"><div class=\"special-heading-inner-border\"><\/div><\/div><\/div>\n<section  class='av_textblock_section av-jrixhk5a-4e420b8f5bf6200a221c766ce599cc84 '   itemscope=\"itemscope\" itemtype=\"https:\/\/schema.org\/CreativeWork\" ><div class='avia_textblock'  itemprop=\"text\" ><h2>De la vaisselle aux gourmandises<\/h2>\n<p>Dans le cash &amp; carry de 10 000 m\u00b2, vous trouverez des dizaines de fournisseurs avec une offre qui correspond \u00e0 la cat\u00e9gorie cuisine &amp; repas. Les exposants avec un assortiment de casseroles et po\u00eales, de tabliers de cuisine et d\u2019autres accessoires de cuisine sont largement repr\u00e9sent\u00e9s. Vous trouverez \u00e9galement le coin cuisine chez Van Remoortel o\u00f9 les fournisseurs proposent de d\u00e9licieuses sp\u00e9cialit\u00e9s.<\/p>\n<h2>Coin cuisine plein de d\u00e9lices<\/h2>\n<p>Vous pouvez trouver le coin cuisine aux caisses du grossiste. Un certain nombre d\u2019exposants pr\u00e9sentent ici des mets d\u00e9licats indispensables aux collections de cadeaux ou aux magasins de cuisine. L&rsquo;exposant La Tulip Jaune pr\u00e9sente les produits les plus savoureux de la Provence fran\u00e7aise. En plus de La Tulip Jaune, vous trouverez Digusti, o\u00f9 l\u2019Italie est le th\u00e8me principal et l\u2019origine de tous les produits savoureux. Il Limone et Linden Food, qui proposent des mets d\u00e9licieux \u00e0 leur mani\u00e8re.<\/p>\n<h2>Tout pour une gamme compl\u00e8te de cuisine et de restauration<\/h2>\n<p>En plus des produits de bon go\u00fbt dans le coin des aliments, vous trouverez des dizaines de fournisseurs dans le Cash &amp; Carry o\u00f9 vous trouverez de la vaisselle, des casseroles, des louches, des nappes, des sous-verres, des couverts et plus encore. Voulez-vous compl\u00e9ter votre collection ou compl\u00e9ter la pr\u00e9sentation de votre entreprise avec des produits de cette gamme? Chez Van Remoortel, vous pouvez en acheter un \u00e0 la fois et le d\u00e9duire de la caisse enregistreuse centrale. Vous \u00eates flexible et choisissez les produits de dizaines de fournisseurs sous un m\u00eame toit.<\/p>\n<\/div><\/section>\n\n<style type=\"text\/css\" data-created_by=\"avia_inline_auto\" id=\"style-css-av-av_heading-83202f7c8b4a411ca2bb7b0b25d0d4ff\">\n#top .av-special-heading.av-av_heading-83202f7c8b4a411ca2bb7b0b25d0d4ff{\npadding-bottom:50px;\nfont-size:16px;\n}\nbody .av-special-heading.av-av_heading-83202f7c8b4a411ca2bb7b0b25d0d4ff .av-special-heading-tag .heading-char{\nfont-size:25px;\n}\n#top #wrap_all .av-special-heading.av-av_heading-83202f7c8b4a411ca2bb7b0b25d0d4ff .av-special-heading-tag{\nfont-size:16px;\n}\n.av-special-heading.av-av_heading-83202f7c8b4a411ca2bb7b0b25d0d4ff .av-subheading{\nfont-size:15px;\n}\n\n@media only screen and (min-width: 480px) and (max-width: 767px){ \n#top #wrap_all .av-special-heading.av-av_heading-83202f7c8b4a411ca2bb7b0b25d0d4ff .av-special-heading-tag{\nfont-size:0.8em;\n}\n}\n\n@media only screen and (max-width: 479px){ \n#top #wrap_all .av-special-heading.av-av_heading-83202f7c8b4a411ca2bb7b0b25d0d4ff .av-special-heading-tag{\nfont-size:0.8em;\n}\n}\n<\/style>\n<div  class='av-special-heading av-av_heading-83202f7c8b4a411ca2bb7b0b25d0d4ff av-special-heading-h1 blockquote modern-quote modern-centered  avia-builder-el-2  el_after_av_textblock  el_before_av_buttonrow  av-inherit-size'><h1 class='av-special-heading-tag'  itemprop=\"headline\"  >EXPOSANTS VENDENT DES PRODUITS CUISINE <span class='special_amp'>&amp;<\/span> REPAS<\/h1><div class=\"special-heading-border\"><div class=\"special-heading-inner-border\"><\/div><\/div><\/div>\n<div  class='avia-buttonrow-wrap av-jrj88vkn-d2e8d480357ac2b99ad2952b07c16b07 avia-buttonrow-center  avia-builder-el-3  el_after_av_heading  el_before_av_buttonrow '>\n\n<style type=\"text\/css\" data-created_by=\"avia_inline_auto\" id=\"style-css-av-57tg3c8-e341642582781d01feee6a631ddb03fd\">\n#top #wrap_all .avia-button.av-57tg3c8-e341642582781d01feee6a631ddb03fd{\nmargin-bottom:5px;\nmargin-right:3px;\nmargin-left:3px;\n}\n<\/style>\n<a href='https:\/\/vanremoortel.be\/ambiente\/'  class='avia-button av-57tg3c8-e341642582781d01feee6a631ddb03fd avia-icon_select-no avia-size-large avia-color-theme-color-highlight'  ><span class='avia_iconbox_title' >Ambiente<\/span><\/a>\n\n<style type=\"text\/css\" data-created_by=\"avia_inline_auto\" id=\"style-css-av-gz8cbs-d9221e32cdd75ed8195219ef3035e1a4\">\n#top #wrap_all .avia-button.av-gz8cbs-d9221e32cdd75ed8195219ef3035e1a4{\nmargin-bottom:5px;\nmargin-right:3px;\nmargin-left:3px;\n}\n<\/style>\n<a href=''  class='avia-button av-gz8cbs-d9221e32cdd75ed8195219ef3035e1a4 avia-icon_select-no avia-size-large avia-color-theme-color'  ><span class='avia_iconbox_title' >Bloemetjes &amp; Zo<\/span><\/a>\n\n<style type=\"text\/css\" data-created_by=\"avia_inline_auto\" id=\"style-css-av-4g8f7go-42b72e4b58a05c5537457ab91aa12feb\">\n#top #wrap_all .avia-button.av-4g8f7go-42b72e4b58a05c5537457ab91aa12feb{\nmargin-bottom:5px;\nmargin-right:3px;\nmargin-left:3px;\n}\n<\/style>\n<a href=''  class='avia-button av-4g8f7go-42b72e4b58a05c5537457ab91aa12feb avia-icon_select-no avia-size-large avia-color-theme-color'  ><span class='avia_iconbox_title' >Braun Company<\/span><\/a>\n\n<style type=\"text\/css\" data-created_by=\"avia_inline_auto\" id=\"style-css-av-3qua98o-638ce791372722cacb0cbe8d0c301e09\">\n#top #wrap_all .avia-button.av-3qua98o-638ce791372722cacb0cbe8d0c301e09{\nmargin-bottom:5px;\nmargin-right:3px;\nmargin-left:3px;\n}\n<\/style>\n<a href=''  class='avia-button av-3qua98o-638ce791372722cacb0cbe8d0c301e09 avia-icon_select-no avia-size-large avia-color-theme-color'  ><span class='avia_iconbox_title' > Cozinezz<\/span><\/a>\n\n<style type=\"text\/css\" data-created_by=\"avia_inline_auto\" id=\"style-css-av-3ml9urs-9674a0688ecf8b0b228d7b7ec81396a2\">\n#top #wrap_all .avia-button.av-3ml9urs-9674a0688ecf8b0b228d7b7ec81396a2{\nmargin-bottom:5px;\nmargin-right:3px;\nmargin-left:3px;\n}\n<\/style>\n<a href=''  class='avia-button av-3ml9urs-9674a0688ecf8b0b228d7b7ec81396a2 avia-icon_select-no avia-size-large avia-color-theme-color'  ><span class='avia_iconbox_title' > HDN Waalwijk<\/span><\/a>\n<\/div>\n<div  class='avia-buttonrow-wrap av-jrj88vkn-d2e8d480357ac2b99ad2952b07c16b07 avia-buttonrow-center  avia-builder-el-4  el_after_av_buttonrow  el_before_av_hr '>\n\n<style type=\"text\/css\" data-created_by=\"avia_inline_auto\" id=\"style-css-av-35f3hd4-41a749944149a24064d378d03546e683\">\n#top #wrap_all .avia-button.av-35f3hd4-41a749944149a24064d378d03546e683{\nmargin-bottom:5px;\nmargin-right:3px;\nmargin-left:3px;\n}\n<\/style>\n<a href=''  class='avia-button av-35f3hd4-41a749944149a24064d378d03546e683 avia-icon_select-no avia-size-large avia-color-theme-color-highlight'  ><span class='avia_iconbox_title' >Home Delight<\/span><\/a>\n\n<style type=\"text\/css\" data-created_by=\"avia_inline_auto\" id=\"style-css-av-5wxcmg-1e45d81ce185554e2eabb1be53d63087\">\n#top #wrap_all .avia-button.av-5wxcmg-1e45d81ce185554e2eabb1be53d63087{\nmargin-bottom:5px;\nmargin-right:3px;\nmargin-left:3px;\n}\n<\/style>\n<a href=''  class='avia-button av-5wxcmg-1e45d81ce185554e2eabb1be53d63087 avia-icon_select-no avia-size-large avia-color-theme-color'  ><span class='avia_iconbox_title' > Villeroy &amp; Boch<\/span><\/a>\n<\/div>\n\n<style type=\"text\/css\" data-created_by=\"avia_inline_auto\" id=\"style-css-av-jrj10y5u-3bf061211f5672f668ad5375dd9120da\">\n#top .hr.hr-invisible.av-jrj10y5u-3bf061211f5672f668ad5375dd9120da{\nheight:50px;\n}\n<\/style>\n<div  class='hr av-jrj10y5u-3bf061211f5672f668ad5375dd9120da hr-invisible  avia-builder-el-5  el_after_av_buttonrow  el_before_av_buttonrow '><span class='hr-inner '><span class=\"hr-inner-style\"><\/span><\/span><\/div>\n<div  class='avia-buttonrow-wrap av-jrixpayy-a9f436b166705862c0d19cf90be880a8 avia-buttonrow-center  avia-builder-el-6  el_after_av_hr  avia-builder-el-last '>\n\n<style type=\"text\/css\" data-created_by=\"avia_inline_auto\" id=\"style-css-av-13ji153-cc79fdef9336a1802ac938f35e9a380e\">\n#top #wrap_all .avia-button.av-13ji153-cc79fdef9336a1802ac938f35e9a380e{\nmargin-bottom:20px;\nmargin-right:10px;\nmargin-left:10px;\n}\n<\/style>\n<a href='https:\/\/vanremoortel.be\/fr\/assortiment\/'  class='avia-button av-13ji153-cc79fdef9336a1802ac938f35e9a380e avia-icon_select-yes-left-icon avia-size-x-large avia-color-theme-color-subtle'  ><span class='avia_button_icon avia_button_icon_left ' aria-hidden='true' data-av_icon='\ue830' data-av_iconfont='entypo-fontello'><\/span><span class='avia_iconbox_title' >Retour \u00e0 la gamme compl\u00e8te<\/span><\/a>\n\n<style type=\"text\/css\" data-created_by=\"avia_inline_auto\" id=\"style-css-av-vs3axz-e3aa250ff94c517eebbd251e93fd17da\">\n#top #wrap_all .avia-button.av-vs3axz-e3aa250ff94c517eebbd251e93fd17da{\nbackground-color:#630d91;\nborder-color:#630d91;\ncolor:#ffffff;\ntransition:all 0.4s ease-in-out;\nmargin-bottom:20px;\nmargin-right:10px;\nmargin-left:10px;\n}\n<\/style>\n<a href='https:\/\/vanremoortel.be\/fr\/devenir-client\/'  class='avia-button av-vs3axz-e3aa250ff94c517eebbd251e93fd17da avia-icon_select-yes-left-icon avia-size-x-large'  ><span class='avia_button_icon avia_button_icon_left ' aria-hidden='true' data-av_icon='\ue80c' data-av_iconfont='entypo-fontello'><\/span><span class='avia_iconbox_title' >Devenir client<\/span><\/a>\n<\/div>\n","protected":false},"excerpt":{"rendered":"","protected":false},"author":1,"featured_media":0,"parent":0,"menu_order":0,"comment_status":"closed","ping_status":"closed","template":"","meta":{"_exactmetrics_skip_tracking":false,"_exactmetrics_sitenote_active":false,"_exactmetrics_sitenote_note":"","_exactmetrics_sitenote_category":0,"footnotes":""},"class_list":["post-34864","page","type-page","status-publish","hentry"],"yoast_head":"<!-- This site is optimized with the Yoast SEO plugin v27.6 - https:\/\/yoast.com\/product\/yoast-seo-wordpress\/ -->\n<title>Cuisine &amp; repas - Van Remoortel<\/title>\n<meta name=\"description\" content=\"Beaucoup d&#039;exposants de cuisine &amp; repas \u00e0 Van Remoortel.. Un assortiment de casseroles et po\u00eales, de tabliers de cuisine etc.\" \/>\n<meta name=\"robots\" content=\"index, follow, max-snippet:-1, max-image-preview:large, max-video-preview:-1\" \/>\n<link rel=\"canonical\" href=\"https:\/\/vanremoortel.be\/fr\/cuisine-repas\/\" \/>\n<meta property=\"og:locale\" content=\"fr_FR\" \/>\n<meta property=\"og:type\" content=\"article\" \/>\n<meta property=\"og:title\" content=\"Cuisine &amp; repas - Van Remoortel\" \/>\n<meta property=\"og:description\" content=\"Beaucoup d&#039;exposants de cuisine &amp; repas \u00e0 Van Remoortel.. Un assortiment de casseroles et po\u00eales, de tabliers de cuisine etc.\" \/>\n<meta property=\"og:url\" content=\"https:\/\/vanremoortel.be\/fr\/cuisine-repas\/\" \/>\n<meta property=\"og:site_name\" content=\"Van Remoortel\" \/>\n<meta property=\"article:publisher\" content=\"https:\/\/www.facebook.com\/Groothandel.Decoratie.Van.Remoortel\/\" \/>\n<meta property=\"article:modified_time\" content=\"2019-03-27T10:20:44+00:00\" \/>\n<meta name=\"twitter:card\" content=\"summary_large_image\" \/>\n<meta name=\"twitter:label1\" content=\"Dur\u00e9e de lecture est.\" \/>\n\t<meta name=\"twitter:data1\" content=\"6 minutes\" \/>\n<script type=\"application\/ld+json\" class=\"yoast-schema-graph\">{\"@context\":\"https:\\\/\\\/schema.org\",\"@graph\":[{\"@type\":\"WebPage\",\"@id\":\"https:\\\/\\\/vanremoortel.be\\\/fr\\\/cuisine-repas\\\/\",\"url\":\"https:\\\/\\\/vanremoortel.be\\\/fr\\\/cuisine-repas\\\/\",\"name\":\"Cuisine & repas - Van Remoortel\",\"isPartOf\":{\"@id\":\"https:\\\/\\\/vanremoortel.be\\\/#website\"},\"datePublished\":\"2019-01-30T08:42:44+00:00\",\"dateModified\":\"2019-03-27T10:20:44+00:00\",\"description\":\"Beaucoup d'exposants de cuisine & repas \u00e0 Van Remoortel.. Un assortiment de casseroles et po\u00eales, de tabliers de cuisine etc.\",\"breadcrumb\":{\"@id\":\"https:\\\/\\\/vanremoortel.be\\\/fr\\\/cuisine-repas\\\/#breadcrumb\"},\"inLanguage\":\"fr-BE\",\"potentialAction\":[{\"@type\":\"ReadAction\",\"target\":[\"https:\\\/\\\/vanremoortel.be\\\/fr\\\/cuisine-repas\\\/\"]}]},{\"@type\":\"BreadcrumbList\",\"@id\":\"https:\\\/\\\/vanremoortel.be\\\/fr\\\/cuisine-repas\\\/#breadcrumb\",\"itemListElement\":[{\"@type\":\"ListItem\",\"position\":1,\"name\":\"Home\",\"item\":\"https:\\\/\\\/vanremoortel.be\\\/fr\\\/accueil\\\/\"},{\"@type\":\"ListItem\",\"position\":2,\"name\":\"Cuisine &#038; repas\"}]},{\"@type\":\"WebSite\",\"@id\":\"https:\\\/\\\/vanremoortel.be\\\/#website\",\"url\":\"https:\\\/\\\/vanremoortel.be\\\/\",\"name\":\"Van Remoortel\",\"description\":\"Van Remoortel\",\"publisher\":{\"@id\":\"https:\\\/\\\/vanremoortel.be\\\/#organization\"},\"potentialAction\":[{\"@type\":\"SearchAction\",\"target\":{\"@type\":\"EntryPoint\",\"urlTemplate\":\"https:\\\/\\\/vanremoortel.be\\\/?s={search_term_string}\"},\"query-input\":{\"@type\":\"PropertyValueSpecification\",\"valueRequired\":true,\"valueName\":\"search_term_string\"}}],\"inLanguage\":\"fr-BE\"},{\"@type\":\"Organization\",\"@id\":\"https:\\\/\\\/vanremoortel.be\\\/#organization\",\"name\":\"Van Remoortel\",\"url\":\"https:\\\/\\\/vanremoortel.be\\\/\",\"logo\":{\"@type\":\"ImageObject\",\"inLanguage\":\"fr-BE\",\"@id\":\"https:\\\/\\\/vanremoortel.be\\\/#\\\/schema\\\/logo\\\/image\\\/\",\"url\":\"https:\\\/\\\/vanremoortel.be\\\/wp-content\\\/uploads\\\/2017\\\/09\\\/van-Remoortel_powered_FINAL.jpg\",\"contentUrl\":\"https:\\\/\\\/vanremoortel.be\\\/wp-content\\\/uploads\\\/2017\\\/09\\\/van-Remoortel_powered_FINAL.jpg\",\"width\":2328,\"height\":322,\"caption\":\"Van Remoortel\"},\"image\":{\"@id\":\"https:\\\/\\\/vanremoortel.be\\\/#\\\/schema\\\/logo\\\/image\\\/\"},\"sameAs\":[\"https:\\\/\\\/www.facebook.com\\\/Groothandel.Decoratie.Van.Remoortel\\\/\",\"https:\\\/\\\/www.instagram.com\\\/van_remoortel\\\/?hl=nl\",\"https:\\\/\\\/www.linkedin.com\\\/company\\\/van-remoortel-nv\\\/about\\\/\",\"https:\\\/\\\/www.youtube.com\\\/channel\\\/UCYm8eOCzCOC4HxA-Ya0XayQ\"]}]}<\/script>\n<!-- \/ Yoast SEO plugin. -->","yoast_head_json":{"title":"Cuisine & repas - Van Remoortel","description":"Beaucoup d'exposants de cuisine & repas \u00e0 Van Remoortel.. Un assortiment de casseroles et po\u00eales, de tabliers de cuisine etc.","robots":{"index":"index","follow":"follow","max-snippet":"max-snippet:-1","max-image-preview":"max-image-preview:large","max-video-preview":"max-video-preview:-1"},"canonical":"https:\/\/vanremoortel.be\/fr\/cuisine-repas\/","og_locale":"fr_FR","og_type":"article","og_title":"Cuisine & repas - Van Remoortel","og_description":"Beaucoup d'exposants de cuisine & repas \u00e0 Van Remoortel.. Un assortiment de casseroles et po\u00eales, de tabliers de cuisine etc.","og_url":"https:\/\/vanremoortel.be\/fr\/cuisine-repas\/","og_site_name":"Van Remoortel","article_publisher":"https:\/\/www.facebook.com\/Groothandel.Decoratie.Van.Remoortel\/","article_modified_time":"2019-03-27T10:20:44+00:00","twitter_card":"summary_large_image","twitter_misc":{"Dur\u00e9e de lecture est.":"6 minutes"},"schema":{"@context":"https:\/\/schema.org","@graph":[{"@type":"WebPage","@id":"https:\/\/vanremoortel.be\/fr\/cuisine-repas\/","url":"https:\/\/vanremoortel.be\/fr\/cuisine-repas\/","name":"Cuisine & repas - Van Remoortel","isPartOf":{"@id":"https:\/\/vanremoortel.be\/#website"},"datePublished":"2019-01-30T08:42:44+00:00","dateModified":"2019-03-27T10:20:44+00:00","description":"Beaucoup d'exposants de cuisine & repas \u00e0 Van Remoortel.. Un assortiment de casseroles et po\u00eales, de tabliers de cuisine etc.","breadcrumb":{"@id":"https:\/\/vanremoortel.be\/fr\/cuisine-repas\/#breadcrumb"},"inLanguage":"fr-BE","potentialAction":[{"@type":"ReadAction","target":["https:\/\/vanremoortel.be\/fr\/cuisine-repas\/"]}]},{"@type":"BreadcrumbList","@id":"https:\/\/vanremoortel.be\/fr\/cuisine-repas\/#breadcrumb","itemListElement":[{"@type":"ListItem","position":1,"name":"Home","item":"https:\/\/vanremoortel.be\/fr\/accueil\/"},{"@type":"ListItem","position":2,"name":"Cuisine &#038; repas"}]},{"@type":"WebSite","@id":"https:\/\/vanremoortel.be\/#website","url":"https:\/\/vanremoortel.be\/","name":"Van Remoortel","description":"Van Remoortel","publisher":{"@id":"https:\/\/vanremoortel.be\/#organization"},"potentialAction":[{"@type":"SearchAction","target":{"@type":"EntryPoint","urlTemplate":"https:\/\/vanremoortel.be\/?s={search_term_string}"},"query-input":{"@type":"PropertyValueSpecification","valueRequired":true,"valueName":"search_term_string"}}],"inLanguage":"fr-BE"},{"@type":"Organization","@id":"https:\/\/vanremoortel.be\/#organization","name":"Van Remoortel","url":"https:\/\/vanremoortel.be\/","logo":{"@type":"ImageObject","inLanguage":"fr-BE","@id":"https:\/\/vanremoortel.be\/#\/schema\/logo\/image\/","url":"https:\/\/vanremoortel.be\/wp-content\/uploads\/2017\/09\/van-Remoortel_powered_FINAL.jpg","contentUrl":"https:\/\/vanremoortel.be\/wp-content\/uploads\/2017\/09\/van-Remoortel_powered_FINAL.jpg","width":2328,"height":322,"caption":"Van Remoortel"},"image":{"@id":"https:\/\/vanremoortel.be\/#\/schema\/logo\/image\/"},"sameAs":["https:\/\/www.facebook.com\/Groothandel.Decoratie.Van.Remoortel\/","https:\/\/www.instagram.com\/van_remoortel\/?hl=nl","https:\/\/www.linkedin.com\/company\/van-remoortel-nv\/about\/","https:\/\/www.youtube.com\/channel\/UCYm8eOCzCOC4HxA-Ya0XayQ"]}]}},"_links":{"self":[{"href":"https:\/\/vanremoortel.be\/fr\/wp-json\/wp\/v2\/pages\/34864","targetHints":{"allow":["GET"]}}],"collection":[{"href":"https:\/\/vanremoortel.be\/fr\/wp-json\/wp\/v2\/pages"}],"about":[{"href":"https:\/\/vanremoortel.be\/fr\/wp-json\/wp\/v2\/types\/page"}],"author":[{"embeddable":true,"href":"https:\/\/vanremoortel.be\/fr\/wp-json\/wp\/v2\/users\/1"}],"replies":[{"embeddable":true,"href":"https:\/\/vanremoortel.be\/fr\/wp-json\/wp\/v2\/comments?post=34864"}],"version-history":[{"count":5,"href":"https:\/\/vanremoortel.be\/fr\/wp-json\/wp\/v2\/pages\/34864\/revisions"}],"predecessor-version":[{"id":34869,"href":"https:\/\/vanremoortel.be\/fr\/wp-json\/wp\/v2\/pages\/34864\/revisions\/34869"}],"wp:attachment":[{"href":"https:\/\/vanremoortel.be\/fr\/wp-json\/wp\/v2\/media?parent=34864"}],"curies":[{"name":"wp","href":"https:\/\/api.w.org\/{rel}","templated":true}]}}