{"id":24710,"date":"2018-02-01T14:07:39","date_gmt":"2018-02-01T13:07:39","guid":{"rendered":"https:\/\/vanremoortel.be\/festival-days\/"},"modified":"2018-05-16T17:05:05","modified_gmt":"2018-05-16T15:05:05","slug":"festival-days","status":"publish","type":"page","link":"https:\/\/vanremoortel.be\/fr\/festival-days\/","title":{"rendered":"Festival Days"},"content":{"rendered":"<div id='av-layout-grid-1'  class='av-layout-grid-container av-av_layout_row-42fd8630215aff1cfd8b45bb424676b3 entry-content-wrapper main_color av-flex-cells  avia-builder-el-0  el_before_av_section  avia-builder-el-first   container_wrap sidebar_right'  >\n\n<style type=\"text\/css\" data-created_by=\"avia_inline_auto\" id=\"style-css-av-av_cell_one_half-f57c70f9f5a63fd800eb5b955b847c2a\">\n.flex_cell.av-av_cell_one_half-f57c70f9f5a63fd800eb5b955b847c2a{\nvertical-align:top;\n}\n.responsive #top #wrap_all .flex_cell.av-av_cell_one_half-f57c70f9f5a63fd800eb5b955b847c2a{\npadding:30px 30px 30px 30px !important;\n}\n<\/style>\n<div class='flex_cell av-av_cell_one_half-f57c70f9f5a63fd800eb5b955b847c2a av-gridrow-cell av_one_half no_margin  avia-builder-el-1  el_before_av_cell_one_half  avia-builder-el-first '  ><div class='flex_cell_inner'>\n<style type=\"text\/css\" data-created_by=\"avia_inline_auto\" id=\"style-css-av-av_image-16e4dd4f1805cc5a55971b0a70a42126\">\n.avia-image-container.av-av_image-16e4dd4f1805cc5a55971b0a70a42126 img.avia_image{\nbox-shadow:none;\n}\n.avia-image-container.av-av_image-16e4dd4f1805cc5a55971b0a70a42126 .av-image-caption-overlay-center{\ncolor:#ffffff;\n}\n<\/style>\n<div  class='avia-image-container av-av_image-16e4dd4f1805cc5a55971b0a70a42126 av-styling- avia-align-right  avia-builder-el-2  avia-builder-el-no-sibling '   itemprop=\"image\" itemscope=\"itemscope\" itemtype=\"https:\/\/schema.org\/ImageObject\" ><div class=\"avia-image-container-inner\"><div class=\"avia-image-overlay-wrap\"><img fetchpriority=\"high\" class='wp-image- avia-img-lazy-loading-not- avia_image ' src='https:\/\/vanremoortel.be\/wp-content\/uploads\/2018\/02\/FestivalDays_header.jpg' alt='' title=''   itemprop=\"thumbnailUrl\"  \/><\/div><\/div><\/div>\n<\/div><\/div>\n<style type=\"text\/css\" data-created_by=\"avia_inline_auto\" id=\"style-css-av-av_cell_one_half-f57c70f9f5a63fd800eb5b955b847c2a\">\n.flex_cell.av-av_cell_one_half-f57c70f9f5a63fd800eb5b955b847c2a{\nvertical-align:top;\n}\n.responsive #top #wrap_all .flex_cell.av-av_cell_one_half-f57c70f9f5a63fd800eb5b955b847c2a{\npadding:30px 30px 30px 30px !important;\n}\n<\/style>\n<div class='flex_cell av-av_cell_one_half-f57c70f9f5a63fd800eb5b955b847c2a av-gridrow-cell av_one_half no_margin  avia-builder-el-3  el_after_av_cell_one_half  avia-builder-el-last '  ><div class='flex_cell_inner'><section  class='av_textblock_section av-av_textblock-396ddf1f42196ca838231e61a4602801 '   itemscope=\"itemscope\" itemtype=\"https:\/\/schema.org\/CreativeWork\" ><div class='avia_textblock'  itemprop=\"text\" ><p>Lors des<strong> <em>Festival Days<\/em><\/strong> nous vous surprenons avec des d\u00e9mos, des d\u00e9gustations et la pr\u00e9sence des exposants \u00e0 qui vous pouvez parler. Notre d\u00e9partement Fashion participe aussi ! L&rsquo;\u00e9quipe de notre restaurant pr\u00e9parera \u00e0 son tour un plat d\u00e9licieux \u00e0 un prix r\u00e9duit. En r\u00e9sum\u00e9, les <em>Festival Days<\/em> constituent des <strong>jours d&rsquo;exp\u00e9rience uniques<\/strong> chez Van Remoortel.<\/p>\n<\/div><\/section>\n<\/div><\/div>\n<\/div>\n<div id='av_section_1'  class='avia-section av-av_section-eb89abc38228390982ab77a91969e9e7 main_color avia-section-default avia-no-border-styling  avia-builder-el-5  el_after_av_layout_row  el_before_av_codeblock  avia-bg-style-scroll container_wrap sidebar_right'  ><div class='container av-section-cont-open' ><div class='template-page content  av-content-small alpha units'><div class='post-entry post-entry-type-page post-entry-24710'><div class='entry-content-wrapper clearfix'>\n\n<style type=\"text\/css\" data-created_by=\"avia_inline_auto\" id=\"style-css-av-av_heading-0221219d0efcb70421f3d6ee47a6e142\">\n#top .av-special-heading.av-av_heading-0221219d0efcb70421f3d6ee47a6e142{\npadding-bottom:10px;\n}\nbody .av-special-heading.av-av_heading-0221219d0efcb70421f3d6ee47a6e142 .av-special-heading-tag .heading-char{\nfont-size:25px;\n}\n.av-special-heading.av-av_heading-0221219d0efcb70421f3d6ee47a6e142 .av-subheading{\nfont-size:15px;\n}\n<\/style>\n<div  class='av-special-heading av-av_heading-0221219d0efcb70421f3d6ee47a6e142 av-special-heading-h1 blockquote modern-quote modern-centered  avia-builder-el-6  el_before_av_table  avia-builder-el-first '><h1 class='av-special-heading-tag'  itemprop=\"headline\"  >Agenda Festival Days<\/h1><div class='av-subheading av-subheading_below'><p>Le programme est en train de se compl\u00e9ter. Venez regarder ici pour les derni\u00e8res informations.<\/p>\n<\/div><div class=\"special-heading-border\"><div class=\"special-heading-inner-border\"><\/div><\/div><\/div>\n<div class='avia-data-table-wrap av-av_table-f2120f68b2db7136a1319786e969f01d avia_responsive_table avia-table-1'><table  class='avia-table avia-data-table avia_pricing_minimal  avia-builder-el-7  el_after_av_heading  avia-builder-el-last '  itemscope=\"itemscope\" itemtype=\"https:\/\/schema.org\/Table\" ><tbody><tr class='avia-heading-row'><th class='avia-desc-col'>DATE<\/th><th class=''>ACTIVIT\u00c9S<\/th><th class=''>RESTAURANT<\/th><\/tr><tr class=''><th class='avia-desc-col'>Dimanche 15 avril<\/th><td class=''>. Lancement de la nouvelle collection d&rsquo;\u00e9t\u00e9<\/p>\n<p>. Focus sur la d\u00e9coration de table<\/p>\n<p>. Gin-tasting gr\u00e2ce \u00e0 Clover Gin<br \/>\n<\/td><td class=''>La cucina italiana si!<\/td><\/tr><tr class=''><th class='avia-desc-col'>Lundi 16 avril<\/th><td class=''>. Lancement de la nouvelle collection d&rsquo;\u00e9t\u00e9<\/p>\n<p>. Focus sur la d\u00e9coration de table<\/p>\n<p>. Gin-tasting gr\u00e2ce \u00e0 Clover Gin<\/p>\n<\/td><td class=''>La cucina italiana si!<\/td><\/tr><\/tbody><\/table><\/div><style type='text\/css'>.avia-table-1 td:nth-of-type(0):before { content: 'DATE'; } .avia-table-1 td:nth-of-type(1):before { content: 'ACTIVIT\u00c9S'; } .avia-table-1 td:nth-of-type(2):before { content: 'RESTAURANT'; } <\/style>\n<\/div><\/div><\/div><!-- close content main div --><\/div><\/div><div id='after_section_1'  class='main_color av_default_container_wrap container_wrap sidebar_right'  ><div class='container av-section-cont-open' ><div class='template-page content  av-content-small alpha units'><div class='post-entry post-entry-type-page post-entry-24710'><div class='entry-content-wrapper clearfix'><\/p>\n","protected":false},"excerpt":{"rendered":"","protected":false},"author":1,"featured_media":0,"parent":0,"menu_order":0,"comment_status":"closed","ping_status":"closed","template":"","meta":{"_exactmetrics_skip_tracking":false,"_exactmetrics_sitenote_active":false,"_exactmetrics_sitenote_note":"","_exactmetrics_sitenote_category":0,"footnotes":""},"class_list":["post-24710","page","type-page","status-publish","hentry"],"yoast_head":"<!-- This site is optimized with the Yoast SEO plugin v27.1.1 - https:\/\/yoast.com\/product\/yoast-seo-wordpress\/ -->\n<title>Festival Days 4 &amp; 5 mars - Van Remoortel Belsele<\/title>\n<meta name=\"description\" content=\"Festival Days: unieke belevingsdagen op 4 en 5 maart. Thema: Unieke bloemencreaties. Kom nu langs bij Van Remoortel powered by Trends &amp; Trade.\" \/>\n<meta name=\"robots\" content=\"index, follow, max-snippet:-1, max-image-preview:large, max-video-preview:-1\" \/>\n<link rel=\"canonical\" href=\"https:\/\/vanremoortel.be\/fr\/festival-days\/\" \/>\n<meta property=\"og:locale\" content=\"fr_FR\" \/>\n<meta property=\"og:type\" content=\"article\" \/>\n<meta property=\"og:title\" content=\"Festival Days 4 &amp; 5 mars - Van Remoortel Belsele\" \/>\n<meta property=\"og:description\" content=\"Festival Days: unieke belevingsdagen op 4 en 5 maart. Thema: Unieke bloemencreaties. Kom nu langs bij Van Remoortel powered by Trends &amp; Trade.\" \/>\n<meta property=\"og:url\" content=\"https:\/\/vanremoortel.be\/fr\/festival-days\/\" \/>\n<meta property=\"og:site_name\" content=\"Van Remoortel\" \/>\n<meta property=\"article:publisher\" content=\"https:\/\/www.facebook.com\/Groothandel.Decoratie.Van.Remoortel\/\" \/>\n<meta property=\"article:modified_time\" content=\"2018-05-16T15:05:05+00:00\" \/>\n<meta name=\"twitter:card\" content=\"summary_large_image\" \/>\n<meta name=\"twitter:label1\" content=\"Dur\u00e9e de lecture est.\" \/>\n\t<meta name=\"twitter:data1\" content=\"3 minutes\" \/>\n<script type=\"application\/ld+json\" class=\"yoast-schema-graph\">{\"@context\":\"https:\/\/schema.org\",\"@graph\":[{\"@type\":\"WebPage\",\"@id\":\"https:\/\/vanremoortel.be\/fr\/festival-days\/\",\"url\":\"https:\/\/vanremoortel.be\/fr\/festival-days\/\",\"name\":\"Festival Days 4 & 5 mars - Van Remoortel Belsele\",\"isPartOf\":{\"@id\":\"https:\/\/vanremoortel.be\/#website\"},\"datePublished\":\"2018-02-01T13:07:39+00:00\",\"dateModified\":\"2018-05-16T15:05:05+00:00\",\"description\":\"Festival Days: unieke belevingsdagen op 4 en 5 maart. Thema: Unieke bloemencreaties. Kom nu langs bij Van Remoortel powered by Trends & Trade.\",\"breadcrumb\":{\"@id\":\"https:\/\/vanremoortel.be\/fr\/festival-days\/#breadcrumb\"},\"inLanguage\":\"fr-BE\",\"potentialAction\":[{\"@type\":\"ReadAction\",\"target\":[\"https:\/\/vanremoortel.be\/fr\/festival-days\/\"]}]},{\"@type\":\"BreadcrumbList\",\"@id\":\"https:\/\/vanremoortel.be\/fr\/festival-days\/#breadcrumb\",\"itemListElement\":[{\"@type\":\"ListItem\",\"position\":1,\"name\":\"Home\",\"item\":\"https:\/\/vanremoortel.be\/fr\/accueil\/\"},{\"@type\":\"ListItem\",\"position\":2,\"name\":\"Festival Days\"}]},{\"@type\":\"WebSite\",\"@id\":\"https:\/\/vanremoortel.be\/#website\",\"url\":\"https:\/\/vanremoortel.be\/\",\"name\":\"Van Remoortel\",\"description\":\"Van Remoortel\",\"publisher\":{\"@id\":\"https:\/\/vanremoortel.be\/#organization\"},\"potentialAction\":[{\"@type\":\"SearchAction\",\"target\":{\"@type\":\"EntryPoint\",\"urlTemplate\":\"https:\/\/vanremoortel.be\/?s={search_term_string}\"},\"query-input\":{\"@type\":\"PropertyValueSpecification\",\"valueRequired\":true,\"valueName\":\"search_term_string\"}}],\"inLanguage\":\"fr-BE\"},{\"@type\":\"Organization\",\"@id\":\"https:\/\/vanremoortel.be\/#organization\",\"name\":\"Van Remoortel\",\"url\":\"https:\/\/vanremoortel.be\/\",\"logo\":{\"@type\":\"ImageObject\",\"inLanguage\":\"fr-BE\",\"@id\":\"https:\/\/vanremoortel.be\/#\/schema\/logo\/image\/\",\"url\":\"https:\/\/vanremoortel.be\/wp-content\/uploads\/2017\/09\/van-Remoortel_powered_FINAL.jpg\",\"contentUrl\":\"https:\/\/vanremoortel.be\/wp-content\/uploads\/2017\/09\/van-Remoortel_powered_FINAL.jpg\",\"width\":2328,\"height\":322,\"caption\":\"Van Remoortel\"},\"image\":{\"@id\":\"https:\/\/vanremoortel.be\/#\/schema\/logo\/image\/\"},\"sameAs\":[\"https:\/\/www.facebook.com\/Groothandel.Decoratie.Van.Remoortel\/\",\"https:\/\/www.instagram.com\/van_remoortel\/?hl=nl\",\"https:\/\/www.linkedin.com\/company\/van-remoortel-nv\/about\/\",\"https:\/\/www.youtube.com\/channel\/UCYm8eOCzCOC4HxA-Ya0XayQ\"]}]}<\/script>\n<!-- \/ Yoast SEO plugin. -->","yoast_head_json":{"title":"Festival Days 4 & 5 mars - Van Remoortel Belsele","description":"Festival Days: unieke belevingsdagen op 4 en 5 maart. Thema: Unieke bloemencreaties. Kom nu langs bij Van Remoortel powered by Trends & Trade.","robots":{"index":"index","follow":"follow","max-snippet":"max-snippet:-1","max-image-preview":"max-image-preview:large","max-video-preview":"max-video-preview:-1"},"canonical":"https:\/\/vanremoortel.be\/fr\/festival-days\/","og_locale":"fr_FR","og_type":"article","og_title":"Festival Days 4 & 5 mars - Van Remoortel Belsele","og_description":"Festival Days: unieke belevingsdagen op 4 en 5 maart. Thema: Unieke bloemencreaties. Kom nu langs bij Van Remoortel powered by Trends & Trade.","og_url":"https:\/\/vanremoortel.be\/fr\/festival-days\/","og_site_name":"Van Remoortel","article_publisher":"https:\/\/www.facebook.com\/Groothandel.Decoratie.Van.Remoortel\/","article_modified_time":"2018-05-16T15:05:05+00:00","twitter_card":"summary_large_image","twitter_misc":{"Dur\u00e9e de lecture est.":"3 minutes"},"schema":{"@context":"https:\/\/schema.org","@graph":[{"@type":"WebPage","@id":"https:\/\/vanremoortel.be\/fr\/festival-days\/","url":"https:\/\/vanremoortel.be\/fr\/festival-days\/","name":"Festival Days 4 & 5 mars - Van Remoortel Belsele","isPartOf":{"@id":"https:\/\/vanremoortel.be\/#website"},"datePublished":"2018-02-01T13:07:39+00:00","dateModified":"2018-05-16T15:05:05+00:00","description":"Festival Days: unieke belevingsdagen op 4 en 5 maart. Thema: Unieke bloemencreaties. Kom nu langs bij Van Remoortel powered by Trends & Trade.","breadcrumb":{"@id":"https:\/\/vanremoortel.be\/fr\/festival-days\/#breadcrumb"},"inLanguage":"fr-BE","potentialAction":[{"@type":"ReadAction","target":["https:\/\/vanremoortel.be\/fr\/festival-days\/"]}]},{"@type":"BreadcrumbList","@id":"https:\/\/vanremoortel.be\/fr\/festival-days\/#breadcrumb","itemListElement":[{"@type":"ListItem","position":1,"name":"Home","item":"https:\/\/vanremoortel.be\/fr\/accueil\/"},{"@type":"ListItem","position":2,"name":"Festival Days"}]},{"@type":"WebSite","@id":"https:\/\/vanremoortel.be\/#website","url":"https:\/\/vanremoortel.be\/","name":"Van Remoortel","description":"Van Remoortel","publisher":{"@id":"https:\/\/vanremoortel.be\/#organization"},"potentialAction":[{"@type":"SearchAction","target":{"@type":"EntryPoint","urlTemplate":"https:\/\/vanremoortel.be\/?s={search_term_string}"},"query-input":{"@type":"PropertyValueSpecification","valueRequired":true,"valueName":"search_term_string"}}],"inLanguage":"fr-BE"},{"@type":"Organization","@id":"https:\/\/vanremoortel.be\/#organization","name":"Van Remoortel","url":"https:\/\/vanremoortel.be\/","logo":{"@type":"ImageObject","inLanguage":"fr-BE","@id":"https:\/\/vanremoortel.be\/#\/schema\/logo\/image\/","url":"https:\/\/vanremoortel.be\/wp-content\/uploads\/2017\/09\/van-Remoortel_powered_FINAL.jpg","contentUrl":"https:\/\/vanremoortel.be\/wp-content\/uploads\/2017\/09\/van-Remoortel_powered_FINAL.jpg","width":2328,"height":322,"caption":"Van Remoortel"},"image":{"@id":"https:\/\/vanremoortel.be\/#\/schema\/logo\/image\/"},"sameAs":["https:\/\/www.facebook.com\/Groothandel.Decoratie.Van.Remoortel\/","https:\/\/www.instagram.com\/van_remoortel\/?hl=nl","https:\/\/www.linkedin.com\/company\/van-remoortel-nv\/about\/","https:\/\/www.youtube.com\/channel\/UCYm8eOCzCOC4HxA-Ya0XayQ"]}]}},"_links":{"self":[{"href":"https:\/\/vanremoortel.be\/fr\/wp-json\/wp\/v2\/pages\/24710","targetHints":{"allow":["GET"]}}],"collection":[{"href":"https:\/\/vanremoortel.be\/fr\/wp-json\/wp\/v2\/pages"}],"about":[{"href":"https:\/\/vanremoortel.be\/fr\/wp-json\/wp\/v2\/types\/page"}],"author":[{"embeddable":true,"href":"https:\/\/vanremoortel.be\/fr\/wp-json\/wp\/v2\/users\/1"}],"replies":[{"embeddable":true,"href":"https:\/\/vanremoortel.be\/fr\/wp-json\/wp\/v2\/comments?post=24710"}],"version-history":[{"count":5,"href":"https:\/\/vanremoortel.be\/fr\/wp-json\/wp\/v2\/pages\/24710\/revisions"}],"predecessor-version":[{"id":25590,"href":"https:\/\/vanremoortel.be\/fr\/wp-json\/wp\/v2\/pages\/24710\/revisions\/25590"}],"wp:attachment":[{"href":"https:\/\/vanremoortel.be\/fr\/wp-json\/wp\/v2\/media?parent=24710"}],"curies":[{"name":"wp","href":"https:\/\/api.w.org\/{rel}","templated":true}]}}