{"id":21764,"date":"2017-08-18T12:08:25","date_gmt":"2017-08-18T10:08:25","guid":{"rendered":"https:\/\/vanremoortel.be\/opslag\/"},"modified":"2019-11-13T14:00:37","modified_gmt":"2019-11-13T13:00:37","slug":"stockage","status":"publish","type":"page","link":"https:\/\/vanremoortel.be\/fr\/stockage\/","title":{"rendered":"Stockage"},"content":{"rendered":"<div id='av_section_1'  class='avia-section av-7bm5p6s-bc540d9fff0d73451fd67f25742c51e9 main_color avia-section-default avia-no-border-styling  avia-builder-el-0  avia-builder-el-no-sibling  avia-bg-style-scroll container_wrap sidebar_right'  ><div class='container av-section-cont-open' ><main  role=\"main\" itemprop=\"mainContentOfPage\"  class='template-page content  av-content-small alpha units'><div class='post-entry post-entry-type-page post-entry-21764'><div class='entry-content-wrapper clearfix'>\n\n<style type=\"text\/css\" data-created_by=\"avia_inline_auto\" id=\"style-css-av-6q0u5s4-6ece269d6de7fa23270d3132915d5877\">\n.flex_column.av-6q0u5s4-6ece269d6de7fa23270d3132915d5877{\nborder-radius:0px 0px 0px 0px;\npadding:0px 0px 0px 0px;\n}\n<\/style>\n<div  class='flex_column av-6q0u5s4-6ece269d6de7fa23270d3132915d5877 av_three_fifth  avia-builder-el-1  el_before_av_two_fifth  avia-builder-el-first  first flex_column_div av-zero-column-padding  '     ><p>\n<style type=\"text\/css\" data-created_by=\"avia_inline_auto\" id=\"style-css-av-k2xalnem-11f8142915efd66e6c081db0811a4e66\">\n#top .av-special-heading.av-k2xalnem-11f8142915efd66e6c081db0811a4e66{\npadding-bottom:10px;\n}\nbody .av-special-heading.av-k2xalnem-11f8142915efd66e6c081db0811a4e66 .av-special-heading-tag .heading-char{\nfont-size:25px;\n}\n.av-special-heading.av-k2xalnem-11f8142915efd66e6c081db0811a4e66 .av-subheading{\nfont-size:15px;\n}\n<\/style>\n<div  class='av-special-heading av-k2xalnem-11f8142915efd66e6c081db0811a4e66 av-special-heading-h1 blockquote modern-quote modern-centered  avia-builder-el-2  el_before_av_textblock  avia-builder-el-first '><h1 class='av-special-heading-tag'  itemprop=\"headline\"  >STOCKAGE<\/h1><div class=\"special-heading-border\"><div class=\"special-heading-inner-border\"><\/div><\/div><\/div><br \/>\n<section  class='av_textblock_section av-5t22tno-e8757b1f938cc2d423a96debd3a38a2e '   itemscope=\"itemscope\" itemtype=\"https:\/\/schema.org\/CreativeWork\" ><div class='avia_textblock'  itemprop=\"text\" ><p>Vous avez besoin de stockage ? Vous pouvez vous adresser \u00e0 Van Remoortel pour un stockage tant temporaire que permanent.<\/p>\n<p>Vous \u00eates \u00e0 la recherche de stockage pour\u00a0:<\/p>\n<ul>\n<li>le <strong>stockage de votre magasin<\/strong> ou entreprise<\/li>\n<li>des <strong>archives<\/strong> qui occupent trop de place chez vous<\/li>\n<li>des<strong> articles saisonniers<\/strong><\/li>\n<li>des <strong>mat\u00e9riels promotionnels<\/strong> (stands pour foires, panneaux publicitaires, \u2026)<\/li>\n<li>des marchandises\/<strong>produits pour repr\u00e9sentants<\/strong><\/li>\n<li>\u2026<\/li>\n<\/ul>\n<p>Toutes vos marchandises seront stock\u00e9es dans des conditions optimales \u00e0 nos magasins. Nous vous offrons de l\u2019espace \u00e0 partir d\u2019<strong>une p\u00e9riode d\u2019un mois au minimum<\/strong>, \u00e0 des conditions tr\u00e8s int\u00e9ressantes.<\/p>\n<p><strong>Envoyez un mail \u00e0 winny.de.cock@telenet.be ou t\u00e9l\u00e9phonez-nous au num\u00e9ro +32 486 34 91 53.<\/strong><\/p>\n<\/div><\/section><br \/>\n<div  class='avia-icon-list-container av-58vlpb8-3d586f2fd9d3a0e86a6a5610367bfd98  avia-builder-el-4  el_after_av_textblock  avia-builder-el-last '><ul class='avia-icon-list avia_animate_when_almost_visible avia-icon-list-left av-iconlist-big av-58vlpb8-3d586f2fd9d3a0e86a6a5610367bfd98 avia-iconlist-animate'>\n<li><div class='iconlist_icon av-4r5d0tg-2d824ec41b281b0e27cebfdf833ba94e avia-font-entypo-fontello'><span class='iconlist-char' aria-hidden='true' data-av_icon='\ue812' data-av_iconfont='entypo-fontello'><\/span><\/div><article class=\"article-icon-entry av-iconlist-empty\"  itemscope=\"itemscope\" itemtype=\"https:\/\/schema.org\/CreativeWork\" ><div class=\"iconlist_content_wrap\"><header class=\"entry-content-header\"><h4 class='av_iconlist_title iconlist_title  '  itemprop=\"headline\" >Nous recevons des marchandises \u00e0 votre nom et nous les stockons<\/h4><\/header><div class='iconlist_content '  itemprop=\"text\" ><\/div><\/div><footer class=\"entry-footer\"><\/footer><\/article><div class=\"iconlist-timeline\"><\/div><\/li>\n<li><div class='iconlist_icon av-f6oog4-41280f1620f053fa598662719afdec4f avia-font-entypo-fontello'><span class='iconlist-char' aria-hidden='true' data-av_icon='\ue812' data-av_iconfont='entypo-fontello'><\/span><\/div><article class=\"article-icon-entry av-iconlist-empty\"  itemscope=\"itemscope\" itemtype=\"https:\/\/schema.org\/CreativeWork\" ><div class=\"iconlist_content_wrap\"><header class=\"entry-content-header\"><h4 class='av_iconlist_title iconlist_title  '  itemprop=\"headline\" >Des contrats mensuels que vous pouvez r\u00e9silier par mois (avec deux semaines de pr\u00e9avis)<\/h4><\/header><div class='iconlist_content '  itemprop=\"text\" ><\/div><\/div><footer class=\"entry-footer\"><\/footer><\/article><div class=\"iconlist-timeline\"><\/div><\/li>\n<li><div class='iconlist_icon av-epje84-4c4d4fe974835c0bf964bbd78240a7a6 avia-font-entypo-fontello'><span class='iconlist-char' aria-hidden='true' data-av_icon='\ue812' data-av_iconfont='entypo-fontello'><\/span><\/div><article class=\"article-icon-entry av-iconlist-empty\"  itemscope=\"itemscope\" itemtype=\"https:\/\/schema.org\/CreativeWork\" ><div class=\"iconlist_content_wrap\"><header class=\"entry-content-header\"><h4 class='av_iconlist_title iconlist_title  '  itemprop=\"headline\" >Vos marchandises stock\u00e9es sont g\u00e9r\u00e9es continuellement et peuvent \u00eatre exp\u00e9di\u00e9es sur demande pour vous<\/h4><\/header><div class='iconlist_content '  itemprop=\"text\" ><\/div><\/div><footer class=\"entry-footer\"><\/footer><\/article><div class=\"iconlist-timeline\"><\/div><\/li>\n<li><div class='iconlist_icon av-cspop0-3deef4d1452ceb2bb18c1e587852902d avia-font-entypo-fontello'><span class='iconlist-char' aria-hidden='true' data-av_icon='\ue812' data-av_iconfont='entypo-fontello'><\/span><\/div><article class=\"article-icon-entry av-iconlist-empty\"  itemscope=\"itemscope\" itemtype=\"https:\/\/schema.org\/CreativeWork\" ><div class=\"iconlist_content_wrap\"><header class=\"entry-content-header\"><h4 class='av_iconlist_title iconlist_title  '  itemprop=\"headline\" >Des conditions attractives<\/h4><\/header><div class='iconlist_content '  itemprop=\"text\" ><\/div><\/div><footer class=\"entry-footer\"><\/footer><\/article><div class=\"iconlist-timeline\"><\/div><\/li>\n<\/ul><\/div><\/p><\/div>\n<style type=\"text\/css\" data-created_by=\"avia_inline_auto\" id=\"style-css-av-2w1ouxw-ec5bb37659185d2bec1657f1e9a434f2\">\n.flex_column.av-2w1ouxw-ec5bb37659185d2bec1657f1e9a434f2{\nborder-radius:0px 0px 0px 0px;\npadding:0px 0px 0px 0px;\n}\n<\/style>\n<div  class='flex_column av-2w1ouxw-ec5bb37659185d2bec1657f1e9a434f2 av_two_fifth  avia-builder-el-5  el_after_av_three_fifth  avia-builder-el-last  flex_column_div av-zero-column-padding  '     ><p>\n<style type=\"text\/css\" data-created_by=\"avia_inline_auto\" id=\"style-css-av-8soxgk-49845cc7127c0a52d468b7f342cd12ae\">\n.avia-image-container.av-8soxgk-49845cc7127c0a52d468b7f342cd12ae img.avia_image{\nbox-shadow:none;\n}\n.avia-image-container.av-8soxgk-49845cc7127c0a52d468b7f342cd12ae .av-image-caption-overlay-center{\ncolor:#ffffff;\n}\n<\/style>\n<div  class='avia-image-container av-8soxgk-49845cc7127c0a52d468b7f342cd12ae av-styling- avia-align-center  avia-builder-el-6  el_before_av_hr  avia-builder-el-first '   itemprop=\"image\" itemscope=\"itemscope\" itemtype=\"https:\/\/schema.org\/ImageObject\" ><div class=\"avia-image-container-inner\"><div class=\"avia-image-overlay-wrap\"><img fetchpriority=\"high\" class='wp-image- avia-img-lazy-loading-not- avia_image ' src='https:\/\/vanremoortel.be\/wp-content\/uploads\/2017\/06\/2017-08-15_23-58-13-1-300x198.jpg' alt='' title=''   itemprop=\"thumbnailUrl\"  \/><\/div><\/div><\/div><br \/>\n\n<style type=\"text\/css\" data-created_by=\"avia_inline_auto\" id=\"style-css-av-20h6i9w-e24132cdfad1221843bd041e90f17ed9\">\n#top .hr.hr-invisible.av-20h6i9w-e24132cdfad1221843bd041e90f17ed9{\nheight:20px;\n}\n<\/style>\n<div  class='hr av-20h6i9w-e24132cdfad1221843bd041e90f17ed9 hr-invisible  avia-builder-el-7  el_after_av_image  el_before_av_image '><span class='hr-inner '><span class=\"hr-inner-style\"><\/span><\/span><\/div><br \/>\n\n<style type=\"text\/css\" data-created_by=\"avia_inline_auto\" id=\"style-css-av-1rzxkf8-886300bfec9e7ae55bcfb0d0c71e1266\">\n.avia-image-container.av-1rzxkf8-886300bfec9e7ae55bcfb0d0c71e1266 img.avia_image{\nbox-shadow:none;\n}\n.avia-image-container.av-1rzxkf8-886300bfec9e7ae55bcfb0d0c71e1266 .av-image-caption-overlay-center{\ncolor:#ffffff;\n}\n<\/style>\n<div  class='avia-image-container av-1rzxkf8-886300bfec9e7ae55bcfb0d0c71e1266 av-styling- avia-align-center  avia-builder-el-8  el_after_av_hr  el_before_av_hr '   itemprop=\"image\" itemscope=\"itemscope\" itemtype=\"https:\/\/schema.org\/ImageObject\" ><div class=\"avia-image-container-inner\"><div class=\"avia-image-overlay-wrap\"><img fetchpriority=\"high\" class='wp-image- avia-img-lazy-loading-not- avia_image ' src='https:\/\/vanremoortel.be\/wp-content\/uploads\/2017\/06\/2017-08-15_23-59-33-300x204.jpg' alt='' title=''   itemprop=\"thumbnailUrl\"  \/><\/div><\/div><\/div><br \/>\n\n<style type=\"text\/css\" data-created_by=\"avia_inline_auto\" id=\"style-css-av-4gtnac-6ae7e87a0c5f1fdef65772e31f819dc4\">\n#top .hr.hr-invisible.av-4gtnac-6ae7e87a0c5f1fdef65772e31f819dc4{\nheight:20px;\n}\n<\/style>\n<div  class='hr av-4gtnac-6ae7e87a0c5f1fdef65772e31f819dc4 hr-invisible  avia-builder-el-9  el_after_av_image  el_before_av_image '><span class='hr-inner '><span class=\"hr-inner-style\"><\/span><\/span><\/div><br \/>\n\n<style type=\"text\/css\" data-created_by=\"avia_inline_auto\" id=\"style-css-av-p24glg-759e8abc36723909cb674fc212ac3425\">\n.avia-image-container.av-p24glg-759e8abc36723909cb674fc212ac3425 img.avia_image{\nbox-shadow:none;\n}\n.avia-image-container.av-p24glg-759e8abc36723909cb674fc212ac3425 .av-image-caption-overlay-center{\ncolor:#ffffff;\n}\n<\/style>\n<div  class='avia-image-container av-p24glg-759e8abc36723909cb674fc212ac3425 av-styling- avia-align-center  avia-builder-el-10  el_after_av_hr  avia-builder-el-last '   itemprop=\"image\" itemscope=\"itemscope\" itemtype=\"https:\/\/schema.org\/ImageObject\" ><div class=\"avia-image-container-inner\"><div class=\"avia-image-overlay-wrap\"><img fetchpriority=\"high\" class='wp-image- avia-img-lazy-loading-not- avia_image ' src='https:\/\/vanremoortel.be\/wp-content\/uploads\/2017\/06\/2017-08-16_0-00-06-1-300x201.jpg' alt='' title=''   itemprop=\"thumbnailUrl\"  \/><\/div><\/div><\/div><\/p><\/div><\/div><\/div><\/main><!-- close content main element --><\/div><\/div><div id='after_section_1'  class='main_color av_default_container_wrap container_wrap sidebar_right'  ><div class='container av-section-cont-open' ><div class='template-page content  av-content-small alpha units'><div class='post-entry post-entry-type-page post-entry-21764'><div class='entry-content-wrapper clearfix'>\n","protected":false},"excerpt":{"rendered":"","protected":false},"author":1,"featured_media":0,"parent":0,"menu_order":0,"comment_status":"closed","ping_status":"closed","template":"","meta":{"_exactmetrics_skip_tracking":false,"_exactmetrics_sitenote_active":false,"_exactmetrics_sitenote_note":"","_exactmetrics_sitenote_category":0,"footnotes":""},"class_list":["post-21764","page","type-page","status-publish","hentry"],"yoast_head":"<!-- This site is optimized with the Yoast SEO plugin v27.6 - https:\/\/yoast.com\/product\/yoast-seo-wordpress\/ -->\n<title>Stockage - Van Remoortel<\/title>\n<meta name=\"description\" content=\"Vous avez besoin de stockage ? Vous pouvez vous adresser \u00e0 Van Remoortel pour un stockage tant temporaire que permanent. Nous vous offrons de l&#039;espace.\" \/>\n<meta name=\"robots\" content=\"index, follow, max-snippet:-1, max-image-preview:large, max-video-preview:-1\" \/>\n<link rel=\"canonical\" href=\"https:\/\/vanremoortel.be\/fr\/stockage\/\" \/>\n<meta property=\"og:locale\" content=\"fr_FR\" \/>\n<meta property=\"og:type\" content=\"article\" \/>\n<meta property=\"og:title\" content=\"Stockage - Van Remoortel\" \/>\n<meta property=\"og:description\" content=\"Vous avez besoin de stockage ? Vous pouvez vous adresser \u00e0 Van Remoortel pour un stockage tant temporaire que permanent. Nous vous offrons de l&#039;espace.\" \/>\n<meta property=\"og:url\" content=\"https:\/\/vanremoortel.be\/fr\/stockage\/\" \/>\n<meta property=\"og:site_name\" content=\"Van Remoortel\" \/>\n<meta property=\"article:publisher\" content=\"https:\/\/www.facebook.com\/Groothandel.Decoratie.Van.Remoortel\/\" \/>\n<meta property=\"article:modified_time\" content=\"2019-11-13T13:00:37+00:00\" \/>\n<meta name=\"twitter:card\" content=\"summary_large_image\" \/>\n<meta name=\"twitter:label1\" content=\"Dur\u00e9e de lecture est.\" \/>\n\t<meta name=\"twitter:data1\" content=\"4 minutes\" \/>\n<script type=\"application\/ld+json\" class=\"yoast-schema-graph\">{\"@context\":\"https:\\\/\\\/schema.org\",\"@graph\":[{\"@type\":\"WebPage\",\"@id\":\"https:\\\/\\\/vanremoortel.be\\\/fr\\\/stockage\\\/\",\"url\":\"https:\\\/\\\/vanremoortel.be\\\/fr\\\/stockage\\\/\",\"name\":\"Stockage - Van Remoortel\",\"isPartOf\":{\"@id\":\"https:\\\/\\\/vanremoortel.be\\\/#website\"},\"datePublished\":\"2017-08-18T10:08:25+00:00\",\"dateModified\":\"2019-11-13T13:00:37+00:00\",\"description\":\"Vous avez besoin de stockage ? Vous pouvez vous adresser \u00e0 Van Remoortel pour un stockage tant temporaire que permanent. Nous vous offrons de l'espace.\",\"breadcrumb\":{\"@id\":\"https:\\\/\\\/vanremoortel.be\\\/fr\\\/stockage\\\/#breadcrumb\"},\"inLanguage\":\"fr-BE\",\"potentialAction\":[{\"@type\":\"ReadAction\",\"target\":[\"https:\\\/\\\/vanremoortel.be\\\/fr\\\/stockage\\\/\"]}]},{\"@type\":\"BreadcrumbList\",\"@id\":\"https:\\\/\\\/vanremoortel.be\\\/fr\\\/stockage\\\/#breadcrumb\",\"itemListElement\":[{\"@type\":\"ListItem\",\"position\":1,\"name\":\"Home\",\"item\":\"https:\\\/\\\/vanremoortel.be\\\/fr\\\/accueil\\\/\"},{\"@type\":\"ListItem\",\"position\":2,\"name\":\"Stockage\"}]},{\"@type\":\"WebSite\",\"@id\":\"https:\\\/\\\/vanremoortel.be\\\/#website\",\"url\":\"https:\\\/\\\/vanremoortel.be\\\/\",\"name\":\"Van Remoortel\",\"description\":\"Van Remoortel\",\"publisher\":{\"@id\":\"https:\\\/\\\/vanremoortel.be\\\/#organization\"},\"potentialAction\":[{\"@type\":\"SearchAction\",\"target\":{\"@type\":\"EntryPoint\",\"urlTemplate\":\"https:\\\/\\\/vanremoortel.be\\\/?s={search_term_string}\"},\"query-input\":{\"@type\":\"PropertyValueSpecification\",\"valueRequired\":true,\"valueName\":\"search_term_string\"}}],\"inLanguage\":\"fr-BE\"},{\"@type\":\"Organization\",\"@id\":\"https:\\\/\\\/vanremoortel.be\\\/#organization\",\"name\":\"Van Remoortel\",\"url\":\"https:\\\/\\\/vanremoortel.be\\\/\",\"logo\":{\"@type\":\"ImageObject\",\"inLanguage\":\"fr-BE\",\"@id\":\"https:\\\/\\\/vanremoortel.be\\\/#\\\/schema\\\/logo\\\/image\\\/\",\"url\":\"https:\\\/\\\/vanremoortel.be\\\/wp-content\\\/uploads\\\/2017\\\/09\\\/van-Remoortel_powered_FINAL.jpg\",\"contentUrl\":\"https:\\\/\\\/vanremoortel.be\\\/wp-content\\\/uploads\\\/2017\\\/09\\\/van-Remoortel_powered_FINAL.jpg\",\"width\":2328,\"height\":322,\"caption\":\"Van Remoortel\"},\"image\":{\"@id\":\"https:\\\/\\\/vanremoortel.be\\\/#\\\/schema\\\/logo\\\/image\\\/\"},\"sameAs\":[\"https:\\\/\\\/www.facebook.com\\\/Groothandel.Decoratie.Van.Remoortel\\\/\",\"https:\\\/\\\/www.instagram.com\\\/van_remoortel\\\/?hl=nl\",\"https:\\\/\\\/www.linkedin.com\\\/company\\\/van-remoortel-nv\\\/about\\\/\",\"https:\\\/\\\/www.youtube.com\\\/channel\\\/UCYm8eOCzCOC4HxA-Ya0XayQ\"]}]}<\/script>\n<!-- \/ Yoast SEO plugin. -->","yoast_head_json":{"title":"Stockage - Van Remoortel","description":"Vous avez besoin de stockage ? Vous pouvez vous adresser \u00e0 Van Remoortel pour un stockage tant temporaire que permanent. Nous vous offrons de l'espace.","robots":{"index":"index","follow":"follow","max-snippet":"max-snippet:-1","max-image-preview":"max-image-preview:large","max-video-preview":"max-video-preview:-1"},"canonical":"https:\/\/vanremoortel.be\/fr\/stockage\/","og_locale":"fr_FR","og_type":"article","og_title":"Stockage - Van Remoortel","og_description":"Vous avez besoin de stockage ? Vous pouvez vous adresser \u00e0 Van Remoortel pour un stockage tant temporaire que permanent. Nous vous offrons de l'espace.","og_url":"https:\/\/vanremoortel.be\/fr\/stockage\/","og_site_name":"Van Remoortel","article_publisher":"https:\/\/www.facebook.com\/Groothandel.Decoratie.Van.Remoortel\/","article_modified_time":"2019-11-13T13:00:37+00:00","twitter_card":"summary_large_image","twitter_misc":{"Dur\u00e9e de lecture est.":"4 minutes"},"schema":{"@context":"https:\/\/schema.org","@graph":[{"@type":"WebPage","@id":"https:\/\/vanremoortel.be\/fr\/stockage\/","url":"https:\/\/vanremoortel.be\/fr\/stockage\/","name":"Stockage - Van Remoortel","isPartOf":{"@id":"https:\/\/vanremoortel.be\/#website"},"datePublished":"2017-08-18T10:08:25+00:00","dateModified":"2019-11-13T13:00:37+00:00","description":"Vous avez besoin de stockage ? Vous pouvez vous adresser \u00e0 Van Remoortel pour un stockage tant temporaire que permanent. Nous vous offrons de l'espace.","breadcrumb":{"@id":"https:\/\/vanremoortel.be\/fr\/stockage\/#breadcrumb"},"inLanguage":"fr-BE","potentialAction":[{"@type":"ReadAction","target":["https:\/\/vanremoortel.be\/fr\/stockage\/"]}]},{"@type":"BreadcrumbList","@id":"https:\/\/vanremoortel.be\/fr\/stockage\/#breadcrumb","itemListElement":[{"@type":"ListItem","position":1,"name":"Home","item":"https:\/\/vanremoortel.be\/fr\/accueil\/"},{"@type":"ListItem","position":2,"name":"Stockage"}]},{"@type":"WebSite","@id":"https:\/\/vanremoortel.be\/#website","url":"https:\/\/vanremoortel.be\/","name":"Van Remoortel","description":"Van Remoortel","publisher":{"@id":"https:\/\/vanremoortel.be\/#organization"},"potentialAction":[{"@type":"SearchAction","target":{"@type":"EntryPoint","urlTemplate":"https:\/\/vanremoortel.be\/?s={search_term_string}"},"query-input":{"@type":"PropertyValueSpecification","valueRequired":true,"valueName":"search_term_string"}}],"inLanguage":"fr-BE"},{"@type":"Organization","@id":"https:\/\/vanremoortel.be\/#organization","name":"Van Remoortel","url":"https:\/\/vanremoortel.be\/","logo":{"@type":"ImageObject","inLanguage":"fr-BE","@id":"https:\/\/vanremoortel.be\/#\/schema\/logo\/image\/","url":"https:\/\/vanremoortel.be\/wp-content\/uploads\/2017\/09\/van-Remoortel_powered_FINAL.jpg","contentUrl":"https:\/\/vanremoortel.be\/wp-content\/uploads\/2017\/09\/van-Remoortel_powered_FINAL.jpg","width":2328,"height":322,"caption":"Van Remoortel"},"image":{"@id":"https:\/\/vanremoortel.be\/#\/schema\/logo\/image\/"},"sameAs":["https:\/\/www.facebook.com\/Groothandel.Decoratie.Van.Remoortel\/","https:\/\/www.instagram.com\/van_remoortel\/?hl=nl","https:\/\/www.linkedin.com\/company\/van-remoortel-nv\/about\/","https:\/\/www.youtube.com\/channel\/UCYm8eOCzCOC4HxA-Ya0XayQ"]}]}},"_links":{"self":[{"href":"https:\/\/vanremoortel.be\/fr\/wp-json\/wp\/v2\/pages\/21764","targetHints":{"allow":["GET"]}}],"collection":[{"href":"https:\/\/vanremoortel.be\/fr\/wp-json\/wp\/v2\/pages"}],"about":[{"href":"https:\/\/vanremoortel.be\/fr\/wp-json\/wp\/v2\/types\/page"}],"author":[{"embeddable":true,"href":"https:\/\/vanremoortel.be\/fr\/wp-json\/wp\/v2\/users\/1"}],"replies":[{"embeddable":true,"href":"https:\/\/vanremoortel.be\/fr\/wp-json\/wp\/v2\/comments?post=21764"}],"version-history":[{"count":5,"href":"https:\/\/vanremoortel.be\/fr\/wp-json\/wp\/v2\/pages\/21764\/revisions"}],"predecessor-version":[{"id":39160,"href":"https:\/\/vanremoortel.be\/fr\/wp-json\/wp\/v2\/pages\/21764\/revisions\/39160"}],"wp:attachment":[{"href":"https:\/\/vanremoortel.be\/fr\/wp-json\/wp\/v2\/media?parent=21764"}],"curies":[{"name":"wp","href":"https:\/\/api.w.org\/{rel}","templated":true}]}}