{"id":21025,"date":"2017-07-14T11:44:00","date_gmt":"2017-07-14T09:44:00","guid":{"rendered":"https:\/\/vanremoortel.be\/van-remoortel\/"},"modified":"2018-11-27T16:23:05","modified_gmt":"2018-11-27T15:23:05","slug":"van-remoortel","status":"publish","type":"page","link":"https:\/\/vanremoortel.be\/fr\/van-remoortel\/","title":{"rendered":"Van Remoortel"},"content":{"rendered":"<div id='av-layout-grid-1'  class='av-layout-grid-container av-av_layout_row-42fd8630215aff1cfd8b45bb424676b3 entry-content-wrapper main_color av-flex-cells  avia-builder-el-0  el_before_av_section  avia-builder-el-first   container_wrap sidebar_right'  >\n\n<style type=\"text\/css\" data-created_by=\"avia_inline_auto\" id=\"style-css-av-av_cell_one_half-f57c70f9f5a63fd800eb5b955b847c2a\">\n.flex_cell.av-av_cell_one_half-f57c70f9f5a63fd800eb5b955b847c2a{\nvertical-align:top;\n}\n.responsive #top #wrap_all .flex_cell.av-av_cell_one_half-f57c70f9f5a63fd800eb5b955b847c2a{\npadding:30px 30px 30px 30px !important;\n}\n<\/style>\n<div class='flex_cell av-av_cell_one_half-f57c70f9f5a63fd800eb5b955b847c2a av-gridrow-cell av_one_half no_margin  avia-builder-el-1  el_before_av_cell_one_half  avia-builder-el-first '  ><div class='flex_cell_inner'><p>\n<style type=\"text\/css\" data-created_by=\"avia_inline_auto\" id=\"style-css-av-av_heading-b5353fcdfd86470df404c00a9f2cf364\">\n#top .av-special-heading.av-av_heading-b5353fcdfd86470df404c00a9f2cf364{\npadding-bottom:10px;\n}\nbody .av-special-heading.av-av_heading-b5353fcdfd86470df404c00a9f2cf364 .av-special-heading-tag .heading-char{\nfont-size:25px;\n}\n.av-special-heading.av-av_heading-b5353fcdfd86470df404c00a9f2cf364 .av-subheading{\nfont-size:15px;\n}\n<\/style>\n<div  class='av-special-heading av-av_heading-b5353fcdfd86470df404c00a9f2cf364 av-special-heading-h1 blockquote modern-quote  avia-builder-el-2  el_before_av_textblock  avia-builder-el-first '><h1 class='av-special-heading-tag'  itemprop=\"headline\"  >Van Remoortel<\/h1><div class=\"special-heading-border\"><div class=\"special-heading-inner-border\"><\/div><\/div><\/div><br \/>\n<section  class='av_textblock_section av-av_textblock-396ddf1f42196ca838231e61a4602801 '   itemscope=\"itemscope\" itemtype=\"https:\/\/schema.org\/CreativeWork\" ><div class='avia_textblock'  itemprop=\"text\" ><p>Van Remoortel vous propose une gamme compl\u00e8te d&rsquo;objets de d\u00e9coration tendance. En tant que grossiste en mat\u00e9riel de d\u00e9coration et d\u2019affichage, nous vous proposons une gamme compl\u00e8te de plus de 40 000 articles et mat\u00e9riaux de d\u00e9coration. Avec nous, vous trouverez un m\u00e9lange d&rsquo;articles de styles et d&rsquo;ambiances vari\u00e9s, des plus anciens aux plus tendances. De plus, nous avons un vaste choix d\u2019articles saisonniers. La plage change constamment, de nouveaux \u00e9l\u00e9ments sont ajout\u00e9s chaque semaine. Vous trouverez ci-dessous un aper\u00e7u de ce que nous avons tous \u00e0 offrir.<\/p>\n<h3><span style=\"font-size: 12pt; color: #99cc00;\"><strong>Verrerie<\/strong><\/span><\/h3>\n<p>La verrerie est un \u00e9l\u00e9ment d\u00e9cisif pour votre magasin ou vitrine. Le style, l\u2019adaptation \u00e0 votre int\u00e9rieur, l\u2019\u00e9paisseur et la taille du verre sont des aspects importants sur lesquels baser votre choix. Des vases en verre aux bocaux pour mettre des bougies po Nous avons tout. Venez voir notre offre rapidement.<\/p>\n<h3><span style=\"font-size: 12pt; color: #99cc00;\"><strong>Des bougies<\/strong><\/span><\/h3>\n<p>Nos bougies de haute qualit\u00e9 garantissent une touche longue et \u00e9l\u00e9gante \u00e0 votre int\u00e9rieur et une lueur chaleureuse \u00e0 tous vos clients. Vous pouvez trouver toute une gamme de bougies dans nos couloirs. Vous trouverez des bougies en verre, avec ou sans odeur. Mais aussi des bougies chauffe-plat et des bougies parfum\u00e9es, des bougies rustiques pour une atmosph\u00e8re chaleureuse et des bougies cylindriques. \u00c9galement des bougies de table et des accessoires pour tous ces merveilleux produits.<\/p>\n<h3><span style=\"font-size: 12pt; color: #99cc00;\"><strong>Fleurs artificielles<\/strong><\/span><\/h3>\n<p>L&rsquo;avantage des fleurs et des plantes artificielles est que vous n&rsquo;avez plus \u00e0 vous soucier de l&rsquo;entretien de vos plantes artificielles. Venez d\u00e9couvrir la vaste gamme et laissez-vous s\u00e9duire par la gamme color\u00e9e de fleurs coup\u00e9es, de fleurs, d&rsquo;orchid\u00e9es et de magnolias. La gamme de fleurs artificielles et de plantes artificielles est disponible dans notre commerce de gros et adapt\u00e9e \u00e0 la saison.<\/p>\n<h3><span style=\"font-size: 12pt; color: #99cc00;\"><strong>Vannerie<\/strong><\/span><\/h3>\n<p>Beaucoup de tailles et de mat\u00e9riaux peuvent \u00eatre vus avec nous. La plupart des paniers sont faits de saules et sont souvent doubl\u00e9s de plastique. En plus des mod\u00e8les traditionnels, il existe \u00e9galement des paniers muraux et des poign\u00e9es.<\/p>\n<h3><span style=\"font-size: 12pt; color: #99cc00;\"><strong>Poterie<\/strong><\/span><\/h3>\n<p>Toute l\u2019ann\u00e9e, nous vous proposons un large choix de pots pour int\u00e9rieur et ext\u00e9rieur. Vous les trouverez dans diff\u00e9rentes couleurs et styles adapt\u00e9s \u00e0 chaque saison. Une plante dans un pot correct compl\u00e8te le tableau. Assurez-vous de remplir votre assortiment avec des pots de notre part.<\/p>\n<h3><span style=\"font-size: 12pt; color: #99cc00;\"><strong>Mat\u00e9riel d&#8217;emballage<\/strong><\/span><\/h3>\n<p>Rubans et papier de diff\u00e9rentes couleurs et formes. Vous trouverez une large gamme de mat\u00e9riaux d&#8217;emballage par saison. Tous soigneusement choisis pour vous. Suivez \u00e9galement nos d\u00e9monstrations d\u2019emballage pour savoir comment emballer un emballage de mani\u00e8re \u00e9l\u00e9gante et originale.<\/p>\n<h3><span style=\"font-size: 12pt; color: #99cc00;\"><strong>D\u00e9coration de la maison<\/strong><\/span><\/h3>\n<p>Avec nos accessoires pour la maison, vous donnez vie \u00e0 votre int\u00e9rieur. Choisissez parmi diff\u00e9rents accessoires de maison en bois ou autres, ce qui donne \u00e0 chaque pi\u00e8ce ce petit plus. Les d\u00e9corations pour la maison vous offrent \u00e9galement la possibilit\u00e9 de changer facilement et rapidement votre maison. Chez Van Remoortel, nous avons un large \u00e9ventail et de nombreuses possibilit\u00e9s pour compl\u00e9ter vos collections.<\/p>\n<\/div><\/section><\/p>\n<\/div><\/div>\n<style type=\"text\/css\" data-created_by=\"avia_inline_auto\" id=\"style-css-av-av_cell_one_half-f57c70f9f5a63fd800eb5b955b847c2a\">\n.flex_cell.av-av_cell_one_half-f57c70f9f5a63fd800eb5b955b847c2a{\nvertical-align:top;\n}\n.responsive #top #wrap_all .flex_cell.av-av_cell_one_half-f57c70f9f5a63fd800eb5b955b847c2a{\npadding:30px 30px 30px 30px !important;\n}\n<\/style>\n<div class='flex_cell av-av_cell_one_half-f57c70f9f5a63fd800eb5b955b847c2a av-gridrow-cell av_one_half no_margin  avia-builder-el-4  el_after_av_cell_one_half  avia-builder-el-last '  ><div class='flex_cell_inner'><p>\n<style type=\"text\/css\" data-created_by=\"avia_inline_auto\" id=\"style-css-av-av_image-cd4203dcb72e0a61defedd3fafbb4088\">\n.avia-image-container.av-av_image-cd4203dcb72e0a61defedd3fafbb4088 img.avia_image{\nbox-shadow:none;\n}\n.avia-image-container.av-av_image-cd4203dcb72e0a61defedd3fafbb4088 .av-image-caption-overlay-center{\ncolor:#ffffff;\n}\n<\/style>\n<div  class='avia-image-container av-av_image-cd4203dcb72e0a61defedd3fafbb4088 av-styling- avia-align-center  avia-builder-el-5  el_before_av_image  avia-builder-el-first '   itemprop=\"image\" itemscope=\"itemscope\" itemtype=\"https:\/\/schema.org\/ImageObject\" ><div class=\"avia-image-container-inner\"><div class=\"avia-image-overlay-wrap\"><img fetchpriority=\"high\" class='wp-image-18189 avia-img-lazy-loading-not-18189 avia_image ' src='https:\/\/vanremoortel.be\/wp-content\/uploads\/2017\/07\/Logo_Van-Remoortel.jpg' alt='Van Remoortel logo' title='Logo_Van Remoortel'  height=\"300\" width=\"300\"  itemprop=\"thumbnailUrl\"  \/><\/div><\/div><\/div><br \/>\n\n<style type=\"text\/css\" data-created_by=\"avia_inline_auto\" id=\"style-css-av-av_image-9052997f05ec42c0b213990cd7ffeae3\">\n.avia-image-container.av-av_image-9052997f05ec42c0b213990cd7ffeae3 img.avia_image{\nbox-shadow:none;\n}\n.avia-image-container.av-av_image-9052997f05ec42c0b213990cd7ffeae3 .av-image-caption-overlay-center{\ncolor:#ffffff;\n}\n<\/style>\n<div  class='avia-image-container av-av_image-9052997f05ec42c0b213990cd7ffeae3 av-styling- avia-align-center  avia-builder-el-6  el_after_av_image  avia-builder-el-last '   itemprop=\"image\" itemscope=\"itemscope\" itemtype=\"https:\/\/schema.org\/ImageObject\" ><div class=\"avia-image-container-inner\"><div class=\"avia-image-overlay-wrap\"><img fetchpriority=\"high\" class='wp-image- avia-img-lazy-loading-not- avia_image ' src='https:\/\/vanremoortel.be\/wp-content\/uploads\/2017\/07\/Oasis_01-300x155.jpg' alt='' title=''   itemprop=\"thumbnailUrl\"  \/><\/div><\/div><\/div><\/p>\n<\/div><\/div><\/div>\n<style type=\"text\/css\" data-created_by=\"avia_inline_auto\" id=\"style-css-av-av_section-16ef50ad8d32dba0eb1fcb26cde31288\">\n.avia-section.av-av_section-16ef50ad8d32dba0eb1fcb26cde31288{\nbackground-color:#ededed;\nbackground-image:unset;\n}\n<\/style>\n<div id='av_section_1'  class='avia-section av-av_section-16ef50ad8d32dba0eb1fcb26cde31288 main_color avia-section-default avia-no-border-styling  avia-builder-el-7  el_after_av_layout_row  avia-builder-el-last  avia-bg-style-scroll container_wrap sidebar_right'  ><div class='container av-section-cont-open' ><div class='template-page content  av-content-small alpha units'><div class='post-entry post-entry-type-page post-entry-21025'><div class='entry-content-wrapper clearfix'>\n\n<\/div><\/div><\/div><!-- close content main div --><\/div><\/div><div id='after_section_1'  class='main_color av_default_container_wrap container_wrap sidebar_right'  ><div class='container av-section-cont-open' ><div class='template-page content  av-content-small alpha units'><div class='post-entry post-entry-type-page post-entry-21025'><div class='entry-content-wrapper clearfix'><\/p>\n","protected":false},"excerpt":{"rendered":"","protected":false},"author":1,"featured_media":0,"parent":0,"menu_order":0,"comment_status":"closed","ping_status":"closed","template":"","meta":{"_exactmetrics_skip_tracking":false,"_exactmetrics_sitenote_active":false,"_exactmetrics_sitenote_note":"","_exactmetrics_sitenote_category":0,"footnotes":""},"class_list":["post-21025","page","type-page","status-publish","hentry"],"yoast_head":"<!-- This site is optimized with the Yoast SEO plugin v27.1.1 - https:\/\/yoast.com\/product\/yoast-seo-wordpress\/ -->\n<title>Van Remoortel - Van Remoortel<\/title>\n<meta name=\"description\" content=\"Van Remoortel vous propose une gamme compl\u00e8te d&#039;objets de d\u00e9coration tendance. Avec plus de 40 000 articles et mat\u00e9riaux de d\u00e9coration.\" \/>\n<meta name=\"robots\" content=\"index, follow, max-snippet:-1, max-image-preview:large, max-video-preview:-1\" \/>\n<link rel=\"canonical\" href=\"https:\/\/vanremoortel.be\/fr\/van-remoortel\/\" \/>\n<meta property=\"og:locale\" content=\"fr_FR\" \/>\n<meta property=\"og:type\" content=\"article\" \/>\n<meta property=\"og:title\" content=\"Van Remoortel - Van Remoortel\" \/>\n<meta property=\"og:description\" content=\"Van Remoortel vous propose une gamme compl\u00e8te d&#039;objets de d\u00e9coration tendance. Avec plus de 40 000 articles et mat\u00e9riaux de d\u00e9coration.\" \/>\n<meta property=\"og:url\" content=\"https:\/\/vanremoortel.be\/fr\/van-remoortel\/\" \/>\n<meta property=\"og:site_name\" content=\"Van Remoortel\" \/>\n<meta property=\"article:publisher\" content=\"https:\/\/www.facebook.com\/Groothandel.Decoratie.Van.Remoortel\/\" \/>\n<meta property=\"article:modified_time\" content=\"2018-11-27T15:23:05+00:00\" \/>\n<meta name=\"twitter:card\" content=\"summary_large_image\" \/>\n<meta name=\"twitter:label1\" content=\"Dur\u00e9e de lecture est.\" \/>\n\t<meta name=\"twitter:data1\" content=\"5 minutes\" \/>\n<script type=\"application\/ld+json\" class=\"yoast-schema-graph\">{\"@context\":\"https:\/\/schema.org\",\"@graph\":[{\"@type\":\"WebPage\",\"@id\":\"https:\/\/vanremoortel.be\/fr\/van-remoortel\/\",\"url\":\"https:\/\/vanremoortel.be\/fr\/van-remoortel\/\",\"name\":\"Van Remoortel - Van Remoortel\",\"isPartOf\":{\"@id\":\"https:\/\/vanremoortel.be\/#website\"},\"datePublished\":\"2017-07-14T09:44:00+00:00\",\"dateModified\":\"2018-11-27T15:23:05+00:00\",\"description\":\"Van Remoortel vous propose une gamme compl\u00e8te d'objets de d\u00e9coration tendance. Avec plus de 40 000 articles et mat\u00e9riaux de d\u00e9coration.\",\"breadcrumb\":{\"@id\":\"https:\/\/vanremoortel.be\/fr\/van-remoortel\/#breadcrumb\"},\"inLanguage\":\"fr-BE\",\"potentialAction\":[{\"@type\":\"ReadAction\",\"target\":[\"https:\/\/vanremoortel.be\/fr\/van-remoortel\/\"]}]},{\"@type\":\"BreadcrumbList\",\"@id\":\"https:\/\/vanremoortel.be\/fr\/van-remoortel\/#breadcrumb\",\"itemListElement\":[{\"@type\":\"ListItem\",\"position\":1,\"name\":\"Home\",\"item\":\"https:\/\/vanremoortel.be\/fr\/accueil\/\"},{\"@type\":\"ListItem\",\"position\":2,\"name\":\"Van Remoortel\"}]},{\"@type\":\"WebSite\",\"@id\":\"https:\/\/vanremoortel.be\/#website\",\"url\":\"https:\/\/vanremoortel.be\/\",\"name\":\"Van Remoortel\",\"description\":\"Van Remoortel\",\"publisher\":{\"@id\":\"https:\/\/vanremoortel.be\/#organization\"},\"potentialAction\":[{\"@type\":\"SearchAction\",\"target\":{\"@type\":\"EntryPoint\",\"urlTemplate\":\"https:\/\/vanremoortel.be\/?s={search_term_string}\"},\"query-input\":{\"@type\":\"PropertyValueSpecification\",\"valueRequired\":true,\"valueName\":\"search_term_string\"}}],\"inLanguage\":\"fr-BE\"},{\"@type\":\"Organization\",\"@id\":\"https:\/\/vanremoortel.be\/#organization\",\"name\":\"Van Remoortel\",\"url\":\"https:\/\/vanremoortel.be\/\",\"logo\":{\"@type\":\"ImageObject\",\"inLanguage\":\"fr-BE\",\"@id\":\"https:\/\/vanremoortel.be\/#\/schema\/logo\/image\/\",\"url\":\"https:\/\/vanremoortel.be\/wp-content\/uploads\/2017\/09\/van-Remoortel_powered_FINAL.jpg\",\"contentUrl\":\"https:\/\/vanremoortel.be\/wp-content\/uploads\/2017\/09\/van-Remoortel_powered_FINAL.jpg\",\"width\":2328,\"height\":322,\"caption\":\"Van Remoortel\"},\"image\":{\"@id\":\"https:\/\/vanremoortel.be\/#\/schema\/logo\/image\/\"},\"sameAs\":[\"https:\/\/www.facebook.com\/Groothandel.Decoratie.Van.Remoortel\/\",\"https:\/\/www.instagram.com\/van_remoortel\/?hl=nl\",\"https:\/\/www.linkedin.com\/company\/van-remoortel-nv\/about\/\",\"https:\/\/www.youtube.com\/channel\/UCYm8eOCzCOC4HxA-Ya0XayQ\"]}]}<\/script>\n<!-- \/ Yoast SEO plugin. -->","yoast_head_json":{"title":"Van Remoortel - Van Remoortel","description":"Van Remoortel vous propose une gamme compl\u00e8te d'objets de d\u00e9coration tendance. Avec plus de 40 000 articles et mat\u00e9riaux de d\u00e9coration.","robots":{"index":"index","follow":"follow","max-snippet":"max-snippet:-1","max-image-preview":"max-image-preview:large","max-video-preview":"max-video-preview:-1"},"canonical":"https:\/\/vanremoortel.be\/fr\/van-remoortel\/","og_locale":"fr_FR","og_type":"article","og_title":"Van Remoortel - Van Remoortel","og_description":"Van Remoortel vous propose une gamme compl\u00e8te d'objets de d\u00e9coration tendance. Avec plus de 40 000 articles et mat\u00e9riaux de d\u00e9coration.","og_url":"https:\/\/vanremoortel.be\/fr\/van-remoortel\/","og_site_name":"Van Remoortel","article_publisher":"https:\/\/www.facebook.com\/Groothandel.Decoratie.Van.Remoortel\/","article_modified_time":"2018-11-27T15:23:05+00:00","twitter_card":"summary_large_image","twitter_misc":{"Dur\u00e9e de lecture est.":"5 minutes"},"schema":{"@context":"https:\/\/schema.org","@graph":[{"@type":"WebPage","@id":"https:\/\/vanremoortel.be\/fr\/van-remoortel\/","url":"https:\/\/vanremoortel.be\/fr\/van-remoortel\/","name":"Van Remoortel - Van Remoortel","isPartOf":{"@id":"https:\/\/vanremoortel.be\/#website"},"datePublished":"2017-07-14T09:44:00+00:00","dateModified":"2018-11-27T15:23:05+00:00","description":"Van Remoortel vous propose une gamme compl\u00e8te d'objets de d\u00e9coration tendance. Avec plus de 40 000 articles et mat\u00e9riaux de d\u00e9coration.","breadcrumb":{"@id":"https:\/\/vanremoortel.be\/fr\/van-remoortel\/#breadcrumb"},"inLanguage":"fr-BE","potentialAction":[{"@type":"ReadAction","target":["https:\/\/vanremoortel.be\/fr\/van-remoortel\/"]}]},{"@type":"BreadcrumbList","@id":"https:\/\/vanremoortel.be\/fr\/van-remoortel\/#breadcrumb","itemListElement":[{"@type":"ListItem","position":1,"name":"Home","item":"https:\/\/vanremoortel.be\/fr\/accueil\/"},{"@type":"ListItem","position":2,"name":"Van Remoortel"}]},{"@type":"WebSite","@id":"https:\/\/vanremoortel.be\/#website","url":"https:\/\/vanremoortel.be\/","name":"Van Remoortel","description":"Van Remoortel","publisher":{"@id":"https:\/\/vanremoortel.be\/#organization"},"potentialAction":[{"@type":"SearchAction","target":{"@type":"EntryPoint","urlTemplate":"https:\/\/vanremoortel.be\/?s={search_term_string}"},"query-input":{"@type":"PropertyValueSpecification","valueRequired":true,"valueName":"search_term_string"}}],"inLanguage":"fr-BE"},{"@type":"Organization","@id":"https:\/\/vanremoortel.be\/#organization","name":"Van Remoortel","url":"https:\/\/vanremoortel.be\/","logo":{"@type":"ImageObject","inLanguage":"fr-BE","@id":"https:\/\/vanremoortel.be\/#\/schema\/logo\/image\/","url":"https:\/\/vanremoortel.be\/wp-content\/uploads\/2017\/09\/van-Remoortel_powered_FINAL.jpg","contentUrl":"https:\/\/vanremoortel.be\/wp-content\/uploads\/2017\/09\/van-Remoortel_powered_FINAL.jpg","width":2328,"height":322,"caption":"Van Remoortel"},"image":{"@id":"https:\/\/vanremoortel.be\/#\/schema\/logo\/image\/"},"sameAs":["https:\/\/www.facebook.com\/Groothandel.Decoratie.Van.Remoortel\/","https:\/\/www.instagram.com\/van_remoortel\/?hl=nl","https:\/\/www.linkedin.com\/company\/van-remoortel-nv\/about\/","https:\/\/www.youtube.com\/channel\/UCYm8eOCzCOC4HxA-Ya0XayQ"]}]}},"_links":{"self":[{"href":"https:\/\/vanremoortel.be\/fr\/wp-json\/wp\/v2\/pages\/21025","targetHints":{"allow":["GET"]}}],"collection":[{"href":"https:\/\/vanremoortel.be\/fr\/wp-json\/wp\/v2\/pages"}],"about":[{"href":"https:\/\/vanremoortel.be\/fr\/wp-json\/wp\/v2\/types\/page"}],"author":[{"embeddable":true,"href":"https:\/\/vanremoortel.be\/fr\/wp-json\/wp\/v2\/users\/1"}],"replies":[{"embeddable":true,"href":"https:\/\/vanremoortel.be\/fr\/wp-json\/wp\/v2\/comments?post=21025"}],"version-history":[{"count":5,"href":"https:\/\/vanremoortel.be\/fr\/wp-json\/wp\/v2\/pages\/21025\/revisions"}],"predecessor-version":[{"id":44729,"href":"https:\/\/vanremoortel.be\/fr\/wp-json\/wp\/v2\/pages\/21025\/revisions\/44729"}],"wp:attachment":[{"href":"https:\/\/vanremoortel.be\/fr\/wp-json\/wp\/v2\/media?parent=21025"}],"curies":[{"name":"wp","href":"https:\/\/api.w.org\/{rel}","templated":true}]}}