{"id":20948,"date":"2017-07-14T11:35:51","date_gmt":"2017-07-14T09:35:51","guid":{"rendered":"https:\/\/vanremoortel.be\/oasis\/"},"modified":"2019-01-16T15:31:37","modified_gmt":"2019-01-16T14:31:37","slug":"oasis","status":"publish","type":"page","link":"https:\/\/vanremoortel.be\/fr\/oasis\/","title":{"rendered":"Oasis\u00ae Floral Products"},"content":{"rendered":"<div id='av-layout-grid-1'  class='av-layout-grid-container av-3v5jqq1-15a8317f31951f5096f74164e4dc82b0 entry-content-wrapper main_color av-flex-cells  avia-builder-el-0  el_before_av_section  avia-builder-el-first   container_wrap sidebar_right'  >\n\n<style type=\"text\/css\" data-created_by=\"avia_inline_auto\" id=\"style-css-av-3n1c70p-79006f754b5585fde72b3f10d14027ee\">\n.flex_cell.av-3n1c70p-79006f754b5585fde72b3f10d14027ee{\nvertical-align:top;\n}\n.responsive #top #wrap_all .flex_cell.av-3n1c70p-79006f754b5585fde72b3f10d14027ee{\npadding:30px 30px 30px 30px !important;\n}\n<\/style>\n<div class='flex_cell av-3n1c70p-79006f754b5585fde72b3f10d14027ee av-gridrow-cell av_one_half no_margin  avia-builder-el-1  el_before_av_cell_one_half  avia-builder-el-first '  ><div class='flex_cell_inner'><p>\n<style type=\"text\/css\" data-created_by=\"avia_inline_auto\" id=\"style-css-av-av_heading-d8a54f4d27d9d9ae11b5663092d32a5d\">\n#top .av-special-heading.av-av_heading-d8a54f4d27d9d9ae11b5663092d32a5d{\npadding-bottom:10px;\n}\nbody .av-special-heading.av-av_heading-d8a54f4d27d9d9ae11b5663092d32a5d .av-special-heading-tag .heading-char{\nfont-size:25px;\n}\n.av-special-heading.av-av_heading-d8a54f4d27d9d9ae11b5663092d32a5d .av-subheading{\nfont-size:15px;\n}\n<\/style>\n<div  class='av-special-heading av-av_heading-d8a54f4d27d9d9ae11b5663092d32a5d av-special-heading-h1 blockquote modern-quote  avia-builder-el-2  el_before_av_textblock  avia-builder-el-first '><h1 class='av-special-heading-tag'  itemprop=\"headline\"  >Oasis\u00ae Floral Products<\/h1><div class=\"special-heading-border\"><div class=\"special-heading-inner-border\"><\/div><\/div><\/div><br \/>\n<section  class='av_textblock_section av-2ic8pl5-43b2ce290ee2c977f74f6a458203d771 '   itemscope=\"itemscope\" itemtype=\"https:\/\/schema.org\/CreativeWork\" ><div class='avia_textblock'  itemprop=\"text\" ><p>Smithers-Oasis, fond\u00e9e en 1954 dans l&rsquo;Ohio, est l&rsquo;inventeur et le premier producteur mondial de produits de mousse florale OASIS\u00ae pour les fleurs coup\u00e9es, en soie et s\u00e9ch\u00e9es. Les marques mondiales sont OASIS\u00ae Floral Products, OASIS\u00ae Grower Solutions et Floralife\u00ae.<\/p>\n<h2>Origine<\/h2>\n<p>Chez Smithers-Oasis, ils s\u2019efforcent d\u2019am\u00e9liorer le design des fleurs et la dur\u00e9e de vie des fleurs coup\u00e9es et des plantes en vous offrant les meilleurs produits et technologies. Gr\u00e2ce \u00e0 leur port\u00e9e mondiale, ils peuvent utiliser la recherche et le d\u00e9veloppement comme aucune autre soci\u00e9t\u00e9 ne le peut. Ils r\u00e9unissent toutes les exigences de la cha\u00eene de fleurs pour vous offrir les meilleures sources de design et de soin des fleurs.<\/p>\n<h2>Mousse florale<\/h2>\n<p>Alors que nous examinons l\u2019impact de nos conceptions sur l\u2019environnement, Smithers-Oasis s\u2019engage \u00e0 contribuer \u00e0 la durabilit\u00e9 de la Terre sur laquelle nous vivons ainsi qu\u2019aux personnes et aux communaut\u00e9s que nous servons dans le monde entier. Avec OASIS\u00ae Floral Foam Maxlife, vous disposez d\u00e9sormais du seul produit en mousse florale enti\u00e8rement biod\u00e9gradable en 567 jours. Ils vous apportent ces produits et services pour vous apporter une contribution quotidienne en tant qu\u2019entreprise.<\/p>\n<p>Depuis leurs d\u00e9buts en 1954, lorsque VL Smithers a r\u00e9volutionn\u00e9 l\u2019industrie florale avec la cr\u00e9ation d\u2019une mousse absorbant l\u2019eau pour les fleuristes, Smithers-Oasis est devenu un leader mondial dans la fabrication et la commercialisation de mousses florales, accessoires pour accessoires floraux, supports mobiles et produits. r\u00e9colte Aujourd&rsquo;hui, OASIS\u00ae est la marque la plus reconnue et la plus fiable du secteur des fleurs.<\/p>\n<p>Smithers-Oasis Company est l&rsquo;un des principaux producteurs et distributeurs de mousse florale, d&rsquo;accessoires floraux, de produits apr\u00e8s r\u00e9colte et de supports de propagation pour le march\u00e9 de la floriculture.<\/p>\n<h2>Accessoires<\/h2>\n<p>En plus de la mousse florale, la marque propose \u00e9galement d&rsquo;autres produits tels que des accessoires pour fleurs, des outils et des pots de fleurs. Venez voir leur stand \u00e9tendu dans notre cash &amp; carry.<\/p>\n<p>Site Web: <a href=\"https:\/\/oasisfloralproducts.com\/\">https:\/\/oasisfloralproducts.com\/<\/a><\/p>\n<\/div><\/section><\/p>\n<\/div><\/div>\n<style type=\"text\/css\" data-created_by=\"avia_inline_auto\" id=\"style-css-av-6saj49-1c2460ec7238b54bd999877b9d7b3368\">\n.flex_cell.av-6saj49-1c2460ec7238b54bd999877b9d7b3368{\nvertical-align:top;\n}\n.responsive #top #wrap_all .flex_cell.av-6saj49-1c2460ec7238b54bd999877b9d7b3368{\npadding:30px 30px 30px 30px !important;\n}\n<\/style>\n<div class='flex_cell av-6saj49-1c2460ec7238b54bd999877b9d7b3368 av-gridrow-cell av_one_half no_margin  avia-builder-el-4  el_after_av_cell_one_half  avia-builder-el-last '  ><div class='flex_cell_inner'><p>\n<style type=\"text\/css\" data-created_by=\"avia_inline_auto\" id=\"style-css-av-1p2o1hl-cf61788f9b29fa37930921cf12e152d3\">\n.avia-image-container.av-1p2o1hl-cf61788f9b29fa37930921cf12e152d3 img.avia_image{\nbox-shadow:none;\n}\n.avia-image-container.av-1p2o1hl-cf61788f9b29fa37930921cf12e152d3 .av-image-caption-overlay-center{\ncolor:#ffffff;\n}\n<\/style>\n<div  class='avia-image-container av-1p2o1hl-cf61788f9b29fa37930921cf12e152d3 av-styling- avia-align-center  avia-builder-el-5  el_before_av_image  avia-builder-el-first '   itemprop=\"image\" itemscope=\"itemscope\" itemtype=\"https:\/\/schema.org\/ImageObject\" ><div class=\"avia-image-container-inner\"><div class=\"avia-image-overlay-wrap\"><img fetchpriority=\"high\" class='wp-image-18118 avia-img-lazy-loading-not-18118 avia_image ' src='https:\/\/vanremoortel.be\/wp-content\/uploads\/2017\/07\/Logo_Oasis.jpg' alt='Oasis\u00ae Floral Products bij Van Remoortel' title='Logo_Oasis\u00ae'  height=\"300\" width=\"300\"  itemprop=\"thumbnailUrl\"  \/><\/div><\/div><\/div><br \/>\n\n<style type=\"text\/css\" data-created_by=\"avia_inline_auto\" id=\"style-css-av-jqz9oigw-1cb1dbdaea1a8709ad1929f2dc5685e3\">\n.avia-image-container.av-jqz9oigw-1cb1dbdaea1a8709ad1929f2dc5685e3 img.avia_image{\nbox-shadow:none;\n}\n.avia-image-container.av-jqz9oigw-1cb1dbdaea1a8709ad1929f2dc5685e3 .av-image-caption-overlay-center{\ncolor:#ffffff;\n}\n<\/style>\n<div  class='avia-image-container av-jqz9oigw-1cb1dbdaea1a8709ad1929f2dc5685e3 av-styling- avia-align-center  avia-builder-el-6  el_after_av_image  avia-builder-el-last '   itemprop=\"image\" itemscope=\"itemscope\" itemtype=\"https:\/\/schema.org\/ImageObject\" ><div class=\"avia-image-container-inner\"><div class=\"avia-image-overlay-wrap\"><img fetchpriority=\"high\" class='wp-image- avia-img-lazy-loading-not- avia_image ' src='https:\/\/vanremoortel.be\/wp-content\/uploads\/2017\/07\/21368934_1630435230363329_1753099161861759274_o-300x200.jpg' alt='' title=''   itemprop=\"thumbnailUrl\"  \/><\/div><\/div><\/div><\/p>\n<\/div><\/div><\/div>\n<style type=\"text\/css\" data-created_by=\"avia_inline_auto\" id=\"style-css-av-1aqpsnd-00a8e7f6ade4f6b6b557af3c9dfe92e6\">\n.avia-section.av-1aqpsnd-00a8e7f6ade4f6b6b557af3c9dfe92e6{\nbackground-color:#ededed;\nbackground-image:unset;\n}\n<\/style>\n<div id='av_section_1'  class='avia-section av-1aqpsnd-00a8e7f6ade4f6b6b557af3c9dfe92e6 main_color avia-section-default avia-no-border-styling  avia-builder-el-7  el_after_av_layout_row  avia-builder-el-last  avia-bg-style-scroll container_wrap sidebar_right'  ><div class='container av-section-cont-open' ><div class='template-page content  av-content-small alpha units'><div class='post-entry post-entry-type-page post-entry-20948'><div class='entry-content-wrapper clearfix'>\n\n<\/div><\/div><\/div><!-- close content main div --><\/div><\/div><div id='after_section_1'  class='main_color av_default_container_wrap container_wrap sidebar_right'  ><div class='container av-section-cont-open' ><div class='template-page content  av-content-small alpha units'><div class='post-entry post-entry-type-page post-entry-20948'><div class='entry-content-wrapper clearfix'><\/p>\n","protected":false},"excerpt":{"rendered":"","protected":false},"author":1,"featured_media":0,"parent":0,"menu_order":0,"comment_status":"closed","ping_status":"closed","template":"","meta":{"_exactmetrics_skip_tracking":false,"_exactmetrics_sitenote_active":false,"_exactmetrics_sitenote_note":"","_exactmetrics_sitenote_category":0,"footnotes":""},"class_list":["post-20948","page","type-page","status-publish","hentry"],"yoast_head":"<!-- This site is optimized with the Yoast SEO plugin v27.4 - https:\/\/yoast.com\/product\/yoast-seo-wordpress\/ -->\n<title>Oasis - Van Remoortel<\/title>\n<meta name=\"description\" content=\"Oasis est l&#039;un des principaux producteurs et vendeurs mondiaux de mousse florale, d&#039;accessoires pour accessoires floraux et de produits apr\u00e8s r\u00e9colte.\" \/>\n<meta name=\"robots\" content=\"index, follow, max-snippet:-1, max-image-preview:large, max-video-preview:-1\" \/>\n<link rel=\"canonical\" href=\"https:\/\/vanremoortel.be\/fr\/oasis\/\" \/>\n<meta property=\"og:locale\" content=\"fr_FR\" \/>\n<meta property=\"og:type\" content=\"article\" \/>\n<meta property=\"og:title\" content=\"Oasis - Van Remoortel\" \/>\n<meta property=\"og:description\" content=\"Oasis est l&#039;un des principaux producteurs et vendeurs mondiaux de mousse florale, d&#039;accessoires pour accessoires floraux et de produits apr\u00e8s r\u00e9colte.\" \/>\n<meta property=\"og:url\" content=\"https:\/\/vanremoortel.be\/fr\/oasis\/\" \/>\n<meta property=\"og:site_name\" content=\"Van Remoortel\" \/>\n<meta property=\"article:publisher\" content=\"https:\/\/www.facebook.com\/Groothandel.Decoratie.Van.Remoortel\/\" \/>\n<meta property=\"article:modified_time\" content=\"2019-01-16T14:31:37+00:00\" \/>\n<meta name=\"twitter:card\" content=\"summary_large_image\" \/>\n<meta name=\"twitter:label1\" content=\"Dur\u00e9e de lecture est.\" \/>\n\t<meta name=\"twitter:data1\" content=\"4 minutes\" \/>\n<script type=\"application\/ld+json\" class=\"yoast-schema-graph\">{\"@context\":\"https:\\\/\\\/schema.org\",\"@graph\":[{\"@type\":\"WebPage\",\"@id\":\"https:\\\/\\\/vanremoortel.be\\\/fr\\\/oasis\\\/\",\"url\":\"https:\\\/\\\/vanremoortel.be\\\/fr\\\/oasis\\\/\",\"name\":\"Oasis - Van Remoortel\",\"isPartOf\":{\"@id\":\"https:\\\/\\\/vanremoortel.be\\\/#website\"},\"datePublished\":\"2017-07-14T09:35:51+00:00\",\"dateModified\":\"2019-01-16T14:31:37+00:00\",\"description\":\"Oasis est l'un des principaux producteurs et vendeurs mondiaux de mousse florale, d'accessoires pour accessoires floraux et de produits apr\u00e8s r\u00e9colte.\",\"breadcrumb\":{\"@id\":\"https:\\\/\\\/vanremoortel.be\\\/fr\\\/oasis\\\/#breadcrumb\"},\"inLanguage\":\"fr-BE\",\"potentialAction\":[{\"@type\":\"ReadAction\",\"target\":[\"https:\\\/\\\/vanremoortel.be\\\/fr\\\/oasis\\\/\"]}]},{\"@type\":\"BreadcrumbList\",\"@id\":\"https:\\\/\\\/vanremoortel.be\\\/fr\\\/oasis\\\/#breadcrumb\",\"itemListElement\":[{\"@type\":\"ListItem\",\"position\":1,\"name\":\"Home\",\"item\":\"https:\\\/\\\/vanremoortel.be\\\/fr\\\/accueil\\\/\"},{\"@type\":\"ListItem\",\"position\":2,\"name\":\"Oasis\u00ae Floral Products\"}]},{\"@type\":\"WebSite\",\"@id\":\"https:\\\/\\\/vanremoortel.be\\\/#website\",\"url\":\"https:\\\/\\\/vanremoortel.be\\\/\",\"name\":\"Van Remoortel\",\"description\":\"Van Remoortel\",\"publisher\":{\"@id\":\"https:\\\/\\\/vanremoortel.be\\\/#organization\"},\"potentialAction\":[{\"@type\":\"SearchAction\",\"target\":{\"@type\":\"EntryPoint\",\"urlTemplate\":\"https:\\\/\\\/vanremoortel.be\\\/?s={search_term_string}\"},\"query-input\":{\"@type\":\"PropertyValueSpecification\",\"valueRequired\":true,\"valueName\":\"search_term_string\"}}],\"inLanguage\":\"fr-BE\"},{\"@type\":\"Organization\",\"@id\":\"https:\\\/\\\/vanremoortel.be\\\/#organization\",\"name\":\"Van Remoortel\",\"url\":\"https:\\\/\\\/vanremoortel.be\\\/\",\"logo\":{\"@type\":\"ImageObject\",\"inLanguage\":\"fr-BE\",\"@id\":\"https:\\\/\\\/vanremoortel.be\\\/#\\\/schema\\\/logo\\\/image\\\/\",\"url\":\"https:\\\/\\\/vanremoortel.be\\\/wp-content\\\/uploads\\\/2017\\\/09\\\/van-Remoortel_powered_FINAL.jpg\",\"contentUrl\":\"https:\\\/\\\/vanremoortel.be\\\/wp-content\\\/uploads\\\/2017\\\/09\\\/van-Remoortel_powered_FINAL.jpg\",\"width\":2328,\"height\":322,\"caption\":\"Van Remoortel\"},\"image\":{\"@id\":\"https:\\\/\\\/vanremoortel.be\\\/#\\\/schema\\\/logo\\\/image\\\/\"},\"sameAs\":[\"https:\\\/\\\/www.facebook.com\\\/Groothandel.Decoratie.Van.Remoortel\\\/\",\"https:\\\/\\\/www.instagram.com\\\/van_remoortel\\\/?hl=nl\",\"https:\\\/\\\/www.linkedin.com\\\/company\\\/van-remoortel-nv\\\/about\\\/\",\"https:\\\/\\\/www.youtube.com\\\/channel\\\/UCYm8eOCzCOC4HxA-Ya0XayQ\"]}]}<\/script>\n<!-- \/ Yoast SEO plugin. -->","yoast_head_json":{"title":"Oasis - Van Remoortel","description":"Oasis est l'un des principaux producteurs et vendeurs mondiaux de mousse florale, d'accessoires pour accessoires floraux et de produits apr\u00e8s r\u00e9colte.","robots":{"index":"index","follow":"follow","max-snippet":"max-snippet:-1","max-image-preview":"max-image-preview:large","max-video-preview":"max-video-preview:-1"},"canonical":"https:\/\/vanremoortel.be\/fr\/oasis\/","og_locale":"fr_FR","og_type":"article","og_title":"Oasis - Van Remoortel","og_description":"Oasis est l'un des principaux producteurs et vendeurs mondiaux de mousse florale, d'accessoires pour accessoires floraux et de produits apr\u00e8s r\u00e9colte.","og_url":"https:\/\/vanremoortel.be\/fr\/oasis\/","og_site_name":"Van Remoortel","article_publisher":"https:\/\/www.facebook.com\/Groothandel.Decoratie.Van.Remoortel\/","article_modified_time":"2019-01-16T14:31:37+00:00","twitter_card":"summary_large_image","twitter_misc":{"Dur\u00e9e de lecture est.":"4 minutes"},"schema":{"@context":"https:\/\/schema.org","@graph":[{"@type":"WebPage","@id":"https:\/\/vanremoortel.be\/fr\/oasis\/","url":"https:\/\/vanremoortel.be\/fr\/oasis\/","name":"Oasis - Van Remoortel","isPartOf":{"@id":"https:\/\/vanremoortel.be\/#website"},"datePublished":"2017-07-14T09:35:51+00:00","dateModified":"2019-01-16T14:31:37+00:00","description":"Oasis est l'un des principaux producteurs et vendeurs mondiaux de mousse florale, d'accessoires pour accessoires floraux et de produits apr\u00e8s r\u00e9colte.","breadcrumb":{"@id":"https:\/\/vanremoortel.be\/fr\/oasis\/#breadcrumb"},"inLanguage":"fr-BE","potentialAction":[{"@type":"ReadAction","target":["https:\/\/vanremoortel.be\/fr\/oasis\/"]}]},{"@type":"BreadcrumbList","@id":"https:\/\/vanremoortel.be\/fr\/oasis\/#breadcrumb","itemListElement":[{"@type":"ListItem","position":1,"name":"Home","item":"https:\/\/vanremoortel.be\/fr\/accueil\/"},{"@type":"ListItem","position":2,"name":"Oasis\u00ae Floral Products"}]},{"@type":"WebSite","@id":"https:\/\/vanremoortel.be\/#website","url":"https:\/\/vanremoortel.be\/","name":"Van Remoortel","description":"Van Remoortel","publisher":{"@id":"https:\/\/vanremoortel.be\/#organization"},"potentialAction":[{"@type":"SearchAction","target":{"@type":"EntryPoint","urlTemplate":"https:\/\/vanremoortel.be\/?s={search_term_string}"},"query-input":{"@type":"PropertyValueSpecification","valueRequired":true,"valueName":"search_term_string"}}],"inLanguage":"fr-BE"},{"@type":"Organization","@id":"https:\/\/vanremoortel.be\/#organization","name":"Van Remoortel","url":"https:\/\/vanremoortel.be\/","logo":{"@type":"ImageObject","inLanguage":"fr-BE","@id":"https:\/\/vanremoortel.be\/#\/schema\/logo\/image\/","url":"https:\/\/vanremoortel.be\/wp-content\/uploads\/2017\/09\/van-Remoortel_powered_FINAL.jpg","contentUrl":"https:\/\/vanremoortel.be\/wp-content\/uploads\/2017\/09\/van-Remoortel_powered_FINAL.jpg","width":2328,"height":322,"caption":"Van Remoortel"},"image":{"@id":"https:\/\/vanremoortel.be\/#\/schema\/logo\/image\/"},"sameAs":["https:\/\/www.facebook.com\/Groothandel.Decoratie.Van.Remoortel\/","https:\/\/www.instagram.com\/van_remoortel\/?hl=nl","https:\/\/www.linkedin.com\/company\/van-remoortel-nv\/about\/","https:\/\/www.youtube.com\/channel\/UCYm8eOCzCOC4HxA-Ya0XayQ"]}]}},"_links":{"self":[{"href":"https:\/\/vanremoortel.be\/fr\/wp-json\/wp\/v2\/pages\/20948","targetHints":{"allow":["GET"]}}],"collection":[{"href":"https:\/\/vanremoortel.be\/fr\/wp-json\/wp\/v2\/pages"}],"about":[{"href":"https:\/\/vanremoortel.be\/fr\/wp-json\/wp\/v2\/types\/page"}],"author":[{"embeddable":true,"href":"https:\/\/vanremoortel.be\/fr\/wp-json\/wp\/v2\/users\/1"}],"replies":[{"embeddable":true,"href":"https:\/\/vanremoortel.be\/fr\/wp-json\/wp\/v2\/comments?post=20948"}],"version-history":[{"count":5,"href":"https:\/\/vanremoortel.be\/fr\/wp-json\/wp\/v2\/pages\/20948\/revisions"}],"predecessor-version":[{"id":33586,"href":"https:\/\/vanremoortel.be\/fr\/wp-json\/wp\/v2\/pages\/20948\/revisions\/33586"}],"wp:attachment":[{"href":"https:\/\/vanremoortel.be\/fr\/wp-json\/wp\/v2\/media?parent=20948"}],"curies":[{"name":"wp","href":"https:\/\/api.w.org\/{rel}","templated":true}]}}