{"id":20641,"date":"2017-07-14T11:23:59","date_gmt":"2017-07-14T09:23:59","guid":{"rendered":"https:\/\/vanremoortel.be\/hr-the-wire-man\/"},"modified":"2019-01-16T15:12:21","modified_gmt":"2019-01-16T14:12:21","slug":"hr-the-wire-man","status":"publish","type":"page","link":"https:\/\/vanremoortel.be\/fr\/hr-the-wire-man\/","title":{"rendered":"H&#038;R &#8211; The Wire Man"},"content":{"rendered":"<div id='av-layout-grid-1'  class='av-layout-grid-container av-av_layout_row-42fd8630215aff1cfd8b45bb424676b3 entry-content-wrapper main_color av-flex-cells  avia-builder-el-0  el_before_av_section  avia-builder-el-first   container_wrap sidebar_right'  >\n\n<style type=\"text\/css\" data-created_by=\"avia_inline_auto\" id=\"style-css-av-av_cell_one_half-f57c70f9f5a63fd800eb5b955b847c2a\">\n.flex_cell.av-av_cell_one_half-f57c70f9f5a63fd800eb5b955b847c2a{\nvertical-align:top;\n}\n.responsive #top #wrap_all .flex_cell.av-av_cell_one_half-f57c70f9f5a63fd800eb5b955b847c2a{\npadding:30px 30px 30px 30px !important;\n}\n<\/style>\n<div class='flex_cell av-av_cell_one_half-f57c70f9f5a63fd800eb5b955b847c2a av-gridrow-cell av_one_half no_margin  avia-builder-el-1  el_before_av_cell_one_half  avia-builder-el-first '  ><div class='flex_cell_inner'><p>\n<style type=\"text\/css\" data-created_by=\"avia_inline_auto\" id=\"style-css-av-jqz9kxtt-462066c85c9dcf016490d3ae95dc5ab3\">\n#top .av-special-heading.av-jqz9kxtt-462066c85c9dcf016490d3ae95dc5ab3{\npadding-bottom:10px;\n}\nbody .av-special-heading.av-jqz9kxtt-462066c85c9dcf016490d3ae95dc5ab3 .av-special-heading-tag .heading-char{\nfont-size:25px;\n}\n.av-special-heading.av-jqz9kxtt-462066c85c9dcf016490d3ae95dc5ab3 .av-subheading{\nfont-size:15px;\n}\n<\/style>\n<div  class='av-special-heading av-jqz9kxtt-462066c85c9dcf016490d3ae95dc5ab3 av-special-heading-h1 blockquote modern-quote  avia-builder-el-2  el_before_av_textblock  avia-builder-el-first '><h1 class='av-special-heading-tag'  itemprop=\"headline\"  >H&amp;R &#8211; The Wire Man<\/h1><div class=\"special-heading-border\"><div class=\"special-heading-inner-border\"><\/div><\/div><\/div><br \/>\n<section  class='av_textblock_section av-jqz9lepz-76dd12e9f1878be89115d07c398f5335 '   itemscope=\"itemscope\" itemtype=\"https:\/\/schema.org\/CreativeWork\" ><div class='avia_textblock'  itemprop=\"text\" ><p>H&amp;R The Wire Man poss\u00e8de tout ce qu&rsquo;il faut pour le fleuriste (grossiste) et les loisirs : du fil floral, du fil \u00e0 tiger, du fil de bobinage, des agrafes, des anneaux pour \u0153illets, des fils ronds pour couronnes, des cheveux d&rsquo;ange, des cheveux de f\u00e9e, des guirlandes m\u00e9talliques et bien d&rsquo;autres choses encore.<\/p>\n<p>Site web:<a href=\"https:\/\/www.the-wire-man.com\">\u00a0https:\/\/www.the-wire-man.com<\/a><\/p>\n<\/div><\/section><\/p>\n<\/div><\/div>\n<style type=\"text\/css\" data-created_by=\"avia_inline_auto\" id=\"style-css-av-av_cell_one_half-f57c70f9f5a63fd800eb5b955b847c2a\">\n.flex_cell.av-av_cell_one_half-f57c70f9f5a63fd800eb5b955b847c2a{\nvertical-align:top;\n}\n.responsive #top #wrap_all .flex_cell.av-av_cell_one_half-f57c70f9f5a63fd800eb5b955b847c2a{\npadding:30px 30px 30px 30px !important;\n}\n<\/style>\n<div class='flex_cell av-av_cell_one_half-f57c70f9f5a63fd800eb5b955b847c2a av-gridrow-cell av_one_half no_margin  avia-builder-el-4  el_after_av_cell_one_half  avia-builder-el-last '  ><div class='flex_cell_inner'><p>\n<style type=\"text\/css\" data-created_by=\"avia_inline_auto\" id=\"style-css-av-av_image-3d359692685a3e2685b89e53eb8e84d1\">\n.avia-image-container.av-av_image-3d359692685a3e2685b89e53eb8e84d1 img.avia_image{\nbox-shadow:none;\n}\n.avia-image-container.av-av_image-3d359692685a3e2685b89e53eb8e84d1 .av-image-caption-overlay-center{\ncolor:#ffffff;\n}\n<\/style>\n<div  class='avia-image-container av-av_image-3d359692685a3e2685b89e53eb8e84d1 av-styling- avia-align-center  avia-builder-el-5  el_before_av_image  avia-builder-el-first '   itemprop=\"image\" itemscope=\"itemscope\" itemtype=\"https:\/\/schema.org\/ImageObject\" ><div class=\"avia-image-container-inner\"><div class=\"avia-image-overlay-wrap\"><img fetchpriority=\"high\" class='wp-image-18050 avia-img-lazy-loading-not-18050 avia_image ' src='https:\/\/vanremoortel.be\/wp-content\/uploads\/2017\/07\/Logo_HR-The-Wire-Man.jpg' alt='HR The Wire Man bij Van Remoortel' title='Logo_HR The Wire Man'  height=\"300\" width=\"300\"  itemprop=\"thumbnailUrl\"  \/><\/div><\/div><\/div><br \/>\n\n<style type=\"text\/css\" data-created_by=\"avia_inline_auto\" id=\"style-css-av-jqz9lr9q-4022802688566c41e64d429234f03bce\">\n.avia-image-container.av-jqz9lr9q-4022802688566c41e64d429234f03bce img.avia_image{\nbox-shadow:none;\n}\n.avia-image-container.av-jqz9lr9q-4022802688566c41e64d429234f03bce .av-image-caption-overlay-center{\ncolor:#ffffff;\n}\n<\/style>\n<div  class='avia-image-container av-jqz9lr9q-4022802688566c41e64d429234f03bce av-styling- avia-align-center  avia-builder-el-6  el_after_av_image  avia-builder-el-last '   itemprop=\"image\" itemscope=\"itemscope\" itemtype=\"https:\/\/schema.org\/ImageObject\" ><div class=\"avia-image-container-inner\"><div class=\"avia-image-overlay-wrap\"><img fetchpriority=\"high\" class='wp-image- avia-img-lazy-loading-not- avia_image ' src='https:\/\/vanremoortel.be\/wp-content\/uploads\/2017\/07\/IMG_6829-e1504612741643-200x300.jpg' alt='' title=''   itemprop=\"thumbnailUrl\"  \/><\/div><\/div><\/div><\/p>\n<\/div><\/div><\/div>\n<style type=\"text\/css\" data-created_by=\"avia_inline_auto\" id=\"style-css-av-av_section-16ef50ad8d32dba0eb1fcb26cde31288\">\n.avia-section.av-av_section-16ef50ad8d32dba0eb1fcb26cde31288{\nbackground-color:#ededed;\nbackground-image:unset;\n}\n<\/style>\n<div id='av_section_1'  class='avia-section av-av_section-16ef50ad8d32dba0eb1fcb26cde31288 main_color avia-section-default avia-no-border-styling  avia-builder-el-7  el_after_av_layout_row  avia-builder-el-last  avia-bg-style-scroll container_wrap sidebar_right'  ><div class='container av-section-cont-open' ><div class='template-page content  av-content-small alpha units'><div class='post-entry post-entry-type-page post-entry-20641'><div class='entry-content-wrapper clearfix'>\n\n<\/div><\/div><\/div><!-- close content main div --><\/div><\/div><div id='after_section_1'  class='main_color av_default_container_wrap container_wrap sidebar_right'  ><div class='container av-section-cont-open' ><div class='template-page content  av-content-small alpha units'><div class='post-entry post-entry-type-page post-entry-20641'><div class='entry-content-wrapper clearfix'><\/p>\n","protected":false},"excerpt":{"rendered":"","protected":false},"author":1,"featured_media":0,"parent":0,"menu_order":0,"comment_status":"closed","ping_status":"closed","template":"","meta":{"_exactmetrics_skip_tracking":false,"_exactmetrics_sitenote_active":false,"_exactmetrics_sitenote_note":"","_exactmetrics_sitenote_category":0,"footnotes":""},"class_list":["post-20641","page","type-page","status-publish","hentry"],"yoast_head":"<!-- This site is optimized with the Yoast SEO plugin v27.4 - https:\/\/yoast.com\/product\/yoast-seo-wordpress\/ -->\n<title>H&amp;R - The Wire Man - Van Remoortel<\/title>\n<meta name=\"description\" content=\"H&amp;R The Wire Man poss\u00e8de tout ce qu&#039;il faut pour le fleuriste (grossiste) et les loisirs : du fil floral, du fil \u00e0 tiger et bien d&#039;autres choses\" \/>\n<meta name=\"robots\" content=\"index, follow, max-snippet:-1, max-image-preview:large, max-video-preview:-1\" \/>\n<link rel=\"canonical\" href=\"https:\/\/vanremoortel.be\/fr\/hr-the-wire-man\/\" \/>\n<meta property=\"og:locale\" content=\"fr_FR\" \/>\n<meta property=\"og:type\" content=\"article\" \/>\n<meta property=\"og:title\" content=\"H&amp;R - The Wire Man - Van Remoortel\" \/>\n<meta property=\"og:description\" content=\"H&amp;R The Wire Man poss\u00e8de tout ce qu&#039;il faut pour le fleuriste (grossiste) et les loisirs : du fil floral, du fil \u00e0 tiger et bien d&#039;autres choses\" \/>\n<meta property=\"og:url\" content=\"https:\/\/vanremoortel.be\/fr\/hr-the-wire-man\/\" \/>\n<meta property=\"og:site_name\" content=\"Van Remoortel\" \/>\n<meta property=\"article:publisher\" content=\"https:\/\/www.facebook.com\/Groothandel.Decoratie.Van.Remoortel\/\" \/>\n<meta property=\"article:modified_time\" content=\"2019-01-16T14:12:21+00:00\" \/>\n<meta name=\"twitter:card\" content=\"summary_large_image\" \/>\n<meta name=\"twitter:label1\" content=\"Dur\u00e9e de lecture est.\" \/>\n\t<meta name=\"twitter:data1\" content=\"2 minutes\" \/>\n<script type=\"application\/ld+json\" class=\"yoast-schema-graph\">{\"@context\":\"https:\\\/\\\/schema.org\",\"@graph\":[{\"@type\":\"WebPage\",\"@id\":\"https:\\\/\\\/vanremoortel.be\\\/fr\\\/hr-the-wire-man\\\/\",\"url\":\"https:\\\/\\\/vanremoortel.be\\\/fr\\\/hr-the-wire-man\\\/\",\"name\":\"H&R - The Wire Man - Van Remoortel\",\"isPartOf\":{\"@id\":\"https:\\\/\\\/vanremoortel.be\\\/#website\"},\"datePublished\":\"2017-07-14T09:23:59+00:00\",\"dateModified\":\"2019-01-16T14:12:21+00:00\",\"description\":\"H&R The Wire Man poss\u00e8de tout ce qu'il faut pour le fleuriste (grossiste) et les loisirs : du fil floral, du fil \u00e0 tiger et bien d'autres choses\",\"breadcrumb\":{\"@id\":\"https:\\\/\\\/vanremoortel.be\\\/fr\\\/hr-the-wire-man\\\/#breadcrumb\"},\"inLanguage\":\"fr-BE\",\"potentialAction\":[{\"@type\":\"ReadAction\",\"target\":[\"https:\\\/\\\/vanremoortel.be\\\/fr\\\/hr-the-wire-man\\\/\"]}]},{\"@type\":\"BreadcrumbList\",\"@id\":\"https:\\\/\\\/vanremoortel.be\\\/fr\\\/hr-the-wire-man\\\/#breadcrumb\",\"itemListElement\":[{\"@type\":\"ListItem\",\"position\":1,\"name\":\"Home\",\"item\":\"https:\\\/\\\/vanremoortel.be\\\/fr\\\/accueil\\\/\"},{\"@type\":\"ListItem\",\"position\":2,\"name\":\"H&#038;R &#8211; The Wire Man\"}]},{\"@type\":\"WebSite\",\"@id\":\"https:\\\/\\\/vanremoortel.be\\\/#website\",\"url\":\"https:\\\/\\\/vanremoortel.be\\\/\",\"name\":\"Van Remoortel\",\"description\":\"Van Remoortel\",\"publisher\":{\"@id\":\"https:\\\/\\\/vanremoortel.be\\\/#organization\"},\"potentialAction\":[{\"@type\":\"SearchAction\",\"target\":{\"@type\":\"EntryPoint\",\"urlTemplate\":\"https:\\\/\\\/vanremoortel.be\\\/?s={search_term_string}\"},\"query-input\":{\"@type\":\"PropertyValueSpecification\",\"valueRequired\":true,\"valueName\":\"search_term_string\"}}],\"inLanguage\":\"fr-BE\"},{\"@type\":\"Organization\",\"@id\":\"https:\\\/\\\/vanremoortel.be\\\/#organization\",\"name\":\"Van Remoortel\",\"url\":\"https:\\\/\\\/vanremoortel.be\\\/\",\"logo\":{\"@type\":\"ImageObject\",\"inLanguage\":\"fr-BE\",\"@id\":\"https:\\\/\\\/vanremoortel.be\\\/#\\\/schema\\\/logo\\\/image\\\/\",\"url\":\"https:\\\/\\\/vanremoortel.be\\\/wp-content\\\/uploads\\\/2017\\\/09\\\/van-Remoortel_powered_FINAL.jpg\",\"contentUrl\":\"https:\\\/\\\/vanremoortel.be\\\/wp-content\\\/uploads\\\/2017\\\/09\\\/van-Remoortel_powered_FINAL.jpg\",\"width\":2328,\"height\":322,\"caption\":\"Van Remoortel\"},\"image\":{\"@id\":\"https:\\\/\\\/vanremoortel.be\\\/#\\\/schema\\\/logo\\\/image\\\/\"},\"sameAs\":[\"https:\\\/\\\/www.facebook.com\\\/Groothandel.Decoratie.Van.Remoortel\\\/\",\"https:\\\/\\\/www.instagram.com\\\/van_remoortel\\\/?hl=nl\",\"https:\\\/\\\/www.linkedin.com\\\/company\\\/van-remoortel-nv\\\/about\\\/\",\"https:\\\/\\\/www.youtube.com\\\/channel\\\/UCYm8eOCzCOC4HxA-Ya0XayQ\"]}]}<\/script>\n<!-- \/ Yoast SEO plugin. -->","yoast_head_json":{"title":"H&R - The Wire Man - Van Remoortel","description":"H&R The Wire Man poss\u00e8de tout ce qu'il faut pour le fleuriste (grossiste) et les loisirs : du fil floral, du fil \u00e0 tiger et bien d'autres choses","robots":{"index":"index","follow":"follow","max-snippet":"max-snippet:-1","max-image-preview":"max-image-preview:large","max-video-preview":"max-video-preview:-1"},"canonical":"https:\/\/vanremoortel.be\/fr\/hr-the-wire-man\/","og_locale":"fr_FR","og_type":"article","og_title":"H&R - The Wire Man - Van Remoortel","og_description":"H&R The Wire Man poss\u00e8de tout ce qu'il faut pour le fleuriste (grossiste) et les loisirs : du fil floral, du fil \u00e0 tiger et bien d'autres choses","og_url":"https:\/\/vanremoortel.be\/fr\/hr-the-wire-man\/","og_site_name":"Van Remoortel","article_publisher":"https:\/\/www.facebook.com\/Groothandel.Decoratie.Van.Remoortel\/","article_modified_time":"2019-01-16T14:12:21+00:00","twitter_card":"summary_large_image","twitter_misc":{"Dur\u00e9e de lecture est.":"2 minutes"},"schema":{"@context":"https:\/\/schema.org","@graph":[{"@type":"WebPage","@id":"https:\/\/vanremoortel.be\/fr\/hr-the-wire-man\/","url":"https:\/\/vanremoortel.be\/fr\/hr-the-wire-man\/","name":"H&R - The Wire Man - Van Remoortel","isPartOf":{"@id":"https:\/\/vanremoortel.be\/#website"},"datePublished":"2017-07-14T09:23:59+00:00","dateModified":"2019-01-16T14:12:21+00:00","description":"H&R The Wire Man poss\u00e8de tout ce qu'il faut pour le fleuriste (grossiste) et les loisirs : du fil floral, du fil \u00e0 tiger et bien d'autres choses","breadcrumb":{"@id":"https:\/\/vanremoortel.be\/fr\/hr-the-wire-man\/#breadcrumb"},"inLanguage":"fr-BE","potentialAction":[{"@type":"ReadAction","target":["https:\/\/vanremoortel.be\/fr\/hr-the-wire-man\/"]}]},{"@type":"BreadcrumbList","@id":"https:\/\/vanremoortel.be\/fr\/hr-the-wire-man\/#breadcrumb","itemListElement":[{"@type":"ListItem","position":1,"name":"Home","item":"https:\/\/vanremoortel.be\/fr\/accueil\/"},{"@type":"ListItem","position":2,"name":"H&#038;R &#8211; The Wire Man"}]},{"@type":"WebSite","@id":"https:\/\/vanremoortel.be\/#website","url":"https:\/\/vanremoortel.be\/","name":"Van Remoortel","description":"Van Remoortel","publisher":{"@id":"https:\/\/vanremoortel.be\/#organization"},"potentialAction":[{"@type":"SearchAction","target":{"@type":"EntryPoint","urlTemplate":"https:\/\/vanremoortel.be\/?s={search_term_string}"},"query-input":{"@type":"PropertyValueSpecification","valueRequired":true,"valueName":"search_term_string"}}],"inLanguage":"fr-BE"},{"@type":"Organization","@id":"https:\/\/vanremoortel.be\/#organization","name":"Van Remoortel","url":"https:\/\/vanremoortel.be\/","logo":{"@type":"ImageObject","inLanguage":"fr-BE","@id":"https:\/\/vanremoortel.be\/#\/schema\/logo\/image\/","url":"https:\/\/vanremoortel.be\/wp-content\/uploads\/2017\/09\/van-Remoortel_powered_FINAL.jpg","contentUrl":"https:\/\/vanremoortel.be\/wp-content\/uploads\/2017\/09\/van-Remoortel_powered_FINAL.jpg","width":2328,"height":322,"caption":"Van Remoortel"},"image":{"@id":"https:\/\/vanremoortel.be\/#\/schema\/logo\/image\/"},"sameAs":["https:\/\/www.facebook.com\/Groothandel.Decoratie.Van.Remoortel\/","https:\/\/www.instagram.com\/van_remoortel\/?hl=nl","https:\/\/www.linkedin.com\/company\/van-remoortel-nv\/about\/","https:\/\/www.youtube.com\/channel\/UCYm8eOCzCOC4HxA-Ya0XayQ"]}]}},"_links":{"self":[{"href":"https:\/\/vanremoortel.be\/fr\/wp-json\/wp\/v2\/pages\/20641","targetHints":{"allow":["GET"]}}],"collection":[{"href":"https:\/\/vanremoortel.be\/fr\/wp-json\/wp\/v2\/pages"}],"about":[{"href":"https:\/\/vanremoortel.be\/fr\/wp-json\/wp\/v2\/types\/page"}],"author":[{"embeddable":true,"href":"https:\/\/vanremoortel.be\/fr\/wp-json\/wp\/v2\/users\/1"}],"replies":[{"embeddable":true,"href":"https:\/\/vanremoortel.be\/fr\/wp-json\/wp\/v2\/comments?post=20641"}],"version-history":[{"count":3,"href":"https:\/\/vanremoortel.be\/fr\/wp-json\/wp\/v2\/pages\/20641\/revisions"}],"predecessor-version":[{"id":20642,"href":"https:\/\/vanremoortel.be\/fr\/wp-json\/wp\/v2\/pages\/20641\/revisions\/20642"}],"wp:attachment":[{"href":"https:\/\/vanremoortel.be\/fr\/wp-json\/wp\/v2\/media?parent=20641"}],"curies":[{"name":"wp","href":"https:\/\/api.w.org\/{rel}","templated":true}]}}