{"id":20524,"date":"2017-07-14T11:51:32","date_gmt":"2017-07-14T09:51:32","guid":{"rendered":"https:\/\/vanremoortel.be\/florissima-by-remoortel\/"},"modified":"2026-01-15T08:22:49","modified_gmt":"2026-01-15T07:22:49","slug":"florissima-by-remoortel","status":"publish","type":"page","link":"https:\/\/vanremoortel.be\/fr\/florissima-by-remoortel\/","title":{"rendered":"Catalogue Florissima"},"content":{"rendered":"<div id='av-layout-grid-1'  class='av-layout-grid-container av-4krb1j6-65a55d0f04221d414b1895db647c7c6b entry-content-wrapper main_color av-flex-cells  avia-builder-el-0  el_before_av_section  avia-builder-el-first   container_wrap sidebar_right'  >\n\n<style type=\"text\/css\" data-created_by=\"avia_inline_auto\" id=\"style-css-av-3qvn6w2-4fb4a759daa534fc2e93d517ec4a639b\">\n.flex_cell.av-3qvn6w2-4fb4a759daa534fc2e93d517ec4a639b{\nvertical-align:top;\n}\n.responsive #top #wrap_all .flex_cell.av-3qvn6w2-4fb4a759daa534fc2e93d517ec4a639b{\npadding:30px 30px 30px 30px !important;\n}\n<\/style>\n<div class='flex_cell av-3qvn6w2-4fb4a759daa534fc2e93d517ec4a639b av-gridrow-cell av_one_full no_margin  avia-builder-el-1  avia-builder-el-no-sibling '  ><div class='flex_cell_inner'>\n<style type=\"text\/css\" data-created_by=\"avia_inline_auto\" id=\"style-css-av-jqz9dj0n-ddd5b9fe6057cf52a0d0450bb4c4f3cf\">\n#top .av-special-heading.av-jqz9dj0n-ddd5b9fe6057cf52a0d0450bb4c4f3cf{\npadding-bottom:10px;\n}\nbody .av-special-heading.av-jqz9dj0n-ddd5b9fe6057cf52a0d0450bb4c4f3cf .av-special-heading-tag .heading-char{\nfont-size:25px;\n}\n.av-special-heading.av-jqz9dj0n-ddd5b9fe6057cf52a0d0450bb4c4f3cf .av-subheading{\nfont-size:15px;\n}\n<\/style>\n<div  class='av-special-heading av-jqz9dj0n-ddd5b9fe6057cf52a0d0450bb4c4f3cf av-special-heading-h1 blockquote modern-quote modern-centered  avia-builder-el-2  avia-builder-el-no-sibling  av-linked-heading'><h1 class='av-special-heading-tag'  itemprop=\"headline\"  >Florissima By Van Remoortel<\/h1><div class=\"special-heading-border\"><div class=\"special-heading-inner-border\"><\/div><\/div><\/div>\n<\/div><\/div>\n<\/div>\n\n<style type=\"text\/css\" data-created_by=\"avia_inline_auto\" id=\"style-css-av-1msonj6-3232810fd4477ec961095645a90fef02\">\n.avia-section.av-1msonj6-3232810fd4477ec961095645a90fef02{\nbackground-color:#ededed;\nbackground-image:unset;\n}\n<\/style>\n<div id='av_section_1'  class='avia-section av-1msonj6-3232810fd4477ec961095645a90fef02 main_color avia-section-default avia-no-border-styling  avia-builder-el-3  el_after_av_layout_row  avia-builder-el-last  avia-bg-style-scroll container_wrap sidebar_right'  ><div class='container av-section-cont-open' ><div class='template-page content  av-content-small alpha units'><div class='post-entry post-entry-type-page post-entry-20524'><div class='entry-content-wrapper clearfix'>\n\n<style type=\"text\/css\" data-created_by=\"avia_inline_auto\" id=\"style-css-av-m00t5p42-f55f875d25552a5847aa68db7aeaa501\">\n.avia-image-container.av-m00t5p42-f55f875d25552a5847aa68db7aeaa501 img.avia_image{\nbox-shadow:none;\n}\n.avia-image-container.av-m00t5p42-f55f875d25552a5847aa68db7aeaa501 .av-image-caption-overlay-center{\ncolor:#ffffff;\n}\n<\/style>\n<div  class='avia-image-container av-m00t5p42-f55f875d25552a5847aa68db7aeaa501 av-styling- avia-align-center  avia-builder-el-4  avia-builder-el-no-sibling '   itemprop=\"image\" itemscope=\"itemscope\" itemtype=\"https:\/\/schema.org\/ImageObject\" ><div class=\"avia-image-container-inner\"><div class=\"avia-image-overlay-wrap\"><a href=\"https:\/\/online.fliphtml5.com\/Vanremoortel-spring26\/FLORISSIMA_FS26_Katalog_FLO_web\/\" class='avia_image'  aria-label='Front'><img fetchpriority=\"high\" class='wp-image-50430 avia-img-lazy-loading-not-50430 avia_image ' src='https:\/\/vanremoortel.be\/wp-content\/uploads\/2026\/01\/Front.jpg' alt='' title='Front'  height=\"833\" width=\"543\"  itemprop=\"thumbnailUrl\"  \/><\/a><\/div><\/div><\/div>\n<\/div><\/div><\/div><!-- close content main div --><\/div><\/div><div id='after_section_1'  class='main_color av_default_container_wrap container_wrap sidebar_right'  ><div class='container av-section-cont-open' ><div class='template-page content  av-content-small alpha units'><div class='post-entry post-entry-type-page post-entry-20524'><div class='entry-content-wrapper clearfix'>\n","protected":false},"excerpt":{"rendered":"","protected":false},"author":1,"featured_media":0,"parent":0,"menu_order":0,"comment_status":"closed","ping_status":"closed","template":"","meta":{"_exactmetrics_skip_tracking":false,"_exactmetrics_sitenote_active":false,"_exactmetrics_sitenote_note":"","_exactmetrics_sitenote_category":0,"footnotes":""},"class_list":["post-20524","page","type-page","status-publish","hentry"],"yoast_head":"<!-- This site is optimized with the Yoast SEO plugin v27.1.1 - https:\/\/yoast.com\/product\/yoast-seo-wordpress\/ -->\n<title>Catalogue Florissima - Van Remoortel<\/title>\n<meta name=\"description\" content=\"Plongez dans le monde des id\u00e9es de d\u00e9coration de Florissima. Toujours neuf, toujours \u00e0 jour. Vous trouverez des produits et des id\u00e9es innovants.\" \/>\n<meta name=\"robots\" content=\"index, follow, max-snippet:-1, max-image-preview:large, max-video-preview:-1\" \/>\n<link rel=\"canonical\" href=\"https:\/\/vanremoortel.be\/fr\/florissima-by-remoortel\/\" \/>\n<meta property=\"og:locale\" content=\"fr_FR\" \/>\n<meta property=\"og:type\" content=\"article\" \/>\n<meta property=\"og:title\" content=\"Catalogue Florissima - Van Remoortel\" \/>\n<meta property=\"og:description\" content=\"Plongez dans le monde des id\u00e9es de d\u00e9coration de Florissima. Toujours neuf, toujours \u00e0 jour. Vous trouverez des produits et des id\u00e9es innovants.\" \/>\n<meta property=\"og:url\" content=\"https:\/\/vanremoortel.be\/fr\/florissima-by-remoortel\/\" \/>\n<meta property=\"og:site_name\" content=\"Van Remoortel\" \/>\n<meta property=\"article:publisher\" content=\"https:\/\/www.facebook.com\/Groothandel.Decoratie.Van.Remoortel\/\" \/>\n<meta property=\"article:modified_time\" content=\"2026-01-15T07:22:49+00:00\" \/>\n<meta name=\"twitter:card\" content=\"summary_large_image\" \/>\n<meta name=\"twitter:label1\" content=\"Dur\u00e9e de lecture est.\" \/>\n\t<meta name=\"twitter:data1\" content=\"1 minute\" \/>\n<script type=\"application\/ld+json\" class=\"yoast-schema-graph\">{\"@context\":\"https:\/\/schema.org\",\"@graph\":[{\"@type\":\"WebPage\",\"@id\":\"https:\/\/vanremoortel.be\/fr\/florissima-by-remoortel\/\",\"url\":\"https:\/\/vanremoortel.be\/fr\/florissima-by-remoortel\/\",\"name\":\"Catalogue Florissima - Van Remoortel\",\"isPartOf\":{\"@id\":\"https:\/\/vanremoortel.be\/#website\"},\"datePublished\":\"2017-07-14T09:51:32+00:00\",\"dateModified\":\"2026-01-15T07:22:49+00:00\",\"description\":\"Plongez dans le monde des id\u00e9es de d\u00e9coration de Florissima. Toujours neuf, toujours \u00e0 jour. Vous trouverez des produits et des id\u00e9es innovants.\",\"breadcrumb\":{\"@id\":\"https:\/\/vanremoortel.be\/fr\/florissima-by-remoortel\/#breadcrumb\"},\"inLanguage\":\"fr-BE\",\"potentialAction\":[{\"@type\":\"ReadAction\",\"target\":[\"https:\/\/vanremoortel.be\/fr\/florissima-by-remoortel\/\"]}]},{\"@type\":\"BreadcrumbList\",\"@id\":\"https:\/\/vanremoortel.be\/fr\/florissima-by-remoortel\/#breadcrumb\",\"itemListElement\":[{\"@type\":\"ListItem\",\"position\":1,\"name\":\"Home\",\"item\":\"https:\/\/vanremoortel.be\/fr\/accueil\/\"},{\"@type\":\"ListItem\",\"position\":2,\"name\":\"Catalogue Florissima\"}]},{\"@type\":\"WebSite\",\"@id\":\"https:\/\/vanremoortel.be\/#website\",\"url\":\"https:\/\/vanremoortel.be\/\",\"name\":\"Van Remoortel\",\"description\":\"Van Remoortel\",\"publisher\":{\"@id\":\"https:\/\/vanremoortel.be\/#organization\"},\"potentialAction\":[{\"@type\":\"SearchAction\",\"target\":{\"@type\":\"EntryPoint\",\"urlTemplate\":\"https:\/\/vanremoortel.be\/?s={search_term_string}\"},\"query-input\":{\"@type\":\"PropertyValueSpecification\",\"valueRequired\":true,\"valueName\":\"search_term_string\"}}],\"inLanguage\":\"fr-BE\"},{\"@type\":\"Organization\",\"@id\":\"https:\/\/vanremoortel.be\/#organization\",\"name\":\"Van Remoortel\",\"url\":\"https:\/\/vanremoortel.be\/\",\"logo\":{\"@type\":\"ImageObject\",\"inLanguage\":\"fr-BE\",\"@id\":\"https:\/\/vanremoortel.be\/#\/schema\/logo\/image\/\",\"url\":\"https:\/\/vanremoortel.be\/wp-content\/uploads\/2017\/09\/van-Remoortel_powered_FINAL.jpg\",\"contentUrl\":\"https:\/\/vanremoortel.be\/wp-content\/uploads\/2017\/09\/van-Remoortel_powered_FINAL.jpg\",\"width\":2328,\"height\":322,\"caption\":\"Van Remoortel\"},\"image\":{\"@id\":\"https:\/\/vanremoortel.be\/#\/schema\/logo\/image\/\"},\"sameAs\":[\"https:\/\/www.facebook.com\/Groothandel.Decoratie.Van.Remoortel\/\",\"https:\/\/www.instagram.com\/van_remoortel\/?hl=nl\",\"https:\/\/www.linkedin.com\/company\/van-remoortel-nv\/about\/\",\"https:\/\/www.youtube.com\/channel\/UCYm8eOCzCOC4HxA-Ya0XayQ\"]}]}<\/script>\n<!-- \/ Yoast SEO plugin. -->","yoast_head_json":{"title":"Catalogue Florissima - Van Remoortel","description":"Plongez dans le monde des id\u00e9es de d\u00e9coration de Florissima. Toujours neuf, toujours \u00e0 jour. Vous trouverez des produits et des id\u00e9es innovants.","robots":{"index":"index","follow":"follow","max-snippet":"max-snippet:-1","max-image-preview":"max-image-preview:large","max-video-preview":"max-video-preview:-1"},"canonical":"https:\/\/vanremoortel.be\/fr\/florissima-by-remoortel\/","og_locale":"fr_FR","og_type":"article","og_title":"Catalogue Florissima - Van Remoortel","og_description":"Plongez dans le monde des id\u00e9es de d\u00e9coration de Florissima. Toujours neuf, toujours \u00e0 jour. Vous trouverez des produits et des id\u00e9es innovants.","og_url":"https:\/\/vanremoortel.be\/fr\/florissima-by-remoortel\/","og_site_name":"Van Remoortel","article_publisher":"https:\/\/www.facebook.com\/Groothandel.Decoratie.Van.Remoortel\/","article_modified_time":"2026-01-15T07:22:49+00:00","twitter_card":"summary_large_image","twitter_misc":{"Dur\u00e9e de lecture est.":"1 minute"},"schema":{"@context":"https:\/\/schema.org","@graph":[{"@type":"WebPage","@id":"https:\/\/vanremoortel.be\/fr\/florissima-by-remoortel\/","url":"https:\/\/vanremoortel.be\/fr\/florissima-by-remoortel\/","name":"Catalogue Florissima - Van Remoortel","isPartOf":{"@id":"https:\/\/vanremoortel.be\/#website"},"datePublished":"2017-07-14T09:51:32+00:00","dateModified":"2026-01-15T07:22:49+00:00","description":"Plongez dans le monde des id\u00e9es de d\u00e9coration de Florissima. Toujours neuf, toujours \u00e0 jour. Vous trouverez des produits et des id\u00e9es innovants.","breadcrumb":{"@id":"https:\/\/vanremoortel.be\/fr\/florissima-by-remoortel\/#breadcrumb"},"inLanguage":"fr-BE","potentialAction":[{"@type":"ReadAction","target":["https:\/\/vanremoortel.be\/fr\/florissima-by-remoortel\/"]}]},{"@type":"BreadcrumbList","@id":"https:\/\/vanremoortel.be\/fr\/florissima-by-remoortel\/#breadcrumb","itemListElement":[{"@type":"ListItem","position":1,"name":"Home","item":"https:\/\/vanremoortel.be\/fr\/accueil\/"},{"@type":"ListItem","position":2,"name":"Catalogue Florissima"}]},{"@type":"WebSite","@id":"https:\/\/vanremoortel.be\/#website","url":"https:\/\/vanremoortel.be\/","name":"Van Remoortel","description":"Van Remoortel","publisher":{"@id":"https:\/\/vanremoortel.be\/#organization"},"potentialAction":[{"@type":"SearchAction","target":{"@type":"EntryPoint","urlTemplate":"https:\/\/vanremoortel.be\/?s={search_term_string}"},"query-input":{"@type":"PropertyValueSpecification","valueRequired":true,"valueName":"search_term_string"}}],"inLanguage":"fr-BE"},{"@type":"Organization","@id":"https:\/\/vanremoortel.be\/#organization","name":"Van Remoortel","url":"https:\/\/vanremoortel.be\/","logo":{"@type":"ImageObject","inLanguage":"fr-BE","@id":"https:\/\/vanremoortel.be\/#\/schema\/logo\/image\/","url":"https:\/\/vanremoortel.be\/wp-content\/uploads\/2017\/09\/van-Remoortel_powered_FINAL.jpg","contentUrl":"https:\/\/vanremoortel.be\/wp-content\/uploads\/2017\/09\/van-Remoortel_powered_FINAL.jpg","width":2328,"height":322,"caption":"Van Remoortel"},"image":{"@id":"https:\/\/vanremoortel.be\/#\/schema\/logo\/image\/"},"sameAs":["https:\/\/www.facebook.com\/Groothandel.Decoratie.Van.Remoortel\/","https:\/\/www.instagram.com\/van_remoortel\/?hl=nl","https:\/\/www.linkedin.com\/company\/van-remoortel-nv\/about\/","https:\/\/www.youtube.com\/channel\/UCYm8eOCzCOC4HxA-Ya0XayQ"]}]}},"_links":{"self":[{"href":"https:\/\/vanremoortel.be\/fr\/wp-json\/wp\/v2\/pages\/20524","targetHints":{"allow":["GET"]}}],"collection":[{"href":"https:\/\/vanremoortel.be\/fr\/wp-json\/wp\/v2\/pages"}],"about":[{"href":"https:\/\/vanremoortel.be\/fr\/wp-json\/wp\/v2\/types\/page"}],"author":[{"embeddable":true,"href":"https:\/\/vanremoortel.be\/fr\/wp-json\/wp\/v2\/users\/1"}],"replies":[{"embeddable":true,"href":"https:\/\/vanremoortel.be\/fr\/wp-json\/wp\/v2\/comments?post=20524"}],"version-history":[{"count":8,"href":"https:\/\/vanremoortel.be\/fr\/wp-json\/wp\/v2\/pages\/20524\/revisions"}],"predecessor-version":[{"id":50436,"href":"https:\/\/vanremoortel.be\/fr\/wp-json\/wp\/v2\/pages\/20524\/revisions\/50436"}],"wp:attachment":[{"href":"https:\/\/vanremoortel.be\/fr\/wp-json\/wp\/v2\/media?parent=20524"}],"curies":[{"name":"wp","href":"https:\/\/api.w.org\/{rel}","templated":true}]}}