{"id":20435,"date":"2017-07-14T10:27:31","date_gmt":"2017-07-14T08:27:31","guid":{"rendered":"https:\/\/vanremoortel.be\/de-witte-lietaer\/"},"modified":"2019-06-28T14:07:08","modified_gmt":"2019-06-28T12:07:08","slug":"de-witte-lietaer","status":"publish","type":"page","link":"https:\/\/vanremoortel.be\/fr\/de-witte-lietaer\/","title":{"rendered":"De Witte Lietaer"},"content":{"rendered":"<div id='av-layout-grid-1'  class='av-layout-grid-container av-3xg2f3p-b48c7eec5b519974ea79f64c3871f318 entry-content-wrapper main_color av-flex-cells  avia-builder-el-0  el_before_av_section  avia-builder-el-first   container_wrap sidebar_right'  >\n\n<style type=\"text\/css\" data-created_by=\"avia_inline_auto\" id=\"style-css-av-3mg55th-fb1d67875353fda37aa83504c9aabf10\">\n.flex_cell.av-3mg55th-fb1d67875353fda37aa83504c9aabf10{\nvertical-align:top;\n}\n.responsive #top #wrap_all .flex_cell.av-3mg55th-fb1d67875353fda37aa83504c9aabf10{\npadding:30px 30px 30px 30px !important;\n}\n<\/style>\n<div class='flex_cell av-3mg55th-fb1d67875353fda37aa83504c9aabf10 av-gridrow-cell av_one_half no_margin  avia-builder-el-1  el_before_av_cell_one_half  avia-builder-el-first '  ><div class='flex_cell_inner'><p>\n<style type=\"text\/css\" data-created_by=\"avia_inline_auto\" id=\"style-css-av-av_heading-76b9b14da49f3986dd3b22db9a3c4781\">\n#top .av-special-heading.av-av_heading-76b9b14da49f3986dd3b22db9a3c4781{\npadding-bottom:10px;\n}\nbody .av-special-heading.av-av_heading-76b9b14da49f3986dd3b22db9a3c4781 .av-special-heading-tag .heading-char{\nfont-size:25px;\n}\n.av-special-heading.av-av_heading-76b9b14da49f3986dd3b22db9a3c4781 .av-subheading{\nfont-size:15px;\n}\n<\/style>\n<div  class='av-special-heading av-av_heading-76b9b14da49f3986dd3b22db9a3c4781 av-special-heading-h1 blockquote modern-quote  avia-builder-el-2  el_before_av_textblock  avia-builder-el-first '><h1 class='av-special-heading-tag'  itemprop=\"headline\"  >De Witte Lietaer<\/h1><div class=\"special-heading-border\"><div class=\"special-heading-inner-border\"><\/div><\/div><\/div><br \/>\n<section  class='av_textblock_section av-2ily2ol-828e3c13e0ae6c4ed27c096c2838f112 '   itemscope=\"itemscope\" itemtype=\"https:\/\/schema.org\/CreativeWork\" ><div class='avia_textblock'  itemprop=\"text\" ><div class=\"Media-body\">\n<p>De Witte Lietaer est un producteur de lin belge depuis 1898. Ils sont r\u00e9put\u00e9s pour leur lin de haute qualit\u00e9, produit avec un grand souci du d\u00e9tail et avec les meilleurs mat\u00e9riaux.<\/p>\n<h2>Collection<\/h2>\n<p>De Witte Lietaer propose une grande collection de linge de bain, de table, de cuisine et de lit pour une parfaite ad\u00e9quation avec l&rsquo;int\u00e9rieur de vos clients. Depuis plus d&rsquo;un si\u00e8cle, la soci\u00e9t\u00e9 marque de son empreinte le design des maisons et influence le style des salons, des cuisines, des salles de bain et des chambres. La collection est abordable, pr\u00e9sente un design belge intemporel et se caract\u00e9rise par des \u00e9l\u00e9ments de style traditionnels et classiques qui sont continuellement enrichis et mis \u00e0 jour. Notre d\u00e9fi a toujours \u00e9t\u00e9 de combiner \u00e9l\u00e9gance, style, luxe et qualit\u00e9 et de cr\u00e9er un produit durable et convivial.<\/p>\n<p>Site web :\u00a0<a href=\"http:\/\/www.dwl.be\">http:\/\/www.dwl.be<\/a><\/p>\n<p>Voir des autres exposants <a href=\"https:\/\/vanremoortel.be\/fr\/exposanten\/\">ici<\/a><\/p>\n<\/div>\n<\/div><\/section><\/p>\n<\/div><\/div>\n<style type=\"text\/css\" data-created_by=\"avia_inline_auto\" id=\"style-css-av-26za239-d6fa739e760b14ac3c8e8773a9428752\">\n.flex_cell.av-26za239-d6fa739e760b14ac3c8e8773a9428752{\nvertical-align:top;\n}\n.responsive #top #wrap_all .flex_cell.av-26za239-d6fa739e760b14ac3c8e8773a9428752{\npadding:30px 30px 30px 30px !important;\n}\n<\/style>\n<div class='flex_cell av-26za239-d6fa739e760b14ac3c8e8773a9428752 av-gridrow-cell av_one_half no_margin  avia-builder-el-4  el_after_av_cell_one_half  avia-builder-el-last '  ><div class='flex_cell_inner'><p>\n<style type=\"text\/css\" data-created_by=\"avia_inline_auto\" id=\"style-css-av-1i5uzpx-6f0fce4b893fd9e03419b7bb33016997\">\n.avia-image-container.av-1i5uzpx-6f0fce4b893fd9e03419b7bb33016997 img.avia_image{\nbox-shadow:none;\n}\n.avia-image-container.av-1i5uzpx-6f0fce4b893fd9e03419b7bb33016997 .av-image-caption-overlay-center{\ncolor:#ffffff;\n}\n<\/style>\n<div  class='avia-image-container av-1i5uzpx-6f0fce4b893fd9e03419b7bb33016997 av-styling- avia-align-center  avia-builder-el-5  el_before_av_image  avia-builder-el-first '   itemprop=\"image\" itemscope=\"itemscope\" itemtype=\"https:\/\/schema.org\/ImageObject\" ><div class=\"avia-image-container-inner\"><div class=\"avia-image-overlay-wrap\"><img fetchpriority=\"high\" class='wp-image-17881 avia-img-lazy-loading-not-17881 avia_image ' src='https:\/\/vanremoortel.be\/wp-content\/uploads\/2017\/07\/Logo_De-Witte-Lietaer.jpg' alt='De Witte Lietaer bij Van Remoortel' title='Logo_De Witte Lietaer'  height=\"300\" width=\"300\"  itemprop=\"thumbnailUrl\"  \/><\/div><\/div><\/div><br \/>\n\n<style type=\"text\/css\" data-created_by=\"avia_inline_auto\" id=\"style-css-av-jr0gs75l-a4e1500be63a5205b7ad0ccab871d828\">\n.avia-image-container.av-jr0gs75l-a4e1500be63a5205b7ad0ccab871d828 img.avia_image{\nbox-shadow:none;\n}\n.avia-image-container.av-jr0gs75l-a4e1500be63a5205b7ad0ccab871d828 .av-image-caption-overlay-center{\ncolor:#ffffff;\n}\n<\/style>\n<div  class='avia-image-container av-jr0gs75l-a4e1500be63a5205b7ad0ccab871d828 av-styling- avia-align-center  avia-builder-el-6  el_after_av_image  avia-builder-el-last '   itemprop=\"image\" itemscope=\"itemscope\" itemtype=\"https:\/\/schema.org\/ImageObject\" ><div class=\"avia-image-container-inner\"><div class=\"avia-image-overlay-wrap\"><img fetchpriority=\"high\" class='wp-image- avia-img-lazy-loading-not- avia_image ' src='https:\/\/vanremoortel.be\/wp-content\/uploads\/2017\/07\/b2a2d7ff9bcdd18922b47f8214a2583c-218x300.jpg' alt='' title=''   itemprop=\"thumbnailUrl\"  \/><\/div><\/div><\/div><\/p>\n<\/div><\/div><\/div>\n<style type=\"text\/css\" data-created_by=\"avia_inline_auto\" id=\"style-css-av-19zoppx-b2e1b3a590f5bc2b86ef95bea5f0bd2a\">\n.avia-section.av-19zoppx-b2e1b3a590f5bc2b86ef95bea5f0bd2a{\nbackground-color:#ededed;\nbackground-image:unset;\n}\n<\/style>\n<div id='av_section_1'  class='avia-section av-19zoppx-b2e1b3a590f5bc2b86ef95bea5f0bd2a main_color avia-section-default avia-no-border-styling  avia-builder-el-7  el_after_av_layout_row  avia-builder-el-last  avia-bg-style-scroll container_wrap sidebar_right'  ><div class='container av-section-cont-open' ><div class='template-page content  av-content-small alpha units'><div class='post-entry post-entry-type-page post-entry-20435'><div class='entry-content-wrapper clearfix'>\n\n<\/div><\/div><\/div><!-- close content main div --><\/div><\/div><div id='after_section_1'  class='main_color av_default_container_wrap container_wrap sidebar_right'  ><div class='container av-section-cont-open' ><div class='template-page content  av-content-small alpha units'><div class='post-entry post-entry-type-page post-entry-20435'><div class='entry-content-wrapper clearfix'><\/p>\n","protected":false},"excerpt":{"rendered":"","protected":false},"author":1,"featured_media":0,"parent":0,"menu_order":0,"comment_status":"closed","ping_status":"closed","template":"","meta":{"_exactmetrics_skip_tracking":false,"_exactmetrics_sitenote_active":false,"_exactmetrics_sitenote_note":"","_exactmetrics_sitenote_category":0,"footnotes":""},"class_list":["post-20435","page","type-page","status-publish","hentry"],"yoast_head":"<!-- This site is optimized with the Yoast SEO plugin v27.6 - https:\/\/yoast.com\/product\/yoast-seo-wordpress\/ -->\n<title>De Witte Lietaer - Van Remoortel<\/title>\n<meta name=\"description\" content=\"De Witte Lietaer propose une grande collection de linge de bain, de table, de cuisine et de lit pour une parfaite ad\u00e9quation.\" \/>\n<meta name=\"robots\" content=\"index, follow, max-snippet:-1, max-image-preview:large, max-video-preview:-1\" \/>\n<link rel=\"canonical\" href=\"https:\/\/vanremoortel.be\/fr\/de-witte-lietaer\/\" \/>\n<meta property=\"og:locale\" content=\"fr_FR\" \/>\n<meta property=\"og:type\" content=\"article\" \/>\n<meta property=\"og:title\" content=\"De Witte Lietaer - Van Remoortel\" \/>\n<meta property=\"og:description\" content=\"De Witte Lietaer propose une grande collection de linge de bain, de table, de cuisine et de lit pour une parfaite ad\u00e9quation.\" \/>\n<meta property=\"og:url\" content=\"https:\/\/vanremoortel.be\/fr\/de-witte-lietaer\/\" \/>\n<meta property=\"og:site_name\" content=\"Van Remoortel\" \/>\n<meta property=\"article:publisher\" content=\"https:\/\/www.facebook.com\/Groothandel.Decoratie.Van.Remoortel\/\" \/>\n<meta property=\"article:modified_time\" content=\"2019-06-28T12:07:08+00:00\" \/>\n<meta name=\"twitter:card\" content=\"summary_large_image\" \/>\n<meta name=\"twitter:label1\" content=\"Dur\u00e9e de lecture est.\" \/>\n\t<meta name=\"twitter:data1\" content=\"3 minutes\" \/>\n<script type=\"application\/ld+json\" class=\"yoast-schema-graph\">{\"@context\":\"https:\\\/\\\/schema.org\",\"@graph\":[{\"@type\":\"WebPage\",\"@id\":\"https:\\\/\\\/vanremoortel.be\\\/fr\\\/de-witte-lietaer\\\/\",\"url\":\"https:\\\/\\\/vanremoortel.be\\\/fr\\\/de-witte-lietaer\\\/\",\"name\":\"De Witte Lietaer - Van Remoortel\",\"isPartOf\":{\"@id\":\"https:\\\/\\\/vanremoortel.be\\\/#website\"},\"datePublished\":\"2017-07-14T08:27:31+00:00\",\"dateModified\":\"2019-06-28T12:07:08+00:00\",\"description\":\"De Witte Lietaer propose une grande collection de linge de bain, de table, de cuisine et de lit pour une parfaite ad\u00e9quation.\",\"breadcrumb\":{\"@id\":\"https:\\\/\\\/vanremoortel.be\\\/fr\\\/de-witte-lietaer\\\/#breadcrumb\"},\"inLanguage\":\"fr-BE\",\"potentialAction\":[{\"@type\":\"ReadAction\",\"target\":[\"https:\\\/\\\/vanremoortel.be\\\/fr\\\/de-witte-lietaer\\\/\"]}]},{\"@type\":\"BreadcrumbList\",\"@id\":\"https:\\\/\\\/vanremoortel.be\\\/fr\\\/de-witte-lietaer\\\/#breadcrumb\",\"itemListElement\":[{\"@type\":\"ListItem\",\"position\":1,\"name\":\"Home\",\"item\":\"https:\\\/\\\/vanremoortel.be\\\/fr\\\/accueil\\\/\"},{\"@type\":\"ListItem\",\"position\":2,\"name\":\"De Witte Lietaer\"}]},{\"@type\":\"WebSite\",\"@id\":\"https:\\\/\\\/vanremoortel.be\\\/#website\",\"url\":\"https:\\\/\\\/vanremoortel.be\\\/\",\"name\":\"Van Remoortel\",\"description\":\"Van Remoortel\",\"publisher\":{\"@id\":\"https:\\\/\\\/vanremoortel.be\\\/#organization\"},\"potentialAction\":[{\"@type\":\"SearchAction\",\"target\":{\"@type\":\"EntryPoint\",\"urlTemplate\":\"https:\\\/\\\/vanremoortel.be\\\/?s={search_term_string}\"},\"query-input\":{\"@type\":\"PropertyValueSpecification\",\"valueRequired\":true,\"valueName\":\"search_term_string\"}}],\"inLanguage\":\"fr-BE\"},{\"@type\":\"Organization\",\"@id\":\"https:\\\/\\\/vanremoortel.be\\\/#organization\",\"name\":\"Van Remoortel\",\"url\":\"https:\\\/\\\/vanremoortel.be\\\/\",\"logo\":{\"@type\":\"ImageObject\",\"inLanguage\":\"fr-BE\",\"@id\":\"https:\\\/\\\/vanremoortel.be\\\/#\\\/schema\\\/logo\\\/image\\\/\",\"url\":\"https:\\\/\\\/vanremoortel.be\\\/wp-content\\\/uploads\\\/2017\\\/09\\\/van-Remoortel_powered_FINAL.jpg\",\"contentUrl\":\"https:\\\/\\\/vanremoortel.be\\\/wp-content\\\/uploads\\\/2017\\\/09\\\/van-Remoortel_powered_FINAL.jpg\",\"width\":2328,\"height\":322,\"caption\":\"Van Remoortel\"},\"image\":{\"@id\":\"https:\\\/\\\/vanremoortel.be\\\/#\\\/schema\\\/logo\\\/image\\\/\"},\"sameAs\":[\"https:\\\/\\\/www.facebook.com\\\/Groothandel.Decoratie.Van.Remoortel\\\/\",\"https:\\\/\\\/www.instagram.com\\\/van_remoortel\\\/?hl=nl\",\"https:\\\/\\\/www.linkedin.com\\\/company\\\/van-remoortel-nv\\\/about\\\/\",\"https:\\\/\\\/www.youtube.com\\\/channel\\\/UCYm8eOCzCOC4HxA-Ya0XayQ\"]}]}<\/script>\n<!-- \/ Yoast SEO plugin. -->","yoast_head_json":{"title":"De Witte Lietaer - Van Remoortel","description":"De Witte Lietaer propose une grande collection de linge de bain, de table, de cuisine et de lit pour une parfaite ad\u00e9quation.","robots":{"index":"index","follow":"follow","max-snippet":"max-snippet:-1","max-image-preview":"max-image-preview:large","max-video-preview":"max-video-preview:-1"},"canonical":"https:\/\/vanremoortel.be\/fr\/de-witte-lietaer\/","og_locale":"fr_FR","og_type":"article","og_title":"De Witte Lietaer - Van Remoortel","og_description":"De Witte Lietaer propose une grande collection de linge de bain, de table, de cuisine et de lit pour une parfaite ad\u00e9quation.","og_url":"https:\/\/vanremoortel.be\/fr\/de-witte-lietaer\/","og_site_name":"Van Remoortel","article_publisher":"https:\/\/www.facebook.com\/Groothandel.Decoratie.Van.Remoortel\/","article_modified_time":"2019-06-28T12:07:08+00:00","twitter_card":"summary_large_image","twitter_misc":{"Dur\u00e9e de lecture est.":"3 minutes"},"schema":{"@context":"https:\/\/schema.org","@graph":[{"@type":"WebPage","@id":"https:\/\/vanremoortel.be\/fr\/de-witte-lietaer\/","url":"https:\/\/vanremoortel.be\/fr\/de-witte-lietaer\/","name":"De Witte Lietaer - Van Remoortel","isPartOf":{"@id":"https:\/\/vanremoortel.be\/#website"},"datePublished":"2017-07-14T08:27:31+00:00","dateModified":"2019-06-28T12:07:08+00:00","description":"De Witte Lietaer propose une grande collection de linge de bain, de table, de cuisine et de lit pour une parfaite ad\u00e9quation.","breadcrumb":{"@id":"https:\/\/vanremoortel.be\/fr\/de-witte-lietaer\/#breadcrumb"},"inLanguage":"fr-BE","potentialAction":[{"@type":"ReadAction","target":["https:\/\/vanremoortel.be\/fr\/de-witte-lietaer\/"]}]},{"@type":"BreadcrumbList","@id":"https:\/\/vanremoortel.be\/fr\/de-witte-lietaer\/#breadcrumb","itemListElement":[{"@type":"ListItem","position":1,"name":"Home","item":"https:\/\/vanremoortel.be\/fr\/accueil\/"},{"@type":"ListItem","position":2,"name":"De Witte Lietaer"}]},{"@type":"WebSite","@id":"https:\/\/vanremoortel.be\/#website","url":"https:\/\/vanremoortel.be\/","name":"Van Remoortel","description":"Van Remoortel","publisher":{"@id":"https:\/\/vanremoortel.be\/#organization"},"potentialAction":[{"@type":"SearchAction","target":{"@type":"EntryPoint","urlTemplate":"https:\/\/vanremoortel.be\/?s={search_term_string}"},"query-input":{"@type":"PropertyValueSpecification","valueRequired":true,"valueName":"search_term_string"}}],"inLanguage":"fr-BE"},{"@type":"Organization","@id":"https:\/\/vanremoortel.be\/#organization","name":"Van Remoortel","url":"https:\/\/vanremoortel.be\/","logo":{"@type":"ImageObject","inLanguage":"fr-BE","@id":"https:\/\/vanremoortel.be\/#\/schema\/logo\/image\/","url":"https:\/\/vanremoortel.be\/wp-content\/uploads\/2017\/09\/van-Remoortel_powered_FINAL.jpg","contentUrl":"https:\/\/vanremoortel.be\/wp-content\/uploads\/2017\/09\/van-Remoortel_powered_FINAL.jpg","width":2328,"height":322,"caption":"Van Remoortel"},"image":{"@id":"https:\/\/vanremoortel.be\/#\/schema\/logo\/image\/"},"sameAs":["https:\/\/www.facebook.com\/Groothandel.Decoratie.Van.Remoortel\/","https:\/\/www.instagram.com\/van_remoortel\/?hl=nl","https:\/\/www.linkedin.com\/company\/van-remoortel-nv\/about\/","https:\/\/www.youtube.com\/channel\/UCYm8eOCzCOC4HxA-Ya0XayQ"]}]}},"_links":{"self":[{"href":"https:\/\/vanremoortel.be\/fr\/wp-json\/wp\/v2\/pages\/20435","targetHints":{"allow":["GET"]}}],"collection":[{"href":"https:\/\/vanremoortel.be\/fr\/wp-json\/wp\/v2\/pages"}],"about":[{"href":"https:\/\/vanremoortel.be\/fr\/wp-json\/wp\/v2\/types\/page"}],"author":[{"embeddable":true,"href":"https:\/\/vanremoortel.be\/fr\/wp-json\/wp\/v2\/users\/1"}],"replies":[{"embeddable":true,"href":"https:\/\/vanremoortel.be\/fr\/wp-json\/wp\/v2\/comments?post=20435"}],"version-history":[{"count":4,"href":"https:\/\/vanremoortel.be\/fr\/wp-json\/wp\/v2\/pages\/20435\/revisions"}],"predecessor-version":[{"id":37058,"href":"https:\/\/vanremoortel.be\/fr\/wp-json\/wp\/v2\/pages\/20435\/revisions\/37058"}],"wp:attachment":[{"href":"https:\/\/vanremoortel.be\/fr\/wp-json\/wp\/v2\/media?parent=20435"}],"curies":[{"name":"wp","href":"https:\/\/api.w.org\/{rel}","templated":true}]}}