{"id":20284,"date":"2017-07-14T10:19:42","date_gmt":"2017-07-14T08:19:42","guid":{"rendered":"https:\/\/vanremoortel.be\/ambiente\/"},"modified":"2021-10-18T16:24:24","modified_gmt":"2021-10-18T14:24:24","slug":"ambiente","status":"publish","type":"page","link":"https:\/\/vanremoortel.be\/fr\/ambiente\/","title":{"rendered":"Ambiente"},"content":{"rendered":"<div id='av-layout-grid-1'  class='av-layout-grid-container av-3vqg43g-cf1d1b4dbc274021b167b5834aadc4b3 entry-content-wrapper main_color av-flex-cells  avia-builder-el-0  el_before_av_section  avia-builder-el-first   container_wrap sidebar_right'  >\n\n<style type=\"text\/css\" data-created_by=\"avia_inline_auto\" id=\"style-css-av-3ajpp0c-0aaccd3244f04872501860624785fd06\">\n.flex_cell.av-3ajpp0c-0aaccd3244f04872501860624785fd06{\nvertical-align:top;\n}\n.responsive #top #wrap_all .flex_cell.av-3ajpp0c-0aaccd3244f04872501860624785fd06{\npadding:30px 30px 30px 30px !important;\n}\n<\/style>\n<div class='flex_cell av-3ajpp0c-0aaccd3244f04872501860624785fd06 av-gridrow-cell av_one_half no_margin  avia-builder-el-1  el_before_av_cell_one_half  avia-builder-el-first '  ><div class='flex_cell_inner'><p>\n<style type=\"text\/css\" data-created_by=\"avia_inline_auto\" id=\"style-css-av-av_heading-ea9a4aceedbac2b29de3d9ae54f154b5\">\n#top .av-special-heading.av-av_heading-ea9a4aceedbac2b29de3d9ae54f154b5{\npadding-bottom:10px;\n}\nbody .av-special-heading.av-av_heading-ea9a4aceedbac2b29de3d9ae54f154b5 .av-special-heading-tag .heading-char{\nfont-size:25px;\n}\n.av-special-heading.av-av_heading-ea9a4aceedbac2b29de3d9ae54f154b5 .av-subheading{\nfont-size:15px;\n}\n<\/style>\n<div  class='av-special-heading av-av_heading-ea9a4aceedbac2b29de3d9ae54f154b5 av-special-heading-h1 blockquote modern-quote  avia-builder-el-2  el_before_av_textblock  avia-builder-el-first '><h1 class='av-special-heading-tag'  itemprop=\"headline\"  >Ambiente<\/h1><div class=\"special-heading-border\"><div class=\"special-heading-inner-border\"><\/div><\/div><\/div><br \/>\n<section  class='av_textblock_section av-2wu7hoc-36a6345fb18c063bf3fe1aaf29a7f8dc '   itemscope=\"itemscope\" itemtype=\"https:\/\/schema.org\/CreativeWork\" ><div class='avia_textblock'  itemprop=\"text\" ><p>Ambiente Europe est synonyme de serviettes de table \u00e9l\u00e9gantes et de haute qualit\u00e9, issues de notre propre production, avec une vaste collection d&rsquo;accessoires de table assortis. Les collections sont divis\u00e9es en saisons et en th\u00e8mes. Sur leur stand, vous trouverez des serviettes de diff\u00e9rentes tailles ainsi que des bougies.<\/p>\n<h3><span style=\"font-size: 12pt; color: #99cc00;\"><strong>Origine<\/strong><\/span><\/h3>\n<p>La marque d\u00e9veloppe sa propre d\u00e9coration de table de haute qualit\u00e9 depuis 25 ans. Ils apportent des serviettes de diff\u00e9rentes tailles, des mouchoirs, des bougies et des allumettes, des porte-serviettes et des sacs-cadeaux. Ils offrent tout ce dont vous avez besoin pour une table styl\u00e9e et styl\u00e9e.<\/p>\n<h3><span style=\"font-size: 12pt; color: #99cc00;\"><strong>Des collections<\/strong><\/span><\/h3>\n<p>Ambiente publie une nouvelle collection deux fois par an. Une fois pour l&rsquo;automne et la saison de No\u00ebl et une fois pour le printemps et l&rsquo;\u00e9t\u00e9. Cette collection est divis\u00e9e en diff\u00e9rents th\u00e8mes tels que la Saint-Valentin, P\u00e2ques, l\u2019anniversaire, la f\u00eate de No\u00ebl et de nombreux autres \u00e9v\u00e9nements festifs. Mais les bases constituent \u00e9galement une partie tr\u00e8s importante de la collection.<\/p>\n<p>La marque produit quatre machines d\u2019impression flexo dans leur propre imprimerie. Chaque machine a la possibilit\u00e9 d\u2019imprimer avec pas moins de neuf couleurs, ce qui donne sa couleur et son design. Pour fabriquer leurs produits, ils n&rsquo;utilisent que des mati\u00e8res premi\u00e8res respectueuses de l&rsquo;environnement.<\/p>\n<h3><span style=\"font-size: 12pt; color: #99cc00;\"><strong>Conception<\/strong><\/span><\/h3>\n<p>Ambiente a la production compl\u00e8te en interne. Ils commencent avec une nouvelle id\u00e9e, \u00e9tablissent la mise en page et se terminent par le d\u00e9veloppement et la production. La marque a une \u00e9quipe de cr\u00e9ateurs jeune, qui con\u00e7oit environ 220 nouveaux mod\u00e8les chaque ann\u00e9e. Ceci prend en compte les diff\u00e9rents besoins de leurs clients et bien s\u00fbr toutes les \u00e9volutions dans le domaine des tendances et des couleurs. La qualit\u00e9 est tr\u00e8s importante pour ce grossiste. En accordant une attention particuli\u00e8re \u00e0 l\u2019utilisation des bons mat\u00e9riaux et \u00e0 des designs \u00e9l\u00e9gants et \u00e0 la mode, ils essaient de r\u00e9pondre au mieux aux souhaits de nos clients. De plus, nous attachons une grande valeur \u00e0 offrir le meilleur service possible.<\/p>\n<p>Site web: <a href=\"https:\/\/www.ambiente.eu\/\">https:\/\/www.ambiente.eu\/<\/a><\/p>\n<\/div><\/section><\/p>\n<\/div><\/div>\n<style type=\"text\/css\" data-created_by=\"avia_inline_auto\" id=\"style-css-av-2ks4cik-d06858187fa509ff99b201578454f11c\">\n.flex_cell.av-2ks4cik-d06858187fa509ff99b201578454f11c{\nvertical-align:top;\n}\n.responsive #top #wrap_all .flex_cell.av-2ks4cik-d06858187fa509ff99b201578454f11c{\npadding:30px 30px 30px 30px !important;\n}\n<\/style>\n<div class='flex_cell av-2ks4cik-d06858187fa509ff99b201578454f11c av-gridrow-cell av_one_half no_margin  avia-builder-el-4  el_after_av_cell_one_half  avia-builder-el-last '  ><div class='flex_cell_inner'>\n<style type=\"text\/css\" data-created_by=\"avia_inline_auto\" id=\"style-css-av-25uus7w-904f8293243d54a34b9eade31227d1d1\">\n.avia-image-container.av-25uus7w-904f8293243d54a34b9eade31227d1d1 img.avia_image{\nbox-shadow:none;\n}\n.avia-image-container.av-25uus7w-904f8293243d54a34b9eade31227d1d1 .av-image-caption-overlay-center{\ncolor:#ffffff;\n}\n<\/style>\n<div  class='avia-image-container av-25uus7w-904f8293243d54a34b9eade31227d1d1 av-styling- avia-align-center  avia-builder-el-5  avia-builder-el-no-sibling '   itemprop=\"image\" itemscope=\"itemscope\" itemtype=\"https:\/\/schema.org\/ImageObject\" ><div class=\"avia-image-container-inner\"><div class=\"avia-image-overlay-wrap\"><img fetchpriority=\"high\" class='wp-image-43428 avia-img-lazy-loading-not-43428 avia_image ' src='https:\/\/vanremoortel.be\/wp-content\/uploads\/2021\/10\/Ambiente-fc-logo_400x400-300x215.png' alt='' title='Ambiente-fc-logo_400x400'  height=\"215\" width=\"300\"  itemprop=\"thumbnailUrl\"  \/><\/div><\/div><\/div>\n<\/div><\/div><\/div>\n<style type=\"text\/css\" data-created_by=\"avia_inline_auto\" id=\"style-css-av-1a5p918-eccf11d147df3e882efb84085fddcd8d\">\n.avia-section.av-1a5p918-eccf11d147df3e882efb84085fddcd8d{\nbackground-color:#ededed;\nbackground-image:unset;\n}\n<\/style>\n<div id='av_section_1'  class='avia-section av-1a5p918-eccf11d147df3e882efb84085fddcd8d main_color avia-section-default avia-no-border-styling  avia-builder-el-6  el_after_av_layout_row  avia-builder-el-last  avia-bg-style-scroll container_wrap sidebar_right'  ><div class='container av-section-cont-open' ><div class='template-page content  av-content-small alpha units'><div class='post-entry post-entry-type-page post-entry-20284'><div class='entry-content-wrapper clearfix'>\n\n<\/div><\/div><\/div><!-- close content main div --><\/div><\/div><div id='after_section_1'  class='main_color av_default_container_wrap container_wrap sidebar_right'  ><div class='container av-section-cont-open' ><div class='template-page content  av-content-small alpha units'><div class='post-entry post-entry-type-page post-entry-20284'><div class='entry-content-wrapper clearfix'><\/p>\n","protected":false},"excerpt":{"rendered":"","protected":false},"author":1,"featured_media":0,"parent":0,"menu_order":0,"comment_status":"closed","ping_status":"closed","template":"","meta":{"_exactmetrics_skip_tracking":false,"_exactmetrics_sitenote_active":false,"_exactmetrics_sitenote_note":"","_exactmetrics_sitenote_category":0,"footnotes":""},"class_list":["post-20284","page","type-page","status-publish","hentry"],"yoast_head":"<!-- This site is optimized with the Yoast SEO plugin v27.4 - https:\/\/yoast.com\/product\/yoast-seo-wordpress\/ -->\n<title>Ambiente - Van Remoortel<\/title>\n<meta name=\"description\" content=\"Ambiente est synonyme de serviettes de table \u00e9l\u00e9gantes et de haute qualit\u00e9, issues de leur propre production, avec une vaste collection d&#039;accessoires.\" \/>\n<meta name=\"robots\" content=\"index, follow, max-snippet:-1, max-image-preview:large, max-video-preview:-1\" \/>\n<link rel=\"canonical\" href=\"https:\/\/vanremoortel.be\/fr\/ambiente\/\" \/>\n<meta property=\"og:locale\" content=\"fr_FR\" \/>\n<meta property=\"og:type\" content=\"article\" \/>\n<meta property=\"og:title\" content=\"Ambiente - Van Remoortel\" \/>\n<meta property=\"og:description\" content=\"Ambiente est synonyme de serviettes de table \u00e9l\u00e9gantes et de haute qualit\u00e9, issues de leur propre production, avec une vaste collection d&#039;accessoires.\" \/>\n<meta property=\"og:url\" content=\"https:\/\/vanremoortel.be\/fr\/ambiente\/\" \/>\n<meta property=\"og:site_name\" content=\"Van Remoortel\" \/>\n<meta property=\"article:publisher\" content=\"https:\/\/www.facebook.com\/Groothandel.Decoratie.Van.Remoortel\/\" \/>\n<meta property=\"article:modified_time\" content=\"2021-10-18T14:24:24+00:00\" \/>\n<meta name=\"twitter:card\" content=\"summary_large_image\" \/>\n<meta name=\"twitter:label1\" content=\"Dur\u00e9e de lecture est.\" \/>\n\t<meta name=\"twitter:data1\" content=\"4 minutes\" \/>\n<script type=\"application\/ld+json\" class=\"yoast-schema-graph\">{\"@context\":\"https:\\\/\\\/schema.org\",\"@graph\":[{\"@type\":\"WebPage\",\"@id\":\"https:\\\/\\\/vanremoortel.be\\\/fr\\\/ambiente\\\/\",\"url\":\"https:\\\/\\\/vanremoortel.be\\\/fr\\\/ambiente\\\/\",\"name\":\"Ambiente - Van Remoortel\",\"isPartOf\":{\"@id\":\"https:\\\/\\\/vanremoortel.be\\\/#website\"},\"datePublished\":\"2017-07-14T08:19:42+00:00\",\"dateModified\":\"2021-10-18T14:24:24+00:00\",\"description\":\"Ambiente est synonyme de serviettes de table \u00e9l\u00e9gantes et de haute qualit\u00e9, issues de leur propre production, avec une vaste collection d'accessoires.\",\"breadcrumb\":{\"@id\":\"https:\\\/\\\/vanremoortel.be\\\/fr\\\/ambiente\\\/#breadcrumb\"},\"inLanguage\":\"fr-BE\",\"potentialAction\":[{\"@type\":\"ReadAction\",\"target\":[\"https:\\\/\\\/vanremoortel.be\\\/fr\\\/ambiente\\\/\"]}]},{\"@type\":\"BreadcrumbList\",\"@id\":\"https:\\\/\\\/vanremoortel.be\\\/fr\\\/ambiente\\\/#breadcrumb\",\"itemListElement\":[{\"@type\":\"ListItem\",\"position\":1,\"name\":\"Home\",\"item\":\"https:\\\/\\\/vanremoortel.be\\\/fr\\\/accueil\\\/\"},{\"@type\":\"ListItem\",\"position\":2,\"name\":\"Ambiente\"}]},{\"@type\":\"WebSite\",\"@id\":\"https:\\\/\\\/vanremoortel.be\\\/#website\",\"url\":\"https:\\\/\\\/vanremoortel.be\\\/\",\"name\":\"Van Remoortel\",\"description\":\"Van Remoortel\",\"publisher\":{\"@id\":\"https:\\\/\\\/vanremoortel.be\\\/#organization\"},\"potentialAction\":[{\"@type\":\"SearchAction\",\"target\":{\"@type\":\"EntryPoint\",\"urlTemplate\":\"https:\\\/\\\/vanremoortel.be\\\/?s={search_term_string}\"},\"query-input\":{\"@type\":\"PropertyValueSpecification\",\"valueRequired\":true,\"valueName\":\"search_term_string\"}}],\"inLanguage\":\"fr-BE\"},{\"@type\":\"Organization\",\"@id\":\"https:\\\/\\\/vanremoortel.be\\\/#organization\",\"name\":\"Van Remoortel\",\"url\":\"https:\\\/\\\/vanremoortel.be\\\/\",\"logo\":{\"@type\":\"ImageObject\",\"inLanguage\":\"fr-BE\",\"@id\":\"https:\\\/\\\/vanremoortel.be\\\/#\\\/schema\\\/logo\\\/image\\\/\",\"url\":\"https:\\\/\\\/vanremoortel.be\\\/wp-content\\\/uploads\\\/2017\\\/09\\\/van-Remoortel_powered_FINAL.jpg\",\"contentUrl\":\"https:\\\/\\\/vanremoortel.be\\\/wp-content\\\/uploads\\\/2017\\\/09\\\/van-Remoortel_powered_FINAL.jpg\",\"width\":2328,\"height\":322,\"caption\":\"Van Remoortel\"},\"image\":{\"@id\":\"https:\\\/\\\/vanremoortel.be\\\/#\\\/schema\\\/logo\\\/image\\\/\"},\"sameAs\":[\"https:\\\/\\\/www.facebook.com\\\/Groothandel.Decoratie.Van.Remoortel\\\/\",\"https:\\\/\\\/www.instagram.com\\\/van_remoortel\\\/?hl=nl\",\"https:\\\/\\\/www.linkedin.com\\\/company\\\/van-remoortel-nv\\\/about\\\/\",\"https:\\\/\\\/www.youtube.com\\\/channel\\\/UCYm8eOCzCOC4HxA-Ya0XayQ\"]}]}<\/script>\n<!-- \/ Yoast SEO plugin. -->","yoast_head_json":{"title":"Ambiente - Van Remoortel","description":"Ambiente est synonyme de serviettes de table \u00e9l\u00e9gantes et de haute qualit\u00e9, issues de leur propre production, avec une vaste collection d'accessoires.","robots":{"index":"index","follow":"follow","max-snippet":"max-snippet:-1","max-image-preview":"max-image-preview:large","max-video-preview":"max-video-preview:-1"},"canonical":"https:\/\/vanremoortel.be\/fr\/ambiente\/","og_locale":"fr_FR","og_type":"article","og_title":"Ambiente - Van Remoortel","og_description":"Ambiente est synonyme de serviettes de table \u00e9l\u00e9gantes et de haute qualit\u00e9, issues de leur propre production, avec une vaste collection d'accessoires.","og_url":"https:\/\/vanremoortel.be\/fr\/ambiente\/","og_site_name":"Van Remoortel","article_publisher":"https:\/\/www.facebook.com\/Groothandel.Decoratie.Van.Remoortel\/","article_modified_time":"2021-10-18T14:24:24+00:00","twitter_card":"summary_large_image","twitter_misc":{"Dur\u00e9e de lecture est.":"4 minutes"},"schema":{"@context":"https:\/\/schema.org","@graph":[{"@type":"WebPage","@id":"https:\/\/vanremoortel.be\/fr\/ambiente\/","url":"https:\/\/vanremoortel.be\/fr\/ambiente\/","name":"Ambiente - Van Remoortel","isPartOf":{"@id":"https:\/\/vanremoortel.be\/#website"},"datePublished":"2017-07-14T08:19:42+00:00","dateModified":"2021-10-18T14:24:24+00:00","description":"Ambiente est synonyme de serviettes de table \u00e9l\u00e9gantes et de haute qualit\u00e9, issues de leur propre production, avec une vaste collection d'accessoires.","breadcrumb":{"@id":"https:\/\/vanremoortel.be\/fr\/ambiente\/#breadcrumb"},"inLanguage":"fr-BE","potentialAction":[{"@type":"ReadAction","target":["https:\/\/vanremoortel.be\/fr\/ambiente\/"]}]},{"@type":"BreadcrumbList","@id":"https:\/\/vanremoortel.be\/fr\/ambiente\/#breadcrumb","itemListElement":[{"@type":"ListItem","position":1,"name":"Home","item":"https:\/\/vanremoortel.be\/fr\/accueil\/"},{"@type":"ListItem","position":2,"name":"Ambiente"}]},{"@type":"WebSite","@id":"https:\/\/vanremoortel.be\/#website","url":"https:\/\/vanremoortel.be\/","name":"Van Remoortel","description":"Van Remoortel","publisher":{"@id":"https:\/\/vanremoortel.be\/#organization"},"potentialAction":[{"@type":"SearchAction","target":{"@type":"EntryPoint","urlTemplate":"https:\/\/vanremoortel.be\/?s={search_term_string}"},"query-input":{"@type":"PropertyValueSpecification","valueRequired":true,"valueName":"search_term_string"}}],"inLanguage":"fr-BE"},{"@type":"Organization","@id":"https:\/\/vanremoortel.be\/#organization","name":"Van Remoortel","url":"https:\/\/vanremoortel.be\/","logo":{"@type":"ImageObject","inLanguage":"fr-BE","@id":"https:\/\/vanremoortel.be\/#\/schema\/logo\/image\/","url":"https:\/\/vanremoortel.be\/wp-content\/uploads\/2017\/09\/van-Remoortel_powered_FINAL.jpg","contentUrl":"https:\/\/vanremoortel.be\/wp-content\/uploads\/2017\/09\/van-Remoortel_powered_FINAL.jpg","width":2328,"height":322,"caption":"Van Remoortel"},"image":{"@id":"https:\/\/vanremoortel.be\/#\/schema\/logo\/image\/"},"sameAs":["https:\/\/www.facebook.com\/Groothandel.Decoratie.Van.Remoortel\/","https:\/\/www.instagram.com\/van_remoortel\/?hl=nl","https:\/\/www.linkedin.com\/company\/van-remoortel-nv\/about\/","https:\/\/www.youtube.com\/channel\/UCYm8eOCzCOC4HxA-Ya0XayQ"]}]}},"_links":{"self":[{"href":"https:\/\/vanremoortel.be\/fr\/wp-json\/wp\/v2\/pages\/20284","targetHints":{"allow":["GET"]}}],"collection":[{"href":"https:\/\/vanremoortel.be\/fr\/wp-json\/wp\/v2\/pages"}],"about":[{"href":"https:\/\/vanremoortel.be\/fr\/wp-json\/wp\/v2\/types\/page"}],"author":[{"embeddable":true,"href":"https:\/\/vanremoortel.be\/fr\/wp-json\/wp\/v2\/users\/1"}],"replies":[{"embeddable":true,"href":"https:\/\/vanremoortel.be\/fr\/wp-json\/wp\/v2\/comments?post=20284"}],"version-history":[{"count":5,"href":"https:\/\/vanremoortel.be\/fr\/wp-json\/wp\/v2\/pages\/20284\/revisions"}],"predecessor-version":[{"id":43430,"href":"https:\/\/vanremoortel.be\/fr\/wp-json\/wp\/v2\/pages\/20284\/revisions\/43430"}],"wp:attachment":[{"href":"https:\/\/vanremoortel.be\/fr\/wp-json\/wp\/v2\/media?parent=20284"}],"curies":[{"name":"wp","href":"https:\/\/api.w.org\/{rel}","templated":true}]}}