{"id":19707,"date":"2017-06-22T21:20:25","date_gmt":"2017-06-22T19:20:25","guid":{"rendered":"https:\/\/vanremoortel.be\/nieuws\/"},"modified":"2025-04-18T15:02:35","modified_gmt":"2025-04-18T13:02:35","slug":"actualites","status":"publish","type":"page","link":"https:\/\/vanremoortel.be\/fr\/actualites\/","title":{"rendered":"Actualit\u00e9s"},"content":{"rendered":"\n<style type=\"text\/css\" data-created_by=\"avia_inline_auto\" id=\"style-css-av-1obp5dn-20e5dcbbe97c625b9cc26a263929ff05\">\n.flex_column.av-1obp5dn-20e5dcbbe97c625b9cc26a263929ff05{\nborder-radius:0px 0px 0px 0px;\npadding:0px 0px 0px 0px;\n}\n<\/style>\n<div  class='flex_column av-1obp5dn-20e5dcbbe97c625b9cc26a263929ff05 av_one_full  avia-builder-el-0  el_before_av_section  avia-builder-el-no-sibling  first flex_column_div av-zero-column-padding  '     ><style type=\"text\/css\" data-created_by=\"avia_inline_auto\" id=\"style-css-av-16c890b-1fc0898b11447f2e8f47027b70f8c12c\">\n#top .av-special-heading.av-16c890b-1fc0898b11447f2e8f47027b70f8c12c{\npadding-bottom:10px;\n}\nbody .av-special-heading.av-16c890b-1fc0898b11447f2e8f47027b70f8c12c .av-special-heading-tag .heading-char{\nfont-size:25px;\n}\n.av-special-heading.av-16c890b-1fc0898b11447f2e8f47027b70f8c12c .av-subheading{\nfont-size:15px;\n}\n<\/style>\n<div  class='av-special-heading av-16c890b-1fc0898b11447f2e8f47027b70f8c12c av-special-heading-h1 blockquote modern-quote modern-centered  avia-builder-el-1  avia-builder-el-no-sibling '><h1 class='av-special-heading-tag'  itemprop=\"headline\"  >Actualit\u00e9s<\/h1><div class='av-subheading av-subheading_below'><p>D\u00c9COUVREZ ICI LES NOUVEAUT\u00c9S, ACTIONS ET ACTIVIT\u00c9S CHEZ VAN REMOORTEL.<\/p>\n<\/div><div class=\"special-heading-border\"><div class=\"special-heading-inner-border\"><\/div><\/div><\/div><\/div>\n<\/div><\/div><\/div><!-- close content main div --><\/div><\/div>\n<style type=\"text\/css\" data-created_by=\"avia_inline_auto\" id=\"style-css-av-2tituj-b92936f7505ae0ab027430b864994635\">\n.avia-section.av-2tituj-b92936f7505ae0ab027430b864994635{\nbackground-color:#ededed;\nbackground-image:unset;\n}\n<\/style>\n<div id='av_section_1'  class='avia-section av-2tituj-b92936f7505ae0ab027430b864994635 main_color avia-section-default avia-no-border-styling  avia-builder-el-2  el_after_av_one_full  avia-builder-el-last  avia-bg-style-scroll container_wrap sidebar_right'  ><div class='container av-section-cont-open' ><div class='template-page content  av-content-small alpha units'><div class='post-entry post-entry-type-page post-entry-19707'><div class='entry-content-wrapper clearfix'>\n<div  class='av_promobox av-m9mssy9e-bdb2d0c2731fab9bf37072c47803ac1b avia-button-no  avia-builder-el-3  avia-builder-el-no-sibling '><div class='avia-promocontent'><p style=\"text-align: center;\"><span style=\"font-family: arial, helvetica, sans-serif; font-size: 24px; color: #000000;\">CONTRAIREMENT AUX COMMUNICATIONS PR\u00c9C\u00c9DENTES, L&rsquo;ACC\u00c8S \u00c0 <strong>VAN REMOORTEL BRUXELLES<\/strong> RESTERA INCHANG\u00c9 ET <strong>GRATUIT<\/strong> POUR UNE DUR\u00c9E IND\u00c9TERMIN\u00c9E.<\/span><\/p>\n<p><span style=\"font-family: arial, helvetica, sans-serif; font-size: 24px; color: #000000;\"> LES FRAIS D&rsquo;ADMISSION PROPOS\u00c9S \u00c0 PARTIR DU 1ER JUILLET 2025 SERONT EXPIR\u00c9S.<\/span><\/p>\n<p><span style=\"font-family: arial, helvetica, sans-serif; font-size: 24px; color: #000000;\"> POUR PLUS D&rsquo; INFORMATIONS : 03 722 93 40 OU 0478 53 99 60<\/span><\/p>\n<\/div><\/div>\n<\/div><\/div><\/div><!-- close content main div --><\/div><\/div><div id='after_section_1'  class='main_color av_default_container_wrap container_wrap sidebar_right'  ><div class='container av-section-cont-open' ><div class='template-page content  av-content-small alpha units'><div class='post-entry post-entry-type-page post-entry-19707'><div class='entry-content-wrapper clearfix'>\n","protected":false},"excerpt":{"rendered":"","protected":false},"author":1,"featured_media":0,"parent":0,"menu_order":0,"comment_status":"closed","ping_status":"closed","template":"","meta":{"_exactmetrics_skip_tracking":false,"_exactmetrics_sitenote_active":false,"_exactmetrics_sitenote_note":"","_exactmetrics_sitenote_category":0,"footnotes":""},"class_list":["post-19707","page","type-page","status-publish","hentry"],"yoast_head":"<!-- This site is optimized with the Yoast SEO plugin v27.1.1 - https:\/\/yoast.com\/product\/yoast-seo-wordpress\/ -->\n<title>Evenementen en het laatste nieuws | Van Remoortel<\/title>\n<meta name=\"description\" content=\"Bekijk evenementen, acties, actualiteiten en het laatste nieuws van decoratiegroothandel Van Remoortel en blijf op de hoogte!\" \/>\n<meta name=\"robots\" content=\"index, follow, max-snippet:-1, max-image-preview:large, max-video-preview:-1\" \/>\n<link rel=\"canonical\" href=\"https:\/\/vanremoortel.be\/fr\/actualites\/\" \/>\n<meta property=\"og:locale\" content=\"fr_FR\" \/>\n<meta property=\"og:type\" content=\"article\" \/>\n<meta property=\"og:title\" content=\"Evenementen en het laatste nieuws | Van Remoortel\" \/>\n<meta property=\"og:description\" content=\"Bekijk evenementen, acties, actualiteiten en het laatste nieuws van decoratiegroothandel Van Remoortel en blijf op de hoogte!\" \/>\n<meta property=\"og:url\" content=\"https:\/\/vanremoortel.be\/fr\/actualites\/\" \/>\n<meta property=\"og:site_name\" content=\"Van Remoortel\" \/>\n<meta property=\"article:publisher\" content=\"https:\/\/www.facebook.com\/Groothandel.Decoratie.Van.Remoortel\/\" \/>\n<meta property=\"article:modified_time\" content=\"2025-04-18T13:02:35+00:00\" \/>\n<meta name=\"twitter:card\" content=\"summary_large_image\" \/>\n<meta name=\"twitter:label1\" content=\"Dur\u00e9e de lecture est.\" \/>\n\t<meta name=\"twitter:data1\" content=\"1 minute\" \/>\n<script type=\"application\/ld+json\" class=\"yoast-schema-graph\">{\"@context\":\"https:\/\/schema.org\",\"@graph\":[{\"@type\":\"WebPage\",\"@id\":\"https:\/\/vanremoortel.be\/fr\/actualites\/\",\"url\":\"https:\/\/vanremoortel.be\/fr\/actualites\/\",\"name\":\"Evenementen en het laatste nieuws | Van Remoortel\",\"isPartOf\":{\"@id\":\"https:\/\/vanremoortel.be\/#website\"},\"datePublished\":\"2017-06-22T19:20:25+00:00\",\"dateModified\":\"2025-04-18T13:02:35+00:00\",\"description\":\"Bekijk evenementen, acties, actualiteiten en het laatste nieuws van decoratiegroothandel Van Remoortel en blijf op de hoogte!\",\"breadcrumb\":{\"@id\":\"https:\/\/vanremoortel.be\/fr\/actualites\/#breadcrumb\"},\"inLanguage\":\"fr-BE\",\"potentialAction\":[{\"@type\":\"ReadAction\",\"target\":[\"https:\/\/vanremoortel.be\/fr\/actualites\/\"]}]},{\"@type\":\"BreadcrumbList\",\"@id\":\"https:\/\/vanremoortel.be\/fr\/actualites\/#breadcrumb\",\"itemListElement\":[{\"@type\":\"ListItem\",\"position\":1,\"name\":\"Home\",\"item\":\"https:\/\/vanremoortel.be\/fr\/accueil\/\"},{\"@type\":\"ListItem\",\"position\":2,\"name\":\"Actualit\u00e9s\"}]},{\"@type\":\"WebSite\",\"@id\":\"https:\/\/vanremoortel.be\/#website\",\"url\":\"https:\/\/vanremoortel.be\/\",\"name\":\"Van Remoortel\",\"description\":\"Van Remoortel\",\"publisher\":{\"@id\":\"https:\/\/vanremoortel.be\/#organization\"},\"potentialAction\":[{\"@type\":\"SearchAction\",\"target\":{\"@type\":\"EntryPoint\",\"urlTemplate\":\"https:\/\/vanremoortel.be\/?s={search_term_string}\"},\"query-input\":{\"@type\":\"PropertyValueSpecification\",\"valueRequired\":true,\"valueName\":\"search_term_string\"}}],\"inLanguage\":\"fr-BE\"},{\"@type\":\"Organization\",\"@id\":\"https:\/\/vanremoortel.be\/#organization\",\"name\":\"Van Remoortel\",\"url\":\"https:\/\/vanremoortel.be\/\",\"logo\":{\"@type\":\"ImageObject\",\"inLanguage\":\"fr-BE\",\"@id\":\"https:\/\/vanremoortel.be\/#\/schema\/logo\/image\/\",\"url\":\"https:\/\/vanremoortel.be\/wp-content\/uploads\/2017\/09\/van-Remoortel_powered_FINAL.jpg\",\"contentUrl\":\"https:\/\/vanremoortel.be\/wp-content\/uploads\/2017\/09\/van-Remoortel_powered_FINAL.jpg\",\"width\":2328,\"height\":322,\"caption\":\"Van Remoortel\"},\"image\":{\"@id\":\"https:\/\/vanremoortel.be\/#\/schema\/logo\/image\/\"},\"sameAs\":[\"https:\/\/www.facebook.com\/Groothandel.Decoratie.Van.Remoortel\/\",\"https:\/\/www.instagram.com\/van_remoortel\/?hl=nl\",\"https:\/\/www.linkedin.com\/company\/van-remoortel-nv\/about\/\",\"https:\/\/www.youtube.com\/channel\/UCYm8eOCzCOC4HxA-Ya0XayQ\"]}]}<\/script>\n<!-- \/ Yoast SEO plugin. -->","yoast_head_json":{"title":"Evenementen en het laatste nieuws | Van Remoortel","description":"Bekijk evenementen, acties, actualiteiten en het laatste nieuws van decoratiegroothandel Van Remoortel en blijf op de hoogte!","robots":{"index":"index","follow":"follow","max-snippet":"max-snippet:-1","max-image-preview":"max-image-preview:large","max-video-preview":"max-video-preview:-1"},"canonical":"https:\/\/vanremoortel.be\/fr\/actualites\/","og_locale":"fr_FR","og_type":"article","og_title":"Evenementen en het laatste nieuws | Van Remoortel","og_description":"Bekijk evenementen, acties, actualiteiten en het laatste nieuws van decoratiegroothandel Van Remoortel en blijf op de hoogte!","og_url":"https:\/\/vanremoortel.be\/fr\/actualites\/","og_site_name":"Van Remoortel","article_publisher":"https:\/\/www.facebook.com\/Groothandel.Decoratie.Van.Remoortel\/","article_modified_time":"2025-04-18T13:02:35+00:00","twitter_card":"summary_large_image","twitter_misc":{"Dur\u00e9e de lecture est.":"1 minute"},"schema":{"@context":"https:\/\/schema.org","@graph":[{"@type":"WebPage","@id":"https:\/\/vanremoortel.be\/fr\/actualites\/","url":"https:\/\/vanremoortel.be\/fr\/actualites\/","name":"Evenementen en het laatste nieuws | Van Remoortel","isPartOf":{"@id":"https:\/\/vanremoortel.be\/#website"},"datePublished":"2017-06-22T19:20:25+00:00","dateModified":"2025-04-18T13:02:35+00:00","description":"Bekijk evenementen, acties, actualiteiten en het laatste nieuws van decoratiegroothandel Van Remoortel en blijf op de hoogte!","breadcrumb":{"@id":"https:\/\/vanremoortel.be\/fr\/actualites\/#breadcrumb"},"inLanguage":"fr-BE","potentialAction":[{"@type":"ReadAction","target":["https:\/\/vanremoortel.be\/fr\/actualites\/"]}]},{"@type":"BreadcrumbList","@id":"https:\/\/vanremoortel.be\/fr\/actualites\/#breadcrumb","itemListElement":[{"@type":"ListItem","position":1,"name":"Home","item":"https:\/\/vanremoortel.be\/fr\/accueil\/"},{"@type":"ListItem","position":2,"name":"Actualit\u00e9s"}]},{"@type":"WebSite","@id":"https:\/\/vanremoortel.be\/#website","url":"https:\/\/vanremoortel.be\/","name":"Van Remoortel","description":"Van Remoortel","publisher":{"@id":"https:\/\/vanremoortel.be\/#organization"},"potentialAction":[{"@type":"SearchAction","target":{"@type":"EntryPoint","urlTemplate":"https:\/\/vanremoortel.be\/?s={search_term_string}"},"query-input":{"@type":"PropertyValueSpecification","valueRequired":true,"valueName":"search_term_string"}}],"inLanguage":"fr-BE"},{"@type":"Organization","@id":"https:\/\/vanremoortel.be\/#organization","name":"Van Remoortel","url":"https:\/\/vanremoortel.be\/","logo":{"@type":"ImageObject","inLanguage":"fr-BE","@id":"https:\/\/vanremoortel.be\/#\/schema\/logo\/image\/","url":"https:\/\/vanremoortel.be\/wp-content\/uploads\/2017\/09\/van-Remoortel_powered_FINAL.jpg","contentUrl":"https:\/\/vanremoortel.be\/wp-content\/uploads\/2017\/09\/van-Remoortel_powered_FINAL.jpg","width":2328,"height":322,"caption":"Van Remoortel"},"image":{"@id":"https:\/\/vanremoortel.be\/#\/schema\/logo\/image\/"},"sameAs":["https:\/\/www.facebook.com\/Groothandel.Decoratie.Van.Remoortel\/","https:\/\/www.instagram.com\/van_remoortel\/?hl=nl","https:\/\/www.linkedin.com\/company\/van-remoortel-nv\/about\/","https:\/\/www.youtube.com\/channel\/UCYm8eOCzCOC4HxA-Ya0XayQ"]}]}},"_links":{"self":[{"href":"https:\/\/vanremoortel.be\/fr\/wp-json\/wp\/v2\/pages\/19707","targetHints":{"allow":["GET"]}}],"collection":[{"href":"https:\/\/vanremoortel.be\/fr\/wp-json\/wp\/v2\/pages"}],"about":[{"href":"https:\/\/vanremoortel.be\/fr\/wp-json\/wp\/v2\/types\/page"}],"author":[{"embeddable":true,"href":"https:\/\/vanremoortel.be\/fr\/wp-json\/wp\/v2\/users\/1"}],"replies":[{"embeddable":true,"href":"https:\/\/vanremoortel.be\/fr\/wp-json\/wp\/v2\/comments?post=19707"}],"version-history":[{"count":7,"href":"https:\/\/vanremoortel.be\/fr\/wp-json\/wp\/v2\/pages\/19707\/revisions"}],"predecessor-version":[{"id":49719,"href":"https:\/\/vanremoortel.be\/fr\/wp-json\/wp\/v2\/pages\/19707\/revisions\/49719"}],"wp:attachment":[{"href":"https:\/\/vanremoortel.be\/fr\/wp-json\/wp\/v2\/media?parent=19707"}],"curies":[{"name":"wp","href":"https:\/\/api.w.org\/{rel}","templated":true}]}}