{"id":19687,"date":"2017-08-09T09:21:14","date_gmt":"2017-08-09T07:21:14","guid":{"rendered":"https:\/\/vanremoortel.be\/disclaimer\/"},"modified":"2024-08-05T07:59:23","modified_gmt":"2024-08-05T05:59:23","slug":"disclaimer","status":"publish","type":"page","link":"https:\/\/vanremoortel.be\/fr\/disclaimer\/","title":{"rendered":"Disclaimer"},"content":{"rendered":"<div id='av_section_1'  class='avia-section av-av_section-eb89abc38228390982ab77a91969e9e7 main_color avia-section-default avia-no-border-styling  avia-builder-el-0  avia-builder-el-no-sibling  avia-bg-style-scroll container_wrap sidebar_right'  ><div class='container av-section-cont-open' ><main  role=\"main\" itemprop=\"mainContentOfPage\"  class='template-page content  av-content-small alpha units'><div class='post-entry post-entry-type-page post-entry-19687'><div class='entry-content-wrapper clearfix'>\n\n<style type=\"text\/css\" data-created_by=\"avia_inline_auto\" id=\"style-css-av-av_heading-dc020e72009dc70d2c960ef65cfacaca\">\n#top .av-special-heading.av-av_heading-dc020e72009dc70d2c960ef65cfacaca{\npadding-bottom:10px;\n}\nbody .av-special-heading.av-av_heading-dc020e72009dc70d2c960ef65cfacaca .av-special-heading-tag .heading-char{\nfont-size:25px;\n}\n.av-special-heading.av-av_heading-dc020e72009dc70d2c960ef65cfacaca .av-subheading{\nfont-size:15px;\n}\n<\/style>\n<div  class='av-special-heading av-av_heading-dc020e72009dc70d2c960ef65cfacaca av-special-heading-h1 blockquote modern-quote  avia-builder-el-1  el_before_av_textblock  avia-builder-el-first '><h1 class='av-special-heading-tag'  itemprop=\"headline\"  >Disclaimer<\/h1><div class=\"special-heading-border\"><div class=\"special-heading-inner-border\"><\/div><\/div><\/div>\n<section  class='av_textblock_section av-lzgl001p-bfdb094535be24771d082f30679ad36d '   itemscope=\"itemscope\" itemtype=\"https:\/\/schema.org\/CreativeWork\" ><div class='avia_textblock'  itemprop=\"text\" ><p><span style=\"font-family: tahoma, arial, helvetica, sans-serif; font-size: 10pt;\">Ce site web appartient \u00e0 Van Remoortel.<\/span><\/p>\n<p><span style=\"font-family: tahoma, arial, helvetica, sans-serif; font-size: 10pt;\"><strong>Donn\u00e9es de contact :<\/strong><\/span><br \/>\n<span style=\"font-family: tahoma, arial, helvetica, sans-serif; font-size: 10pt;\">Van Remoortel BV<\/span><br \/>\n<span style=\"font-family: tahoma, arial, helvetica, sans-serif; font-size: 10pt;\">Avenue Madrid 130<\/span><br \/>\n<span style=\"font-family: tahoma, arial, helvetica, sans-serif; font-size: 10pt;\"> 1020 Bruxelles, Belgique<\/span><\/p>\n<p><span style=\"font-family: tahoma, arial, helvetica, sans-serif; font-size: 10pt;\"><strong>Adresse du si\u00e8ge social :<\/strong><\/span><br \/>\n<span style=\"font-family: tahoma, arial, helvetica, sans-serif; font-size: 10pt;\"> Van Remoortel BV<\/span><br \/>\n<span style=\"font-family: tahoma, arial, helvetica, sans-serif; font-size: 10pt;\">Stenenmuurstraat 38<\/span><br \/>\n<span style=\"font-family: tahoma, arial, helvetica, sans-serif; font-size: 10pt;\"> 9112 Sinaai, Belgique<\/span><br \/>\n<span style=\"font-family: tahoma, arial, helvetica, sans-serif; font-size: 10pt;\"> T\u00e9l\u00e9phone : +32 (0)3 722 93 40<\/span><br \/>\n<span style=\"font-family: tahoma, arial, helvetica, sans-serif; font-size: 10pt;\"> Courriel : info@vanremoortel.be<\/span><br \/>\n<span style=\"font-family: tahoma, arial, helvetica, sans-serif; font-size: 10pt;\"> Num\u00e9ro d&rsquo;entreprise : TVA BE 0787.446.790<\/span><\/p>\n<p><span style=\"font-family: tahoma, arial, helvetica, sans-serif; font-size: 10pt;\">L\u2019autorit\u00e9 charg\u00e9e du contr\u00f4le : (lorsque votre activit\u00e9 est soumise \u00e0 un r\u00e9gime d\u2019autorisation).<br \/>\n<\/span><span style=\"font-family: tahoma, arial, helvetica, sans-serif; font-size: 10pt;\">En acc\u00e9dant \u00e0 ce site et en l\u2019utilisant, vous marquez votre accord explicite avec les conditions g\u00e9n\u00e9rales ci-apr\u00e8s.<\/span><span style=\"font-family: tahoma, arial, helvetica, sans-serif; font-size: 10pt;\"><br \/>\n<\/span><\/p>\n<p><span style=\"font-size: 10pt;\"><strong><span style=\"font-family: tahoma, arial, helvetica, sans-serif;\">DROITS DE PROPRIETE INTELLECTUELLE<br \/>\n<\/span><\/strong><\/span><span style=\"font-family: tahoma, arial, helvetica, sans-serif; font-size: 10pt;\">Le contenu de ce site, y compris les marques, logos, sch\u00e9mas, donn\u00e9es, noms de produit ou d\u2019entreprise, textes, illustrations, etc., est prot\u00e9g\u00e9 par des droits de propri\u00e9t\u00e9 intellectuelle appartenant \u00e0 Van Remoortel ou \u00e0 des tiers titulaires de ces droits.<\/span><\/p>\n<p><span style=\"font-size: 10pt;\"><strong><span style=\"font-family: tahoma, arial, helvetica, sans-serif;\">LIMITATION DE RESPONSABILITE<br \/>\n<\/span><\/strong><\/span><span style=\"font-family: tahoma, arial, helvetica, sans-serif; font-size: 10pt;\">Les informations de ce site Web sont de nature g\u00e9n\u00e9rale. Les informations ne sont pas adapt\u00e9es \u00e0 des circonstances personnelles ou sp\u00e9cifiques et ne peuvent donc pas \u00eatre consid\u00e9r\u00e9es comme un conseil personnel, professionnel ou juridique \u00e0 l\u2019utilisateur.<\/span><\/p>\n<p><span style=\"font-family: tahoma, arial, helvetica, sans-serif; font-size: 10pt;\">Van Remoortel consent de gros efforts pour que les informations mises \u00e0 disposition soient exhaustives, pr\u00e9cises et \u00e0 jour. Malgr\u00e9 ces efforts, des erreurs peuvent figurer dans les informations mises \u00e0 votre disposition. Si les informations diffus\u00e9es sur le site comportaient des erreurs ou si certaines informations \u00e9taient indisponibles sur ou via le site, Van Remoortel mettra tout en \u0153uvre pour rectifier la situation au plus vite.<\/span><\/p>\n<p><span style=\"font-family: tahoma, arial, helvetica, sans-serif; font-size: 10pt;\">Van Remoortel ne peut toutefois pas \u00eatre tenue responsable de dommages directs ou indirects r\u00e9sultant de l&rsquo;utilisation des informations mises \u00e0 disposition sur ce site.<\/span><\/p>\n<p><span style=\"font-family: tahoma, arial, helvetica, sans-serif; font-size: 10pt;\">Si vous veniez \u00e0 constater des erreurs dans les informations mises \u00e0 disposition via le site, vous pouvez contacter le gestionnaire du site.<\/span><\/p>\n<p><span style=\"font-family: tahoma, arial, helvetica, sans-serif; font-size: 10pt;\">Le contenu du site (y compris les liens) peut \u00eatre adapt\u00e9, modifi\u00e9 ou compl\u00e9t\u00e9 \u00e0 tout moment sans avertissement ni communication aucune. Van Remoortel n\u2019octroie aucune garantie de bon fonctionnement du site Web et ne peut en aucune mani\u00e8re \u00eatre tenue responsable d\u2019un dysfonctionnement du site, d\u2019une non-disponibilit\u00e9 provisoire du site ou de toute forme de dommages, directs ou indirects pouvant r\u00e9sulter de l\u2019acc\u00e8s au site ou de l\u2019usage du site.<\/span><\/p>\n<p><span style=\"font-family: tahoma, arial, helvetica, sans-serif; font-size: 10pt;\">En aucun cas, Van Remoortel ne pourra \u00eatre tenue pour responsable envers quiconque, d&rsquo;une mani\u00e8re directe, indirecte, sp\u00e9ciale ou autre, des dommages qui pourraient r\u00e9sulter de l&rsquo;usage de ce site ou d&rsquo;un autre, en raison notamment des connexions ou des liens hypertextes, incluant, sans limitation, toute perte, interruption du travail, d\u00e9t\u00e9rioration de programmes ou de donn\u00e9es sur le syst\u00e8me informatique, le mat\u00e9riel, les logiciels, etc. de l&rsquo;utilisateur.<\/span><\/p>\n<p><span style=\"font-family: tahoma, arial, helvetica, sans-serif; font-size: 10pt;\">Le site Web peut contenir des liens hypertextes vers des sites ou pages Web de tiers ou y faire r\u00e9f\u00e9rence de mani\u00e8re indirecte. La pr\u00e9sence de liens vers ces sites ou pages Web ne signifie nullement une approbation implicite du contenu de ces sites ou pages.<\/span><\/p>\n<p><span style=\"font-family: tahoma, arial, helvetica, sans-serif; font-size: 10pt;\">Van Remoortel d\u00e9clare explicitement qu\u2019elle n\u2019a aucune autorit\u00e9 sur le contenu ou sur les autres caract\u00e9ristiques de ces sites Web et ne peut en aucun cas \u00eatre tenue responsable du contenu ou des caract\u00e9ristiques desdits sites Web, ni de dommages pouvant r\u00e9sulter de leur utilisation.<\/span><\/p>\n<p><span style=\"font-size: 10pt;\"><strong><span style=\"font-family: tahoma, arial, helvetica, sans-serif;\">DROIT APPLICABLE ET JURIDICTIONS COMPETENTES.<br \/>\n<\/span><\/strong><\/span><span style=\"font-family: tahoma, arial, helvetica, sans-serif; font-size: 10pt;\">Ce site est r\u00e9gi par le droit belge. Seuls les tribunaux de l\u2019arrondissement sont comp\u00e9tents en cas de litige.<\/span><\/p>\n<p><span style=\"font-size: 10pt;\"><strong><span style=\"font-family: tahoma, arial, helvetica, sans-serif;\">POLITIQUE DE RESPECT DE LA VIE PRIVEE<br \/>\n<\/span><\/strong><\/span><span style=\"font-family: tahoma, arial, helvetica, sans-serif; font-size: 10pt;\">Van Remoortel se soucie du respect de votre vie priv\u00e9e. Bien que la plupart des informations contenues sur ce site soient disponibles sans que les donn\u00e9es personnelles de l\u2019utilisateur soient n\u00e9cessaires, il est possible que l\u2019utilisateur soit invit\u00e9 \u00e0 fournir des informations personnelles. Ces informations seront utilis\u00e9es uniquement dans le cadre de notre gestion de la client\u00e8le par exemple, pour vous tenir inform\u00e9 de nos activit\u00e9s. L\u2019utilisateur peut toujours s\u2019opposer, gratuitement et sur demande, \u00e0 l\u2019utilisation de ses donn\u00e9es personnelles \u00e0 des fins de marketing direct. Pour ce faire, il devra s\u2019adresser \u00e0 info@vanremoortel.be. Vos donn\u00e9es personnelles ne sont jamais communiqu\u00e9es \u00e0 des tiers (si oui, mentionner \u00e0 qui).<\/span><\/p>\n<p><span style=\"font-family: tahoma, arial, helvetica, sans-serif; font-size: 10pt;\">Conform\u00e9ment \u00e0 la loi du 08\/12\/1992 relative \u00e0 la protection des donn\u00e9es \u00e0 caract\u00e8re personnel, l\u2019utilisateur dispose d\u2019un droit l\u00e9gal de consultation et \u00e9ventuellement de correction de ses donn\u00e9es personnelles. Sur preuve de votre identit\u00e9 (copie de la carte d\u2019identit\u00e9), vous pouvez, sur demande \u00e9crite, sign\u00e9e et dat\u00e9e adress\u00e9e \u00e0 info@vanremoortel.be, recevoir gratuitement un compte-rendu par \u00e9crit de vos donn\u00e9es personnelles. Le cas \u00e9ch\u00e9ant, vous pouvez \u00e9galement demander la correction des donn\u00e9es personnelles vous concernant qui sont erron\u00e9es, incompl\u00e8tes ou non pertinentes.<\/span><\/p>\n<p><span style=\"font-family: tahoma, arial, helvetica, sans-serif; font-size: 10pt;\">Van Remoortel peut r\u00e9colter des informations anonymes ou agr\u00e9g\u00e9es non personnelles telles que la version du navigateur ou l&rsquo;adresse IP, le syst\u00e8me d&rsquo;exploitation que vous utilisez ou le nom de domaine du site gr\u00e2ce auquel vous visitez notre site Web ou vers lequel vous le quittez. Ceci nous permet d\u2019optimaliser en permanence notre site Web pour les utilisateurs.<\/span><\/p>\n<p><span style=\"font-size: 10pt;\"><strong><span style=\"font-family: tahoma, arial, helvetica, sans-serif;\">L\u2019UTILISATION DE COOKIES.<br \/>\n<\/span><\/strong><\/span><span style=\"font-family: tahoma, arial, helvetica, sans-serif; font-size: 10pt;\">Durant une visite au site, des cookies peuvent \u00eatre install\u00e9s sur le disque dur de votre ordinateur, et ce uniquement dans le but de mieux adapter le site aux besoins du visiteur r\u00e9current. Ces mini-fichiers ou cookies ne sont pas utilis\u00e9s pour analyser la mani\u00e8re dont le visiteur surfe sur d\u2019autres sites. Votre navigateur Internet vous permet de bloquer l\u2019utilisation de cookies, d\u2019\u00eatre inform\u00e9 au pr\u00e9alable de l\u2019installation d\u2019un cookie, ou de supprimer ult\u00e9rieurement les cookies de votre disque dur. Consultez la fonction d\u2019aide de votre navigateur Internet pour en savoir plus \u00e0 ce sujet.<\/span><\/p>\n<\/div><\/section>\n<\/div><\/div><\/main><!-- close content main element --><\/div><\/div><div id='after_section_1'  class='main_color av_default_container_wrap container_wrap sidebar_right'  ><div class='container av-section-cont-open' ><div class='template-page content  av-content-small alpha units'><div class='post-entry post-entry-type-page post-entry-19687'><div class='entry-content-wrapper clearfix'>\n","protected":false},"excerpt":{"rendered":"","protected":false},"author":1,"featured_media":0,"parent":0,"menu_order":0,"comment_status":"closed","ping_status":"closed","template":"","meta":{"_exactmetrics_skip_tracking":false,"_exactmetrics_sitenote_active":false,"_exactmetrics_sitenote_note":"","_exactmetrics_sitenote_category":0,"footnotes":""},"class_list":["post-19687","page","type-page","status-publish","hentry"],"yoast_head":"<!-- This site is optimized with the Yoast SEO plugin v27.4 - https:\/\/yoast.com\/product\/yoast-seo-wordpress\/ -->\n<title>Disclaimer - Van Remoortel<\/title>\n<meta name=\"robots\" content=\"index, follow, max-snippet:-1, max-image-preview:large, max-video-preview:-1\" \/>\n<link rel=\"canonical\" href=\"https:\/\/vanremoortel.be\/fr\/disclaimer\/\" \/>\n<meta property=\"og:locale\" content=\"fr_FR\" \/>\n<meta property=\"og:type\" content=\"article\" \/>\n<meta property=\"og:title\" content=\"Disclaimer - Van Remoortel\" \/>\n<meta property=\"og:url\" content=\"https:\/\/vanremoortel.be\/fr\/disclaimer\/\" \/>\n<meta property=\"og:site_name\" content=\"Van Remoortel\" \/>\n<meta property=\"article:publisher\" content=\"https:\/\/www.facebook.com\/Groothandel.Decoratie.Van.Remoortel\/\" \/>\n<meta property=\"article:modified_time\" content=\"2024-08-05T05:59:23+00:00\" \/>\n<meta name=\"twitter:card\" content=\"summary_large_image\" \/>\n<meta name=\"twitter:label1\" content=\"Dur\u00e9e de lecture est.\" \/>\n\t<meta name=\"twitter:data1\" content=\"5 minutes\" \/>\n<script type=\"application\/ld+json\" class=\"yoast-schema-graph\">{\"@context\":\"https:\\\/\\\/schema.org\",\"@graph\":[{\"@type\":\"WebPage\",\"@id\":\"https:\\\/\\\/vanremoortel.be\\\/fr\\\/disclaimer\\\/\",\"url\":\"https:\\\/\\\/vanremoortel.be\\\/fr\\\/disclaimer\\\/\",\"name\":\"Disclaimer - Van Remoortel\",\"isPartOf\":{\"@id\":\"https:\\\/\\\/vanremoortel.be\\\/#website\"},\"datePublished\":\"2017-08-09T07:21:14+00:00\",\"dateModified\":\"2024-08-05T05:59:23+00:00\",\"breadcrumb\":{\"@id\":\"https:\\\/\\\/vanremoortel.be\\\/fr\\\/disclaimer\\\/#breadcrumb\"},\"inLanguage\":\"fr-BE\",\"potentialAction\":[{\"@type\":\"ReadAction\",\"target\":[\"https:\\\/\\\/vanremoortel.be\\\/fr\\\/disclaimer\\\/\"]}]},{\"@type\":\"BreadcrumbList\",\"@id\":\"https:\\\/\\\/vanremoortel.be\\\/fr\\\/disclaimer\\\/#breadcrumb\",\"itemListElement\":[{\"@type\":\"ListItem\",\"position\":1,\"name\":\"Home\",\"item\":\"https:\\\/\\\/vanremoortel.be\\\/fr\\\/accueil\\\/\"},{\"@type\":\"ListItem\",\"position\":2,\"name\":\"Disclaimer\"}]},{\"@type\":\"WebSite\",\"@id\":\"https:\\\/\\\/vanremoortel.be\\\/#website\",\"url\":\"https:\\\/\\\/vanremoortel.be\\\/\",\"name\":\"Van Remoortel\",\"description\":\"Van Remoortel\",\"publisher\":{\"@id\":\"https:\\\/\\\/vanremoortel.be\\\/#organization\"},\"potentialAction\":[{\"@type\":\"SearchAction\",\"target\":{\"@type\":\"EntryPoint\",\"urlTemplate\":\"https:\\\/\\\/vanremoortel.be\\\/?s={search_term_string}\"},\"query-input\":{\"@type\":\"PropertyValueSpecification\",\"valueRequired\":true,\"valueName\":\"search_term_string\"}}],\"inLanguage\":\"fr-BE\"},{\"@type\":\"Organization\",\"@id\":\"https:\\\/\\\/vanremoortel.be\\\/#organization\",\"name\":\"Van Remoortel\",\"url\":\"https:\\\/\\\/vanremoortel.be\\\/\",\"logo\":{\"@type\":\"ImageObject\",\"inLanguage\":\"fr-BE\",\"@id\":\"https:\\\/\\\/vanremoortel.be\\\/#\\\/schema\\\/logo\\\/image\\\/\",\"url\":\"https:\\\/\\\/vanremoortel.be\\\/wp-content\\\/uploads\\\/2017\\\/09\\\/van-Remoortel_powered_FINAL.jpg\",\"contentUrl\":\"https:\\\/\\\/vanremoortel.be\\\/wp-content\\\/uploads\\\/2017\\\/09\\\/van-Remoortel_powered_FINAL.jpg\",\"width\":2328,\"height\":322,\"caption\":\"Van Remoortel\"},\"image\":{\"@id\":\"https:\\\/\\\/vanremoortel.be\\\/#\\\/schema\\\/logo\\\/image\\\/\"},\"sameAs\":[\"https:\\\/\\\/www.facebook.com\\\/Groothandel.Decoratie.Van.Remoortel\\\/\",\"https:\\\/\\\/www.instagram.com\\\/van_remoortel\\\/?hl=nl\",\"https:\\\/\\\/www.linkedin.com\\\/company\\\/van-remoortel-nv\\\/about\\\/\",\"https:\\\/\\\/www.youtube.com\\\/channel\\\/UCYm8eOCzCOC4HxA-Ya0XayQ\"]}]}<\/script>\n<!-- \/ Yoast SEO plugin. -->","yoast_head_json":{"title":"Disclaimer - Van Remoortel","robots":{"index":"index","follow":"follow","max-snippet":"max-snippet:-1","max-image-preview":"max-image-preview:large","max-video-preview":"max-video-preview:-1"},"canonical":"https:\/\/vanremoortel.be\/fr\/disclaimer\/","og_locale":"fr_FR","og_type":"article","og_title":"Disclaimer - Van Remoortel","og_url":"https:\/\/vanremoortel.be\/fr\/disclaimer\/","og_site_name":"Van Remoortel","article_publisher":"https:\/\/www.facebook.com\/Groothandel.Decoratie.Van.Remoortel\/","article_modified_time":"2024-08-05T05:59:23+00:00","twitter_card":"summary_large_image","twitter_misc":{"Dur\u00e9e de lecture est.":"5 minutes"},"schema":{"@context":"https:\/\/schema.org","@graph":[{"@type":"WebPage","@id":"https:\/\/vanremoortel.be\/fr\/disclaimer\/","url":"https:\/\/vanremoortel.be\/fr\/disclaimer\/","name":"Disclaimer - Van Remoortel","isPartOf":{"@id":"https:\/\/vanremoortel.be\/#website"},"datePublished":"2017-08-09T07:21:14+00:00","dateModified":"2024-08-05T05:59:23+00:00","breadcrumb":{"@id":"https:\/\/vanremoortel.be\/fr\/disclaimer\/#breadcrumb"},"inLanguage":"fr-BE","potentialAction":[{"@type":"ReadAction","target":["https:\/\/vanremoortel.be\/fr\/disclaimer\/"]}]},{"@type":"BreadcrumbList","@id":"https:\/\/vanremoortel.be\/fr\/disclaimer\/#breadcrumb","itemListElement":[{"@type":"ListItem","position":1,"name":"Home","item":"https:\/\/vanremoortel.be\/fr\/accueil\/"},{"@type":"ListItem","position":2,"name":"Disclaimer"}]},{"@type":"WebSite","@id":"https:\/\/vanremoortel.be\/#website","url":"https:\/\/vanremoortel.be\/","name":"Van Remoortel","description":"Van Remoortel","publisher":{"@id":"https:\/\/vanremoortel.be\/#organization"},"potentialAction":[{"@type":"SearchAction","target":{"@type":"EntryPoint","urlTemplate":"https:\/\/vanremoortel.be\/?s={search_term_string}"},"query-input":{"@type":"PropertyValueSpecification","valueRequired":true,"valueName":"search_term_string"}}],"inLanguage":"fr-BE"},{"@type":"Organization","@id":"https:\/\/vanremoortel.be\/#organization","name":"Van Remoortel","url":"https:\/\/vanremoortel.be\/","logo":{"@type":"ImageObject","inLanguage":"fr-BE","@id":"https:\/\/vanremoortel.be\/#\/schema\/logo\/image\/","url":"https:\/\/vanremoortel.be\/wp-content\/uploads\/2017\/09\/van-Remoortel_powered_FINAL.jpg","contentUrl":"https:\/\/vanremoortel.be\/wp-content\/uploads\/2017\/09\/van-Remoortel_powered_FINAL.jpg","width":2328,"height":322,"caption":"Van Remoortel"},"image":{"@id":"https:\/\/vanremoortel.be\/#\/schema\/logo\/image\/"},"sameAs":["https:\/\/www.facebook.com\/Groothandel.Decoratie.Van.Remoortel\/","https:\/\/www.instagram.com\/van_remoortel\/?hl=nl","https:\/\/www.linkedin.com\/company\/van-remoortel-nv\/about\/","https:\/\/www.youtube.com\/channel\/UCYm8eOCzCOC4HxA-Ya0XayQ"]}]}},"_links":{"self":[{"href":"https:\/\/vanremoortel.be\/fr\/wp-json\/wp\/v2\/pages\/19687","targetHints":{"allow":["GET"]}}],"collection":[{"href":"https:\/\/vanremoortel.be\/fr\/wp-json\/wp\/v2\/pages"}],"about":[{"href":"https:\/\/vanremoortel.be\/fr\/wp-json\/wp\/v2\/types\/page"}],"author":[{"embeddable":true,"href":"https:\/\/vanremoortel.be\/fr\/wp-json\/wp\/v2\/users\/1"}],"replies":[{"embeddable":true,"href":"https:\/\/vanremoortel.be\/fr\/wp-json\/wp\/v2\/comments?post=19687"}],"version-history":[{"count":4,"href":"https:\/\/vanremoortel.be\/fr\/wp-json\/wp\/v2\/pages\/19687\/revisions"}],"predecessor-version":[{"id":48129,"href":"https:\/\/vanremoortel.be\/fr\/wp-json\/wp\/v2\/pages\/19687\/revisions\/48129"}],"wp:attachment":[{"href":"https:\/\/vanremoortel.be\/fr\/wp-json\/wp\/v2\/media?parent=19687"}],"curies":[{"name":"wp","href":"https:\/\/api.w.org\/{rel}","templated":true}]}}