{"id":19628,"date":"2017-05-31T15:37:44","date_gmt":"2017-05-31T13:37:44","guid":{"rendered":"https:\/\/vanremoortel.be\/home\/"},"modified":"2026-03-27T15:42:00","modified_gmt":"2026-03-27T14:42:00","slug":"accueil","status":"publish","type":"page","link":"https:\/\/vanremoortel.be\/fr\/","title":{"rendered":"Accueil"},"content":{"rendered":"\n<style type=\"text\/css\" data-created_by=\"avia_inline_auto\" id=\"style-css-av-abnw-b930e8910e585b50be2c42100bee6dfd\">\n.flex_column.av-abnw-b930e8910e585b50be2c42100bee6dfd{\nborder-radius:0px 0px 0px 0px;\npadding:0px 0px 0px 0px;\n}\n<\/style>\n<div  class='flex_column av-abnw-b930e8910e585b50be2c42100bee6dfd av_one_full  avia-builder-el-0  el_before_av_hr  avia-builder-el-first  first flex_column_div av-zero-column-padding  '     ><style type=\"text\/css\" data-created_by=\"avia_inline_auto\" id=\"style-css-av-kbhw6i9l-e2b59758c8a164da0d932b5981639d59\">\n#top .av_textblock_section.av-kbhw6i9l-e2b59758c8a164da0d932b5981639d59 .avia_textblock{\nfont-size:8px;\ncolor:#707070;\n}\n<\/style>\n<section  class='av_textblock_section av-kbhw6i9l-e2b59758c8a164da0d932b5981639d59 '   itemscope=\"itemscope\" itemtype=\"https:\/\/schema.org\/CreativeWork\" ><div class='avia_textblock av_inherit_color'  itemprop=\"text\" ><h1 style=\"text-align: center;\"><span style=\"font-size: 24pt;\"><strong><span style=\"font-family: arial, helvetica, sans-serif;\">Le sp\u00e9cialiste B2B du secteur d&rsquo;articles maison, cadeaux et jardin.<\/span><\/strong><\/span><\/h1>\n<p style=\"text-align: center;\"><span style=\"font-family: arial, helvetica, sans-serif;\">\u00a0\u00a0\u00a0\u00a0\u00a0\u00a0\u00a0\u00a0\u00a0 <span style=\"font-size: 18pt;\">Une Large Gamme de produits dans les domaines de d\u00e9coration, de l&rsquo;art de vivre et de l&rsquo;art floral<\/span><\/span><\/p>\n<p style=\"text-align: center;\"><span style=\"font-size: 18pt; font-family: arial, helvetica, sans-serif;\">salle d&rsquo;exposition de 1500m\u00b2<\/span><\/p>\n<\/div><\/section><\/div>\n\n<style type=\"text\/css\" data-created_by=\"avia_inline_auto\" id=\"style-css-av-pc07l8-f9f0ac9da9fa1df53d52041243e16755\">\n#top .hr.hr-invisible.av-pc07l8-f9f0ac9da9fa1df53d52041243e16755{\nheight:30px;\n}\n<\/style>\n<div  class='hr av-pc07l8-f9f0ac9da9fa1df53d52041243e16755 hr-invisible  avia-builder-el-2  el_after_av_one_full  el_before_av_textblock '><span class='hr-inner '><span class=\"hr-inner-style\"><\/span><\/span><\/div>\n<section  class='av_textblock_section av-l9wubw9q-9be017442b60a14c07a39837bd92a328 '   itemscope=\"itemscope\" itemtype=\"https:\/\/schema.org\/CreativeWork\" ><div class='avia_textblock'  itemprop=\"text\" ><p style=\"text-align: center;\"><span style=\"font-size: 14pt; font-family: arial, helvetica, sans-serif; color: #424242;\">En collaboration avec Tica, nous proposerons les derni\u00e8res tendances en mati\u00e8re de cash &amp; carry, d\u2019inspiration et de nouveaut\u00e9s en mati\u00e8re de design d\u2019int\u00e9rieur, de d\u00e9coration et d\u2019exp\u00e9rience de vie totale pour l\u2019ensemble du march\u00e9 B2B du Benelux.<\/span><\/p>\n<p style=\"text-align: center;\"><span style=\"font-size: 14pt; font-family: arial, helvetica, sans-serif; color: #424242;\">En plus de notre offre actuelle, vous trouverez \u00e9galement nos nouveaut\u00e9s saisonni\u00e8res sur notre stand au Tica Brussels.<\/span><\/p>\n<p style=\"text-align: center;\"><span style=\"font-size: 14pt; font-family: arial, helvetica, sans-serif; color: #424242;\">Achetez vos biens \u00e0 l\u2019unit\u00e9 ou en gros, ramenez-les imm\u00e9diatement chez vous et revendez-les le jour m\u00eame ou red\u00e9corez tout simplement votre propre commerce tout de suite.<\/span><\/p>\n<div id=\"ConnectiveDocSignExtentionInstalled\" data-extension-version=\"1.0.4\">\u00a0<\/div>\n<\/div><\/section>\n<div  class='flex_column av-18onij0-1460f8b2f0cc5d015b382e0ab7be8359 av_one_full  avia-builder-el-4  el_after_av_textblock  el_before_av_one_full  first flex_column_div  column-top-margin'     ><style type=\"text\/css\" data-created_by=\"avia_inline_auto\" id=\"style-css-av-mn90c5f9-4e9f637eaee68c79ea3bdec3a90f2a91\">\n.av-horizontal-gallery.av-mn90c5f9-4e9f637eaee68c79ea3bdec3a90f2a91{\npadding:6.75% 0px;;\n}\n.av-horizontal-gallery.av-mn90c5f9-4e9f637eaee68c79ea3bdec3a90f2a91 .av-horizontal-gallery-inner{\npadding-bottom:45%;\n}\n<\/style>\n<div  class='av-horizontal-gallery av-mn90c5f9-4e9f637eaee68c79ea3bdec3a90f2a91 av-horizontal-gallery-large-gap av-horizontal-gallery-enlarge-effect  avia-builder-el-5  avia-builder-el-no-sibling  av-slideshow-ui av-control-hidden av-no-slider-navigation av-hide-nav-arrows av-slideshow-manual av-loop-once av-loop-manual-once av-horizontal-gallery-1' data-slideshow-data=\"{&quot;enlarge&quot;:1.3,&quot;animation&quot;:&quot;slide&quot;,&quot;autoplay&quot;:false,&quot;loop_autoplay&quot;:&quot;once&quot;,&quot;interval&quot;:5,&quot;loop_manual&quot;:&quot;manual-once&quot;,&quot;autoplay_stopper&quot;:false,&quot;noNavigation&quot;:true,&quot;bg_slider&quot;:false,&quot;keep_padding&quot;:&quot;&quot;,&quot;hoverpause&quot;:false,&quot;show_slide_delay&quot;:0}\"  itemprop=\"image\" itemscope=\"itemscope\" itemtype=\"https:\/\/schema.org\/ImageObject\" ><div class='avia-slideshow-arrows avia-slideshow-controls' ><a href='#prev' class='prev-slide av-horizontal-gallery-prev' aria-hidden='true' data-av_icon='\ue87c' data-av_iconfont='entypo-fontello'  tabindex='-1'>Previous<\/a><a href='#next' class='next-slide av-horizontal-gallery-next' aria-hidden='true' data-av_icon='\ue87d' data-av_iconfont='entypo-fontello'  tabindex='-1'>Next<\/a><\/div><div class='avia-slideshow-dots avia-slideshow-controls av-horizontal-gallery-dots fade-in'><a href='#1' class='goto-slide active' >1<\/a><a href='#2' class='goto-slide ' >2<\/a><a href='#3' class='goto-slide ' >3<\/a><\/div><div class='av-horizontal-gallery-inner' data-av-height='45'><div class=\"av-horizontal-gallery-slider\"><div class=\"av-horizontal-gallery-wrap noHover\"><img fetchpriority=\"high\" class='wp-image-50931 avia-img-lazy-loading-not-50931 av-horizontal-gallery-img' width='800' height='1030' src='https:\/\/vanremoortel.be\/wp-content\/uploads\/2026\/03\/FLO_FS26_Ambi_Ever-Green_07-800x1030.jpg' title='FLO_FS26_Ambi_Ever-Green_07' alt='' \/><a href=\"https:\/\/vanremoortel.be\/wp-content\/uploads\/2026\/03\/FLO_FS26_Ambi_Ever-Green_07-800x1030.jpg\" class='av-horizontal-gallery-link' aria-hidden='true' data-av_icon='\ue869' data-av_iconfont='entypo-fontello' title='FLO_FS26_Ambi_Ever-Green_07' alt=''><\/a><\/div><div class=\"av-horizontal-gallery-wrap noHover\"><img fetchpriority=\"high\" class='wp-image-50934 avia-img-lazy-loading-not-50934 av-horizontal-gallery-img' width='749' height='1030' src='https:\/\/vanremoortel.be\/wp-content\/uploads\/2026\/03\/FLO_FS26_Ambi_Ever-Green_08-749x1030.jpg' title='FLO_FS26_Ambi_Ever-Green_08' alt='' \/><a href=\"https:\/\/vanremoortel.be\/wp-content\/uploads\/2026\/03\/FLO_FS26_Ambi_Ever-Green_08-749x1030.jpg\" class='av-horizontal-gallery-link' aria-hidden='true' data-av_icon='\ue869' data-av_iconfont='entypo-fontello' title='FLO_FS26_Ambi_Ever-Green_08' alt=''><\/a><\/div><div class=\"av-horizontal-gallery-wrap noHover\"><img fetchpriority=\"high\" class='wp-image-50937 avia-img-lazy-loading-not-50937 av-horizontal-gallery-img' width='748' height='1030' src='https:\/\/vanremoortel.be\/wp-content\/uploads\/2026\/03\/FLO_FS26_Ambi_Ever-Green_06-748x1030.jpg' title='FLO_FS26_Ambi_Ever-Green_06' alt='' \/><a href=\"https:\/\/vanremoortel.be\/wp-content\/uploads\/2026\/03\/FLO_FS26_Ambi_Ever-Green_06-748x1030.jpg\" class='av-horizontal-gallery-link' aria-hidden='true' data-av_icon='\ue869' data-av_iconfont='entypo-fontello' title='FLO_FS26_Ambi_Ever-Green_06' alt=''><\/a><\/div><\/div><\/div><\/div><\/div><div  class='flex_column av-1xb9yk-05499f7594abd7119f243acd2ec608ac av_one_full  avia-builder-el-6  el_after_av_one_full  el_before_av_hr  first flex_column_div  column-top-margin'     ><section  class='av_textblock_section av-mmowpk60-ad6466ff6d53668f8c2d74123d6fd94e '   itemscope=\"itemscope\" itemtype=\"https:\/\/schema.org\/CreativeWork\" ><div class='avia_textblock'  itemprop=\"text\" ><p style=\"text-align: center;\"><span style=\"font-family: arial, helvetica, sans-serif; font-size: 60px; color: #339966;\">Evergreen Wonders!<\/span><\/p>\n<\/div><\/section><\/div><\/p>\n\n<style type=\"text\/css\" data-created_by=\"avia_inline_auto\" id=\"style-css-av-jo5e24-7f37778f2dd91adbcc94f4c1e44e4fb9\">\n#top .hr.hr-invisible.av-jo5e24-7f37778f2dd91adbcc94f4c1e44e4fb9{\nheight:50px;\n}\n<\/style>\n<div  class='hr av-jo5e24-7f37778f2dd91adbcc94f4c1e44e4fb9 hr-invisible  avia-builder-el-8  el_after_av_one_full  el_before_av_hr '><span class='hr-inner '><span class=\"hr-inner-style\"><\/span><\/span><\/div>\n\n<style type=\"text\/css\" data-created_by=\"avia_inline_auto\" id=\"style-css-av-p45aek-efff127a65e240e5542e97180ec9c469\">\n#top .hr.hr-invisible.av-p45aek-efff127a65e240e5542e97180ec9c469{\nheight:50px;\n}\n<\/style>\n<div  class='hr av-p45aek-efff127a65e240e5542e97180ec9c469 hr-invisible  avia-builder-el-9  el_after_av_hr  el_before_av_one_full '><span class='hr-inner '><span class=\"hr-inner-style\"><\/span><\/span><\/div>\n<div  class='flex_column av-12egxt8-dced40087a2254abfa4aa98c6725d610 av_one_full  avia-builder-el-10  el_after_av_hr  el_before_av_hr  first flex_column_div  '     ><style type=\"text\/css\" data-created_by=\"avia_inline_auto\" id=\"style-css-av-mmowu93t-8aa1f08defa13768bd5dd32db9352a50\">\n.avia-image-container.av-mmowu93t-8aa1f08defa13768bd5dd32db9352a50 img.avia_image{\nbox-shadow:none;\n}\n.avia-image-container.av-mmowu93t-8aa1f08defa13768bd5dd32db9352a50 .av-image-caption-overlay-center{\ncolor:#ffffff;\n}\n<\/style>\n<div  class='avia-image-container av-mmowu93t-8aa1f08defa13768bd5dd32db9352a50 av-styling- avia-align-center  avia-builder-el-11  avia-builder-el-no-sibling '   itemprop=\"image\" itemscope=\"itemscope\" itemtype=\"https:\/\/schema.org\/ImageObject\" ><div class=\"avia-image-container-inner\"><div class=\"avia-image-overlay-wrap\"><img fetchpriority=\"high\" class='wp-image-50940 avia-img-lazy-loading-not-50940 avia_image ' src='https:\/\/vanremoortel.be\/wp-content\/uploads\/2026\/03\/FLO_FS26_Ambi_Ever-Green_13-762x1030.jpg' alt='' title='FLO_FS26_Ambi_Ever-Green_13'  height=\"1030\" width=\"762\"  itemprop=\"thumbnailUrl\"  \/><\/div><\/div><\/div><\/div><div  class='hr av-oawwlo-5202d0db1acdcc1f83d52290ba21c626 hr-default  avia-builder-el-12  el_after_av_one_full  el_before_av_hr '><span class='hr-inner '><span class=\"hr-inner-style\"><\/span><\/span><\/div><\/p>\n\n<style type=\"text\/css\" data-created_by=\"avia_inline_auto\" id=\"style-css-av-mlkuwka6-526c0657565b1b4d22a7a384602e76b0\">\n#top .hr.hr-invisible.av-mlkuwka6-526c0657565b1b4d22a7a384602e76b0{\nheight:100px;\n}\n<\/style>\n<div  class='hr av-mlkuwka6-526c0657565b1b4d22a7a384602e76b0 hr-invisible  avia-builder-el-13  el_after_av_hr  el_before_av_one_full '><span class='hr-inner '><span class=\"hr-inner-style\"><\/span><\/span><\/div>\n<div  class='flex_column av-11lap64-78c98a95d1c089faa922972aa87a6934 av_one_full  avia-builder-el-14  el_after_av_hr  avia-builder-el-last  first no_margin flex_column_div  '     ><div  class='av_promobox av-qljvd8-a0b55bbe2af5cd893f6bdf5d73fa18f4 avia-button-no  avia-builder-el-15  avia-builder-el-no-sibling '><div class='avia-promocontent'><\/p>\n<h2 style=\"text-align: center;\"><span style=\"font-family: arial, helvetica, sans-serif; color: #000000;\">Nous sommes heureux de vous accueillir lundi et mardi de 9h \u00e0 18h, mercredi jusqu\u2019\u00e0 vendredi de 9h \u00e0 17h et chaque dimanche de 10h \u00e0 17h.<\/span><\/h2>\n<p style=\"text-align: center;\"><span style=\"font-family: arial, helvetica, sans-serif; font-size: 28px; color: #000000;\">A bient\u00f4t!<\/span><\/p>\n<div id=\"ConnectiveDocSignExtentionInstalled\" data-extension-version=\"1.0.4\">\u00a0<\/div>\n<p>\n<\/div><\/div><\/div>\n","protected":false},"excerpt":{"rendered":"","protected":false},"author":1,"featured_media":46443,"parent":0,"menu_order":0,"comment_status":"closed","ping_status":"closed","template":"","meta":{"_exactmetrics_skip_tracking":false,"_exactmetrics_sitenote_active":false,"_exactmetrics_sitenote_note":"","_exactmetrics_sitenote_category":0,"footnotes":""},"class_list":["post-19628","page","type-page","status-publish","has-post-thumbnail","hentry"],"yoast_head":"<!-- This site is optimized with the Yoast SEO plugin v27.4 - https:\/\/yoast.com\/product\/yoast-seo-wordpress\/ -->\n<title>Page d&#039;accueil - Van Remoortel<\/title>\n<meta name=\"description\" content=\"Le centre d&#039;achats lifestyle pour les professionnels B2B avec l&#039;assortiment le plus complet d&#039;articles maison, cadeau et jardin. En plus 1.000m2 de mode.\" \/>\n<meta name=\"robots\" content=\"index, follow, max-snippet:-1, max-image-preview:large, max-video-preview:-1\" \/>\n<link rel=\"canonical\" href=\"https:\/\/vanremoortel.be\/fr\/accueil\/\" \/>\n<meta property=\"og:locale\" content=\"fr_FR\" \/>\n<meta property=\"og:type\" content=\"article\" \/>\n<meta property=\"og:title\" content=\"Page d&#039;accueil - Van Remoortel\" \/>\n<meta property=\"og:description\" content=\"Le centre d&#039;achats lifestyle pour les professionnels B2B avec l&#039;assortiment le plus complet d&#039;articles maison, cadeau et jardin. En plus 1.000m2 de mode.\" \/>\n<meta property=\"og:url\" content=\"https:\/\/vanremoortel.be\/fr\/accueil\/\" \/>\n<meta property=\"og:site_name\" content=\"Van Remoortel\" \/>\n<meta property=\"article:publisher\" content=\"https:\/\/www.facebook.com\/Groothandel.Decoratie.Van.Remoortel\/\" \/>\n<meta property=\"article:modified_time\" content=\"2026-03-27T14:42:00+00:00\" \/>\n<meta property=\"og:image\" content=\"https:\/\/vanremoortel.be\/wp-content\/uploads\/2023\/06\/DON-PAPA.png\" \/>\n\t<meta property=\"og:image:width\" content=\"555\" \/>\n\t<meta property=\"og:image:height\" content=\"461\" \/>\n\t<meta property=\"og:image:type\" content=\"image\/png\" \/>\n<meta name=\"twitter:card\" content=\"summary_large_image\" \/>\n<meta name=\"twitter:label1\" content=\"Dur\u00e9e de lecture est.\" \/>\n\t<meta name=\"twitter:data1\" content=\"2 minutes\" \/>\n<script type=\"application\/ld+json\" class=\"yoast-schema-graph\">{\"@context\":\"https:\\\/\\\/schema.org\",\"@graph\":[{\"@type\":\"WebPage\",\"@id\":\"https:\\\/\\\/vanremoortel.be\\\/fr\\\/accueil\\\/\",\"url\":\"https:\\\/\\\/vanremoortel.be\\\/fr\\\/accueil\\\/\",\"name\":\"Page d'accueil - Van Remoortel\",\"isPartOf\":{\"@id\":\"https:\\\/\\\/vanremoortel.be\\\/#website\"},\"primaryImageOfPage\":{\"@id\":\"https:\\\/\\\/vanremoortel.be\\\/fr\\\/accueil\\\/#primaryimage\"},\"image\":{\"@id\":\"https:\\\/\\\/vanremoortel.be\\\/fr\\\/accueil\\\/#primaryimage\"},\"thumbnailUrl\":\"https:\\\/\\\/vanremoortel.be\\\/wp-content\\\/uploads\\\/2023\\\/06\\\/DON-PAPA.png\",\"datePublished\":\"2017-05-31T13:37:44+00:00\",\"dateModified\":\"2026-03-27T14:42:00+00:00\",\"description\":\"Le centre d'achats lifestyle pour les professionnels B2B avec l'assortiment le plus complet d'articles maison, cadeau et jardin. En plus 1.000m2 de mode.\",\"breadcrumb\":{\"@id\":\"https:\\\/\\\/vanremoortel.be\\\/fr\\\/accueil\\\/#breadcrumb\"},\"inLanguage\":\"fr-BE\",\"potentialAction\":[{\"@type\":\"ReadAction\",\"target\":[\"https:\\\/\\\/vanremoortel.be\\\/fr\\\/accueil\\\/\"]}]},{\"@type\":\"ImageObject\",\"inLanguage\":\"fr-BE\",\"@id\":\"https:\\\/\\\/vanremoortel.be\\\/fr\\\/accueil\\\/#primaryimage\",\"url\":\"https:\\\/\\\/vanremoortel.be\\\/wp-content\\\/uploads\\\/2023\\\/06\\\/DON-PAPA.png\",\"contentUrl\":\"https:\\\/\\\/vanremoortel.be\\\/wp-content\\\/uploads\\\/2023\\\/06\\\/DON-PAPA.png\",\"width\":555,\"height\":461},{\"@type\":\"BreadcrumbList\",\"@id\":\"https:\\\/\\\/vanremoortel.be\\\/fr\\\/accueil\\\/#breadcrumb\",\"itemListElement\":[{\"@type\":\"ListItem\",\"position\":1,\"name\":\"Home\",\"item\":\"https:\\\/\\\/vanremoortel.be\\\/fr\\\/accueil\\\/\"},{\"@type\":\"ListItem\",\"position\":2,\"name\":\"Accueil\"}]},{\"@type\":\"WebSite\",\"@id\":\"https:\\\/\\\/vanremoortel.be\\\/#website\",\"url\":\"https:\\\/\\\/vanremoortel.be\\\/\",\"name\":\"Van Remoortel\",\"description\":\"Van Remoortel\",\"publisher\":{\"@id\":\"https:\\\/\\\/vanremoortel.be\\\/#organization\"},\"potentialAction\":[{\"@type\":\"SearchAction\",\"target\":{\"@type\":\"EntryPoint\",\"urlTemplate\":\"https:\\\/\\\/vanremoortel.be\\\/?s={search_term_string}\"},\"query-input\":{\"@type\":\"PropertyValueSpecification\",\"valueRequired\":true,\"valueName\":\"search_term_string\"}}],\"inLanguage\":\"fr-BE\"},{\"@type\":\"Organization\",\"@id\":\"https:\\\/\\\/vanremoortel.be\\\/#organization\",\"name\":\"Van Remoortel\",\"url\":\"https:\\\/\\\/vanremoortel.be\\\/\",\"logo\":{\"@type\":\"ImageObject\",\"inLanguage\":\"fr-BE\",\"@id\":\"https:\\\/\\\/vanremoortel.be\\\/#\\\/schema\\\/logo\\\/image\\\/\",\"url\":\"https:\\\/\\\/vanremoortel.be\\\/wp-content\\\/uploads\\\/2017\\\/09\\\/van-Remoortel_powered_FINAL.jpg\",\"contentUrl\":\"https:\\\/\\\/vanremoortel.be\\\/wp-content\\\/uploads\\\/2017\\\/09\\\/van-Remoortel_powered_FINAL.jpg\",\"width\":2328,\"height\":322,\"caption\":\"Van Remoortel\"},\"image\":{\"@id\":\"https:\\\/\\\/vanremoortel.be\\\/#\\\/schema\\\/logo\\\/image\\\/\"},\"sameAs\":[\"https:\\\/\\\/www.facebook.com\\\/Groothandel.Decoratie.Van.Remoortel\\\/\",\"https:\\\/\\\/www.instagram.com\\\/van_remoortel\\\/?hl=nl\",\"https:\\\/\\\/www.linkedin.com\\\/company\\\/van-remoortel-nv\\\/about\\\/\",\"https:\\\/\\\/www.youtube.com\\\/channel\\\/UCYm8eOCzCOC4HxA-Ya0XayQ\"]}]}<\/script>\n<!-- \/ Yoast SEO plugin. -->","yoast_head_json":{"title":"Page d'accueil - Van Remoortel","description":"Le centre d'achats lifestyle pour les professionnels B2B avec l'assortiment le plus complet d'articles maison, cadeau et jardin. En plus 1.000m2 de mode.","robots":{"index":"index","follow":"follow","max-snippet":"max-snippet:-1","max-image-preview":"max-image-preview:large","max-video-preview":"max-video-preview:-1"},"canonical":"https:\/\/vanremoortel.be\/fr\/accueil\/","og_locale":"fr_FR","og_type":"article","og_title":"Page d'accueil - Van Remoortel","og_description":"Le centre d'achats lifestyle pour les professionnels B2B avec l'assortiment le plus complet d'articles maison, cadeau et jardin. En plus 1.000m2 de mode.","og_url":"https:\/\/vanremoortel.be\/fr\/accueil\/","og_site_name":"Van Remoortel","article_publisher":"https:\/\/www.facebook.com\/Groothandel.Decoratie.Van.Remoortel\/","article_modified_time":"2026-03-27T14:42:00+00:00","og_image":[{"width":555,"height":461,"url":"https:\/\/vanremoortel.be\/wp-content\/uploads\/2023\/06\/DON-PAPA.png","type":"image\/png"}],"twitter_card":"summary_large_image","twitter_misc":{"Dur\u00e9e de lecture est.":"2 minutes"},"schema":{"@context":"https:\/\/schema.org","@graph":[{"@type":"WebPage","@id":"https:\/\/vanremoortel.be\/fr\/accueil\/","url":"https:\/\/vanremoortel.be\/fr\/accueil\/","name":"Page d'accueil - Van Remoortel","isPartOf":{"@id":"https:\/\/vanremoortel.be\/#website"},"primaryImageOfPage":{"@id":"https:\/\/vanremoortel.be\/fr\/accueil\/#primaryimage"},"image":{"@id":"https:\/\/vanremoortel.be\/fr\/accueil\/#primaryimage"},"thumbnailUrl":"https:\/\/vanremoortel.be\/wp-content\/uploads\/2023\/06\/DON-PAPA.png","datePublished":"2017-05-31T13:37:44+00:00","dateModified":"2026-03-27T14:42:00+00:00","description":"Le centre d'achats lifestyle pour les professionnels B2B avec l'assortiment le plus complet d'articles maison, cadeau et jardin. En plus 1.000m2 de mode.","breadcrumb":{"@id":"https:\/\/vanremoortel.be\/fr\/accueil\/#breadcrumb"},"inLanguage":"fr-BE","potentialAction":[{"@type":"ReadAction","target":["https:\/\/vanremoortel.be\/fr\/accueil\/"]}]},{"@type":"ImageObject","inLanguage":"fr-BE","@id":"https:\/\/vanremoortel.be\/fr\/accueil\/#primaryimage","url":"https:\/\/vanremoortel.be\/wp-content\/uploads\/2023\/06\/DON-PAPA.png","contentUrl":"https:\/\/vanremoortel.be\/wp-content\/uploads\/2023\/06\/DON-PAPA.png","width":555,"height":461},{"@type":"BreadcrumbList","@id":"https:\/\/vanremoortel.be\/fr\/accueil\/#breadcrumb","itemListElement":[{"@type":"ListItem","position":1,"name":"Home","item":"https:\/\/vanremoortel.be\/fr\/accueil\/"},{"@type":"ListItem","position":2,"name":"Accueil"}]},{"@type":"WebSite","@id":"https:\/\/vanremoortel.be\/#website","url":"https:\/\/vanremoortel.be\/","name":"Van Remoortel","description":"Van Remoortel","publisher":{"@id":"https:\/\/vanremoortel.be\/#organization"},"potentialAction":[{"@type":"SearchAction","target":{"@type":"EntryPoint","urlTemplate":"https:\/\/vanremoortel.be\/?s={search_term_string}"},"query-input":{"@type":"PropertyValueSpecification","valueRequired":true,"valueName":"search_term_string"}}],"inLanguage":"fr-BE"},{"@type":"Organization","@id":"https:\/\/vanremoortel.be\/#organization","name":"Van Remoortel","url":"https:\/\/vanremoortel.be\/","logo":{"@type":"ImageObject","inLanguage":"fr-BE","@id":"https:\/\/vanremoortel.be\/#\/schema\/logo\/image\/","url":"https:\/\/vanremoortel.be\/wp-content\/uploads\/2017\/09\/van-Remoortel_powered_FINAL.jpg","contentUrl":"https:\/\/vanremoortel.be\/wp-content\/uploads\/2017\/09\/van-Remoortel_powered_FINAL.jpg","width":2328,"height":322,"caption":"Van Remoortel"},"image":{"@id":"https:\/\/vanremoortel.be\/#\/schema\/logo\/image\/"},"sameAs":["https:\/\/www.facebook.com\/Groothandel.Decoratie.Van.Remoortel\/","https:\/\/www.instagram.com\/van_remoortel\/?hl=nl","https:\/\/www.linkedin.com\/company\/van-remoortel-nv\/about\/","https:\/\/www.youtube.com\/channel\/UCYm8eOCzCOC4HxA-Ya0XayQ"]}]}},"_links":{"self":[{"href":"https:\/\/vanremoortel.be\/fr\/wp-json\/wp\/v2\/pages\/19628","targetHints":{"allow":["GET"]}}],"collection":[{"href":"https:\/\/vanremoortel.be\/fr\/wp-json\/wp\/v2\/pages"}],"about":[{"href":"https:\/\/vanremoortel.be\/fr\/wp-json\/wp\/v2\/types\/page"}],"author":[{"embeddable":true,"href":"https:\/\/vanremoortel.be\/fr\/wp-json\/wp\/v2\/users\/1"}],"replies":[{"embeddable":true,"href":"https:\/\/vanremoortel.be\/fr\/wp-json\/wp\/v2\/comments?post=19628"}],"version-history":[{"count":117,"href":"https:\/\/vanremoortel.be\/fr\/wp-json\/wp\/v2\/pages\/19628\/revisions"}],"predecessor-version":[{"id":50991,"href":"https:\/\/vanremoortel.be\/fr\/wp-json\/wp\/v2\/pages\/19628\/revisions\/50991"}],"wp:featuredmedia":[{"embeddable":true,"href":"https:\/\/vanremoortel.be\/fr\/wp-json\/wp\/v2\/media\/46443"}],"wp:attachment":[{"href":"https:\/\/vanremoortel.be\/fr\/wp-json\/wp\/v2\/media?parent=19628"}],"curies":[{"name":"wp","href":"https:\/\/api.w.org\/{rel}","templated":true}]}}